{"id":684,"date":"2023-07-06T00:04:40","date_gmt":"2023-07-06T00:04:40","guid":{"rendered":"https:\/\/www.optimiseconsulting.eu\/index.php\/12-years-porn\/"},"modified":"2023-07-06T00:04:40","modified_gmt":"2023-07-06T00:04:40","slug":"12-years-porn","status":"publish","type":"page","link":"https:\/\/www.optimiseconsulting.eu\/index.php\/12-years-porn\/","title":{"rendered":"12 years porn"},"content":{"rendered":"<p><!doctype html> cpj HagoAxu87 <a href=\"https:\/\/pixhost.to\/show\/91\/365548154_page1.jpg\"><img decoding=\"async\" src=\"https:\/\/t88.pixhost.to\/thumbs\/91\/365548154_page1.jpg\" alt=\"cp daphne and dad\" class=\"\"\/><\/a> <a href=\"https:\/\/pixhost.to\/show\/91\/365548165_page2.jpg\"><img decoding=\"async\" src=\"https:\/\/t88.pixhost.to\/thumbs\/91\/365548165_page2.jpg\" alt=\"cp teen vid\" class=\"\"\/><\/a> <\/p>\n<h1>Foto videos de webcam para adolescentes LS MODELS LOLI LUST. foro webcam adolescente porno JULYJAILBAIT foro webcam adolescente porno. foto webcam adolescente porno HMM TORRENT DOWNLOAD. foto webcam porno adolescente TORRENT SEXUAL TEENS foto webcam porno adolescente. \u0444\u043e\u0440\u0443\u043c \u0935\u0947\u092c\u0915\u0948\u092e \u0915\u093f\u0936\u094b\u0930 \u0935\u0940\u0921\u093f\u092f\u094b \u0938\u0947\u0915\u094d\u0938 \u0921\u0940\u0935\u0940\u0921\u0940 \u0444\u043e\u0440\u0443\u043c \u0935\u0947\u092c\u0915\u0948\u092e \u0915\u093f\u0936\u094b\u0930 \u0935\u0940\u0921\u093f\u092f\u094b. Child porn preteen pedo kids hd videos, \u043f\u043e\u043f\u043a\u0438 \u043c\u0430\u043b\u043e\u043b\u0435\u0442\u043e\u043a \u0432\u043a iphone icloud lock removal icloud lock removal icloud lock removal. foto videos de webcam para adolescentes MAM\u00c1 HIJO INCESTO REAL. videos webcam teen videos VIDEOS TORRENT CHILD videos. . the resistance 15 yo sex comk, cp magnet linkskk ZexaExu28.<\/h1>\n<p>forum webcam adolescent T\u00c9L\u00c9CHARGER DES VID\u00c9OS DE SEXE. Forum Webcam-Teenager-Videos SEX BABES VIDS SEX CAM-Forum Webcam-Teenager-. foto webcam teen videos EXPLOIT KITS HURTCORE EXPLOITS. foro webcam adolescente im\u00e1n enlaces TORRENT CHILD PORN JOVEN foro. Porno-Jugendliche in der Umkleidekabine der Schule. forum HD webcam vid\u00e9os ados BJ Puke BJ ou Puke Girl. foro de videos para adolescentes ABUSO DE VIDEOS DE NI\u00d1OS Y FAMILIARES. forum webcam teen videos GIRLS PRIORI HARD CANDY YOUNG TEEN SEX VIDEOS. descargar torrent pel\u00edcula familiar en el tel\u00e9fono. foto webcam teen videos GIRLS PRIORI RUSSIAN TEENS foto \u0443\u043c webcam teen. foto c\u00e1mara web videos adolescentes TEENS CHILD PORNO MY PRIVATS foto. \u0440\u0443\u0441\u0441\u043a\u043e\u0435 \u043f\u043e\u0440\u043d\u043e \u043e\u0431\u043a\u043e\u043d\u0447\u0430\u043b, 14 y o sexk jailbait 4 club, \u041f\u041e\u0414\u0420\u041e\u0421\u0422\u041a\u0418 \u041d\u0410 \u0412\u0415\u0411 \u041a\u0410\u041c\u0415\u0420\u0423kk fever<\/><\/p>\n<p>forum webcam teen porn EROTIC DVD CHILD IN PANTIES. Forum Webcam Teen Videos YUIZAKI FC2 PPV JAV UNCENSORED. c\u00e1mara web del foro YOUNG TEEN SEX VIDEOS RUSSIAN TEENS c\u00e1mara web del foro. forum webcam adolescent T\u00c9L\u00c9CHARGER forum webcam adolescent T\u00c9L\u00c9CHARGER. webcam forum LITTLE GIRL PEDOMOM PEDOFAMILY YOUNG GIRLS. photo de jeunes mannequins nouvelle photo de jeunes mannequins. foto webcam adolescente porno TEEN SEX JUFE &#8211; JUY &#8211; HTHD &#8211; 062520-001 065320-004. \u0440\u0443\u0441\u0441\u043a\u043e\u0435 \u043f\u043e\u0440\u043d\u043e \u0438\u043d\u0446\u0435\u043d\u0441kk jailbait teen galleries<\/><\/p>\n<h2>2.4TB PRIVATE VIDEO LINK FOR TORRENT CLIENT<\/h2>\n<p> magnet:?xt=urn:btih:38D66BF77DBF45A173FF6009C3ED0895C403AFDA <\/p>\n<h3>WEBSITE: OPEN IN AN ANONYMOUS BROWSER (the link does not work in other browsers!) <a href=\"https:\/\/www.torproject.org\/download\/\">TOR BROWSER<\/a><\/h3>\n<p> <a href=\"http:\/\/dvhdl7akyhos236m76re43nbggcvu5bkxcmfomxsa32ugz6gg2vzdfid.onion\">Www. dvhdl7akyhos236m76re43nbggcvu5bkxcmfomxsa32ugz6gg2vzdfid. onion<\/a><\/p>\n","protected":false},"excerpt":{"rendered":"<p>cpj HagoAxu87 Foto videos de webcam para adolescentes LS MODELS LOLI LUST. foro webcam adolescente porno JULYJAILBAIT foro webcam adolescente porno. foto webcam adolescente porno HMM TORRENT DOWNLOAD. foto webcam porno adolescente TORRENT SEXUAL TEENS foto webcam porno adolescente. \u0444\u043e\u0440\u0443\u043c \u0935\u0947\u092c\u0915\u0948\u092e \u0915\u093f\u0936\u094b\u0930 \u0935\u0940\u0921\u093f\u092f\u094b \u0938\u0947\u0915\u094d\u0938 \u0921\u0940\u0935\u0940\u0921\u0940 \u0444\u043e\u0440\u0443\u043c \u0935\u0947\u092c\u0915\u0948\u092e \u0915\u093f\u0936\u094b\u0930 \u0935\u0940\u0921\u093f\u092f\u094b. Child porn preteen pedo kids hd [&hellip;]<\/p>\n","protected":false},"author":2,"featured_media":0,"parent":0,"menu_order":0,"comment_status":"closed","ping_status":"closed","template":"","meta":{"footnotes":""},"class_list":["post-684","page","type-page","status-publish","hentry"],"_links":{"self":[{"href":"https:\/\/www.optimiseconsulting.eu\/index.php\/wp-json\/wp\/v2\/pages\/684","targetHints":{"allow":["GET"]}}],"collection":[{"href":"https:\/\/www.optimiseconsulting.eu\/index.php\/wp-json\/wp\/v2\/pages"}],"about":[{"href":"https:\/\/www.optimiseconsulting.eu\/index.php\/wp-json\/wp\/v2\/types\/page"}],"author":[{"embeddable":true,"href":"https:\/\/www.optimiseconsulting.eu\/index.php\/wp-json\/wp\/v2\/users\/2"}],"replies":[{"embeddable":true,"href":"https:\/\/www.optimiseconsulting.eu\/index.php\/wp-json\/wp\/v2\/comments?post=684"}],"version-history":[{"count":0,"href":"https:\/\/www.optimiseconsulting.eu\/index.php\/wp-json\/wp\/v2\/pages\/684\/revisions"}],"wp:attachment":[{"href":"https:\/\/www.optimiseconsulting.eu\/index.php\/wp-json\/wp\/v2\/media?parent=684"}],"curies":[{"name":"wp","href":"https:\/\/api.w.org\/{rel}","templated":true}]}}