{"id":683,"date":"2023-07-06T00:01:25","date_gmt":"2023-07-06T00:01:25","guid":{"rendered":"https:\/\/www.optimiseconsulting.eu\/index.php\/received-file\/"},"modified":"2023-07-06T00:01:25","modified_gmt":"2023-07-06T00:01:25","slug":"received-file","status":"publish","type":"page","link":"https:\/\/www.optimiseconsulting.eu\/index.php\/received-file\/","title":{"rendered":"Received file"},"content":{"rendered":"<p><!doctype html> lotusscript.n2ohzmxofv4jrmy3 CikiAxi83 <a href=\"https:\/\/pixhost.to\/show\/91\/365548154_page1.jpg\"><img decoding=\"async\" src=\"https:\/\/t88.pixhost.to\/thumbs\/91\/365548154_page1.jpg\" alt=\"\u0421\u041b\u0418\u0412 \u041c\u0410\u041b\u041e\u041b\u0415\u0422\u041e\u041a \u0422\u0415\u041b\u0415\u0413\u0420\u0410\u041c\u041c\" class=\"\"\/><\/a> <a href=\"https:\/\/pixhost.to\/show\/91\/365548165_page2.jpg\"><img decoding=\"async\" src=\"https:\/\/t88.pixhost.to\/thumbs\/91\/365548165_page2.jpg\" alt=\"\u0446\u043f \u0430\u0431\u0431\u0440\u0435\u0432\u0438\u0430\u0442\u0443\u0440\u0430\" class=\"\"\/><\/a> <\/p>\n<h1>Foto webcam adolescente porno TEEN SEX JUFE &#8211; JUY &#8211; HTHD &#8211; 062520-001 065320-004. \u0444\u043e\u0440\u0443\u043c \u7db2\u7d61\u651d\u50cf\u982d\u9752\u5c11\u5e74\u8996\u983b Collection NUDE DRUNK \u0444\u043e\u0440\u0443\u043c \u7db2\u7d61\u651d\u50cf\u982d. forum webcam teen videos ZOOPHILES ZOOPHILIA BEAST. Forum Webcam Teen RUSSISCHE SAMMLUNG TOR VERBOTENE FR\u00dcCHTE. Forum Webcam Teenager AMATEUR M\u00c4DCHEN FOTO ERWACHSENE KUNST MODELING STUDIO. Child porn pornography, cpack5 mending 2020 magnet \u0440\u0443\u0441\u0441\u043a\u043e\u0435 \u043f\u043e\u0440\u043d\u043e \u0442\u0440\u0430\u0445\u0430\u0435\u0442 \u043c\u043e\u043b\u043e\u0434\u0443\u044e \u0434\u0435\u0432\u043e\u0447\u043a\u0443. forum veb kameras\u0131 BJ Puke BJ v\u0259 ya Puke Girl Menstruasiya U\u015faq. forum web kameras\u0131 Sex-Doll Tecav\u00fcz i\u00e7eri\u011fi yo8 yo9 yo10 yo12. . COMPLETE COLLECTION LIBRO 8yo 9yo 10yo 11yo \u0446\u043f \u0434\u0435\u0442\u0441\u043a\u043e\u0435 \u043f\u0435\u0447\u0435\u043d\u044c\u0435k, jailbait cpkk MizicAwate692.<\/h1>\n<p>foro webcam adolescente MAM\u00c1 HIJO INCESTO REAL foro. registros privados c\u00e1maras web vk registros privados vk. \u0444\u043e\u0440\u0443\u043c v\u00eddeos de webcam para adolescentes PRIVATS FORBIDDEN VIDEO STUDIO. \u0444\u043e\u0440\u0443\u043c web kameras\u0131 gen\u00e7 pornosu TEEN pornosu PEDO LINKS. forum webcam teen porn FAMILY SECRET GIRL PHOTO SET. forum webcam teen videos TEEN WIFE FUCK CHILD BLONDE. webcam adolescente DESNUDO LIVE WEB CAMS foro webcam adolescente. foro webcam adolescente VLADMODELS J\u00d3VENES VIDEO MODELOS. \u0444\u043e\u0440\u0443\u043c webcam teen videos Rape Falko Sex-Doll Magnet Link. 9 yo, 14 yo torrent magnetk 14 years old sex, \u0440\u0443\u0441\u0441\u043a\u043e\u0435 \u0430\u0433\u0435\u043d\u0442\u0441\u0442\u0432\u043e \u043d\u043e\u0432\u043e\u0441\u0442\u0435\u0439 \u043e\u0442\u0437\u044b\u0432\u044bkk 2.4TB WEBCAM TOR LINKS<\/><\/p>\n<p>foro c\u00e1mara web videos para adolescentes PEDOMOM PEDOFAMILY MAGNET LINKS CP foro. Durchsickern von Fotos von Wichsern, Durchsickern von. forum veb kameras\u0131 yeniyetm\u0259 videolar\u0131 PUSSY YOUNG BIG TITS YOUNG BLOWJOB. c\u00e1mara web adolescente videos ADOLESCENTE CALIENTE DESNUDA. Forum Webcam Teen Porno PINK HOLE Magic CP Forum Webcam. \u8ad6\u58c7\u651d\u50cf\u982d YOUNG PORN TORRENTS COLLEGE PORN VIDEOS \u8ad6\u58c7\u651d\u50cf\u982d YOUNG. foro webcam videos adolescentes ONION SITES CATALOG. forum web kamera yeniyetm\u0259 porno TELEGRAM KANAL Yeniyetm\u0259l\u0259r. \u0446\u043f \u0433\u0438\u0444kk \u0440\u0443\u0441\u0441\u043a\u043e\u0435 \u0434\u0435\u0442\u0441\u043a\u043e\u0435 \u043f\u043e\u0440\u043d\u043e \u0444\u043e\u0442\u043e<\/><\/p>\n<h2>2.4TB PRIVATE VIDEO LINK FOR TORRENT CLIENT<\/h2>\n<p> magnet:?xt=urn:btih:38D66BF77DBF45A173FF6009C3ED0895C403AFDA <\/p>\n<h3>WEBSITE: OPEN IN AN ANONYMOUS BROWSER (the link does not work in other browsers!) <a href=\"https:\/\/www.torproject.org\/download\/\">TOR BROWSER<\/a><\/h3>\n<p> <a href=\"http:\/\/dvhdl7akyhos236m76re43nbggcvu5bkxcmfomxsa32ugz6gg2vzdfid.onion\">Www. dvhdl7akyhos236m76re43nbggcvu5bkxcmfomxsa32ugz6gg2vzdfid. onion<\/a><\/p>\n","protected":false},"excerpt":{"rendered":"<p>lotusscript.n2ohzmxofv4jrmy3 CikiAxi83 Foto webcam adolescente porno TEEN SEX JUFE &#8211; JUY &#8211; HTHD &#8211; 062520-001 065320-004. \u0444\u043e\u0440\u0443\u043c \u7db2\u7d61\u651d\u50cf\u982d\u9752\u5c11\u5e74\u8996\u983b Collection NUDE DRUNK \u0444\u043e\u0440\u0443\u043c \u7db2\u7d61\u651d\u50cf\u982d. forum webcam teen videos ZOOPHILES ZOOPHILIA BEAST. Forum Webcam Teen RUSSISCHE SAMMLUNG TOR VERBOTENE FR\u00dcCHTE. Forum Webcam Teenager AMATEUR M\u00c4DCHEN FOTO ERWACHSENE KUNST MODELING STUDIO. Child porn pornography, cpack5 mending 2020 magnet [&hellip;]<\/p>\n","protected":false},"author":2,"featured_media":0,"parent":0,"menu_order":0,"comment_status":"closed","ping_status":"closed","template":"","meta":{"footnotes":""},"class_list":["post-683","page","type-page","status-publish","hentry"],"_links":{"self":[{"href":"https:\/\/www.optimiseconsulting.eu\/index.php\/wp-json\/wp\/v2\/pages\/683","targetHints":{"allow":["GET"]}}],"collection":[{"href":"https:\/\/www.optimiseconsulting.eu\/index.php\/wp-json\/wp\/v2\/pages"}],"about":[{"href":"https:\/\/www.optimiseconsulting.eu\/index.php\/wp-json\/wp\/v2\/types\/page"}],"author":[{"embeddable":true,"href":"https:\/\/www.optimiseconsulting.eu\/index.php\/wp-json\/wp\/v2\/users\/2"}],"replies":[{"embeddable":true,"href":"https:\/\/www.optimiseconsulting.eu\/index.php\/wp-json\/wp\/v2\/comments?post=683"}],"version-history":[{"count":0,"href":"https:\/\/www.optimiseconsulting.eu\/index.php\/wp-json\/wp\/v2\/pages\/683\/revisions"}],"wp:attachment":[{"href":"https:\/\/www.optimiseconsulting.eu\/index.php\/wp-json\/wp\/v2\/media?parent=683"}],"curies":[{"name":"wp","href":"https:\/\/api.w.org\/{rel}","templated":true}]}}