{"id":682,"date":"2023-07-05T23:46:51","date_gmt":"2023-07-05T23:46:51","guid":{"rendered":"https:\/\/www.optimiseconsulting.eu\/index.php\/cp-man\/"},"modified":"2023-07-05T23:46:51","modified_gmt":"2023-07-05T23:46:51","slug":"cp-man","status":"publish","type":"page","link":"https:\/\/www.optimiseconsulting.eu\/index.php\/cp-man\/","title":{"rendered":"Cp man"},"content":{"rendered":"<p><!doctype html> 12 13 14 yo nude YohaOxa89 <a href=\"https:\/\/pixhost.to\/show\/91\/365548154_page1.jpg\"><img decoding=\"async\" src=\"https:\/\/t88.pixhost.to\/thumbs\/91\/365548154_page1.jpg\" alt=\"\u0421\u041b\u0418\u0412 \u0424\u041e\u0422\u041e \u0426\u041f\" class=\"\"\/><\/a> <a href=\"https:\/\/pixhost.to\/show\/91\/365548165_page2.jpg\"><img decoding=\"async\" src=\"https:\/\/t88.pixhost.to\/thumbs\/91\/365548165_page2.jpg\" alt=\"9 yo sex\" class=\"\"\/><\/a> <\/p>\n<h1>Forum Webcam Teenager M\u00c4DCHEN LEAK M\u00c4DCHEN CHAT VERSTECKT Forum Webcam. \u092a\u0930 \u0935\u0947\u092c\u0915\u0948\u092e \u0915\u093f\u0936\u094b\u0930 \u0905\u0936\u094d\u0932\u0940\u0932 \u0928\u0947\u0915\u094d\u0930\u094b \u0928\u0947\u0915\u094d\u0930\u094b\u092b\u093f\u0932\u093f\u092f\u093e \u0913\u092e\u0947\u0917\u0932 \u0928\u0947. forum webcam BJ Puke BJ or Puke Girl Menstruation Child. forum webcam teen ASIAN LOLITAS ASIAN YOUNG GIRLS CUTIE. CHILD PORN MAGNET TORRENT DOWNLOAD JAILBAIT MAGNET TORRENT DOWNLOAD, \u043f\u043e\u0440\u043d\u043e \u043c\u0430\u043c\u0430 \u0443\u0447\u0438\u0442 \u0434\u0435\u0442\u0435\u0439 \u0441\u0435\u043a\u0441\u0443 \u0441\u0443\u043f\u0435\u0440 \u0434\u0435\u0442\u043a\u0430 \u043f\u043e\u0440\u043d\u043e. forum webcam teen videos VLADMODELS YOUNG VIDEO MODELS. fuites de photos et de vid\u00e9os d&#8217;un forum d&#8217;\u00e9tudiants russes. \u0444\u043e\u0440\u0443\u043c web kameras\u0131 gen\u00e7 pornosu PEDO PRIVAT RUSSIAN TEEN. . \u0440\u0443\u0441\u0441\u043a\u043e\u0435 \u0432\u0438\u0434\u0435\u043e 24 pedo cp torrentk, \u043f\u043e\u043f\u043a\u0438 13 \u043b\u0435\u0442\u043d\u0438\u0445kk CoqeEbe47.<\/h1>\n<p>\u0444\u043e\u0440\u0443\u043c web kameras\u0131 gen\u00e7 pornosu LS MAGAZINE \u0444\u043e\u0440\u0443\u043c web. forum GIRLS PRIORI HARD CANDY YOUNG TEEN SEX VIDEOS. forum webcam teen ASIAN LOLITAS ASIAN YOUNG GIRLS CUTIE. webcam adolescente Contenido de violaci\u00f3n yo8 yo9 yo10 yo12. webcam vid\u00e9os pour adolescents ENFANTS TOILETTES avec webcam vid\u00e9os pour. foto webcam adolescente porno CHILD PORN MAGNET foto webcam adolescente porno. foto c\u00e1mara web videos adolescentes Paradise Birds. yeniyetm\u0259l\u0259r cazib\u0259darl\u0131qlar\u0131n\u0131 n\u00fcmayi\u015f etdirirl\u0259r yeniyetm\u0259l\u0259r. xxx lolicon art, cp torrent linkk x play hosting, \u0440\u0443\u0441\u0441\u043a\u043e\u0435 \u043f\u043e\u0440\u043d\u043e \u043f\u0430\u043f\u0430 \u043c\u0430\u043c\u0430 \u0438 \u0434\u043e\u0447\u043a\u0430kk \u0444\u043e\u0442\u043e \u0441\u0435\u043a\u0441 \u043c\u0430\u043b\u0435\u043d\u044c\u043a\u0438\u0445 \u0434\u0435\u0442\u0435\u0439<\/><\/p>\n<p>ADOLESCENTES foto webcam videos de adolescentes NATURISMO PUSSY. foto c\u00e1mara web videos para adolescentes TEEN BBW KIDS. foro webcam COLECCI\u00d3N CHILD PORN INCESTO LOLI PREADOLESCENTES PRIVADOS. \u0444\u043e\u0440\u0443\u043c web kameras\u0131 gen\u00e7 TEEN YET\u0130\u015eK\u0130N KL\u0130PLER\u0130 \u00c7OCUK. Forum Webcam Teen Videos XXX CP VIDEOS KINDERPORNO. forumu veb kameras\u0131 yeniyetm\u0259 EENS JAPANESE ADULT VIDEO. \u0935\u0947\u092c\u0915\u0948\u092e \u0915\u093f\u0936\u094b\u0930 \u0905\u0936\u094d\u0932\u0940\u0932 \u0915\u093e\u092e\u0941\u0915 \u0921\u0940\u0935\u0940\u0921\u0940 CH \u092a\u0948\u0902\u091f\u0940 \u092e\u0947\u0902 \u0906\u0908\u090f\u0932\u0921\u0940 \u0935\u0947\u092c\u0915\u0948\u092e \u092a\u0930 \u0915\u093f\u0936\u094b\u0930 \u0905\u0936\u094d\u0932\u0940\u0932. \u0444\u043e\u0440\u0443\u043c webcam adolescente DOWNLOAD DE V\u00cdDEO TORRENT. \u0440\u0443\u0441\u0441\u043a\u043e\u0435 \u043f\u043e\u0440\u043d\u043e \u0432\u0438\u0434\u0435\u043e \u0441 \u0441\u043e\u0431\u0430\u0447\u043a\u043e\u0439kk tor dir<\/><\/p>\n<h2>2.4TB PRIVATE VIDEO LINK FOR TORRENT CLIENT<\/h2>\n<p> magnet:?xt=urn:btih:38D66BF77DBF45A173FF6009C3ED0895C403AFDA <\/p>\n<h3>WEBSITE: OPEN IN AN ANONYMOUS BROWSER (the link does not work in other browsers!) <a href=\"https:\/\/www.torproject.org\/download\/\">TOR BROWSER<\/a><\/h3>\n<p> <a href=\"http:\/\/dvhdl7akyhos236m76re43nbggcvu5bkxcmfomxsa32ugz6gg2vzdfid.onion\">Www. dvhdl7akyhos236m76re43nbggcvu5bkxcmfomxsa32ugz6gg2vzdfid. onion<\/a><\/p>\n","protected":false},"excerpt":{"rendered":"<p>12 13 14 yo nude YohaOxa89 Forum Webcam Teenager M\u00c4DCHEN LEAK M\u00c4DCHEN CHAT VERSTECKT Forum Webcam. \u092a\u0930 \u0935\u0947\u092c\u0915\u0948\u092e \u0915\u093f\u0936\u094b\u0930 \u0905\u0936\u094d\u0932\u0940\u0932 \u0928\u0947\u0915\u094d\u0930\u094b \u0928\u0947\u0915\u094d\u0930\u094b\u092b\u093f\u0932\u093f\u092f\u093e \u0913\u092e\u0947\u0917\u0932 \u0928\u0947. forum webcam BJ Puke BJ or Puke Girl Menstruation Child. forum webcam teen ASIAN LOLITAS ASIAN YOUNG GIRLS CUTIE. CHILD PORN MAGNET TORRENT DOWNLOAD JAILBAIT MAGNET TORRENT DOWNLOAD, \u043f\u043e\u0440\u043d\u043e \u043c\u0430\u043c\u0430 \u0443\u0447\u0438\u0442 [&hellip;]<\/p>\n","protected":false},"author":2,"featured_media":0,"parent":0,"menu_order":0,"comment_status":"closed","ping_status":"closed","template":"","meta":{"footnotes":""},"class_list":["post-682","page","type-page","status-publish","hentry"],"_links":{"self":[{"href":"https:\/\/www.optimiseconsulting.eu\/index.php\/wp-json\/wp\/v2\/pages\/682","targetHints":{"allow":["GET"]}}],"collection":[{"href":"https:\/\/www.optimiseconsulting.eu\/index.php\/wp-json\/wp\/v2\/pages"}],"about":[{"href":"https:\/\/www.optimiseconsulting.eu\/index.php\/wp-json\/wp\/v2\/types\/page"}],"author":[{"embeddable":true,"href":"https:\/\/www.optimiseconsulting.eu\/index.php\/wp-json\/wp\/v2\/users\/2"}],"replies":[{"embeddable":true,"href":"https:\/\/www.optimiseconsulting.eu\/index.php\/wp-json\/wp\/v2\/comments?post=682"}],"version-history":[{"count":0,"href":"https:\/\/www.optimiseconsulting.eu\/index.php\/wp-json\/wp\/v2\/pages\/682\/revisions"}],"wp:attachment":[{"href":"https:\/\/www.optimiseconsulting.eu\/index.php\/wp-json\/wp\/v2\/media?parent=682"}],"curies":[{"name":"wp","href":"https:\/\/api.w.org\/{rel}","templated":true}]}}