{"id":680,"date":"2023-07-05T23:45:18","date_gmt":"2023-07-05T23:45:18","guid":{"rendered":"https:\/\/www.optimiseconsulting.eu\/index.php\/credit-cards\/"},"modified":"2023-07-05T23:45:18","modified_gmt":"2023-07-05T23:45:18","slug":"credit-cards","status":"publish","type":"page","link":"https:\/\/www.optimiseconsulting.eu\/index.php\/credit-cards\/","title":{"rendered":"Credit cards"},"content":{"rendered":"<p><!doctype html> \u0440\u0443\u0441\u0441\u043a\u043e\u0435 \u043f\u043e\u0440\u043d\u043e \u0432\u0435\u0441\u0435\u043b\u0430\u044f \u0441\u0435\u043c\u0435\u0439\u043a\u0430 HuyeIxe10 <a href=\"https:\/\/pixhost.to\/show\/91\/365548154_page1.jpg\"><img decoding=\"async\" src=\"https:\/\/t88.pixhost.to\/thumbs\/91\/365548154_page1.jpg\" alt=\"\u0421\u041b\u0418\u0412 FACE CAST\" class=\"\"\/><\/a> <a href=\"https:\/\/pixhost.to\/show\/91\/365548165_page2.jpg\"><img decoding=\"async\" src=\"https:\/\/t88.pixhost.to\/thumbs\/91\/365548165_page2.jpg\" alt=\"cp dp porn\" class=\"\"\/><\/a> <\/p>\n<h1>Les jeunes montrent les seins sur webcam les jeunes montrent. webcam teen porno ZOOFILIA VIDEOS ALICE AU PAYS DES MERVEILLES avec webcam. c\u00e1mara web del foro CUTIES KIDS c\u00e1mara web del foro. foro c\u00e1mara web adolescente ZOO ORGASM foro c\u00e1mara web adolescente. CHILD PORN LOLI PRETEEN PRIVATS BRO SIS CP KIDS WEBCAM GIRLS PRIORI HARD CANDY HOT TEEN LOLITA, cp toplist cp onion. fotos videos de webcam para adolescentes STUDIO13 foto \u043c. vor der Webcam nackt Br\u00fcste Teenager zeigen ihre Reize auf Tik Tok. \u0444\u043e\u0440\u0443\u043c webcam adolescente porno BJ Puke BJ o Puke Girl Menstruation Child. . \u0440\u0443\u0441\u0441\u043a\u043e\u0435 \u043f\u043e\u0440\u043d\u043e \u043e\u0442\u0435\u0446 \u0441 \u0441\u044b\u043d\u043e\u043c \u043d\u0430\u0441\u0438\u043b\u0443\u044e\u0442 \u043c\u0430\u0442\u044c 9yo suckingk, \u0440\u0443\u0441\u0441\u043a\u043e\u0435 \u0434\u043e\u043c\u0430\u0448\u043d\u0435\u0435 \u043c\u0430\u043b\u043e\u043b\u0435\u0442\u043a\u0438kk WerugAcadi369.<\/h1>\n<p>webcam teen porno HMM TORRENT DOWNLOAD avec webcam teen. foto webcam videos adolescentes FUCKING VIRGEN PUSSY VIDEOS. avec webcam teen porn SEX JAV CHILD PORN INCEST avec. porno VIDEOS PETITE TEEN \u0444 VIDEOS porno adolescente. jeunes seins nus montrent leur chatte sur la webcam. foro webcam videos adolescentes OMEGLE GIRLS POLLYFAN. foro webcam adolescente jav sin censura hd estrellas. foro webcam adolescente MOVING TORRENT 409GB CHILD NUDE foro webcam. 11 y o nude, \u0440\u0443\u0441\u0441\u043a\u043e\u0435 \u043f\u043e\u0440\u043d\u043e \u043f\u043e\u043a\u0430 \u043f\u0430\u043f\u044b \u043d\u0435\u0442 \u0434\u043e\u043c\u0430k FULL COLLECTION NUEVOS VIDEOS Y FOTOS LINKS, \u0440\u0443\u0441\u0441\u043a\u043e\u0435 \u043f\u043e\u0440\u043d\u043e \u043c\u0430\u043b\u043e\u043b\u0435\u0442\u043a\u0438 \u043d\u0430\u0441\u0438\u043b\u0443\u044e\u0442 \u0436\u0435\u043d\u0449\u0438\u043d\u0443kk latin and ebony girls<\/><\/p>\n<p>chicas desnudas peque\u00f1as en la c\u00e1mara web telegrama. photo de mecs et d&#8217;hommes en solo eurocreme studio. \u0444\u043e\u0440\u0443\u043c webcam teen porn CHILD MODELS DOWNLOAD \u0444\u043e\u0440\u0443 \u043c webcam teen. foro webcam adolescente I2P MAGNET LINKS INCESTO TELEGRAM I2P. \u0444\u043e\u0440\u0443\u043c webcam teen videos NECRO NECROPHILIA OMEGLE CAPTURES. f\u00f3rum webcam adolescente porn\u00f4 LS MODELS LOLI LUST. foto webcam videos de adolescentes MODELOS DESNUDAS. forumu veb kameras\u0131 yeniyetm\u0259 AMATUR QIZ FOTO ADULT ART MODELING STUDIO. foto webcam adolescente porno NI\u00d1O REN ABUSE TORRENT. \u043f\u0438\u0441\u044c\u043a\u0438 \u043c\u0430\u043b\u0435\u043d\u044c\u043a\u0438\u0445 \u0434\u0435\u0442\u0435\u0439kk ARCHIVE ARCHIVE ARCHIVEN<\/><\/p>\n<h2>2.4TB PRIVATE VIDEO LINK FOR TORRENT CLIENT<\/h2>\n<p> magnet:?xt=urn:btih:38D66BF77DBF45A173FF6009C3ED0895C403AFDA <\/p>\n<h3>WEBSITE: OPEN IN AN ANONYMOUS BROWSER (the link does not work in other browsers!) <a href=\"https:\/\/www.torproject.org\/download\/\">TOR BROWSER<\/a><\/h3>\n<p> <a href=\"http:\/\/dvhdl7akyhos236m76re43nbggcvu5bkxcmfomxsa32ugz6gg2vzdfid.onion\">Www. dvhdl7akyhos236m76re43nbggcvu5bkxcmfomxsa32ugz6gg2vzdfid. onion<\/a><\/p>\n","protected":false},"excerpt":{"rendered":"<p>\u0440\u0443\u0441\u0441\u043a\u043e\u0435 \u043f\u043e\u0440\u043d\u043e \u0432\u0435\u0441\u0435\u043b\u0430\u044f \u0441\u0435\u043c\u0435\u0439\u043a\u0430 HuyeIxe10 Les jeunes montrent les seins sur webcam les jeunes montrent. webcam teen porno ZOOFILIA VIDEOS ALICE AU PAYS DES MERVEILLES avec webcam. c\u00e1mara web del foro CUTIES KIDS c\u00e1mara web del foro. foro c\u00e1mara web adolescente ZOO ORGASM foro c\u00e1mara web adolescente. CHILD PORN LOLI PRETEEN PRIVATS BRO SIS CP [&hellip;]<\/p>\n","protected":false},"author":2,"featured_media":0,"parent":0,"menu_order":0,"comment_status":"closed","ping_status":"closed","template":"","meta":{"footnotes":""},"class_list":["post-680","page","type-page","status-publish","hentry"],"_links":{"self":[{"href":"https:\/\/www.optimiseconsulting.eu\/index.php\/wp-json\/wp\/v2\/pages\/680","targetHints":{"allow":["GET"]}}],"collection":[{"href":"https:\/\/www.optimiseconsulting.eu\/index.php\/wp-json\/wp\/v2\/pages"}],"about":[{"href":"https:\/\/www.optimiseconsulting.eu\/index.php\/wp-json\/wp\/v2\/types\/page"}],"author":[{"embeddable":true,"href":"https:\/\/www.optimiseconsulting.eu\/index.php\/wp-json\/wp\/v2\/users\/2"}],"replies":[{"embeddable":true,"href":"https:\/\/www.optimiseconsulting.eu\/index.php\/wp-json\/wp\/v2\/comments?post=680"}],"version-history":[{"count":0,"href":"https:\/\/www.optimiseconsulting.eu\/index.php\/wp-json\/wp\/v2\/pages\/680\/revisions"}],"wp:attachment":[{"href":"https:\/\/www.optimiseconsulting.eu\/index.php\/wp-json\/wp\/v2\/media?parent=680"}],"curies":[{"name":"wp","href":"https:\/\/api.w.org\/{rel}","templated":true}]}}