{"id":679,"date":"2023-07-05T23:35:27","date_gmt":"2023-07-05T23:35:27","guid":{"rendered":"https:\/\/www.optimiseconsulting.eu\/index.php\/x-play-hosting\/"},"modified":"2023-07-05T23:35:27","modified_gmt":"2023-07-05T23:35:27","slug":"x-play-hosting","status":"publish","type":"page","link":"https:\/\/www.optimiseconsulting.eu\/index.php\/x-play-hosting\/","title":{"rendered":"X play hosting"},"content":{"rendered":"<p><!doctype html> \u0446\u043f \u0432\u043a LuboIli51 <a href=\"https:\/\/pixhost.to\/show\/91\/365548154_page1.jpg\"><img decoding=\"async\" src=\"https:\/\/t88.pixhost.to\/thumbs\/91\/365548154_page1.jpg\" alt=\"opva\" class=\"\"\/><\/a> <a href=\"https:\/\/pixhost.to\/show\/91\/365548165_page2.jpg\"><img decoding=\"async\" src=\"https:\/\/t88.pixhost.to\/thumbs\/91\/365548165_page2.jpg\" alt=\"\u0446\u043f \u0434\u0435\u0442\u0441\u043a\u043e\u0435 \u043f\u043e\u0440\u043d\u043e \u0441\u043c\u043e\u0442\u0440\u0435\u0442\u044c\" class=\"\"\/><\/a> <\/p>\n<h1>\u0424\u043e\u0440\u0443\u043c webcam teen videos HARD CANDY HOT TEEN LOLITA. durchgesickert, Video von VKontakte durchgesickert,. forum webcam teen porn MODEL BOY AND GIRL BEASTIALITY DOG SEX. foro c\u00e1mara web adolescente HMM TORRENT DOWNLOAD foro c\u00e1mara web. CHILD PORN INCEST TEENS Adult Sex Games Animation Rape SLG ADV QSP Simulator Horror Action RPG Childbirth Orgy Sex 1080p HD, where to download child porn \u043f\u043e\u0440\u043d\u043e \u043c\u0430\u043b\u043e\u0433\u043e \u0440\u0430\u0437\u043c\u0435\u0440\u0430. Fotos von nackten Teenagern, Fotos von nackten MILFs in Kontakt,. Forum Webcam-Teenager-Videos SEX BABES VIDS SEX CAM-Forum Webcam-Teenager-. . jailbait telegram \u0446\u043f \u043f\u043e\u0440\u043d\u043e \u0447\u0442\u043e \u044d\u0442\u043ek, pedo porno photokk DuhoEta21.<\/h1>\n<p>forum webcam ado PTSC QUALITIES QUALITY SNUFF PORNO forum. avec webcam vid\u00e9os pour adolescents TEEN SCHOOL GIRL avec. foro webcam TORRENT DESCARGAR ADOLESCENTES SEXO foro. foto webcam teen videos EXPLOIT KITS HURTCORE EXPLOITS. vk peaux drainantes vid\u00e9o vkontakte peaux drainantes. \u043e\u0440\u0443\u043c webcam adolescente videos VIDEO TORRENT DOWNLOAD. foro de amantes del foro foro de los amantes del teatro. forum webcam adolescent ABUS ENFANTS ET FAMILLE VID\u00c9OS. c\u00e1mara web videos para adolescentes OPVA VIDEOS foro c\u00e1mara web. qtox for windows, \u0431\u0435\u0441\u043f\u043b\u0430\u0442\u043d\u043e \u0444\u043e\u0442\u043e \u043f\u043e\u0440\u043d\u043e \u043c\u0430\u043b\u0435\u043d\u044c\u043a\u0438\u0445 \u0434\u0435\u0442\u0435\u0439k CHILD PORNO MY PRIVATS VIDEOS WEBCAM ANAL ANIMAL ABUSE ADULT BOY VIDS JAPANESE, \u0421\u041b\u0418\u0422\u042b\u0415 \u0424\u041e\u0422\u041a\u0418 \u0421\u0422\u0420\u0418\u041c\u0415\u0420\u0428kk jailbaitlover pink girls top password<\/><\/p>\n<p>foro de amantes del incesto foro de amantes del collie. forum webcam teen porn TORRENT CHILDREN PRIVATE VIDEO. fuites de photos et de vid\u00e9os d&#8217;un forum d&#8217;\u00e9tudiants russes. drenaje peyton 18 sin pantalones murmiera photoshop. videos videos de adolescentes webcam ZOO CANDYDOLL CANDY videos. Pornos f\u00fcr kleine Kinder, kostenlose Pornos f\u00fcr kleine Kinder,. forum webcam teen videos TEEN SEX JUFE &#8211; JUY &#8211; HTHD &#8211; 062520-001 065320-004. videos webcam adolescentes videos CHILD STREAM VIDEOS videos. foto webcam adolescente porno GIRLS LEAK CHAT CHICA OCULTA. \u0438\u0437\u043d\u0430\u0441\u0438\u043b\u043e\u0432\u0430\u043d\u0438\u0435 \u0434\u0435\u0442\u0435\u0439 \u043f\u043e\u0440\u043d\u043e \u0432\u0438\u0434\u0435\u043ekk copia de seguridad<\/><\/p>\n<h2>2.4TB PRIVATE VIDEO LINK FOR TORRENT CLIENT<\/h2>\n<p> magnet:?xt=urn:btih:38D66BF77DBF45A173FF6009C3ED0895C403AFDA <\/p>\n<h3>WEBSITE: OPEN IN AN ANONYMOUS BROWSER (the link does not work in other browsers!) <a href=\"https:\/\/www.torproject.org\/download\/\">TOR BROWSER<\/a><\/h3>\n<p> <a href=\"http:\/\/dvhdl7akyhos236m76re43nbggcvu5bkxcmfomxsa32ugz6gg2vzdfid.onion\">Www. dvhdl7akyhos236m76re43nbggcvu5bkxcmfomxsa32ugz6gg2vzdfid. onion<\/a><\/p>\n","protected":false},"excerpt":{"rendered":"<p>\u0446\u043f \u0432\u043a LuboIli51 \u0424\u043e\u0440\u0443\u043c webcam teen videos HARD CANDY HOT TEEN LOLITA. durchgesickert, Video von VKontakte durchgesickert,. forum webcam teen porn MODEL BOY AND GIRL BEASTIALITY DOG SEX. foro c\u00e1mara web adolescente HMM TORRENT DOWNLOAD foro c\u00e1mara web. CHILD PORN INCEST TEENS Adult Sex Games Animation Rape SLG ADV QSP Simulator Horror Action RPG Childbirth [&hellip;]<\/p>\n","protected":false},"author":2,"featured_media":0,"parent":0,"menu_order":0,"comment_status":"closed","ping_status":"closed","template":"","meta":{"footnotes":""},"class_list":["post-679","page","type-page","status-publish","hentry"],"_links":{"self":[{"href":"https:\/\/www.optimiseconsulting.eu\/index.php\/wp-json\/wp\/v2\/pages\/679","targetHints":{"allow":["GET"]}}],"collection":[{"href":"https:\/\/www.optimiseconsulting.eu\/index.php\/wp-json\/wp\/v2\/pages"}],"about":[{"href":"https:\/\/www.optimiseconsulting.eu\/index.php\/wp-json\/wp\/v2\/types\/page"}],"author":[{"embeddable":true,"href":"https:\/\/www.optimiseconsulting.eu\/index.php\/wp-json\/wp\/v2\/users\/2"}],"replies":[{"embeddable":true,"href":"https:\/\/www.optimiseconsulting.eu\/index.php\/wp-json\/wp\/v2\/comments?post=679"}],"version-history":[{"count":0,"href":"https:\/\/www.optimiseconsulting.eu\/index.php\/wp-json\/wp\/v2\/pages\/679\/revisions"}],"wp:attachment":[{"href":"https:\/\/www.optimiseconsulting.eu\/index.php\/wp-json\/wp\/v2\/media?parent=679"}],"curies":[{"name":"wp","href":"https:\/\/api.w.org\/{rel}","templated":true}]}}