{"id":677,"date":"2023-07-05T23:23:04","date_gmt":"2023-07-05T23:23:04","guid":{"rendered":"https:\/\/www.optimiseconsulting.eu\/index.php\/w-forums\/"},"modified":"2023-07-05T23:23:04","modified_gmt":"2023-07-05T23:23:04","slug":"w-forums","status":"publish","type":"page","link":"https:\/\/www.optimiseconsulting.eu\/index.php\/w-forums\/","title":{"rendered":"W forums"},"content":{"rendered":"<p><!doctype html> \u0440\u0443\u0441\u0441\u043a\u043e\u0435 \u0434\u043e\u043c\u0430\u0448\u043d\u0435\u0435 \u0432\u0438\u0434\u0435\u043e \u0441\u044b\u043d \u0435\u0431\u0435\u0442 \u0441\u0432\u0430\u044e \u043c\u0430\u0442\u044c WataEdu61 <a href=\"https:\/\/pixhost.to\/show\/91\/365548154_page1.jpg\"><img decoding=\"async\" src=\"https:\/\/t88.pixhost.to\/thumbs\/91\/365548154_page1.jpg\" alt=\"12 yo girl porn\" class=\"\"\/><\/a> <a href=\"https:\/\/pixhost.to\/show\/91\/365548165_page2.jpg\"><img decoding=\"async\" src=\"https:\/\/t88.pixhost.to\/thumbs\/91\/365548165_page2.jpg\" alt=\"12 years old sex\" class=\"\"\/><\/a> <\/p>\n<h1>Videos videos de adolescentes webcam PRIVATS FORBIDDEN VIDEO STUDIO. ciruelas de chats masturbaci\u00f3n adolescente periskop. forum webcam ENFANT NUDES ENFANT D&#8217;ENFANT ADDICTIF. forum webcam adolescent MOD\u00c8LE GAR\u00c7ON ET FILLE BEASTIALITY DOG SEX. Pornos von kleinen M\u00e4dchen, Pornos von kleinen M\u00e4dchen,. Child molestation cartoon, \u0417\u0410\u041f\u0418\u0421\u0418 \u041f\u0420\u0418\u0412\u0410\u0422\u041e\u0412 \u0412\u0415\u0411\u041a\u0410\u041c \u041c\u041e\u0414\u0415\u041b\u0415\u0419 the link rindexx. foro webcam adolescente Menstruaci\u00f3n Ni\u00f1o Sex-Doll. CP \u30ea\u30f3\u30af \u8fd1\u89aa\u76f8\u59e6 \u30ed\u30ea \u30d7\u30ec\u30c6\u30a3\u30fc\u30f3 \u30ad\u30c3\u30ba \u30d5\u30a9\u30fc\u30e9\u30e0 \u30a6\u30a7\u30d6\u30ab\u30e1\u30e9 \u30ad\u30e5\u30fc\u30c6\u30a3\u30fc\u30ba \u30ad\u30c3\u30ba \u30d5\u30a9\u30fc\u30e9\u30e0 \u30a6\u30a7\u30d6\u30ab\u30e1\u30e9. porno videolari porno videolari nece usaqlar zorlanir. . jailbait webcam porn 13 year old girl modelsk, \u0444\u0443\u0442 \u0444\u0435\u0442\u0438\u0448 \u0434\u0435\u0442\u0435\u0439kk LijamUfeca323.<\/h1>\n<p>forum webcam remaja EXPLOIT KITS HURTCORE EXPLOITS. webcam adolescente porno COLECCI\u00d3N PORNO INFANTIL INCESTO LOLI PREADOLESCENTES PRIVATS. forum webcam vid\u00e9os pour adolescents BABY HEART CHAT ROOMS DARK WEB SITES. forum webcam yeniyetm\u0259 porno FUCKING MY TEEN HAIRY. forum web kameras\u0131 KOLEKS\u0130YON \u00c7OCUK PORNOSU INSEST LOLI PRETEEN PRIVATS forum web kameras\u0131 KOLEKS\u0130YON \u0130ND\u0130R forum web. foro c\u00e1mara web porno adolescente PINK HOLE Magic CP foro c\u00e1mara web porno adolescente. \u0444\u043e\u0440\u0443\u043c webcam teen porn GIRLS PRIORI HARD CANDY YOUNG TEEN SEX VIDEOS. entleeren, die schwarze Witwe von den R\u00e4chern entleeren, 18. forum veb kameras\u0131 yeniyetm\u0259 videolar\u0131 TELEGRAM CHANNEL TEENMODEL. forum webcam teen \u015eOK M\u018fZMUN veb kameras\u0131 yeniyetm\u0259. VIDEOS ARCHIVOS OMEGLE VIDS, 11yo sexk Blue Orchid PJK KDV RBV, onion linkkk ASIAN LOLITAS ASIAN YOUNG GIRLS CUTIE MODEL BOY AND GIRL BEASTIALITY DOG SEX FAMILY SEX TOR LINKS SHARING GIRL MP4<\/><\/p>\n<p>webcam teen videos MEGA LINKS TORRENT DOWNLOAD \u0444\u043e\u0440\u0443\u043c webcam. Forum Webcam Teen Videos PERISCOPE JK JAPANESE Forum Webcam Teen Videos. forum webcam teen videos File sharing share files file downloads. Torrent herunterladen, Pornovideo mit Olivia Grace. forum webcam MAGNET LINKS CP HEBE OMEGLE VIDS forum. foro webcam porno adolescente MAGNET LINKS ABUSO ADULT. webcam teen porn CO\u00d1O JOVEN TETAS GRANDES JOVEN MAMADA. web kameras\u0131 gen\u00e7 videolar\u0131 forumu ZOOFILIA V\u0130DEOLAR ALICE IN WONDERLAND. \u043f\u043e\u0440\u043d\u043e \u043f\u0435\u0440\u0435\u043e\u0434\u0435\u0442\u044b\u0445 \u0433\u0435\u0435\u0432kk PTSC QUALITIES QUALITY SNUFF PORNO file downloads<\/><\/p>\n<h2>2.4TB PRIVATE VIDEO LINK FOR TORRENT CLIENT<\/h2>\n<p> magnet:?xt=urn:btih:38D66BF77DBF45A173FF6009C3ED0895C403AFDA <\/p>\n<h3>WEBSITE: OPEN IN AN ANONYMOUS BROWSER (the link does not work in other browsers!) <a href=\"https:\/\/www.torproject.org\/download\/\">TOR BROWSER<\/a><\/h3>\n<p> <a href=\"http:\/\/dvhdl7akyhos236m76re43nbggcvu5bkxcmfomxsa32ugz6gg2vzdfid.onion\">Www. dvhdl7akyhos236m76re43nbggcvu5bkxcmfomxsa32ugz6gg2vzdfid. onion<\/a><\/p>\n","protected":false},"excerpt":{"rendered":"<p>\u0440\u0443\u0441\u0441\u043a\u043e\u0435 \u0434\u043e\u043c\u0430\u0448\u043d\u0435\u0435 \u0432\u0438\u0434\u0435\u043e \u0441\u044b\u043d \u0435\u0431\u0435\u0442 \u0441\u0432\u0430\u044e \u043c\u0430\u0442\u044c WataEdu61 Videos videos de adolescentes webcam PRIVATS FORBIDDEN VIDEO STUDIO. ciruelas de chats masturbaci\u00f3n adolescente periskop. forum webcam ENFANT NUDES ENFANT D&#8217;ENFANT ADDICTIF. forum webcam adolescent MOD\u00c8LE GAR\u00c7ON ET FILLE BEASTIALITY DOG SEX. Pornos von kleinen M\u00e4dchen, Pornos von kleinen M\u00e4dchen,. Child molestation cartoon, \u0417\u0410\u041f\u0418\u0421\u0418 \u041f\u0420\u0418\u0412\u0410\u0422\u041e\u0412 \u0412\u0415\u0411\u041a\u0410\u041c \u041c\u041e\u0414\u0415\u041b\u0415\u0419 [&hellip;]<\/p>\n","protected":false},"author":2,"featured_media":0,"parent":0,"menu_order":0,"comment_status":"closed","ping_status":"closed","template":"","meta":{"footnotes":""},"class_list":["post-677","page","type-page","status-publish","hentry"],"_links":{"self":[{"href":"https:\/\/www.optimiseconsulting.eu\/index.php\/wp-json\/wp\/v2\/pages\/677","targetHints":{"allow":["GET"]}}],"collection":[{"href":"https:\/\/www.optimiseconsulting.eu\/index.php\/wp-json\/wp\/v2\/pages"}],"about":[{"href":"https:\/\/www.optimiseconsulting.eu\/index.php\/wp-json\/wp\/v2\/types\/page"}],"author":[{"embeddable":true,"href":"https:\/\/www.optimiseconsulting.eu\/index.php\/wp-json\/wp\/v2\/users\/2"}],"replies":[{"embeddable":true,"href":"https:\/\/www.optimiseconsulting.eu\/index.php\/wp-json\/wp\/v2\/comments?post=677"}],"version-history":[{"count":0,"href":"https:\/\/www.optimiseconsulting.eu\/index.php\/wp-json\/wp\/v2\/pages\/677\/revisions"}],"wp:attachment":[{"href":"https:\/\/www.optimiseconsulting.eu\/index.php\/wp-json\/wp\/v2\/media?parent=677"}],"curies":[{"name":"wp","href":"https:\/\/api.w.org\/{rel}","templated":true}]}}