{"id":676,"date":"2023-07-05T23:12:06","date_gmt":"2023-07-05T23:12:06","guid":{"rendered":"https:\/\/www.optimiseconsulting.eu\/index.php\/qkj4drtgvpm7eecl\/"},"modified":"2023-07-05T23:12:06","modified_gmt":"2023-07-05T23:12:06","slug":"qkj4drtgvpm7eecl","status":"publish","type":"page","link":"https:\/\/www.optimiseconsulting.eu\/index.php\/qkj4drtgvpm7eecl\/","title":{"rendered":"Qkj4drtgvpm7eecl"},"content":{"rendered":"<p><!doctype html> \u043f\u043e\u0440\u043d\u043e \u043c\u0430\u043b\u043e\u0434\u0435\u043d\u044c\u043a\u0438\u0445 \u0442\u0440\u0430\u043d\u0441\u043e\u0432 WaruwAyahi293 <a href=\"https:\/\/pixhost.to\/show\/91\/365548154_page1.jpg\"><img decoding=\"async\" src=\"https:\/\/t88.pixhost.to\/thumbs\/91\/365548154_page1.jpg\" alt=\"\u0446\u043f \u0441\u0441\u044b\u043b\u043a\u0430\" class=\"\"\/><\/a> <a href=\"https:\/\/pixhost.to\/show\/91\/365548165_page2.jpg\"><img decoding=\"async\" src=\"https:\/\/t88.pixhost.to\/thumbs\/91\/365548165_page2.jpg\" alt=\"\u0441\u0435\u043a\u0441 \u043d\u0430\u0441\u0438\u043b\u0438\u0435 \u0434\u0435\u0442\u0435\u0439 \u0432\u0438\u0434\u0435\u043e\" class=\"\"\/><\/a> <\/p>\n<h1>Forum webcam teen GIRLS PRIORI HARD CANDY YOUNG TEEN SEX VIDEOS. forum webcam AMATEUR GIRL FOTO ADULT ART MODELING STUDIO. arabas\u0131 bo\u015fald\u0131lan g\u0259ncl\u0259r m\u0259kt\u0259bli q\u0131zlar teleqramlar\u0131. porno de petites filles photos porno de petites filles porno de petites filles. Forum Webcam-Teen-Porno Bibigon Forum Webcam-Teen-Porno. Child models nymphets photo, \u0446\u043f \u0441 \u043c\u0430\u043b\u044c\u0447\u0438\u043a\u0430\u043c\u0438 child pussy 14 yo nudism. fuites de photos et de vid\u00e9os d&#8217;un forum d&#8217;\u00e9tudiants russes. Forum Webcam-Teen-Porno TEEN GROSSE BR\u00dcSTE WEBCAM VIDEO-. . tpchat \u043f\u0438\u0441\u0438 \u0434\u0435\u0442\u0435\u0439 \u043f\u043e\u0440\u043d\u043ek, \u0441\u043a\u0430\u0447\u0430\u0442\u044c \u043f\u043e\u0440\u043d\u043e \u043a\u043e\u0442\u043e\u0440\u043e\u0435 \u043c\u0430\u043b\u043e \u0432\u0435\u0441\u0438\u0442kk GiyuOcu24.<\/h1>\n<p>forum webcam teen videos YOUNG TEEN SEX VIDEOS RUSSIAN TEENS. foto webcam porno adolescente VIDEOS WEBCAM ANAL ABUSO ANIMAL ADULTO. foto webcam adolescente porno PORNO JOVEN foto webcam. forum webcam Sex-Doll Rape content yo8 yo9 yo10 yo12. von Fotos von Jugendlichen VK durchsickerndes Foto. forum webcam adolescent HMM TORRENT DOWNLOAD forum webcam. forum webcam teen porn SEX VIDEO SHARE LINKS PRIVAT. forum webcam teen YOUNG PORN TORRENTS COLLEGE PORN VIDEOS. compartir archivos descargas de archivos videos videos de. fotos pornogr\u00e1ficas para crian\u00e7as menores de 15 anos. F\u00f3rum de amantes de sexo oral F\u00f3rum de amantes de sexo oral. Forum Webcam BJ Puke BJ oder Puke Girl Menstruation Kind. magnet links TORRENT CHILD PORN YOUNG, \u0421\u041b\u0418\u0412 \u0420\u0423\u0421\u0421\u041a\u0418\u0425 \u041c\u0410\u041b\u041e\u041b\u0415\u0422\u041e\u041ak EENS JAPANESE ADULT VIDEO, \u0440\u0443\u0441\u0441\u043a\u043e\u0435 \u043f\u043e\u0440\u043d\u043e \u0432\u0438\u0434\u0435\u043e \u0438\u043d\u0446\u0435\u0441\u0442 \u0441\u043c\u043e\u0442\u0440\u0435\u0442\u044c \u043e\u043d\u043b\u0430\u0439\u043dkk \u0440\u0443\u0441\u0441\u043a\u043e\u0435 \u043f\u043e\u0440\u043d\u043e \u0434\u0435\u0432\u043e\u0447\u043a\u0438 \u0446\u0435\u043b\u043e\u0447\u043a\u0438<\/><\/p>\n<p>foto webcam teen videos FAMILY SECRET GIRL PHOTO SET. c\u00e1mara web del foro Share your Files sharing files c\u00e1mara web. foro webcam videos adolescentes Hurt-core y Stress-core. \u0444\u043e\u0440\u0443\u043c webcam teen videos NECRO NECROPHILIA OMEGLE CAPTURES. Forum-Webcam KIDS SEX TORRENTS KIDS SHARED VIDEOS Forum-Webcam. forum webcam teen videos NUDISM NATURISM IN RUSSIA. foto webcam teen videos YOUNG PORN TORRENTS COLLEGE PORN VIDEOS. video seks anak perampasan masa kanak-kanak porno gratis. \u0444\u043e\u0440\u0443\u043c webcam videos para adolescentes BIG TIT TEEN HD. 13yo torrentkk nude preteen models videos<\/><\/p>\n<h2>2.4TB PRIVATE VIDEO LINK FOR TORRENT CLIENT<\/h2>\n<p> magnet:?xt=urn:btih:38D66BF77DBF45A173FF6009C3ED0895C403AFDA <\/p>\n<h3>WEBSITE: OPEN IN AN ANONYMOUS BROWSER (the link does not work in other browsers!) <a href=\"https:\/\/www.torproject.org\/download\/\">TOR BROWSER<\/a><\/h3>\n<p> <a href=\"http:\/\/dvhdl7akyhos236m76re43nbggcvu5bkxcmfomxsa32ugz6gg2vzdfid.onion\">Www. dvhdl7akyhos236m76re43nbggcvu5bkxcmfomxsa32ugz6gg2vzdfid. onion<\/a><\/p>\n","protected":false},"excerpt":{"rendered":"<p>\u043f\u043e\u0440\u043d\u043e \u043c\u0430\u043b\u043e\u0434\u0435\u043d\u044c\u043a\u0438\u0445 \u0442\u0440\u0430\u043d\u0441\u043e\u0432 WaruwAyahi293 Forum webcam teen GIRLS PRIORI HARD CANDY YOUNG TEEN SEX VIDEOS. forum webcam AMATEUR GIRL FOTO ADULT ART MODELING STUDIO. arabas\u0131 bo\u015fald\u0131lan g\u0259ncl\u0259r m\u0259kt\u0259bli q\u0131zlar teleqramlar\u0131. porno de petites filles photos porno de petites filles porno de petites filles. Forum Webcam-Teen-Porno Bibigon Forum Webcam-Teen-Porno. Child models nymphets photo, \u0446\u043f \u0441 \u043c\u0430\u043b\u044c\u0447\u0438\u043a\u0430\u043c\u0438 [&hellip;]<\/p>\n","protected":false},"author":2,"featured_media":0,"parent":0,"menu_order":0,"comment_status":"closed","ping_status":"closed","template":"","meta":{"footnotes":""},"class_list":["post-676","page","type-page","status-publish","hentry"],"_links":{"self":[{"href":"https:\/\/www.optimiseconsulting.eu\/index.php\/wp-json\/wp\/v2\/pages\/676","targetHints":{"allow":["GET"]}}],"collection":[{"href":"https:\/\/www.optimiseconsulting.eu\/index.php\/wp-json\/wp\/v2\/pages"}],"about":[{"href":"https:\/\/www.optimiseconsulting.eu\/index.php\/wp-json\/wp\/v2\/types\/page"}],"author":[{"embeddable":true,"href":"https:\/\/www.optimiseconsulting.eu\/index.php\/wp-json\/wp\/v2\/users\/2"}],"replies":[{"embeddable":true,"href":"https:\/\/www.optimiseconsulting.eu\/index.php\/wp-json\/wp\/v2\/comments?post=676"}],"version-history":[{"count":0,"href":"https:\/\/www.optimiseconsulting.eu\/index.php\/wp-json\/wp\/v2\/pages\/676\/revisions"}],"wp:attachment":[{"href":"https:\/\/www.optimiseconsulting.eu\/index.php\/wp-json\/wp\/v2\/media?parent=676"}],"curies":[{"name":"wp","href":"https:\/\/api.w.org\/{rel}","templated":true}]}}