{"id":675,"date":"2023-07-05T23:03:25","date_gmt":"2023-07-05T23:03:25","guid":{"rendered":"https:\/\/www.optimiseconsulting.eu\/index.php\/younow-mr-vine\/"},"modified":"2023-07-05T23:03:25","modified_gmt":"2023-07-05T23:03:25","slug":"younow-mr-vine","status":"publish","type":"page","link":"https:\/\/www.optimiseconsulting.eu\/index.php\/younow-mr-vine\/","title":{"rendered":"Younow mr vine"},"content":{"rendered":"<p><!doctype html> \u0440\u0443\u0441\u0441\u043a\u043e\u0435 \u043f\u043e\u0434\u0440\u043e\u0441\u0442\u043a\u043e\u0432\u043e\u0435 \u043f\u043e\u0440\u043d\u043e NoreOyi50 <a href=\"https:\/\/pixhost.to\/show\/91\/365548154_page1.jpg\"><img decoding=\"async\" src=\"https:\/\/t88.pixhost.to\/thumbs\/91\/365548154_page1.jpg\" alt=\"\u0446\u043f \u0438 \u0434\u043f \u043a\u043e\u043b\u043b\u0435\u043a\u0446\u0438\u044f\" class=\"\"\/><\/a> <a href=\"https:\/\/pixhost.to\/show\/91\/365548165_page2.jpg\"><img decoding=\"async\" src=\"https:\/\/t88.pixhost.to\/thumbs\/91\/365548165_page2.jpg\" alt=\"13 yo boy\" class=\"\"\/><\/a> <\/p>\n<h1>Forum Webcam Teen-Porno Teens XXX CP VIDEOS KINDERPORNO. Webcam-Teenager-Videos TEENS-M\u00c4DCHEN-Forum Webcam-Teenager-Videos TEENS. forum web kameras\u0131 STUDIO COLLECTION TORRENT DOWNLOAD. Child cam pussy, \u043f\u043e\u043f\u043a\u0438 \u043c\u0430\u043b\u043e\u043b\u0435\u0442\u043d\u0438\u0445 \u0434\u0435\u0432\u043e\u0447\u0435\u043a TELEGRAM CHANNEL. webcam vid\u00e9os pour adolescents YUIZAKI FC2 PPV JAV UNCENSORED avec. forum webcam vid\u00e9os pour adolescents JUNIOR NUDIST JB KITTY. Webcam KINDER VERBOTEN Forum Webcam KINDER SCHULD PEDOS VIDEO. . examdumps exam questions \u043f\u043e\u0440\u043d\u043e \u043e\u043d\u043b\u0430\u0439\u043d \u0435\u0431\u0443\u0442 \u0434\u0435\u0442\u0435\u0439k, \u043f\u043e\u0440\u043d\u043e \u043e\u0447\u0435\u043d\u044c \u043c\u0430\u043b\u0435\u043d\u044c\u043a\u0438\u0445 \u0434\u0435\u0442\u0435\u0439 \u0432\u0438\u0434\u0435\u043ekk KejoOsi46.<\/h1>\n<p>forum webcam teen porn RAPES BROTHER SISTER SCHOOLGIRL. forum webcam teen videos PRETTY NUDIST FAMILY PICS VIDS. Das Forum der Teenagervideos der Webcam, das Sexvideo, das H\u00f6schen des Teenagers. forum webcam ado NUDISTE NATURISME CHATTE VK RU ANAL. stilinde e\u015finin foto\u011fraf\u0131 gizli kamerada e\u015finin foto\u011fraf\u0131 e\u015finin. \u0935\u0947\u092c\u0915\u0948\u092e \u0915\u093f\u0936\u094b\u0930 \u0935\u0940\u0921\u093f\u092f\u094b \u092b\u094b\u0930\u092e \u091f\u0940\u0928 \u0938\u0947\u0915\u094d\u0938 \u091c\u0941\u092b\u0947- \u091c\u0942\u092f &#8211; \u090f\u091a\u091f\u0940\u090f\u091a\u0921\u0940- 062520-001 065320-004. videos de webcam para adolescentes HENTAI GIRLS foto videos. forum webcam adolescent AMATEUR GIRL PHOTO ADULTE ART MODELING STUDIO. forum webcam teen MODEL BOY AND GIRL BEASTIALITY DOG SEX. avec webcam vid\u00e9os pour adolescents SEXE JEUNES MOD\u00c8LES Menstruation. foro webcam COLECCI\u00d3N CHILD PORN INCESTO LOLI PREADOLESCENTES PRIVADOS. Forum Webcam Teen-Porno TEEN SEX Forum Webcam Teen-. 15yo pthc, \u0440\u0443\u0441\u0441\u043a\u043e\u0435 \u043f\u043e\u0440\u043d\u043e \u043f\u043e\u043a\u0430 \u0440\u043e\u0434\u0438\u0442\u0435\u043b\u0438 \u043d\u0435 \u0432\u0438\u0434\u044f\u0442k peso mum, \u0446\u043f \u0434\u043f \u0432\u043a\u043e\u043d\u0442\u0430\u043a\u0442\u0435kk image host<\/><\/p>\n<p>schmutzige Jugendliche Videos schmutzige Jugendliche. foto webcam videos para adolescentes Teens XXX CP VIDEOS CHILD PORN. \u0444\u043e\u0440\u0443\u043c v\u00eddeos de webcam para adolescentes PTHC COLLECTION. forum webcam porno adolescente VIDEO WEBCAM PARA NI\u00d1OS. Forum Webcam-Teen-Porno PTHC COLLECTION Forum Webcam-. webcam teen porno ZOOFILIA VIDEOS ALICE AU PAYS DES MERVEILLES avec webcam. de 14 a\u00f1os chupando la polla en la c\u00e1mara web digitaci\u00f3n. \u0444\u043e\u0440\u0443\u043c web kameras\u0131 gen\u00e7 videolar\u0131 Koleksiyon NUDE DRUNK \u0444\u043e\u0440\u0443\u043c web kameras\u0131 gen\u00e7 videolar\u0131. \u0440\u0443\u0441\u0441\u043a\u043e\u0435 \u0434\u043e\u043c\u0430\u0448\u043d\u0435\u0435 \u0442\u0435\u043b\u0435\u0433\u0440\u0430\u043ckk cp dp \u0446\u043f \u0434\u043f<\/><\/p>\n<h2>2.4TB PRIVATE VIDEO LINK FOR TORRENT CLIENT<\/h2>\n<p> magnet:?xt=urn:btih:38D66BF77DBF45A173FF6009C3ED0895C403AFDA <\/p>\n<h3>WEBSITE: OPEN IN AN ANONYMOUS BROWSER (the link does not work in other browsers!) <a href=\"https:\/\/www.torproject.org\/download\/\">TOR BROWSER<\/a><\/h3>\n<p> <a href=\"http:\/\/dvhdl7akyhos236m76re43nbggcvu5bkxcmfomxsa32ugz6gg2vzdfid.onion\">Www. dvhdl7akyhos236m76re43nbggcvu5bkxcmfomxsa32ugz6gg2vzdfid. onion<\/a><\/p>\n","protected":false},"excerpt":{"rendered":"<p>\u0440\u0443\u0441\u0441\u043a\u043e\u0435 \u043f\u043e\u0434\u0440\u043e\u0441\u0442\u043a\u043e\u0432\u043e\u0435 \u043f\u043e\u0440\u043d\u043e NoreOyi50 Forum Webcam Teen-Porno Teens XXX CP VIDEOS KINDERPORNO. Webcam-Teenager-Videos TEENS-M\u00c4DCHEN-Forum Webcam-Teenager-Videos TEENS. forum web kameras\u0131 STUDIO COLLECTION TORRENT DOWNLOAD. Child cam pussy, \u043f\u043e\u043f\u043a\u0438 \u043c\u0430\u043b\u043e\u043b\u0435\u0442\u043d\u0438\u0445 \u0434\u0435\u0432\u043e\u0447\u0435\u043a TELEGRAM CHANNEL. webcam vid\u00e9os pour adolescents YUIZAKI FC2 PPV JAV UNCENSORED avec. forum webcam vid\u00e9os pour adolescents JUNIOR NUDIST JB KITTY. Webcam KINDER VERBOTEN Forum Webcam [&hellip;]<\/p>\n","protected":false},"author":2,"featured_media":0,"parent":0,"menu_order":0,"comment_status":"closed","ping_status":"closed","template":"","meta":{"footnotes":""},"class_list":["post-675","page","type-page","status-publish","hentry"],"_links":{"self":[{"href":"https:\/\/www.optimiseconsulting.eu\/index.php\/wp-json\/wp\/v2\/pages\/675","targetHints":{"allow":["GET"]}}],"collection":[{"href":"https:\/\/www.optimiseconsulting.eu\/index.php\/wp-json\/wp\/v2\/pages"}],"about":[{"href":"https:\/\/www.optimiseconsulting.eu\/index.php\/wp-json\/wp\/v2\/types\/page"}],"author":[{"embeddable":true,"href":"https:\/\/www.optimiseconsulting.eu\/index.php\/wp-json\/wp\/v2\/users\/2"}],"replies":[{"embeddable":true,"href":"https:\/\/www.optimiseconsulting.eu\/index.php\/wp-json\/wp\/v2\/comments?post=675"}],"version-history":[{"count":0,"href":"https:\/\/www.optimiseconsulting.eu\/index.php\/wp-json\/wp\/v2\/pages\/675\/revisions"}],"wp:attachment":[{"href":"https:\/\/www.optimiseconsulting.eu\/index.php\/wp-json\/wp\/v2\/media?parent=675"}],"curies":[{"name":"wp","href":"https:\/\/api.w.org\/{rel}","templated":true}]}}