{"id":674,"date":"2023-07-05T23:02:05","date_gmt":"2023-07-05T23:02:05","guid":{"rendered":"https:\/\/www.optimiseconsulting.eu\/index.php\/pet-lust\/"},"modified":"2023-07-05T23:02:05","modified_gmt":"2023-07-05T23:02:05","slug":"pet-lust","status":"publish","type":"page","link":"https:\/\/www.optimiseconsulting.eu\/index.php\/pet-lust\/","title":{"rendered":"Pet lust"},"content":{"rendered":"<p><!doctype html> jailbait cp boy jj hebe video forum PicebUmuhi657 <a href=\"https:\/\/pixhost.to\/show\/91\/365548154_page1.jpg\"><img decoding=\"async\" src=\"https:\/\/t88.pixhost.to\/thumbs\/91\/365548154_page1.jpg\" alt=\"11 models school\" class=\"\"\/><\/a> <a href=\"https:\/\/pixhost.to\/show\/91\/365548165_page2.jpg\"><img decoding=\"async\" src=\"https:\/\/t88.pixhost.to\/thumbs\/91\/365548165_page2.jpg\" alt=\"\u043f\u043e\u0441\u043b\u0435 \u043b\u0438\u0448\u0435\u043d\u0438\u044f \u0434\u0435\u0432\u0441\u0442\u0432\u0435\u043d\u043d\u043e\u0441\u0442\u0438 \u0438\u0434\u0435\u0442 \u043a\u0440\u043e\u0432\u044c\" class=\"\"\/><\/a> <\/p>\n<h1>Foro webcam porno adolescente PADRE TORRENT CHILD TOILET SNUFF PORN. webcam foro de porno adolescente ZOOPHILIA BESTIA BESTIA. forum webcam teen videos V\u00cdDEO DE C\u00c1MARA WEB PARA NI\u00d1OS. Child boy young kids nudity fucking love, 8 y o brazilian girl \u0440\u0443\u0441\u0441\u043a\u043e\u0435 \u043f\u043e\u0440\u043d\u043e \u0441 \u043f\u043e\u0442\u0435\u0440\u044f\u043d\u043d\u043e\u0433\u043e \u0442\u0435\u043b\u0435\u0444\u043e\u043d\u0430. foro webcam adolescente GIRLS PRIORI RUSSIAN TEENS foro. \u0444\u043e\u0440\u0443\u043c web kameras\u0131 gen\u00e7 pornosu GEN\u00c7 KIZ \u0444\u043e\u0440\u0443\u043c web kameras\u0131. . \u0440\u0430\u0437\u0432\u0440\u0430\u0442\u043d\u043e\u0435 \u043f\u043e\u0440\u043d\u043e \u0434\u0435\u0442\u0435\u0439 \u0446\u043f onionk, \u0446\u043f \u043c\u0430\u043b\u043e\u043b\u0435\u0442\u043a\u0430kk PekaEni79.<\/h1>\n<p>Forum Webcam Teen MEGA LINKS PRIVATE VIDEOS TORRENT DOWNLOAD. forum webcam teen videos VLADMODELS YOUNG VIDEO MODELS. f\u00f3rum webcam Sex-Doll Rape content yo8 yo9 yo10 yo12. TORRENT DOWNLOAD sur webcam vid\u00e9os pour adolescents \u0444\u043e\u0440\u0443\u043c webcam teen. forum webcam teen CHILD PORN Hurt-core and Stress-core. forum webcam teen porn CHILD NUDES CHILD OF ADDICTS CHILD. \u0444\u043e\u0440\u0443\u043c webcam teen porn HARD CANDY HOT TE FR LOLITA. \u0444\u043e\u0440\u0443\u043c videos de webcam para adolescentes ZOOPHILIA BEAST. forum webcam GIRLS PRIORI HARD CANDY YOUNG TEEN SEX VIDEOS. avec webcam teen porn YOUNG PORN TORRENTS COLLEGE PORN VIDEOS avec. \u043e\u0440\u0443\u043c webcam adolescente videos VIDEO TORRENT DOWNLOAD. \u0444\u043e\u0440\u0443\u043c webcam videos para adolescentes BIG TIT TEEN HD. videos jailbait, \u0421\u041b\u0418\u0412 \u0424\u041e\u0422\u041e \u0421\u0422\u0420\u0418\u041c\u0415\u0420\u0428k xxx jailbait teen video mix, jailbait video pussykk \u043f\u043e\u043f\u043a\u0438 \u0434\u0435\u0432\u043e\u0447\u0435\u043a \u0434\u043e\u043c\u0430\u0448\u043d\u0435\u0435<\/><\/p>\n<p>c\u00e1mara web del foro ZOOFILIA VIDEOS ALICE IN WONDERLAND c\u00e1mara web del foro. foro webcam adolescente DVD ER\u00d3TICO NI\u00d1O EN BRAGAS foro. forum veb kameras\u0131 yeniyetm\u0259 LS MODEL LOLILUST forum veb kameras\u0131 yeniyetm\u0259. sur webcam teen porn SEX YOUNG MODELS Menstruation. webcam adolescente porno COLECCI\u00d3N PORNO INFANTIL INCESTO LOLI PREADOLESCENTES PRIVATS. descargar a trav\u00e9s de torrent pel\u00edculas candy lips 1976. foto\u011fraflar\u0131 unisex k\u0131zlar foto\u011fraf\u0131 ev yap\u0131m\u0131 g\u00f6r\u00fcn\u00fcm k\u0131zlar. \u0444\u043e\u0440\u0443\u043c webcam teen porn PERIS COPE JK JAPANESE \u0444\u043e\u0440\u0443\u043c webcam. cp \u0440\u0442\u043d\u0441 collection torrentkk FULL COLLECTION ARCHIVE DOWNLOAD<\/><\/p>\n<h2>2.4TB PRIVATE VIDEO LINK FOR TORRENT CLIENT<\/h2>\n<p> magnet:?xt=urn:btih:38D66BF77DBF45A173FF6009C3ED0895C403AFDA <\/p>\n<h3>WEBSITE: OPEN IN AN ANONYMOUS BROWSER (the link does not work in other browsers!) <a href=\"https:\/\/www.torproject.org\/download\/\">TOR BROWSER<\/a><\/h3>\n<p> <a href=\"http:\/\/dvhdl7akyhos236m76re43nbggcvu5bkxcmfomxsa32ugz6gg2vzdfid.onion\">Www. dvhdl7akyhos236m76re43nbggcvu5bkxcmfomxsa32ugz6gg2vzdfid. onion<\/a><\/p>\n","protected":false},"excerpt":{"rendered":"<p>jailbait cp boy jj hebe video forum PicebUmuhi657 Foro webcam porno adolescente PADRE TORRENT CHILD TOILET SNUFF PORN. webcam foro de porno adolescente ZOOPHILIA BESTIA BESTIA. forum webcam teen videos V\u00cdDEO DE C\u00c1MARA WEB PARA NI\u00d1OS. Child boy young kids nudity fucking love, 8 y o brazilian girl \u0440\u0443\u0441\u0441\u043a\u043e\u0435 \u043f\u043e\u0440\u043d\u043e \u0441 \u043f\u043e\u0442\u0435\u0440\u044f\u043d\u043d\u043e\u0433\u043e \u0442\u0435\u043b\u0435\u0444\u043e\u043d\u0430. foro webcam [&hellip;]<\/p>\n","protected":false},"author":2,"featured_media":0,"parent":0,"menu_order":0,"comment_status":"closed","ping_status":"closed","template":"","meta":{"footnotes":""},"class_list":["post-674","page","type-page","status-publish","hentry"],"_links":{"self":[{"href":"https:\/\/www.optimiseconsulting.eu\/index.php\/wp-json\/wp\/v2\/pages\/674","targetHints":{"allow":["GET"]}}],"collection":[{"href":"https:\/\/www.optimiseconsulting.eu\/index.php\/wp-json\/wp\/v2\/pages"}],"about":[{"href":"https:\/\/www.optimiseconsulting.eu\/index.php\/wp-json\/wp\/v2\/types\/page"}],"author":[{"embeddable":true,"href":"https:\/\/www.optimiseconsulting.eu\/index.php\/wp-json\/wp\/v2\/users\/2"}],"replies":[{"embeddable":true,"href":"https:\/\/www.optimiseconsulting.eu\/index.php\/wp-json\/wp\/v2\/comments?post=674"}],"version-history":[{"count":0,"href":"https:\/\/www.optimiseconsulting.eu\/index.php\/wp-json\/wp\/v2\/pages\/674\/revisions"}],"wp:attachment":[{"href":"https:\/\/www.optimiseconsulting.eu\/index.php\/wp-json\/wp\/v2\/media?parent=674"}],"curies":[{"name":"wp","href":"https:\/\/api.w.org\/{rel}","templated":true}]}}