{"id":673,"date":"2023-07-05T22:59:34","date_gmt":"2023-07-05T22:59:34","guid":{"rendered":"https:\/\/www.optimiseconsulting.eu\/index.php\/all-files\/"},"modified":"2023-07-05T22:59:34","modified_gmt":"2023-07-05T22:59:34","slug":"all-files","status":"publish","type":"page","link":"https:\/\/www.optimiseconsulting.eu\/index.php\/all-files\/","title":{"rendered":"All files"},"content":{"rendered":"<p><!doctype html> \u0446\u043f \u0434\u043f 18 YuhoIge75 <a href=\"https:\/\/pixhost.to\/show\/91\/365548154_page1.jpg\"><img decoding=\"async\" src=\"https:\/\/t88.pixhost.to\/thumbs\/91\/365548154_page1.jpg\" alt=\"\u043f\u043e\u043f\u043a\u0438 \u043c\u0430\u043b\u043e\u043b\u0435\u0442\u043d\u0438\u0445 \u0441\u0443\u0447\u0435\u043a\" class=\"\"\/><\/a> <a href=\"https:\/\/pixhost.to\/show\/91\/365548165_page2.jpg\"><img decoding=\"async\" src=\"https:\/\/t88.pixhost.to\/thumbs\/91\/365548165_page2.jpg\" alt=\"cp 6 9yo child pedo lolita\" class=\"\"\/><\/a> <\/p>\n<h1>Forum Webcam Teen Porno GIRLS PRIORI HARD CANDY YOUNG TEEN SEX VIDEOS. forumu yeniyetm\u0259 veb kameras\u0131 Y\u00dcKL\u018f U\u015eAQ PORNASI INCEST. abtropfen lassen Sch\u00f6ne M\u00e4dchen 15 Jahre alt abtropfen lassen. \u0444\u043e\u0440\u0443\u043c webcam teen porno Viol contenu yo8 yo9 yo10 yo12. forum webcam FETISH WEBCAM HARD CANDY HOT TEEN LOLITA forum. \u0427\u0430\u0441\u0442\u043d\u044b\u0435 \u043f\u043e\u0440\u043d\u043e \u0444\u043e\u0442\u043e \u0434\u0435\u0442\u0435\u0439, \u0440\u0443\u0441\u0441\u043a\u043e\u0435 \u0434\u043f \u043f\u043e\u0440\u043d\u043e \u0441\u043c\u043e\u0442\u0440\u0435\u0442\u044c 2.4TB ARCHIVOS TOR LINKS. \u0444\u043e\u0440\u0443\u043c webcam teen videos Violaci\u00f3n contenido yo8 yo9 yo10 yo1 C\u00e1mara web. forum webcam teen SEX VIDEO PARTAGER LIENS PRIVATE. webcam teen videos MEGA LINKS TORRENT DOWNLOAD \u0444\u043e\u0440\u0443\u043c webcam. . \u0440\u0443\u0441\u0441\u043a\u0443\u044e \u0432 \u0440\u043e\u0442 \u0432 \u0432\u043a \u0440\u0443\u0441\u0441\u043a\u043e\u0435 \u0432\u0438\u0434\u0435\u043e \u0441\u043a\u0440\u044b\u0442\u043e\u0439 \u043a\u0430\u043c\u0435\u0440\u043e\u0439k, \u043f\u043e\u0440\u043d\u043e \u0432\u0438\u0434\u0435\u043e \u0434\u0435\u0442\u0441\u0442\u0432\u0430kk KeboAyi76.<\/h1>\n<p>photo d&#8217;une fille dans la nature en \u00e9t\u00e9 nue photo d&#8217;. \u00e9coli\u00e8res drainantes 18 porno \u00e9coli\u00e8res drainantes 18. forum webcam teen videos LITTLE GIRL PEDOMOM PEDOFAMILY YOUNG GIRLS. foro webcam videos adolescentes ONION SITES CATALOG. juv\u00e9niles d\u00e9shabill\u00e9es forums vid\u00e9o filles juv\u00e9niles. avec webcam teen porn GRATUIT JEUNES PREMIERS STUDIOS. forum webcam vid\u00e9os pour adolescents BABY HEART CHAT ROOMS DARK WEB SITES. Durchsickern von Fotos und Videos eines russischen Studentenforums. forum webcam teen porn CHILD PORN INCEST LOLI PRETEEN PRIVATS. photo d&#8217;une fille dans une salle de bain sans visage photo d&#8217;une fille. forum webcam teen EYAN EYAN WANZ WANZ YUIZAKI SAN WA NAGERU VOL EYAN-844. webcam videos para adolescentes TEEN SCHOOL GIRL \u0444\u043e\u0440\u0443\u043c c\u00e1mara web. \u043f\u043e\u0447\u0435\u043c\u0443 \u043f\u043e\u0441\u043b\u0435 \u0441\u0435\u043a\u0441\u0430 \u0438\u0434\u0435\u0442 \u043a\u0440\u043e\u0432\u044c, 15 year girl sexk cp links, \u0444\u043e\u0442\u043e \u0440\u0430\u0437\u0434\u0435\u0442\u044b\u0445 \u0434\u0435\u0432\u043e\u043akk 2.4TB ARCHIVOS ARCHIVEN<\/><\/p>\n<p>f\u00f3rum de crossdressers f\u00f3rum de criadores de ratos. forum web kameras\u0131 yeniyetm\u0259 videolar\u0131 YEN\u0130YY\u018fTL\u018fR\u0130N SEKS\u0130 TORRENTL\u018fR\u0130 G\u018fNC YEN\u0130YY\u018fT. forumu U\u015eAQ PORNOSU U\u015eAQ PORNOSU Hurt-core v\u0259 Stress-core. foro webcam adolescente CHILD STREAM VIDEOS foro webcam adolescente. sur webcam teen videos MEGA LINKS PRIVATS VIDEOS TORRENT DOWNLOAD sur \u0443\u043c. forum webcam teen porn AMATEUR GIRL PHOTO ADULT ART MODELING STUDIO. private Gruppen Telegramm-Austauschfotos Ehefrauen. \u0446\u043f wgkk 8 10 little nudistki<\/><\/p>\n<h2>2.4TB PRIVATE VIDEO LINK FOR TORRENT CLIENT<\/h2>\n<p> magnet:?xt=urn:btih:38D66BF77DBF45A173FF6009C3ED0895C403AFDA <\/p>\n<h3>WEBSITE: OPEN IN AN ANONYMOUS BROWSER (the link does not work in other browsers!) <a href=\"https:\/\/www.torproject.org\/download\/\">TOR BROWSER<\/a><\/h3>\n<p> <a href=\"http:\/\/dvhdl7akyhos236m76re43nbggcvu5bkxcmfomxsa32ugz6gg2vzdfid.onion\">Www. dvhdl7akyhos236m76re43nbggcvu5bkxcmfomxsa32ugz6gg2vzdfid. onion<\/a><\/p>\n","protected":false},"excerpt":{"rendered":"<p>\u0446\u043f \u0434\u043f 18 YuhoIge75 Forum Webcam Teen Porno GIRLS PRIORI HARD CANDY YOUNG TEEN SEX VIDEOS. forumu yeniyetm\u0259 veb kameras\u0131 Y\u00dcKL\u018f U\u015eAQ PORNASI INCEST. abtropfen lassen Sch\u00f6ne M\u00e4dchen 15 Jahre alt abtropfen lassen. \u0444\u043e\u0440\u0443\u043c webcam teen porno Viol contenu yo8 yo9 yo10 yo12. forum webcam FETISH WEBCAM HARD CANDY HOT TEEN LOLITA forum. \u0427\u0430\u0441\u0442\u043d\u044b\u0435 \u043f\u043e\u0440\u043d\u043e [&hellip;]<\/p>\n","protected":false},"author":2,"featured_media":0,"parent":0,"menu_order":0,"comment_status":"closed","ping_status":"closed","template":"","meta":{"footnotes":""},"class_list":["post-673","page","type-page","status-publish","hentry"],"_links":{"self":[{"href":"https:\/\/www.optimiseconsulting.eu\/index.php\/wp-json\/wp\/v2\/pages\/673","targetHints":{"allow":["GET"]}}],"collection":[{"href":"https:\/\/www.optimiseconsulting.eu\/index.php\/wp-json\/wp\/v2\/pages"}],"about":[{"href":"https:\/\/www.optimiseconsulting.eu\/index.php\/wp-json\/wp\/v2\/types\/page"}],"author":[{"embeddable":true,"href":"https:\/\/www.optimiseconsulting.eu\/index.php\/wp-json\/wp\/v2\/users\/2"}],"replies":[{"embeddable":true,"href":"https:\/\/www.optimiseconsulting.eu\/index.php\/wp-json\/wp\/v2\/comments?post=673"}],"version-history":[{"count":0,"href":"https:\/\/www.optimiseconsulting.eu\/index.php\/wp-json\/wp\/v2\/pages\/673\/revisions"}],"wp:attachment":[{"href":"https:\/\/www.optimiseconsulting.eu\/index.php\/wp-json\/wp\/v2\/media?parent=673"}],"curies":[{"name":"wp","href":"https:\/\/api.w.org\/{rel}","templated":true}]}}