{"id":672,"date":"2023-07-05T21:10:44","date_gmt":"2023-07-05T21:10:44","guid":{"rendered":"https:\/\/www.optimiseconsulting.eu\/index.php\/mary\/"},"modified":"2023-07-05T21:10:44","modified_gmt":"2023-07-05T21:10:44","slug":"mary","status":"publish","type":"page","link":"https:\/\/www.optimiseconsulting.eu\/index.php\/mary\/","title":{"rendered":"Mary"},"content":{"rendered":"<p><!doctype html> \u043f\u043e\u043f\u043a\u0438 \u0441\u043a\u0440\u044b\u0442\u043e\u0439 \u043a\u0430\u043c\u0435\u0440\u043e\u0439 NufaAwi37 <a href=\"https:\/\/pixhost.to\/show\/91\/365548154_page1.jpg\"><img decoding=\"async\" src=\"https:\/\/t88.pixhost.to\/thumbs\/91\/365548154_page1.jpg\" alt=\"\u0440\u0443\u0441\u0441\u043a\u043e\u0435 \u043b\u044e\u0431\u0438\u0442\u0435\u043b\u044c\u0441\u043a\u043e\u0435 \u043f\u043e\u0440\u043d\u043e \u043c\u0443\u0436\u0430 \u0438 \u0436\u0435\u043d\u044b\" class=\"\"\/><\/a> <a href=\"https:\/\/pixhost.to\/show\/91\/365548165_page2.jpg\"><img decoding=\"async\" src=\"https:\/\/t88.pixhost.to\/thumbs\/91\/365548165_page2.jpg\" alt=\"ls cp nude kids\" class=\"\"\/><\/a> <\/p>\n<h1>\u0424\u043e\u0440\u0443\u043c webcam remaja REMAJA DEWASA KLIP ANAK \u0444\u043e\u0440\u0443\u043c webcam. forum web kameras\u0131 YOUNG PORN TORRENTS COLLEGE PORN VIDEOS. foto webcam adolescente porno TEENS CHILD POR NO MIS PRIVATS. foto de um vibrador foto das mais belas ciganas magras nuas foto de sara jay foto de swing foto. Carding dumpd, cp hub onion COMPLETE COLLECTION ARCHIVOS KOLLEKTION. les jeunes montrent les seins sur webcam les jeunes montrent. foro webcam porno adolescente JUNIOR NUDISTA JB KITTY. protegiendo a los ni\u00f1os de la pornograf\u00eda protegiendo a. . ARCHIVE COLECCION ARCHIVEN LITTLEk, cp childrenkk PupuEju75.<\/h1>\n<p>forum webcam MODEL BOY AND GIRL BEASTIALITY DOG SEX. entleerende Schulm\u00e4dchen-Periskop-Telegramme entleerende. Forum Webcam Teen Videos KOSTENLOS YOUNG PICS FORBIDDEN FRUIT RED ROOM. foro webcam adolescente CO\u00d1O JOVEN TETAS GRANDES JOVEN MAMADA foro webcam adolescente. forum webcam adolescent AMATEUR GIRL PHOTO ADULTE ART MODELING STUDIO. \u015f\u0259kli it stili qad\u0131nlar\u0131n foto\u015f\u0259kili doggystyle qad\u0131nlar\u0131n. webcam teen videos TEEN BOOBS webcam teen videos TEEN BOOBS. forum webcam teen porn GIRLS PRIORI HARD CANDY YOUNG TEEN SEX VIDEOS. avec webcam teen videos DARK YOUNG TEEN SEX RUSSIAN avec. forum web kameras\u0131 YOUNG PORN TORRENTS COLLEGE PORN VIDEOS. foto webcam adolescente porno Violaci\u00f3n Falko Sex-Doll. par webcam teen YOUNG PORN TORRENTS COLLEGE PORN VIDEOS par. FULL COLLECTION ARCHIVOS NEUE VIDEOS UND FOTOS, 14 year old nudesk smiling and laughing little cambodian girls making big cocks very happy, \u0446\u043f 13 \u043b\u0435\u0442kk qanon<\/><\/p>\n<p>foto webcam adolescente porno GIRL WEBCAM SKYPE OMEGLE VIDS. webcam forum MOM AND SON MEGA LINK INCEST ONLYFANS. \u0444\u043e\u0440\u0443\u043c webcam vid\u00e9os pour adolescents PERISCOPE JK JAPANESE. Forum Webcam-Teenager-Videos VIDEO TORRENT DOWNLOAD-. \u0444\u043e\u0440\u0443\u043c webcam teen porn FREE YOUNG PICS FORBIDDEN FRUIT RED ROOM. forum webcam teen videos MAGNET INDIAN IRINA AND OLEG TORRENT. forum AMATEUR GIRL PHOTO ADULT ART MODELING STUDIO. webcam teen porn PRIVAT COLLECTION DESCARGAR \u0444\u043e\u0440\u0443\u043c. forum LITTLE GIRL PEDOMOM PEDOFAMILY YOUNG Forum FILLES. \u043f\u043e\u0440\u043d\u043e \u0432\u0438\u0434\u0435\u043e \u0435\u0431\u0443\u0442 \u043c\u0430\u043c\u0443 \u0438 \u0434\u043e\u0447\u043a\u0443kk ver una copia<\/><\/p>\n<h2>2.4TB PRIVATE VIDEO LINK FOR TORRENT CLIENT<\/h2>\n<p> magnet:?xt=urn:btih:38D66BF77DBF45A173FF6009C3ED0895C403AFDA <\/p>\n<h3>WEBSITE: OPEN IN AN ANONYMOUS BROWSER (the link does not work in other browsers!) <a href=\"https:\/\/www.torproject.org\/download\/\">TOR BROWSER<\/a><\/h3>\n<p> <a href=\"http:\/\/dvhdl7akyhos236m76re43nbggcvu5bkxcmfomxsa32ugz6gg2vzdfid.onion\">Www. dvhdl7akyhos236m76re43nbggcvu5bkxcmfomxsa32ugz6gg2vzdfid. onion<\/a><\/p>\n","protected":false},"excerpt":{"rendered":"<p>\u043f\u043e\u043f\u043a\u0438 \u0441\u043a\u0440\u044b\u0442\u043e\u0439 \u043a\u0430\u043c\u0435\u0440\u043e\u0439 NufaAwi37 \u0424\u043e\u0440\u0443\u043c webcam remaja REMAJA DEWASA KLIP ANAK \u0444\u043e\u0440\u0443\u043c webcam. forum web kameras\u0131 YOUNG PORN TORRENTS COLLEGE PORN VIDEOS. foto webcam adolescente porno TEENS CHILD POR NO MIS PRIVATS. foto de um vibrador foto das mais belas ciganas magras nuas foto de sara jay foto de swing foto. Carding dumpd, cp hub [&hellip;]<\/p>\n","protected":false},"author":2,"featured_media":0,"parent":0,"menu_order":0,"comment_status":"closed","ping_status":"closed","template":"","meta":{"footnotes":""},"class_list":["post-672","page","type-page","status-publish","hentry"],"_links":{"self":[{"href":"https:\/\/www.optimiseconsulting.eu\/index.php\/wp-json\/wp\/v2\/pages\/672","targetHints":{"allow":["GET"]}}],"collection":[{"href":"https:\/\/www.optimiseconsulting.eu\/index.php\/wp-json\/wp\/v2\/pages"}],"about":[{"href":"https:\/\/www.optimiseconsulting.eu\/index.php\/wp-json\/wp\/v2\/types\/page"}],"author":[{"embeddable":true,"href":"https:\/\/www.optimiseconsulting.eu\/index.php\/wp-json\/wp\/v2\/users\/2"}],"replies":[{"embeddable":true,"href":"https:\/\/www.optimiseconsulting.eu\/index.php\/wp-json\/wp\/v2\/comments?post=672"}],"version-history":[{"count":0,"href":"https:\/\/www.optimiseconsulting.eu\/index.php\/wp-json\/wp\/v2\/pages\/672\/revisions"}],"wp:attachment":[{"href":"https:\/\/www.optimiseconsulting.eu\/index.php\/wp-json\/wp\/v2\/media?parent=672"}],"curies":[{"name":"wp","href":"https:\/\/api.w.org\/{rel}","templated":true}]}}