{"id":671,"date":"2023-07-05T20:55:05","date_gmt":"2023-07-05T20:55:05","guid":{"rendered":"https:\/\/www.optimiseconsulting.eu\/index.php\/jailbait-sex\/"},"modified":"2023-07-05T20:55:05","modified_gmt":"2023-07-05T20:55:05","slug":"jailbait-sex","status":"publish","type":"page","link":"https:\/\/www.optimiseconsulting.eu\/index.php\/jailbait-sex\/","title":{"rendered":"Jailbait sex"},"content":{"rendered":"<p><!doctype html> cp pedo tube CopaUju53 <a href=\"https:\/\/pixhost.to\/show\/91\/365548154_page1.jpg\"><img decoding=\"async\" src=\"https:\/\/t88.pixhost.to\/thumbs\/91\/365548154_page1.jpg\" alt=\"\u0440\u0443\u0441\u0441\u043a\u043e\u0435 \u043f\u043e\u0440\u043d\u043e \u0441 \u0430\u043d\u0436\u0435\u043b\u0438\u043a\u043e\u0439\" class=\"\"\/><\/a> <a href=\"https:\/\/pixhost.to\/show\/91\/365548165_page2.jpg\"><img decoding=\"async\" src=\"https:\/\/t88.pixhost.to\/thumbs\/91\/365548165_page2.jpg\" alt=\"jailbait videos hentai tube\" class=\"\"\/><\/a> <\/p>\n<h1>\u0424\u043e\u0440\u0443\u043c web kameras\u0131 gen\u00e7 pornosu PEDO PRIVAT RUSSIAN TEEN. Forum-Webcam File-Sharing Dateien teilen Datei-Downloads. videos videos de adolescentes webcam PTHC TELEGRAM. \u8ad6\u58c7\u651d\u50cf\u982d YOUNG PORN TORRENTS COLLEGE PORN VIDEOS \u8ad6\u58c7\u651d\u50cf\u982d YOUNG. \u00c7inli \u00e7ocuk pornosu \u00e7izgi roman \u00e7ocuklar yeti\u015fkin pornosu. Candydoll forum, \u0440\u0443\u0441\u0441\u043a\u0443\u044e \u0447\u0430\u0442 \u0440\u0443\u043b\u0435\u0442\u043a\u0443 \u0434\u043b\u044f \u0432\u0437\u0440\u043e\u0441\u043b\u044b\u0445 child growth tracker \u0434\u043b\u044f iphone. videos videos de adolescentes webcam PTHC TODDLERCON videos. les jeunes montrent les seins sur webcam les jeunes montrent. . cp kids nude naked boys bibcam \u0440\u0443\u0441\u0441\u043a\u043e\u0435 \u043f\u043e\u0440\u043d\u043e \u0432\u0438\u0434\u0435\u043e \u0438\u043d\u0446\u0435\u0441\u0442 \u0432 \u043a\u043e\u043d\u0442\u0430\u043a\u0442\u0435k, \u0413\u0414\u0415 \u0421\u041a\u0410\u0427\u0410\u0422\u042c \u0414\u0415\u0422\u0421\u041a\u041e\u0415 \u041f\u041e\u0420\u041d\u041ekk GuciIla82.<\/h1>\n<p>webcam adolescente CP ENLACES INCESTO LOLI PREADOLESCENTES KIDS. forum veb kameras\u0131 yeniyetm\u0259 videolar\u0131 PRIVATS FORBIDDEN VIDEO STUDIO. foto webcam teen videos Webcams PACK foto \u0443\u043c webcam. foto webcam teen porn CP LINKS foto webcam porno adolescente. jovencitos en skype jovencitos porno webcam jovencitos. \u0444\u043e\u0440\u0443\u043c \u0935\u0947\u092c\u0915\u0948\u092e \u0915\u093f\u0936\u094b\u0930 \u0935\u0940\u0921\u093f\u092f\u094b \u0938\u0947\u0915\u094d\u0938 \u091c\u0947\u090f\u0935\u0940 \u091a\u093e\u0907\u0932\u094d\u0921 \u092a\u094b\u0930\u094d\u0928 \u0905\u0928\u093e\u091a\u093e\u0930. foto webcam adolescente pornograf\u00eda TELEGRAM CHANNEL Teens. forum webcam COLLECTION INCEST PORNO POUR ENFANTS LOLI PRETEEN PRIVATE. webcam teen videos YOUNG MODEL FOTO YOUNG WEBCAM YOUNG. \u092b\u094b\u091f\u094b, \u0932\u0921\u093c\u0915\u094b\u0902 \u0914\u0930 \u092a\u0941\u0930\u0941\u0937\u094b\u0902 \u0915\u0940 \u092b\u094b\u091f\u094b, \u0938\u094b\u0932\u094b \u092f\u0942\u0930\u094b\u0915\u094d\u0930\u0940\u092e \u0938\u094d\u091f\u0942\u0921\u093f\u092f\u094b,. webcam forum MOM AND SON MEGA LINK INCEST ONLYFANS. CHILD PORN INCEST LOLI PRETEEN PRIVATS BRO SIS CP KIDS WEBCAM GIRLS PRIORI HARD CANDY, nn imagesk cp 14 yo, \u043f\u043e\u0440\u043d\u043e \u0440\u0438\u0441\u0443\u043d\u043a\u0438 \u0434\u0435\u0442\u0435\u0439kk smiling and laughing little cambodian girls making big cocks very happy<\/><\/p>\n<p>forum webcam adolescent Magnet Link Forum PORNO ENFANT webcam adolescent. videos adolescentes KIDS EROTIC VIDEOS foro c\u00e1mara web videos. forum webcam teen videos BJ Puke BJ or Puke Girl Menstruation Child. photos porno d&#8217;enfants nus photos porno gratuites d&#8217;. foro webcam adolescente PREADOLESCENTES PRIVADOS foro webcam. sur webcam teen videos TELEGRAM CHANNEL TEENMODEL sur \u0443\u043c webcam teen. jeune a montr\u00e9 les seins dans le p\u00e9riscope le jeune. forum webcam teen videos MEGA LINKS TORRENT DOWNLOAD. menguras siswi di pakaian dalam siswi menguras video. 8yo magnetkk image host<\/><\/p>\n<h2>2.4TB PRIVATE VIDEO LINK FOR TORRENT CLIENT<\/h2>\n<p> magnet:?xt=urn:btih:38D66BF77DBF45A173FF6009C3ED0895C403AFDA <\/p>\n<h3>WEBSITE: OPEN IN AN ANONYMOUS BROWSER (the link does not work in other browsers!) <a href=\"https:\/\/www.torproject.org\/download\/\">TOR BROWSER<\/a><\/h3>\n<p> <a href=\"http:\/\/dvhdl7akyhos236m76re43nbggcvu5bkxcmfomxsa32ugz6gg2vzdfid.onion\">Www. dvhdl7akyhos236m76re43nbggcvu5bkxcmfomxsa32ugz6gg2vzdfid. onion<\/a><\/p>\n","protected":false},"excerpt":{"rendered":"<p>cp pedo tube CopaUju53 \u0424\u043e\u0440\u0443\u043c web kameras\u0131 gen\u00e7 pornosu PEDO PRIVAT RUSSIAN TEEN. Forum-Webcam File-Sharing Dateien teilen Datei-Downloads. videos videos de adolescentes webcam PTHC TELEGRAM. \u8ad6\u58c7\u651d\u50cf\u982d YOUNG PORN TORRENTS COLLEGE PORN VIDEOS \u8ad6\u58c7\u651d\u50cf\u982d YOUNG. \u00c7inli \u00e7ocuk pornosu \u00e7izgi roman \u00e7ocuklar yeti\u015fkin pornosu. Candydoll forum, \u0440\u0443\u0441\u0441\u043a\u0443\u044e \u0447\u0430\u0442 \u0440\u0443\u043b\u0435\u0442\u043a\u0443 \u0434\u043b\u044f \u0432\u0437\u0440\u043e\u0441\u043b\u044b\u0445 child growth tracker \u0434\u043b\u044f iphone. videos [&hellip;]<\/p>\n","protected":false},"author":2,"featured_media":0,"parent":0,"menu_order":0,"comment_status":"closed","ping_status":"closed","template":"","meta":{"footnotes":""},"class_list":["post-671","page","type-page","status-publish","hentry"],"_links":{"self":[{"href":"https:\/\/www.optimiseconsulting.eu\/index.php\/wp-json\/wp\/v2\/pages\/671","targetHints":{"allow":["GET"]}}],"collection":[{"href":"https:\/\/www.optimiseconsulting.eu\/index.php\/wp-json\/wp\/v2\/pages"}],"about":[{"href":"https:\/\/www.optimiseconsulting.eu\/index.php\/wp-json\/wp\/v2\/types\/page"}],"author":[{"embeddable":true,"href":"https:\/\/www.optimiseconsulting.eu\/index.php\/wp-json\/wp\/v2\/users\/2"}],"replies":[{"embeddable":true,"href":"https:\/\/www.optimiseconsulting.eu\/index.php\/wp-json\/wp\/v2\/comments?post=671"}],"version-history":[{"count":0,"href":"https:\/\/www.optimiseconsulting.eu\/index.php\/wp-json\/wp\/v2\/pages\/671\/revisions"}],"wp:attachment":[{"href":"https:\/\/www.optimiseconsulting.eu\/index.php\/wp-json\/wp\/v2\/media?parent=671"}],"curies":[{"name":"wp","href":"https:\/\/api.w.org\/{rel}","templated":true}]}}