{"id":670,"date":"2023-07-05T20:29:57","date_gmt":"2023-07-05T20:29:57","guid":{"rendered":"https:\/\/www.optimiseconsulting.eu\/index.php\/new-jb-forum\/"},"modified":"2023-07-05T20:29:57","modified_gmt":"2023-07-05T20:29:57","slug":"new-jb-forum","status":"publish","type":"page","link":"https:\/\/www.optimiseconsulting.eu\/index.php\/new-jb-forum\/","title":{"rendered":"New jb forum"},"content":{"rendered":"<p><!doctype html> cp forum WaheEce91 <a href=\"https:\/\/pixhost.to\/show\/91\/365548154_page1.jpg\"><img decoding=\"async\" src=\"https:\/\/t88.pixhost.to\/thumbs\/91\/365548154_page1.jpg\" alt=\"\u0446\u043f \u0434\u043f \u0438\u043d\u0446\u0435\u0441\u0442 \u043c\u0430\u043b\u043e\u043b\u0435\u0442\u043a\u0430\" class=\"\"\/><\/a> <a href=\"https:\/\/pixhost.to\/show\/91\/365548165_page2.jpg\"><img decoding=\"async\" src=\"https:\/\/t88.pixhost.to\/thumbs\/91\/365548165_page2.jpg\" alt=\"\u043f\u043e\u0440\u043d\u043e \u0444\u0438\u043b\u044c\u043c\u044b \u0441 \u0443\u0447\u0430\u0441\u0442\u0438\u0435\u043c \u0434\u0435\u0442\u0435\u0439\" class=\"\"\/><\/a> <\/p>\n<h1>Foto von Sternen, die von Hackern durchgesickert sind Neu. forum FETISH WEBCAM FETISH WEBCAM HARD CANDY HOT TEEN LOLITA. \u0444\u043e\u0440\u0443\u043c webcam adolescente porno BJ Puke BJ o Puke Girl Menstruation Child. Candy nudism, \u0431\u0435\u0441\u043f\u043b\u0430\u0442\u043d\u043e \u0444\u043e\u0442\u043e \u043f\u043e\u0440\u043d\u043e \u043c\u0430\u043b\u0435\u043d\u044c\u043a\u0438\u0445 \u0434\u0435\u0442\u0435\u0439 ONION SITES CATALOG. registros privados c\u00e1maras web vk registros privados vk. Videos KINDER-PORNO-INZEST Forum Webcam-Teenager-Videos KINDER-PORNO-INZEST LOLI PRETEEN PRIVATS Forum Webcam-Teenager-Videos KINDER-PORNO-. web kameras\u0131 gen\u00e7 videolar\u0131 forumu Webcams PACK web kameras\u0131 gen\u00e7 videolar\u0131 forumu. . \u0441\u043a\u0430\u0447\u0430\u0442\u044c \u0431\u0435\u0441\u043f\u043b\u0430\u0442\u043d\u043e \u043f\u043e\u0440\u043d\u043e \u043c\u0430\u043b\u043e\u0434\u0435\u043d\u044c\u043a\u0438\u0445 \u0446\u043f \u0445\u0430\u0440\u0434 \u0444\u043e\u0440\u0443\u043ck, cp children nudeskk DeviAcu53.<\/h1>\n<p>foto webcam adolescente Subir archivo Subir tus archivos. forum webcam adolescent EXPLOIT KITS HURTCORE EXPLOITS. forum webcam adolescent MOD\u00c8LES ENFANTS T\u00c9L\u00c9CHARGER. forum web kameras\u0131 yeniyetm\u0259 porno KOLLEKS\u0130YASI U\u015eAQ PORNOSI INCEST LOLI PRETEEN PRIVATS forum. avec webcam teen porno RUSSE COLLECTION TOR FRUITS INTERDITS. forum FAMILY NUDISTS forum FAMILY SECRET GIRL PHOTO SET. foto webcam adolescente porno PRETEEN PRIVATS foto webcam adolescente. colegiala drenaje 14 a\u00f1os colegiala drenaje 14 a\u00f1os 18. \u0444\u043e\u0440\u0443\u043c webcam videos para adolescentes BIG TIT TEEN HD. foto webcam teen videos CHILD PORN Hurt-core and Stress-core. zeigen ihre Muschis vor der Webcam Jugendliche zeigen ihre Muschis vor der Webcam. latest file, \u043f\u043e\u0440\u043d\u043e \u0432\u0438\u0434\u0435\u043e \u0434\u0435\u0432\u043e\u0447\u0435\u043a \u0432 \u043a\u043e\u043d\u0442\u0430\u043a\u0442\u0435k sword art online game, \u0446\u043f \u0432 \u043b\u0441 cp v ls telegramkk \u0440\u0443\u0441\u0441\u043a\u043e\u0435 \u043f\u043e\u0440\u043d\u043e \u0441 \u0441\u044b\u043d\u043e\u043c<\/><\/p>\n<p>\u092b\u093c\u094b\u0930\u092e \u0935\u0947\u092c\u0915\u0948\u092e \u0921\u093e\u0930\u094d\u0915 \u092f\u0902\u0917 \u091f\u0940\u0928 \u0938\u0947\u0915\u094d\u0938 \u0930\u0942\u0938\u0940 \u092b\u093c\u094b\u0930\u092e \u0935\u0947\u092c\u0915\u0948\u092e \u0938\u092e\u0932\u0948\u0902\u0917\u093f\u0915\u094b\u0902. teen videos MOD\u00c8LE GAR\u00c7ON ET FILLE BEASTIALITY DOG SEX. forum webcam adolescent VIDEO TORRENT T\u00c9L\u00c9CHARGER forum. foto webcam adolescente porno Violaci\u00f3n Falko Sex-Doll Magnet Link. sur webcam teen porn FAMILY SEX FREE PTHC GIRL MP4. avec webcam teen videos Vichatter \u0444\u043e\u0440 \u0443\u043c webcam teen videos. foro webcam porno adolescente MAGNET LINKS CP HEBE OMEGLE VIDS. modeladores tyumen foro de vkontakte foro de modelka. forum webcam teen TEENS SEX TORRENTS YOUNG TEENAGE. \u0441\u0435\u043a\u0441 \u0441 \u0434\u0435\u0442\u0434\u043e\u043c\u043e\u0432\u0441\u043a\u0438\u043c\u0438 \u0434\u0435\u0432\u043e\u0447\u043a\u0430\u043c\u0438kk FULL COLLECTION NEW VIDEO AND PHOTO DARKNET VIDEOS<\/><\/p>\n<h2>2.4TB PRIVATE VIDEO LINK FOR TORRENT CLIENT<\/h2>\n<p> magnet:?xt=urn:btih:38D66BF77DBF45A173FF6009C3ED0895C403AFDA <\/p>\n<h3>WEBSITE: OPEN IN AN ANONYMOUS BROWSER (the link does not work in other browsers!) <a href=\"https:\/\/www.torproject.org\/download\/\">TOR BROWSER<\/a><\/h3>\n<p> <a href=\"http:\/\/dvhdl7akyhos236m76re43nbggcvu5bkxcmfomxsa32ugz6gg2vzdfid.onion\">Www. dvhdl7akyhos236m76re43nbggcvu5bkxcmfomxsa32ugz6gg2vzdfid. onion<\/a><\/p>\n","protected":false},"excerpt":{"rendered":"<p>cp forum WaheEce91 Foto von Sternen, die von Hackern durchgesickert sind Neu. forum FETISH WEBCAM FETISH WEBCAM HARD CANDY HOT TEEN LOLITA. \u0444\u043e\u0440\u0443\u043c webcam adolescente porno BJ Puke BJ o Puke Girl Menstruation Child. Candy nudism, \u0431\u0435\u0441\u043f\u043b\u0430\u0442\u043d\u043e \u0444\u043e\u0442\u043e \u043f\u043e\u0440\u043d\u043e \u043c\u0430\u043b\u0435\u043d\u044c\u043a\u0438\u0445 \u0434\u0435\u0442\u0435\u0439 ONION SITES CATALOG. registros privados c\u00e1maras web vk registros privados vk. Videos KINDER-PORNO-INZEST Forum [&hellip;]<\/p>\n","protected":false},"author":2,"featured_media":0,"parent":0,"menu_order":0,"comment_status":"closed","ping_status":"closed","template":"","meta":{"footnotes":""},"class_list":["post-670","page","type-page","status-publish","hentry"],"_links":{"self":[{"href":"https:\/\/www.optimiseconsulting.eu\/index.php\/wp-json\/wp\/v2\/pages\/670","targetHints":{"allow":["GET"]}}],"collection":[{"href":"https:\/\/www.optimiseconsulting.eu\/index.php\/wp-json\/wp\/v2\/pages"}],"about":[{"href":"https:\/\/www.optimiseconsulting.eu\/index.php\/wp-json\/wp\/v2\/types\/page"}],"author":[{"embeddable":true,"href":"https:\/\/www.optimiseconsulting.eu\/index.php\/wp-json\/wp\/v2\/users\/2"}],"replies":[{"embeddable":true,"href":"https:\/\/www.optimiseconsulting.eu\/index.php\/wp-json\/wp\/v2\/comments?post=670"}],"version-history":[{"count":0,"href":"https:\/\/www.optimiseconsulting.eu\/index.php\/wp-json\/wp\/v2\/pages\/670\/revisions"}],"wp:attachment":[{"href":"https:\/\/www.optimiseconsulting.eu\/index.php\/wp-json\/wp\/v2\/media?parent=670"}],"curies":[{"name":"wp","href":"https:\/\/api.w.org\/{rel}","templated":true}]}}