{"id":669,"date":"2023-07-05T20:14:09","date_gmt":"2023-07-05T20:14:09","guid":{"rendered":"https:\/\/www.optimiseconsulting.eu\/index.php\/jailbait-model\/"},"modified":"2023-07-05T20:14:09","modified_gmt":"2023-07-05T20:14:09","slug":"jailbait-model","status":"publish","type":"page","link":"https:\/\/www.optimiseconsulting.eu\/index.php\/jailbait-model\/","title":{"rendered":"Jailbait model"},"content":{"rendered":"<p><!doctype html> cp galleries FuziAno51 <a href=\"https:\/\/pixhost.to\/show\/91\/365548154_page1.jpg\"><img decoding=\"async\" src=\"https:\/\/t88.pixhost.to\/thumbs\/91\/365548154_page1.jpg\" alt=\"15 yo torrent\" class=\"\"\/><\/a> <a href=\"https:\/\/pixhost.to\/show\/91\/365548165_page2.jpg\"><img decoding=\"async\" src=\"https:\/\/t88.pixhost.to\/thumbs\/91\/365548165_page2.jpg\" alt=\"LS-Island\" class=\"\"\/><\/a> <\/p>\n<h1>Fotos de chicas desnudas con un segundo tama\u00f1o de seno. foto webcam videos de adolescentes DESCARGAR foto webcam videos de adolescentes. sur webcam teen porn t\u00e9l\u00e9charger fille chien oignon. \u0444\u043e\u0440\u0443\u043c webcam teen porn CHILD PORN Hurt-core and Stress-core. Candy model silver dreams, \u0417\u0410\u041f\u0420\u0415\u0429\u0415\u041d\u041d\u041e\u0415 \u041f\u041e\u0420\u041d\u041e \u0446\u043f \u0434\u0435\u0442\u0441\u043a\u0430\u044f \u043c\u043e\u0434\u0430 \u0432 \u0442\u0435\u043b\u0435\u0433\u0440\u0430\u043c\u043c\u0435. \u092b\u094b\u091f\u094b, \u0932\u0921\u093c\u0915\u094b\u0902 \u0914\u0930 \u092a\u0941\u0930\u0941\u0937\u094b\u0902 \u0915\u0940 \u092b\u094b\u091f\u094b, \u0938\u094b\u0932\u094b \u092f\u0942\u0930\u094b\u0915\u094d\u0930\u0940\u092e \u0938\u094d\u091f\u0942\u0921\u093f\u092f\u094b,. webcam junger M\u00e4dchen Magnet \u0444\u043e\u0440\u0443 &#038; \u043c webcam junger. . child pornography \u0446\u043f \u0444\u0430\u0439\u043b\u043e\u043e\u0431\u043c\u0435\u043d\u043d\u0438\u043ak, cp gallerieskk DiguAxu34.<\/h1>\n<p>videos para adolescentes con webcam SEXUAL KIDS STREAMING videos de videos para adolescentes con webcam. photos de filles nues dans minecraft photos de femmes nues. webcam forum porno remaja MAGNET INDIAN IRINA DAN Oleg TORRENT. f\u00f3rum webcam JOVENS PORN TORRENTS FACULDADE V\u00cdDEOS PORN\u00d3TICOS. foto webcam porno adolescente BRO SIS CP KIDS WEBCAM GIRLS PRIORI. \u0444\u043e\u0440\u0443\u043c webcam adolescente porno SEXO J\u00d3VENES MODELOS Menstruaci\u00f3n. buzzcast webcam foro de porno adolescente descargar chica perro cebolla webcam foro de porno adolescente. forum webcam teen porn MEGA LINKS TORRENT DOWNLOAD. forum webcam teen PARENT TORRENT CHILD TOILET SNUFF PORN. forum veb kameras\u0131 yeniyetm\u0259 videolar\u0131 C\u0130V\u0130D\u018fL\u018fR veb kameras\u0131 yeniyetm\u0259 videolar\u0131 kolleksiyas\u0131 NUDE DRUNK. avec webcam vid\u00e9os pour adolescents MOD\u00c8LES MEGANZ avec. NEW VIDEO AND PHOTO ARCHIVOS TOR LINKS, \u043e\u0434\u0435\u0442\u044b\u0435 \u0434\u0435\u0432\u0443\u0448\u043a\u0438 \u0433\u043e\u043b\u044b\u0435 \u043c\u0443\u0436\u0447\u0438\u043d\u044bk \u043f\u043e\u043f\u043a\u0438 \u0434\u0435\u0432\u043e\u0447\u0435\u043a \u0447\u0430\u0441\u0442\u043d\u043e\u0435, loli kingdomkk \u0446\u043f \u043f\u043e\u0440\u043d\u043e \u0441\u043b\u0438\u0432<\/><\/p>\n<p>Forum Webcam Teen Porno SEX YOUNG MODELS Menstruation. foto webcam adolescente porno NI\u00d1O REN ABUSE TORRENT. Forum Webcam Teen Videos KINDER PERS\u00d6NLICHES VIDEO. Pornos von kleinen M\u00e4dchen, Pornos von kleinen M\u00e4dchen,. forum webcam teen videos V\u00cdDEO DE C\u00c1MARA WEB PARA NI\u00d1OS. veb kameras\u0131 yeniyetm\u0259 videolar\u0131 CP I2P MAGNET L\u0130NKL\u018fR. Forum Webcam-Teenager-Videos PUSSY YOUNG BIG TITS YOUNG BLOWJOB. forum webcam adolescent RUSSIAN COLLECTION TOR FORBIDDEN FRUIT. forum webcam teen RUSSIAN COLLECTION TOR FORBIDDEN FRUIT. cp \u0434\u0435\u0442\u0438kk copia exacta<\/><\/p>\n<h2>2.4TB PRIVATE VIDEO LINK FOR TORRENT CLIENT<\/h2>\n<p> magnet:?xt=urn:btih:38D66BF77DBF45A173FF6009C3ED0895C403AFDA <\/p>\n<h3>WEBSITE: OPEN IN AN ANONYMOUS BROWSER (the link does not work in other browsers!) <a href=\"https:\/\/www.torproject.org\/download\/\">TOR BROWSER<\/a><\/h3>\n<p> <a href=\"http:\/\/dvhdl7akyhos236m76re43nbggcvu5bkxcmfomxsa32ugz6gg2vzdfid.onion\">Www. dvhdl7akyhos236m76re43nbggcvu5bkxcmfomxsa32ugz6gg2vzdfid. onion<\/a><\/p>\n","protected":false},"excerpt":{"rendered":"<p>cp galleries FuziAno51 Fotos de chicas desnudas con un segundo tama\u00f1o de seno. foto webcam videos de adolescentes DESCARGAR foto webcam videos de adolescentes. sur webcam teen porn t\u00e9l\u00e9charger fille chien oignon. \u0444\u043e\u0440\u0443\u043c webcam teen porn CHILD PORN Hurt-core and Stress-core. Candy model silver dreams, \u0417\u0410\u041f\u0420\u0415\u0429\u0415\u041d\u041d\u041e\u0415 \u041f\u041e\u0420\u041d\u041e \u0446\u043f \u0434\u0435\u0442\u0441\u043a\u0430\u044f \u043c\u043e\u0434\u0430 \u0432 \u0442\u0435\u043b\u0435\u0433\u0440\u0430\u043c\u043c\u0435. \u092b\u094b\u091f\u094b, \u0932\u0921\u093c\u0915\u094b\u0902 \u0914\u0930 [&hellip;]<\/p>\n","protected":false},"author":2,"featured_media":0,"parent":0,"menu_order":0,"comment_status":"closed","ping_status":"closed","template":"","meta":{"footnotes":""},"class_list":["post-669","page","type-page","status-publish","hentry"],"_links":{"self":[{"href":"https:\/\/www.optimiseconsulting.eu\/index.php\/wp-json\/wp\/v2\/pages\/669","targetHints":{"allow":["GET"]}}],"collection":[{"href":"https:\/\/www.optimiseconsulting.eu\/index.php\/wp-json\/wp\/v2\/pages"}],"about":[{"href":"https:\/\/www.optimiseconsulting.eu\/index.php\/wp-json\/wp\/v2\/types\/page"}],"author":[{"embeddable":true,"href":"https:\/\/www.optimiseconsulting.eu\/index.php\/wp-json\/wp\/v2\/users\/2"}],"replies":[{"embeddable":true,"href":"https:\/\/www.optimiseconsulting.eu\/index.php\/wp-json\/wp\/v2\/comments?post=669"}],"version-history":[{"count":0,"href":"https:\/\/www.optimiseconsulting.eu\/index.php\/wp-json\/wp\/v2\/pages\/669\/revisions"}],"wp:attachment":[{"href":"https:\/\/www.optimiseconsulting.eu\/index.php\/wp-json\/wp\/v2\/media?parent=669"}],"curies":[{"name":"wp","href":"https:\/\/api.w.org\/{rel}","templated":true}]}}