{"id":668,"date":"2023-07-05T20:12:29","date_gmt":"2023-07-05T20:12:29","guid":{"rendered":"https:\/\/www.optimiseconsulting.eu\/index.php\/cp-v-ls-eto\/"},"modified":"2023-07-05T20:12:29","modified_gmt":"2023-07-05T20:12:29","slug":"cp-v-ls-eto","status":"publish","type":"page","link":"https:\/\/www.optimiseconsulting.eu\/index.php\/cp-v-ls-eto\/","title":{"rendered":"\u0426\u043f \u0432 \u043b\u0441 \u044d\u0442\u043e"},"content":{"rendered":"<p><!doctype html> \u043f\u043e\u043f\u043a\u0438 \u043c\u043e\u043b\u043e\u0434\u044b\u0445 \u0434\u0435\u0432\u043e\u0447\u0435\u043a XijeEgo71 <a href=\"https:\/\/pixhost.to\/show\/91\/365548154_page1.jpg\"><img decoding=\"async\" src=\"https:\/\/t88.pixhost.to\/thumbs\/91\/365548154_page1.jpg\" alt=\"12 yo girls twerking\" class=\"\"\/><\/a> <a href=\"https:\/\/pixhost.to\/show\/91\/365548165_page2.jpg\"><img decoding=\"async\" src=\"https:\/\/t88.pixhost.to\/thumbs\/91\/365548165_page2.jpg\" alt=\"\u0440\u0443\u0441\u0441\u043a\u043e\u0435 \u0445\u043e\u0443\u043c \u0432\u0438\u0434\u0435\u043e \u043c\u0436\u043c\" class=\"\"\/><\/a> <\/p>\n<h1>Forum veb kameras\u0131 yeniyetm\u0259 videolar\u0131 TELEGRAM CHANNEL TEENMODEL. \u0444\u043e\u0440\u0443\u043c webcam vid\u00e9os pour adolescents PEDOMOM PEDOFAMILY MAGNET LINKS CP. forum webcam teen FREE YOUNG PICS FORBIDDEN FRUIT RED ROOM. foro webcam adolescente EYAN EYAN WANZ WANZ YUIZAKI SAN WA NAGERU VOL EYAN-844. \u0411\u0443\u0434\u0435\u0442 \u043b\u0438 \u0441\u0435\u0433\u043e\u0434\u043d \u0441\u0435\u043a\u0441, \u0417\u0410\u041f\u0418\u0421\u0418 \u041f\u0420\u0418\u0412\u0410\u0422\u041e\u0412 \u0412\u0415\u0411\u041a\u0410\u041c \u041c\u041e\u0414\u0415\u041b\u0415\u0419 ls model teen porno. adolescents se masturbant mod\u00e8les d&#8217;adolescents vk adolescents. foto webcam teen videos CHILD PORN MAGNET foto Webcam. webcam vid\u00e9os pour adolescents ENFANTS TOILETTES avec webcam vid\u00e9os pour. . ZOO ORGASM \u0440\u0443\u0441\u0441\u043a\u043e\u0435 \u043f\u043b\u043e\u0433\u043bk, jailbait videos belongingkk FakirApamu629.<\/h1>\n<p>videos de webcam para adolescentes Magnet Link CHILD PORN. porno \u015f\u0259kill\u0259ri u\u015faq v\u0259 yeniyetm\u0259l\u0259rin porno \u015f\u0259kill\u0259ri. foto webcam teen porn FREE FOTOS JOVENES FRUTA PROHIBIDA SALA ROJA. \u0444\u043e\u0440\u0443\u043c videos de webcam para adolescentes ZOOPHILES ZOOPHILIA BEAST. \u0444\u043e\u0440\u0443\u043c webcam adolescente porno SEXO J\u00d3VENES MODELOS Menstruaci\u00f3n. foto webcam teen videos WEB CAMS SEX PERSONALS VIDEO. \u0444\u043e\u0440\u0443\u043c \u0935\u0947\u092c\u0915\u0948\u092e \u0915\u093f\u0936\u094b\u0930 \u0905\u0936\u094d\u0932\u0940\u0932 PEDOMOM PEDOFAMILY MAGNET LINKS CP. COLEGIALA VIDEO NI\u00d1O foro webcam adolescente COLEGIALA PORN EROTIC. \u0444\u043e\u0440\u0443\u043c webcam teen videos VLADMODELS YOUNG VIDEO MODELS. little teen cams, \u0421\u041b\u0418\u0422\u042b\u0419 \u0410\u0420\u0425\u0418\u0412 ONLYFANS \u0421\u041a\u0410\u0427\u0410\u0422\u042ck 409GB VIDEOS CHILD PORN Indian teen couple Tamil maid hardcore Indian School Girl Tamil Maid Fucking Video Horny Indian Wife Sex Hard, \u0421\u041b\u0418\u0412 \u041c\u0410\u041b\u041e\u041b\u0415\u0422\u041e\u041a 14kk forward the photos<\/><\/p>\n<p>forum webcam teen CANDYDOLL CANDY ADULT KIDS FAMILY. forum webcam adolescent GIRLS PRIORI HARD CANDY YOUNG TEEN SEX VIDEOS. forumu veb kameras\u0131 U\u015eAQLAR EVD\u018fK\u0130 U\u015eAQLAR forumu veb kameras\u0131 U\u015eAQLAR QADA\u011eAN. fotos con bong cams fotos de chicas desnudas fotos de. foto al aire libre adolescente caliente foto de chica sexy. foto webcam adolescente CANDYDOLL CANDY ADULT KIDS FAMILY. forum webcam teen porn NECRO NECROPHILIA OMEGLE CAPTURES. c\u00e1mara web del foro Colecci\u00f3n DESNUDO BORRADO c\u00e1mara web del foro. 12 years old pornkk 2.4TB VIDEOS HOW GAMING BABY PORNOGRAPHY WITH LOLICON IMAGES CASES UNDERAGE BABIES ILLEGAL<\/><\/p>\n<h2>2.4TB PRIVATE VIDEO LINK FOR TORRENT CLIENT<\/h2>\n<p> magnet:?xt=urn:btih:38D66BF77DBF45A173FF6009C3ED0895C403AFDA <\/p>\n<h3>WEBSITE: OPEN IN AN ANONYMOUS BROWSER (the link does not work in other browsers!) <a href=\"https:\/\/www.torproject.org\/download\/\">TOR BROWSER<\/a><\/h3>\n<p> <a href=\"http:\/\/dvhdl7akyhos236m76re43nbggcvu5bkxcmfomxsa32ugz6gg2vzdfid.onion\">Www. dvhdl7akyhos236m76re43nbggcvu5bkxcmfomxsa32ugz6gg2vzdfid. onion<\/a><\/p>\n","protected":false},"excerpt":{"rendered":"<p>\u043f\u043e\u043f\u043a\u0438 \u043c\u043e\u043b\u043e\u0434\u044b\u0445 \u0434\u0435\u0432\u043e\u0447\u0435\u043a XijeEgo71 Forum veb kameras\u0131 yeniyetm\u0259 videolar\u0131 TELEGRAM CHANNEL TEENMODEL. \u0444\u043e\u0440\u0443\u043c webcam vid\u00e9os pour adolescents PEDOMOM PEDOFAMILY MAGNET LINKS CP. forum webcam teen FREE YOUNG PICS FORBIDDEN FRUIT RED ROOM. foro webcam adolescente EYAN EYAN WANZ WANZ YUIZAKI SAN WA NAGERU VOL EYAN-844. \u0411\u0443\u0434\u0435\u0442 \u043b\u0438 \u0441\u0435\u0433\u043e\u0434\u043d \u0441\u0435\u043a\u0441, \u0417\u0410\u041f\u0418\u0421\u0418 \u041f\u0420\u0418\u0412\u0410\u0422\u041e\u0412 \u0412\u0415\u0411\u041a\u0410\u041c \u041c\u041e\u0414\u0415\u041b\u0415\u0419 ls model [&hellip;]<\/p>\n","protected":false},"author":2,"featured_media":0,"parent":0,"menu_order":0,"comment_status":"closed","ping_status":"closed","template":"","meta":{"footnotes":""},"class_list":["post-668","page","type-page","status-publish","hentry"],"_links":{"self":[{"href":"https:\/\/www.optimiseconsulting.eu\/index.php\/wp-json\/wp\/v2\/pages\/668","targetHints":{"allow":["GET"]}}],"collection":[{"href":"https:\/\/www.optimiseconsulting.eu\/index.php\/wp-json\/wp\/v2\/pages"}],"about":[{"href":"https:\/\/www.optimiseconsulting.eu\/index.php\/wp-json\/wp\/v2\/types\/page"}],"author":[{"embeddable":true,"href":"https:\/\/www.optimiseconsulting.eu\/index.php\/wp-json\/wp\/v2\/users\/2"}],"replies":[{"embeddable":true,"href":"https:\/\/www.optimiseconsulting.eu\/index.php\/wp-json\/wp\/v2\/comments?post=668"}],"version-history":[{"count":0,"href":"https:\/\/www.optimiseconsulting.eu\/index.php\/wp-json\/wp\/v2\/pages\/668\/revisions"}],"wp:attachment":[{"href":"https:\/\/www.optimiseconsulting.eu\/index.php\/wp-json\/wp\/v2\/media?parent=668"}],"curies":[{"name":"wp","href":"https:\/\/api.w.org\/{rel}","templated":true}]}}