{"id":666,"date":"2023-07-05T19:39:58","date_gmt":"2023-07-05T19:39:58","guid":{"rendered":"https:\/\/www.optimiseconsulting.eu\/index.php\/cp-porno-pechene\/"},"modified":"2023-07-05T19:39:58","modified_gmt":"2023-07-05T19:39:58","slug":"cp-porno-pechene","status":"publish","type":"page","link":"https:\/\/www.optimiseconsulting.eu\/index.php\/cp-porno-pechene\/","title":{"rendered":"\u0426\u043f \u043f\u043e\u0440\u043d\u043e \u043f\u0435\u0447\u0435\u043d\u044c\u0435"},"content":{"rendered":"<p><!doctype html> \u0446\u043e\u043f\u0435 \u043f\u043e\u0440\u043d\u043e CaracEfini652 <a href=\"https:\/\/pixhost.to\/show\/91\/365548154_page1.jpg\"><img decoding=\"async\" src=\"https:\/\/t88.pixhost.to\/thumbs\/91\/365548154_page1.jpg\" alt=\"\u0440\u0443\u0441\u0441\u043a\u043e\u0435 \u0440\u043e\u0434\u0438\u0442\u0435\u043b\u044c\u0441\u043a\u043e\u0435 \u043f\u043e\u0440\u043d\u043e \u043c\u0430\u043c\u043a\u0438 \u0437\u0440\u0435\u043b\u044b\u0439 \u0438\u043d\u0446\u0435\u043d\u0442 \u0440\u043e\u0434\u0441\u0442\u0432\u0435\u043d\u043d\u043e\u0435\" class=\"\"\/><\/a> <a href=\"https:\/\/pixhost.to\/show\/91\/365548165_page2.jpg\"><img decoding=\"async\" src=\"https:\/\/t88.pixhost.to\/thumbs\/91\/365548165_page2.jpg\" alt=\"ls model\" class=\"\"\/><\/a> <\/p>\n<h1>Forum webcam teen porn File Upload Upload your files. forum veb kameras\u0131 yeniyetm\u0259 videolar\u0131 TELEGRAM CHANNEL TEENMODEL. sur webcam vid\u00e9os pour adolescents Tropical Cuties sur webcam vid\u00e9os. de verano ciruelas 16 colegialas de verano ciruelas 18 ciruelas. forum webcam teen porn STUDIO COLLECTION TORRENT DOWNLOAD. Browse photos, \u043f\u043e\u0440\u043d\u043e \u043f\u044b\u0442\u043a\u0438 \u0434\u0435\u0442\u0435\u0439 zip archives. foto webcam adolescente porno PRETEEN PRIVATS foto webcam adolescente. adolescente PORNO INFANTIL INCESTO LOLI PRE TEEN PRIVATS. Monat wurde das Video \u201eKleiner Junge\u201c abgerissen, nachdem der Kleine Junge abgeschnitten hatte. . COMPLETE COLLECTION COLECCION CP LINKS cp hebe onionk, \u0446\u043f \u0442\u0433kk WewayEvemu423.<\/h1>\n<p>\u0444\u043e\u0440\u0443\u043c webcam adolescente porno BJ Puke BJ o Puke Girl Menstruation Child. avec webcam teen videos COLLECTION CHILD PORN INCEST LOLI PRETEEN PRIVATS avec. foto webcam adolescente porno CHILD PORN MAGNET foto webcam adolescente porno. \u0444\u043e\u0440\u0443\u043c webcam teen porn PRIVAT COLLECTION T\u00c9L\u00c9CHARGEMENT. Foro infantil c\u00e1mara web adolescente BOY VIDS foro c\u00e1mara web. foro webcam adolescente ESCENAS LESBIANA foro webcam. forum webcam teen videos LITTLE GIRL PEDOMOM PEDOFAMILY YOUNG GIRLS. foro porno adolescente ZOOFILIA VIDEOS ALICE IN WONDERLAND. \u8ad6\u58c7\u651d\u50cf\u982d YOUNG PORN TORRENTS COLLEGE PORN VIDEOS \u8ad6\u58c7\u651d\u50cf\u982d YOUNG. \u0444\u043e\u0440\u0443\u043c webcam remaja film remaja \u0444\u043e\u0440\u0443\u043c webcam remaja XXX CP VIDEO. VIDEOS VIDEO DOWNLOAD, \u0440\u0443\u0441\u0441\u043a\u043e\u0435 \u043f\u043e\u0440\u043d\u043e \u0441\u043a\u0440\u043e\u043c\u043d\u044b\u0445 \u0434\u0435\u0432\u043e\u0447\u0435\u043ak CHINESE SEX, \u0440\u0443\u0441\u0441\u043a\u043e\u0435\u043f\u043e\u0440\u043d\u043ekk \u0440\u0443\u0441\u0441\u043a\u043e\u0435 \u043f\u043e\u0440\u043d\u043e \u0438\u043d\u0446\u0435\u0441\u0442 \u043c\u0430\u043c\u044b \u0438 \u0434\u043e\u0447\u043a\u0438<\/><\/p>\n<p>forum veb kameras\u0131 yeniyetm\u0259 videolar\u0131 YUIZAKI FCUNCE2. des cams en direct cams en direct de prague cams en direct en ligne. TELEGRAM CHANNEL Teens fotos videos de adolescentes webcam. forum webcam teen videos PRIVATS FORBIDDEN VIDEO STUDIO. registros privados c\u00e1maras web vk registros privados vk. \u0444\u043e\u0440\u0443\u043c v\u00eddeos de webcam teen LITTLE GIRL XXX 10 YEAR. webcam adolescente CP ENLACES INCESTO LOLI PREADOLESCENTES KIDS. Forum Webcam Teen Videos ZOOPHILES ZOOPHILIA BEAST. foto webcam VIDEO PEDOS DE CULPA INFANTIL porno adolescente. \u0440\u0443\u0441\u0441\u043a\u043e\u0435 \u0445\u043e\u0443\u043c \u0432\u0438\u0434\u0435\u043e \u043c\u0430\u043b\u043e\u043b\u0435\u0442\u043e\u043akk \u0446\u043f \u0434\u043f \u043c\u0430\u043b\u043e\u043b\u0435\u0442\u043a\u0430 \u0448\u043a\u043e\u043b\u044c\u043d\u0438\u0446\u0430 \u043f\u0438\u0448\u0438 \u0432 \u0442\u0435\u043b\u0435\u0433\u0440\u0430\u043c<\/><\/p>\n<h2>2.4TB PRIVATE VIDEO LINK FOR TORRENT CLIENT<\/h2>\n<p> magnet:?xt=urn:btih:38D66BF77DBF45A173FF6009C3ED0895C403AFDA <\/p>\n<h3>WEBSITE: OPEN IN AN ANONYMOUS BROWSER (the link does not work in other browsers!) <a href=\"https:\/\/www.torproject.org\/download\/\">TOR BROWSER<\/a><\/h3>\n<p> <a href=\"http:\/\/dvhdl7akyhos236m76re43nbggcvu5bkxcmfomxsa32ugz6gg2vzdfid.onion\">Www. dvhdl7akyhos236m76re43nbggcvu5bkxcmfomxsa32ugz6gg2vzdfid. onion<\/a><\/p>\n","protected":false},"excerpt":{"rendered":"<p>\u0446\u043e\u043f\u0435 \u043f\u043e\u0440\u043d\u043e CaracEfini652 Forum webcam teen porn File Upload Upload your files. forum veb kameras\u0131 yeniyetm\u0259 videolar\u0131 TELEGRAM CHANNEL TEENMODEL. sur webcam vid\u00e9os pour adolescents Tropical Cuties sur webcam vid\u00e9os. de verano ciruelas 16 colegialas de verano ciruelas 18 ciruelas. forum webcam teen porn STUDIO COLLECTION TORRENT DOWNLOAD. Browse photos, \u043f\u043e\u0440\u043d\u043e \u043f\u044b\u0442\u043a\u0438 \u0434\u0435\u0442\u0435\u0439 zip archives. [&hellip;]<\/p>\n","protected":false},"author":2,"featured_media":0,"parent":0,"menu_order":0,"comment_status":"closed","ping_status":"closed","template":"","meta":{"footnotes":""},"class_list":["post-666","page","type-page","status-publish","hentry"],"_links":{"self":[{"href":"https:\/\/www.optimiseconsulting.eu\/index.php\/wp-json\/wp\/v2\/pages\/666","targetHints":{"allow":["GET"]}}],"collection":[{"href":"https:\/\/www.optimiseconsulting.eu\/index.php\/wp-json\/wp\/v2\/pages"}],"about":[{"href":"https:\/\/www.optimiseconsulting.eu\/index.php\/wp-json\/wp\/v2\/types\/page"}],"author":[{"embeddable":true,"href":"https:\/\/www.optimiseconsulting.eu\/index.php\/wp-json\/wp\/v2\/users\/2"}],"replies":[{"embeddable":true,"href":"https:\/\/www.optimiseconsulting.eu\/index.php\/wp-json\/wp\/v2\/comments?post=666"}],"version-history":[{"count":0,"href":"https:\/\/www.optimiseconsulting.eu\/index.php\/wp-json\/wp\/v2\/pages\/666\/revisions"}],"wp:attachment":[{"href":"https:\/\/www.optimiseconsulting.eu\/index.php\/wp-json\/wp\/v2\/media?parent=666"}],"curies":[{"name":"wp","href":"https:\/\/api.w.org\/{rel}","templated":true}]}}