{"id":665,"date":"2023-07-05T19:22:02","date_gmt":"2023-07-05T19:22:02","guid":{"rendered":"https:\/\/www.optimiseconsulting.eu\/index.php\/topic-link\/"},"modified":"2023-07-05T19:22:02","modified_gmt":"2023-07-05T19:22:02","slug":"topic-link","status":"publish","type":"page","link":"https:\/\/www.optimiseconsulting.eu\/index.php\/topic-link\/","title":{"rendered":"Topic link"},"content":{"rendered":"<p><!doctype html> 13 yo girls HepagEhafi729 <a href=\"https:\/\/pixhost.to\/show\/91\/365548154_page1.jpg\"><img decoding=\"async\" src=\"https:\/\/t88.pixhost.to\/thumbs\/91\/365548154_page1.jpg\" alt=\"12 yo girl nude\" class=\"\"\/><\/a> <a href=\"https:\/\/pixhost.to\/show\/91\/365548165_page2.jpg\"><img decoding=\"async\" src=\"https:\/\/t88.pixhost.to\/thumbs\/91\/365548165_page2.jpg\" alt=\"\u043f\u043e\u043f\u043a\u0438 \u0441\u0442\u0443\u0434\u0435\u043d\u0442\u043e\u043a \u0432\u043a\" class=\"\"\/><\/a> <\/p>\n<h1>\u0424\u043e\u0440\u0443\u043c webcam teen videos EENS JAPANESE ADULT VIDEO. webcam adolescente LOLITA CITY PACK MEGA LINKS foro. webcam adolescente JOVEN GRATIS PRIMEROS ESTUDIOS foto webcam adolescente. Forum Webcam CANDYDOLL CANDY ERWACHSENE KINDER FAMILIE. Boy and girl forum, \u0442\u0440\u0430\u0445\u0430\u044e\u0442 \u0434\u0435\u0442\u0435\u0439 \u0444\u043e\u0442\u043e pthc 12 yo. c\u00e1mara web del foro YUIZAKI FC2 PPV JAV SIN CENSURA. Forum Webcam-Teen-Porno PEDOMOM PEDOFAMILY MAGNET LINKS CP. forum webcam teen videos CANDYDOLL CANDY ADULT KIDS FAMILY. . Compare notes yang_modelk, \u0440\u0443\u0441\u0441\u043a\u043e\u0435 \u0430\u0433\u0435\u043d\u0442\u0441\u0442\u0432\u043e \u043d\u043e\u0432\u043e\u0441\u0442\u0435\u0439kk JujoEba95.<\/h1>\n<p>Webcam TIERISCHER MISSBRAUCH JUNGE VIDS BRO-SIS Forum Webcam TIER BEASTEALITY Forum Webcam. webcam videos para adolescentes TEEN SCHOOL GIRL \u0444\u043e\u0440\u0443\u043c c\u00e1mara web. webcam adolescente MODELO CHICO Y CHICA BESTIALIDAD PERRO SEXO. foto webcam adolescente Subir archivo Subir tus archivos. \u00d6ZEL forum web kameras\u0131 gen\u00e7 PRETEEN PAYLA\u015eILAN V\u0130DEOLAR. foro webcam porno adolescente JUNIOR NUDISTA JB KITTY. forum webcam teen videos HARD CANDY HOT TEEN LOLITA. \u0444\u043e\u0440\u0443\u043c webcam teen porn PRIVATS FORBIDDEN VIDEO STUDIO. Forum Webcam-Teen-Porno ASIAN LOLITAS ASIATISCHE JUNGE M\u00c4DCHEN CUTIE-. forum webcam ENFANT NUDES ENFANT D&#8217;ENFANT ADDICTIF. foto videos de adolescentes webcam TELEGRAM CHANNEL. \u0440\u0443\u0441\u0441\u043a\u043e\u0435 \u043f\u043e\u0440\u043d\u043e \u0432\u0441\u0435\u0439 \u0441\u0435\u043c\u044c\u0435\u0439, 11yo fuckk VIDEOS Blowjobs Big Tits Solo Bate Dildo Strip TEENS INCEST, \u0440\u0443\u0441\u0441\u043a\u043e\u0435 \u0434\u043e\u043c\u0430\u0448\u043d\u0435\u0435 \u043c\u043e\u043b\u043e\u0434\u044b\u0435kk jailbait imageboard<\/><\/p>\n<p>forum webcam teen videos GIRL WEBCAM SKYPE OMEGLE VIDS. foto webcam adolescente Subir archivo Subir tus archivos. Porno TEEN MOVIES Forum Webcam Teen-Porno TEEN PORN STARS Forum Webcam Teen &#8211; Porno. forum webcam teen porn TORRENT RUSSIAN WEBCAM BABES. \u0444\u043e\u0440\u0443\u043c webcam teen porn NECRO NECROPHILIA OMEGLE CAPTURES. Pornofotos von schwulen Kindern Pornofotos von schwulen Kindern. foro webcam adolescente Violaci\u00f3n Falko Sex-Doll foro webcam. foto c\u00e1mara web videos adolescentes LOLITA CITY PACK MEGA LINKS. \u043f\u043e\u0440\u043d\u043e \u0434\u0435\u0442\u0435\u0439 \u0441\u043e \u0437\u0432\u0435\u0440\u044f\u043c\u0438kk jade<\/><\/p>\n<h2>2.4TB PRIVATE VIDEO LINK FOR TORRENT CLIENT<\/h2>\n<p> magnet:?xt=urn:btih:38D66BF77DBF45A173FF6009C3ED0895C403AFDA <\/p>\n<h3>WEBSITE: OPEN IN AN ANONYMOUS BROWSER (the link does not work in other browsers!) <a href=\"https:\/\/www.torproject.org\/download\/\">TOR BROWSER<\/a><\/h3>\n<p> <a href=\"http:\/\/dvhdl7akyhos236m76re43nbggcvu5bkxcmfomxsa32ugz6gg2vzdfid.onion\">Www. dvhdl7akyhos236m76re43nbggcvu5bkxcmfomxsa32ugz6gg2vzdfid. onion<\/a><\/p>\n","protected":false},"excerpt":{"rendered":"<p>13 yo girls HepagEhafi729 \u0424\u043e\u0440\u0443\u043c webcam teen videos EENS JAPANESE ADULT VIDEO. webcam adolescente LOLITA CITY PACK MEGA LINKS foro. webcam adolescente JOVEN GRATIS PRIMEROS ESTUDIOS foto webcam adolescente. Forum Webcam CANDYDOLL CANDY ERWACHSENE KINDER FAMILIE. Boy and girl forum, \u0442\u0440\u0430\u0445\u0430\u044e\u0442 \u0434\u0435\u0442\u0435\u0439 \u0444\u043e\u0442\u043e pthc 12 yo. c\u00e1mara web del foro YUIZAKI FC2 PPV JAV SIN [&hellip;]<\/p>\n","protected":false},"author":2,"featured_media":0,"parent":0,"menu_order":0,"comment_status":"closed","ping_status":"closed","template":"","meta":{"footnotes":""},"class_list":["post-665","page","type-page","status-publish","hentry"],"_links":{"self":[{"href":"https:\/\/www.optimiseconsulting.eu\/index.php\/wp-json\/wp\/v2\/pages\/665","targetHints":{"allow":["GET"]}}],"collection":[{"href":"https:\/\/www.optimiseconsulting.eu\/index.php\/wp-json\/wp\/v2\/pages"}],"about":[{"href":"https:\/\/www.optimiseconsulting.eu\/index.php\/wp-json\/wp\/v2\/types\/page"}],"author":[{"embeddable":true,"href":"https:\/\/www.optimiseconsulting.eu\/index.php\/wp-json\/wp\/v2\/users\/2"}],"replies":[{"embeddable":true,"href":"https:\/\/www.optimiseconsulting.eu\/index.php\/wp-json\/wp\/v2\/comments?post=665"}],"version-history":[{"count":0,"href":"https:\/\/www.optimiseconsulting.eu\/index.php\/wp-json\/wp\/v2\/pages\/665\/revisions"}],"wp:attachment":[{"href":"https:\/\/www.optimiseconsulting.eu\/index.php\/wp-json\/wp\/v2\/media?parent=665"}],"curies":[{"name":"wp","href":"https:\/\/api.w.org\/{rel}","templated":true}]}}