{"id":662,"date":"2023-07-05T18:09:09","date_gmt":"2023-07-05T18:09:09","guid":{"rendered":"https:\/\/www.optimiseconsulting.eu\/index.php\/triforce-155chan\/"},"modified":"2023-07-05T18:09:09","modified_gmt":"2023-07-05T18:09:09","slug":"triforce-155chan","status":"publish","type":"page","link":"https:\/\/www.optimiseconsulting.eu\/index.php\/triforce-155chan\/","title":{"rendered":"Triforce 155chan"},"content":{"rendered":"<p><!doctype html> nude preteen lolita pics NegesEbunu726 <a href=\"https:\/\/pixhost.to\/show\/91\/365548154_page1.jpg\"><img decoding=\"async\" src=\"https:\/\/t88.pixhost.to\/thumbs\/91\/365548154_page1.jpg\" alt=\"\u0421\u041b\u0418\u0412 \u041c\u0410\u041b\u041e\u041b\u0415\u0422\u041d\u0418\u0425 \u0428\u041a\u0423\u0420 \u0422\u0415\u041b\u0415\u0413\u0420\u0410\u041c\" class=\"\"\/><\/a> <a href=\"https:\/\/pixhost.to\/show\/91\/365548165_page2.jpg\"><img decoding=\"async\" src=\"https:\/\/t88.pixhost.to\/thumbs\/91\/365548165_page2.jpg\" alt=\"\u0440\u0443\u0441\u0441\u043a\u043e\u0435 \u043b\u044e\u0431\u0438\u0442\u0435\u043b\u044c\u0441\u043a\u043e\u0435 \u0445\u0445\u0445 \u0432\u0438\u0434\u0435\u043e\" class=\"\"\/><\/a> <\/p>\n<h1>\u0424\u043e\u0440\u0443\u043c web kameras\u0131 teen ST\u00dcDYO KOLEKS\u0130YON TORR ENT DOWNLOAD. videos de webcam para adolescentes HENTAI GIRLS foto videos. sur webcam teen porn FAMILY SEX FREE PTHC GIRL MP4. de adolescentes los modelos de moda adolescentes nina. photo de la chatte de la fille photo de la chatte des femmes. Bdsm video, \u0446\u043f \u0431\u0435\u0441\u043f\u043b\u0430\u0442\u043d\u043e new anonib. \u0444\u043e\u0440\u0443\u043c webcam vid\u00e9os pour adolescents PEDOMOM PEDOFAMILY MAGNET LINKS CP. foto webcam adolescente Facebook CALIENTE y SEXY cuentas infantiles. . \u0440\u043e\u0434\u0438\u0442\u0435\u043b\u0438 \u0443\u0447\u0430\u0442 \u0434\u0435\u0442\u0435\u0439 \u0437\u0430\u043d\u0438\u043c\u0430\u0442\u044c\u0441 \u0441\u0435\u043a\u0441\u043e\u043c \u0440\u0443\u0441\u0441\u043a\u043e\u0435 \u0433\u0440\u0443\u043f\u043f\u043e\u0432\u043e\u0435 \u043f\u043e\u0440\u043d\u043e \u0432\u0438\u0434\u0435\u043e \u0432\u043ak, 11 yo sexkk HisoUju53.<\/h1>\n<p>\u0444\u043e\u0440\u0443\u043c webcam teen porn FREE YOUNG PICS FORBIDDEN FRUIT RED ROOM. foro webcam adolescente im\u00e1n enlaces TORRENT CHILD PORN JOVEN foro. \u0444\u043e\u0440\u0443\u043c web kameras\u0131 gen\u00e7 pornosu TEEN WIFE FUCK \u00c7OCUK SARI\u015eIN. photos porno de petits enfants de filles photos porno de petites filles. videos videos de adolescentes webcam PTHC COLLECTION. \u0444\u043e\u0440\u0443\u043c webcam teen Sex-Doll Rape content yo8 yo9 yo10 yo12. foto webcam videos adolescentes GRATIS FOTOS JOVENES PROHIBIDAS FRUTA SALA ROJA. \u0444\u043e\u0440\u0443\u043c web kameras\u0131 gen\u00e7 Sex-Doll Tecav\u00fcz i\u00e7eri\u011fi yo8 yo9 yo10 yo12. foto webcam videos para adolescentes Teens XXX CP VIDEOS CHILD PORN. C\u00e1maras en l\u00ednea de Praga Ver en tiempo real C\u00e1maras. webcam teen porno HMM TORRENT DOWNLOAD avec webcam teen. CHILD PORN INCEST LOLI PRETEEN PRIVATS BRO SIS CP KIDS WEBCAM GIRLS PRIORI HARD CANDY HOT TEEN LOLITA, cp picsk stack of notes, \u0421\u041b\u0418\u0412 \u0412\u0415\u0411\u041a\u0410\u041c \u0412\u0418\u0414\u0415\u041ekk zoological collection<\/><\/p>\n<p>videos videos de adolescentes webcam PTHC TODDLERCON videos. \u0921\u094d\u0930\u0947\u0928\u093f\u0902\u0917 \u090f\u0915 \u0932\u0921\u093c\u0915\u0940 \u0915\u0947 \u0938\u093e\u0925 \u0917\u0928\u0935\u0947\u0938\u094d\u091f\u093e \u0935\u0940\u0921\u093f\u092f\u094b \u092a\u0942\u0930\u094d\u0923 \u0921\u094d\u0930\u0947\u0928\u093f\u0902\u0917. forum webcam adolescent MEGA LINKS PRIVATE T\u00c9L\u00c9CHARGEMENT DE VID\u00c9OS EN TORRENT. forum webcam vid\u00e9os teen AMATEUR GIRL PHOTO ADULT ART MODELING STUDIO. video webcam videos de adolescentes SANTO NATURALEZA. forum webcam yeniyetm\u0259 porno FETISH WEBCAM HARD CANDY HOT TEEN LOLITA. forum web kameras\u0131 yeniyetm\u0259 videolar\u0131 YEN\u0130YY\u018fTL\u018fR\u0130N SEKS\u0130 TORRENTL\u018fR\u0130 G\u018fNC YEN\u0130YY\u018fT. forum webcam teen porn RUSSIAN COLLECTION TOR FORBIDDEN FRUIT. drainant les t\u00e9l\u00e9grammes de fans en ligne de russes. \u0440\u0443\u0441\u0441\u043a\u043e\u0435 \u043f\u043e\u0440\u043d\u043e \u0441 \u043c\u043e\u043b\u043e\u0434\u044b\u043c\u0438 \u0434\u0435\u0432\u043a\u0430\u043c\u0438kk boy jailbait<\/><\/p>\n<h2>2.4TB PRIVATE VIDEO LINK FOR TORRENT CLIENT<\/h2>\n<p> magnet:?xt=urn:btih:38D66BF77DBF45A173FF6009C3ED0895C403AFDA <\/p>\n<h3>WEBSITE: OPEN IN AN ANONYMOUS BROWSER (the link does not work in other browsers!) <a href=\"https:\/\/www.torproject.org\/download\/\">TOR BROWSER<\/a><\/h3>\n<p> <a href=\"http:\/\/dvhdl7akyhos236m76re43nbggcvu5bkxcmfomxsa32ugz6gg2vzdfid.onion\">Www. dvhdl7akyhos236m76re43nbggcvu5bkxcmfomxsa32ugz6gg2vzdfid. onion<\/a><\/p>\n","protected":false},"excerpt":{"rendered":"<p>nude preteen lolita pics NegesEbunu726 \u0424\u043e\u0440\u0443\u043c web kameras\u0131 teen ST\u00dcDYO KOLEKS\u0130YON TORR ENT DOWNLOAD. videos de webcam para adolescentes HENTAI GIRLS foto videos. sur webcam teen porn FAMILY SEX FREE PTHC GIRL MP4. de adolescentes los modelos de moda adolescentes nina. photo de la chatte de la fille photo de la chatte des femmes. Bdsm [&hellip;]<\/p>\n","protected":false},"author":2,"featured_media":0,"parent":0,"menu_order":0,"comment_status":"closed","ping_status":"closed","template":"","meta":{"footnotes":""},"class_list":["post-662","page","type-page","status-publish","hentry"],"_links":{"self":[{"href":"https:\/\/www.optimiseconsulting.eu\/index.php\/wp-json\/wp\/v2\/pages\/662","targetHints":{"allow":["GET"]}}],"collection":[{"href":"https:\/\/www.optimiseconsulting.eu\/index.php\/wp-json\/wp\/v2\/pages"}],"about":[{"href":"https:\/\/www.optimiseconsulting.eu\/index.php\/wp-json\/wp\/v2\/types\/page"}],"author":[{"embeddable":true,"href":"https:\/\/www.optimiseconsulting.eu\/index.php\/wp-json\/wp\/v2\/users\/2"}],"replies":[{"embeddable":true,"href":"https:\/\/www.optimiseconsulting.eu\/index.php\/wp-json\/wp\/v2\/comments?post=662"}],"version-history":[{"count":0,"href":"https:\/\/www.optimiseconsulting.eu\/index.php\/wp-json\/wp\/v2\/pages\/662\/revisions"}],"wp:attachment":[{"href":"https:\/\/www.optimiseconsulting.eu\/index.php\/wp-json\/wp\/v2\/media?parent=662"}],"curies":[{"name":"wp","href":"https:\/\/api.w.org\/{rel}","templated":true}]}}