{"id":661,"date":"2023-07-05T18:00:30","date_gmt":"2023-07-05T18:00:30","guid":{"rendered":"https:\/\/www.optimiseconsulting.eu\/index.php\/next-video\/"},"modified":"2023-07-05T18:00:30","modified_gmt":"2023-07-05T18:00:30","slug":"next-video","status":"publish","type":"page","link":"https:\/\/www.optimiseconsulting.eu\/index.php\/next-video\/","title":{"rendered":"Next video"},"content":{"rendered":"<p><!doctype html> 13yo model HaheUco85 <a href=\"https:\/\/pixhost.to\/show\/91\/365548154_page1.jpg\"><img decoding=\"async\" src=\"https:\/\/t88.pixhost.to\/thumbs\/91\/365548154_page1.jpg\" alt=\"\u0438\u0433\u0440\u044b \u0434\u043b\u044f \u0434\u0435\u0442\u0435\u0439 \u0431\u0435\u0441\u043f\u043b\u0430\u0442\u043d\u043e \u0441\u0435\u043a\u0441\" class=\"\"\/><\/a> <a href=\"https:\/\/pixhost.to\/show\/91\/365548165_page2.jpg\"><img decoding=\"async\" src=\"https:\/\/t88.pixhost.to\/thumbs\/91\/365548165_page2.jpg\" alt=\"\u0440\u0443\u0441\u0441\u043a\u0443\u044e \u043c\u0430\u043b\u043e\u043b\u0435\u0442\u043a\u0443 \u0432 \u0436\u043e\u043f\u0443\" class=\"\"\/><\/a> <\/p>\n<h1>-Forum Webcam Videos f\u00fcr Teenager PARENT TORRENT CHILD TOILET SNUFF PORN. \u0935\u0947\u092c\u0915\u0948\u092e \u0915\u093f\u0936\u094b\u0930 \u0935\u0940\u0921\u093f\u092f\u094b \u092b\u094b\u0930\u092e \u091f\u0940\u0928 \u092a\u094b\u0930\u094d\u0928\u094b \u092a\u0947\u0921\u094b \u0932\u093f\u0902\u0915\u094d\u0938 \u0935\u0947\u092c\u0915\u0948\u092e \u0915\u093f\u0936\u094b\u0930. Forum Webcam Teen Porno AMATEUR M\u00c4DCHEN FOTO ERWACHSENE ART MODELING STUDIO. par webcam vid\u00e9os pour adolescents Menstruation Hurtcore Stresscore. foto webcam adolescente porno MODELO CHICO Y CHICA BESTIALIDAD PERRO SEXO foto. Assasination malaysia, kid flix jailbait prime. foto videos de webcam para adolescentes HD COLLEGE GIRLS FUCKING. fotos pornogr\u00e1ficas para crian\u00e7as menores de 15 anos. . web teen \u0444\u043e\u0440\u0443\u043c cp fotok, \u043a\u0430\u043a \u043e\u0431\u044a\u044f\u0441\u043d\u0438\u0442\u044c \u0434\u0435\u0442\u044f\u043c \u043f\u0440\u043e \u0441\u0435\u043a\u0441kk DiwimAquwa549.<\/h1>\n<p>foro webcam adolescente Violaci\u00f3n Falko Sex-Doll foro webcam. foto webcam adolescente porno GIRLS LEAK CHAT CHICA OCULTA. forumu yeniyetm\u0259 veb kameras\u0131 Y\u00dcKL\u018f U\u015eAQ PORNASI INCEST. &#8211; Forum Webcam-Teen-Porno Menstruation Kinder-Sexpuppe. c\u00e1mara web del foro CHICA WEBCAM SKYPE OMEGLE VIDS. \u0444\u043e\u0440\u0443\u043c webcam vid\u00e9os pour adolescents PERISCOPE JK JAPANESE. \u0444\u043e\u0440\u0443\u043c webcam teen videos BJ Puke BJ or Puke Girl Menstruation Child. videos videos de adolescentes webcam GIRL WEBCAM SKYPE OMEGLE VIDS. Forum Webcam-Teen-Porno FREE YOUNG Forum Webcam-Teen. fotos videos de webcam para adolescentes HELIOS NATURA videos. bei niedriger Geschwindigkeit Pornos f\u00fcr Kleinkinder. sex cam, \u0440\u0443\u0441\u0441\u043a\u043e\u0435 \u043f\u0430\u043f\u0430 \u0441 \u0434\u0440\u0443\u0433\u043e\u043c \u0434\u043e\u0447\u043a\u0443k JAILBAIT SKYPE FATHER AND DAUGHTER FREE YOUNG, 11yo videokk COMPLETE COLLECTION NUEVOS VIDEOS Y FOTOS DARKNET VIDEOS<\/><\/p>\n<p>forum Partage de fichiers partage de fichiers t\u00e9l\u00e9chargements de fichiers. forum webcam teen porn ASIAN LOLITAS ASIAN YOUNG GIRLS CUTIE. forum webcam adolescent ASIAN LOLITAS ASIAN YOUNG GIRLS CUTIE. t\u00e9l\u00e9charger julyjailbait omegle mrvine vine phorum. foto webcam adolescente porno ASI\u00c1TICOS LOLITAS ASIAN YOUNG GIRLS CUTIE foto webcam adolescente. entleeren Instasamka vollst\u00e4ndiges Video in VK entleert eine. forumu yeniyetm\u0259 veb kameras\u0131 Y\u00dcKL\u018f U\u015eAQ PORNASI INCEST. vidange instafemale vid\u00e9o vidange vk compl\u00e8te instafemale. forum webcam adolescent HMM TORRENT DOWNLOAD forum webcam. \u0421\u0415\u041a\u0421 \u0414\u0415\u0422\u0415\u0419 13 \u041b\u0415\u0422kk enfant<\/><\/p>\n<h2>2.4TB PRIVATE VIDEO LINK FOR TORRENT CLIENT<\/h2>\n<p> magnet:?xt=urn:btih:38D66BF77DBF45A173FF6009C3ED0895C403AFDA <\/p>\n<h3>WEBSITE: OPEN IN AN ANONYMOUS BROWSER (the link does not work in other browsers!) <a href=\"https:\/\/www.torproject.org\/download\/\">TOR BROWSER<\/a><\/h3>\n<p> <a href=\"http:\/\/dvhdl7akyhos236m76re43nbggcvu5bkxcmfomxsa32ugz6gg2vzdfid.onion\">Www. dvhdl7akyhos236m76re43nbggcvu5bkxcmfomxsa32ugz6gg2vzdfid. onion<\/a><\/p>\n","protected":false},"excerpt":{"rendered":"<p>13yo model HaheUco85 -Forum Webcam Videos f\u00fcr Teenager PARENT TORRENT CHILD TOILET SNUFF PORN. \u0935\u0947\u092c\u0915\u0948\u092e \u0915\u093f\u0936\u094b\u0930 \u0935\u0940\u0921\u093f\u092f\u094b \u092b\u094b\u0930\u092e \u091f\u0940\u0928 \u092a\u094b\u0930\u094d\u0928\u094b \u092a\u0947\u0921\u094b \u0932\u093f\u0902\u0915\u094d\u0938 \u0935\u0947\u092c\u0915\u0948\u092e \u0915\u093f\u0936\u094b\u0930. Forum Webcam Teen Porno AMATEUR M\u00c4DCHEN FOTO ERWACHSENE ART MODELING STUDIO. par webcam vid\u00e9os pour adolescents Menstruation Hurtcore Stresscore. foto webcam adolescente porno MODELO CHICO Y CHICA BESTIALIDAD PERRO SEXO foto. [&hellip;]<\/p>\n","protected":false},"author":2,"featured_media":0,"parent":0,"menu_order":0,"comment_status":"closed","ping_status":"closed","template":"","meta":{"footnotes":""},"class_list":["post-661","page","type-page","status-publish","hentry"],"_links":{"self":[{"href":"https:\/\/www.optimiseconsulting.eu\/index.php\/wp-json\/wp\/v2\/pages\/661","targetHints":{"allow":["GET"]}}],"collection":[{"href":"https:\/\/www.optimiseconsulting.eu\/index.php\/wp-json\/wp\/v2\/pages"}],"about":[{"href":"https:\/\/www.optimiseconsulting.eu\/index.php\/wp-json\/wp\/v2\/types\/page"}],"author":[{"embeddable":true,"href":"https:\/\/www.optimiseconsulting.eu\/index.php\/wp-json\/wp\/v2\/users\/2"}],"replies":[{"embeddable":true,"href":"https:\/\/www.optimiseconsulting.eu\/index.php\/wp-json\/wp\/v2\/comments?post=661"}],"version-history":[{"count":0,"href":"https:\/\/www.optimiseconsulting.eu\/index.php\/wp-json\/wp\/v2\/pages\/661\/revisions"}],"wp:attachment":[{"href":"https:\/\/www.optimiseconsulting.eu\/index.php\/wp-json\/wp\/v2\/media?parent=661"}],"curies":[{"name":"wp","href":"https:\/\/api.w.org\/{rel}","templated":true}]}}