{"id":660,"date":"2023-07-05T17:51:21","date_gmt":"2023-07-05T17:51:21","guid":{"rendered":"https:\/\/www.optimiseconsulting.eu\/index.php\/sent-file\/"},"modified":"2023-07-05T17:51:21","modified_gmt":"2023-07-05T17:51:21","slug":"sent-file","status":"publish","type":"page","link":"https:\/\/www.optimiseconsulting.eu\/index.php\/sent-file\/","title":{"rendered":"Sent file"},"content":{"rendered":"<p><!doctype html> \u0437\u0430\u0449\u0438\u0442\u0430 \u0434\u0435\u0442\u0435\u0439 \u043e\u0442 \u043f\u043e\u0440\u043d\u043e MuhuAwu84 <a href=\"https:\/\/pixhost.to\/show\/91\/365548154_page1.jpg\"><img decoding=\"async\" src=\"https:\/\/t88.pixhost.to\/thumbs\/91\/365548154_page1.jpg\" alt=\"16 year xxx\" class=\"\"\/><\/a> <a href=\"https:\/\/pixhost.to\/show\/91\/365548165_page2.jpg\"><img decoding=\"async\" src=\"https:\/\/t88.pixhost.to\/thumbs\/91\/365548165_page2.jpg\" alt=\"\u0440\u0443\u0441\u0441\u043a\u043e\u0435 \u043f\u043e\u0440\u043d\u043e \u043c\u0430\u043c\u0430 \u0437\u0430\u0441\u0442\u0443\u043a\u0430\u043b\u0430\" class=\"\"\/><\/a> <\/p>\n<h1>Foro c\u00e1mara web adolescente OPVA VIDEOS foro c\u00e1mara web. un jovencito se masturba un jovencito se masturba un. \u0444\u043e\u0440\u0443\u043c webcam teen videos VID\u00c9OS WEBCAM ANAL ANIMAL ABUS ADULT. \u0444\u043e\u0440\u0443\u043c webcam adolescente porno BJ Puke BJ o Puke Girl Menstruation Child. Art collections, \u043f\u043e\u043f\u043a\u0438 \u0434\u0435\u0432\u0443\u0448\u0435\u043a \u043a\u0440\u0443\u043f\u043d\u044b\u043c \u043f\u043b\u0430\u043d\u043e\u043c iphon secret design. los adolescentes muestran sus encantos los adolescentes muestran. \u0444\u043e\u0440\u0443\u043c webcam teen videos VIDEOS WEBCAM ANAL ANIMAL ABUS ADULT. . cp hosting lolita cityk, 13 yo teenkk KawuIte61.<\/h1>\n<p>\u8996\u983b\u9752\u5c11\u5e74\u6027\u4ea4 \u0444\u043e\u0440\u0443\u043c \u7db2\u7d61\u651d\u50cf\u982d\u9752\u5c11\u5e74\u8996\u983b \u9752\u5c11\u5e74\u96fb\u5f71 \u0444\u043e\u0440\u0443\u043c \u7db2\u7d61\u651d\u50cf\u982d\u9752\u5c11\u5e74\u8996\u983b \u9752\u5c11\u5e74\u8272\u60c5. forum webcam teen videos LITTLE GIRL PEDOMOM PEDOFAMILY YOUNG GIRLS. videos videos de adolescentes webcam Carga de archivos Sube tus archivos videos videos de adolescentes webcam Compartir archivos. webcam adolescente TEEN SCHOOL GIRL foto webcam adolescente. webcam forum MOM AND SON MEGA LINK INCEST ONLYFANS. forum webcam ados vid\u00e9os I2P MAGNET LINKS INCEST TELEGRAM I2P. Forum Webcam-Teen-Porno JUNGES TEEN SEX-VIDEOS ZOO-. foto de mujeres de redes sociales foto de mujeres en cuclillas. web del foro menstruaci\u00f3n c\u00e1mara web del foro SEXUAL KIDS STREAMING c\u00e1mara web del foro. forum webcam teen videos V\u00cdDEO DE C\u00c1MARA WEB PARA NI\u00d1OS. forum webcam teen videos SEX YOUNG MODELS Menstruation. photos porno de petits enfants de filles photos porno de petites filles. PINK HOLE Magic CP, 14 year old pussyk 2.4TB NUEVOS VIDEOS Y FOTOS yo8 yo9 yo10 yo12, \u043f\u043e\u0440\u0435\u0432\u043e \u0434\u0435\u0442\u0435\u0439 \u043e\u043d\u043b\u0430\u0439\u043d \u0431\u0435\u0441\u043f\u043b\u0430\u0442\u043d\u043ekk sex teens forum<\/><\/p>\n<p>forum webcam MEGA LINKS VIDEOS PRIVADOS TORRENT DESCARGAR forum. forum webcam adolescent EYAN EYAN WANZ WANZ YUIZAKI SAN WA NAGERU VOL EYAN-844. forum webcam teen videos YOUNG PORN TORRENTS COLLEGE PORN VIDEOS. forum webcam adolescent MOMS BANG TEENS Forum PORNO. imagen webcam adolescente porno Teens XXX CP VIDEOS CHILD PORN. webcam teen SCHOOLGIRL FILMS webcam teen SCHOOLGIRL. forum veb kameras\u0131 yeniyetm\u0259 videolar\u0131 SEKS G\u018fNC MODELL\u018fR Menstruasiya. photo de transexuelles russes photo de putes russes. \u0446\u043f \u0434\u043f \u0432\u043akk lolita jailbait<\/><\/p>\n<h2>2.4TB PRIVATE VIDEO LINK FOR TORRENT CLIENT<\/h2>\n<p> magnet:?xt=urn:btih:38D66BF77DBF45A173FF6009C3ED0895C403AFDA <\/p>\n<h3>WEBSITE: OPEN IN AN ANONYMOUS BROWSER (the link does not work in other browsers!) <a href=\"https:\/\/www.torproject.org\/download\/\">TOR BROWSER<\/a><\/h3>\n<p> <a href=\"http:\/\/dvhdl7akyhos236m76re43nbggcvu5bkxcmfomxsa32ugz6gg2vzdfid.onion\">Www. dvhdl7akyhos236m76re43nbggcvu5bkxcmfomxsa32ugz6gg2vzdfid. onion<\/a><\/p>\n","protected":false},"excerpt":{"rendered":"<p>\u0437\u0430\u0449\u0438\u0442\u0430 \u0434\u0435\u0442\u0435\u0439 \u043e\u0442 \u043f\u043e\u0440\u043d\u043e MuhuAwu84 Foro c\u00e1mara web adolescente OPVA VIDEOS foro c\u00e1mara web. un jovencito se masturba un jovencito se masturba un. \u0444\u043e\u0440\u0443\u043c webcam teen videos VID\u00c9OS WEBCAM ANAL ANIMAL ABUS ADULT. \u0444\u043e\u0440\u0443\u043c webcam adolescente porno BJ Puke BJ o Puke Girl Menstruation Child. Art collections, \u043f\u043e\u043f\u043a\u0438 \u0434\u0435\u0432\u0443\u0448\u0435\u043a \u043a\u0440\u0443\u043f\u043d\u044b\u043c \u043f\u043b\u0430\u043d\u043e\u043c iphon secret design. los [&hellip;]<\/p>\n","protected":false},"author":2,"featured_media":0,"parent":0,"menu_order":0,"comment_status":"closed","ping_status":"closed","template":"","meta":{"footnotes":""},"class_list":["post-660","page","type-page","status-publish","hentry"],"_links":{"self":[{"href":"https:\/\/www.optimiseconsulting.eu\/index.php\/wp-json\/wp\/v2\/pages\/660","targetHints":{"allow":["GET"]}}],"collection":[{"href":"https:\/\/www.optimiseconsulting.eu\/index.php\/wp-json\/wp\/v2\/pages"}],"about":[{"href":"https:\/\/www.optimiseconsulting.eu\/index.php\/wp-json\/wp\/v2\/types\/page"}],"author":[{"embeddable":true,"href":"https:\/\/www.optimiseconsulting.eu\/index.php\/wp-json\/wp\/v2\/users\/2"}],"replies":[{"embeddable":true,"href":"https:\/\/www.optimiseconsulting.eu\/index.php\/wp-json\/wp\/v2\/comments?post=660"}],"version-history":[{"count":0,"href":"https:\/\/www.optimiseconsulting.eu\/index.php\/wp-json\/wp\/v2\/pages\/660\/revisions"}],"wp:attachment":[{"href":"https:\/\/www.optimiseconsulting.eu\/index.php\/wp-json\/wp\/v2\/media?parent=660"}],"curies":[{"name":"wp","href":"https:\/\/api.w.org\/{rel}","templated":true}]}}