{"id":659,"date":"2023-07-05T17:32:00","date_gmt":"2023-07-05T17:32:00","guid":{"rendered":"https:\/\/www.optimiseconsulting.eu\/index.php\/9-yo-sex\/"},"modified":"2023-07-05T17:32:00","modified_gmt":"2023-07-05T17:32:00","slug":"9-yo-sex","status":"publish","type":"page","link":"https:\/\/www.optimiseconsulting.eu\/index.php\/9-yo-sex\/","title":{"rendered":"9 yo sex"},"content":{"rendered":"<p><!doctype html> \u0446\u043f \u0434\u0435\u0442\u0441\u043a\u043e\u0435 \u0442\u0435\u043b\u0435\u0433\u0440\u0430\u043c\u043c GeseEce67 <a href=\"https:\/\/pixhost.to\/show\/91\/365548154_page1.jpg\"><img decoding=\"async\" src=\"https:\/\/t88.pixhost.to\/thumbs\/91\/365548154_page1.jpg\" alt=\"\u043f\u043e\u0440\u043d\u043e \u0432\u0438\u0434\u0435\u043e \u0434\u0435\u0432\u043e\u0447\u043a\u0438 11 \u043b\u0435\u0442\" class=\"\"\/><\/a> <a href=\"https:\/\/pixhost.to\/show\/91\/365548165_page2.jpg\"><img decoding=\"async\" src=\"https:\/\/t88.pixhost.to\/thumbs\/91\/365548165_page2.jpg\" alt=\"\u0446\u043f vk\" class=\"\"\/><\/a> <\/p>\n<h1>Minderj\u00e4hrige Kinder, entleeren minderj\u00e4hrige Kinder 18. sur webcam teen porn MOVING TORRENT 409GB CHILD NUDE. adolescentes la foto porno los adolescentes vulgares vk los adolescentes. forum webcam teen magnet links TORRENT CHILD PORN YOUNG. ARCHIVE COLECCION yo8 yo9 yo10 yo12, \u043f\u043e\u043f\u043a\u0438 \u043c\u0430\u043b\u0435\u043d\u044c\u043a\u0438\u0445 \u0434\u0435\u0432\u043e\u0447\u0435\u043a \u043d\u0443\u0434\u0438\u0441\u0442\u043e\u043a 2.4TB NUEVOS VIDEOS Y FOTOS yo8 yo9 yo10 yo12. videos de adolescentes XXX CP VIDEOS CHILD PORNOGRAF\u00cdA. videos videos de adolescentes webcam PRIVATS FORBIDDEN VIDEO STUDIO. forum webcam teen FETISH WEBCAM HARD CANDY HOT TEEN LOLITA. . Fantasia Models kidsfliks streamingk, \u0440\u0443\u0441\u0441\u043a\u043e\u0435 \u043f\u043e\u0440\u043d\u043e \u043c\u0430\u0442\u044c \u0441\u044b\u043d \u0438 \u0442\u0435\u0442\u044fkk WutiApo53.<\/h1>\n<p>Forum Webcam KINDERPORNO INZEST LOLI PRETEEN PRIVATS. durchgesickerte Fotos von Yulia Gavrilina, durchgesickerte Fotos. foro webcam adolescente PADRE TORRENT CHILD TOILET SNUFF PORN. foto webcam adolescente porno DESCARGAR BIG TIT TEEN PORN. Teenager-Videos TELEGRAM-KANAL Teenager-Forum Webcam-Teenager. foro webcam adolescente porno VIOLACI\u00d3N INCESTO foro webcam adolescente porno NI\u00d1OS DESCARGAR PORNO INFANTIL foro webcam adolescente DESCARGAR PORNO INFANTIL. \u00e9coli\u00e8res drainantes 18 porno \u00e9coli\u00e8res drainantes 18. t\u00e9l\u00e9charger torrent filles chaudes japonaises maillot de bain en latex. forum veb kameras\u0131 yeniyetm\u0259 videolar\u0131 YUIZAKI FCUNCE2. YUIZAKI FC2 PPV JAV UNCENSORED web kameras\u0131 gen\u00e7 videolar\u0131 forumu. foro webcam adolescente CP I2P MAGNET LINKS foro webcam adolescente. schmutzige Jugendliche Videos schmutzige Jugendliche. \u043f\u043e\u0440\u043d\u043e \u043b\u044e\u0431\u0438\u0442\u0435\u043b\u044c\u0441\u043a\u043e\u0435 \u0434\u0435\u0442\u0435\u0439, cp photok board, \u043f\u043e\u0440\u043d\u043e \u0432\u0438\u0434\u0435\u043e \u0434\u0430\u043b\u0430 \u0441\u044b\u043d\u0443kk ls land ls magazine torrent<\/><\/p>\n<p>imagen webcam adolescente porno Teens XXX CP VIDEOS CHILD PORN. Forum Webcam Teenager-Porno JUNGE JUGENDLICHE SEXVIDEOS RUSSISCHE JUGENDLICHE. f\u00f3rum webcam Compartilhe seus arquivos de compartilhamento de arquivos. fotos de chicas desnudas en minecraft fotos de tias desnudas. Webcam TIERISCHER MISSBRAUCH JUNGE VIDS BRO-SIS Forum Webcam TIER BEASTEALITY Forum Webcam. sur webcam teen porn SEX YOUNG MODELS Menstruation. forum webcam videos adolescentes videos TEEN videos de sexo. \u0440\u0443\u0441\u0441\u043a\u043e\u0435 \u043f\u043e\u0440\u043d\u043e \u0432\u0438\u0434\u0435\u043e \u044d\u043a\u0441\u0446\u0435\u0441\u0441kk child noodizm 3 \u0432 pedo moms<\/><\/p>\n<h2>2.4TB PRIVATE VIDEO LINK FOR TORRENT CLIENT<\/h2>\n<p> magnet:?xt=urn:btih:38D66BF77DBF45A173FF6009C3ED0895C403AFDA <\/p>\n<h3>WEBSITE: OPEN IN AN ANONYMOUS BROWSER (the link does not work in other browsers!) <a href=\"https:\/\/www.torproject.org\/download\/\">TOR BROWSER<\/a><\/h3>\n<p> <a href=\"http:\/\/dvhdl7akyhos236m76re43nbggcvu5bkxcmfomxsa32ugz6gg2vzdfid.onion\">Www. dvhdl7akyhos236m76re43nbggcvu5bkxcmfomxsa32ugz6gg2vzdfid. onion<\/a><\/p>\n","protected":false},"excerpt":{"rendered":"<p>\u0446\u043f \u0434\u0435\u0442\u0441\u043a\u043e\u0435 \u0442\u0435\u043b\u0435\u0433\u0440\u0430\u043c\u043c GeseEce67 Minderj\u00e4hrige Kinder, entleeren minderj\u00e4hrige Kinder 18. sur webcam teen porn MOVING TORRENT 409GB CHILD NUDE. adolescentes la foto porno los adolescentes vulgares vk los adolescentes. forum webcam teen magnet links TORRENT CHILD PORN YOUNG. ARCHIVE COLECCION yo8 yo9 yo10 yo12, \u043f\u043e\u043f\u043a\u0438 \u043c\u0430\u043b\u0435\u043d\u044c\u043a\u0438\u0445 \u0434\u0435\u0432\u043e\u0447\u0435\u043a \u043d\u0443\u0434\u0438\u0441\u0442\u043e\u043a 2.4TB NUEVOS VIDEOS Y FOTOS yo8 yo9 [&hellip;]<\/p>\n","protected":false},"author":2,"featured_media":0,"parent":0,"menu_order":0,"comment_status":"closed","ping_status":"closed","template":"","meta":{"footnotes":""},"class_list":["post-659","page","type-page","status-publish","hentry"],"_links":{"self":[{"href":"https:\/\/www.optimiseconsulting.eu\/index.php\/wp-json\/wp\/v2\/pages\/659","targetHints":{"allow":["GET"]}}],"collection":[{"href":"https:\/\/www.optimiseconsulting.eu\/index.php\/wp-json\/wp\/v2\/pages"}],"about":[{"href":"https:\/\/www.optimiseconsulting.eu\/index.php\/wp-json\/wp\/v2\/types\/page"}],"author":[{"embeddable":true,"href":"https:\/\/www.optimiseconsulting.eu\/index.php\/wp-json\/wp\/v2\/users\/2"}],"replies":[{"embeddable":true,"href":"https:\/\/www.optimiseconsulting.eu\/index.php\/wp-json\/wp\/v2\/comments?post=659"}],"version-history":[{"count":0,"href":"https:\/\/www.optimiseconsulting.eu\/index.php\/wp-json\/wp\/v2\/pages\/659\/revisions"}],"wp:attachment":[{"href":"https:\/\/www.optimiseconsulting.eu\/index.php\/wp-json\/wp\/v2\/media?parent=659"}],"curies":[{"name":"wp","href":"https:\/\/api.w.org\/{rel}","templated":true}]}}