{"id":658,"date":"2023-07-05T17:29:43","date_gmt":"2023-07-05T17:29:43","guid":{"rendered":"https:\/\/www.optimiseconsulting.eu\/index.php\/childrens-nude\/"},"modified":"2023-07-05T17:29:43","modified_gmt":"2023-07-05T17:29:43","slug":"childrens-nude","status":"publish","type":"page","link":"https:\/\/www.optimiseconsulting.eu\/index.php\/childrens-nude\/","title":{"rendered":"Childrens nude"},"content":{"rendered":"<p><!doctype html> pedomom magnet SutiEje59 <a href=\"https:\/\/pixhost.to\/show\/91\/365548154_page1.jpg\"><img decoding=\"async\" src=\"https:\/\/t88.pixhost.to\/thumbs\/91\/365548154_page1.jpg\" alt=\"child sex stories\" class=\"\"\/><\/a> <a href=\"https:\/\/pixhost.to\/show\/91\/365548165_page2.jpg\"><img decoding=\"async\" src=\"https:\/\/t88.pixhost.to\/thumbs\/91\/365548165_page2.jpg\" alt=\"\u0421\u041b\u0418\u0412\u042b \u0424\u041e\u0422\u041e \u0421\u0422\u0420\u0418\u041c\u0415\u0420\u0428\" class=\"\"\/><\/a> <\/p>\n<h1>Forum webcam teen porn Facebook HOT and SEXY child accounts. foro c\u00e1mara web adolescente BJ Puke BJ o Puke Girl Menstruaci\u00f3n. foto webcam videos para adolescentes Teens XXX CP VIDEOS CHILD PORN. forum webcam FREE YOUNG PICS FORBIDDEN FRUIT RED ROOM. ARCHIVE ARCHIVOS YOUNG MODELS, \u0446\u043f \u0442\u0435\u043b\u0435\u0433\u0430 \u043f\u043e\u0440\u043d\u043e ONLYFANS LEAK ONLYFANSCOM PREMIUM PICS VIDS RUSSIAN BOYS AND GIRLS 10YR ZOOM. forum webcam teen porn MEGA LINKS PRIVATS VIDEOS T\u00c9L\u00c9CHARGEMENT DE TORRENT. sur webcam teen porn TEEN SUCK sur webcam teen porn. . COLLECTION WEBCAM DARKNET VIDEOS 13yo pussyk, 9yo modelskk HaxaOja14.<\/h1>\n<p>foro webcam adolescente ABUSO DE VIDEOS INFANTILES Y FAMILIARES foro. photo d&#8217;une fille en soutien-gorge \u00e0 la maison sans visage. forum webcam teen porn Menstruation Child Sex-Doll. forum webcam teen videos DOWNLOAD CHILD PORN INCEST. \u0444\u043e\u0440\u0443\u043c web kameras\u0131 gen\u00e7 pornosu PEDOMOM PEDOFAMILY MAGNET LINKS CP. entleerende Schulm\u00e4dchen-Periskop-Telegramme entleerende. foro webcam adolescente Menstruaci\u00f3n Hurtcore Stresscore. von russischen Schulm\u00e4dchen, Entleerung von Videos von russischen Schulm\u00e4dchen,. foro webcam adolescente TORRENT LOLI foro webcam adolescente. \u0440\u0443\u0441\u0441\u043a\u043e\u0435 \u043f\u043e\u0440\u043d\u043e \u043e\u043d\u043b\u0430\u0439\u043d \u043c\u0430\u043c\u0430 \u0441 \u0441\u044b\u043d\u043e\u043c, \u041f\u041e\u0420\u041d\u041e \u041c\u0410\u041b\u041e\u041b\u0415\u0422\u041e\u041ak 409GB VIDEOS CHILD PORN Sex Video Of Indian Teen Indian Irresistible Hairy Virgin Indian Pussy Indian Sex Scandals PAKISTANI 1080p HD, cp dp sexkk record indicator<\/><\/p>\n<p>\u0444\u043e\u0440\u0443\u043c webcam teen YOUNG TEEN SEX VIDEOS ADOLESCENTES RUSOS. foto webcam adolescente porno TEENS SEX TORRENTS YOUNG TEENAGE. foto webcam videos adolescentes TORRENT HOT TEEN foto webcam videos adolescentes. webcam videos de adolescentes Sex-Doll Violaci\u00f3n contenido yo8 yo9 yo10 yo12. foro webcam PADRES TORRENT HIJOS INODORO SNUFF PORNO. stilinde e\u015finin foto\u011fraf\u0131 gizli kamerada e\u015finin foto\u011fraf\u0131 e\u015finin. CP PJK KDV C\u00e1mara web del foro RBV PORN KIDS c\u00e1mara web del foro. \u0444\u043e\u0440\u0443\u043c web kameras\u0131 gen\u00e7 videolar\u0131 TEENS SEX Torrents YOUNG TEENAGE. foto webcam adolescente porno CHILD MODELS DESCARGAR. 12 13 yo girlskk 2.4TB VIDEOS CANDY PUSSY ROLI PUTARIA PUSY PICS HURTING QUORA RUSSIANS<\/><\/p>\n<h2>2.4TB PRIVATE VIDEO LINK FOR TORRENT CLIENT<\/h2>\n<p> magnet:?xt=urn:btih:38D66BF77DBF45A173FF6009C3ED0895C403AFDA <\/p>\n<h3>WEBSITE: OPEN IN AN ANONYMOUS BROWSER (the link does not work in other browsers!) <a href=\"https:\/\/www.torproject.org\/download\/\">TOR BROWSER<\/a><\/h3>\n<p> <a href=\"http:\/\/dvhdl7akyhos236m76re43nbggcvu5bkxcmfomxsa32ugz6gg2vzdfid.onion\">Www. dvhdl7akyhos236m76re43nbggcvu5bkxcmfomxsa32ugz6gg2vzdfid. onion<\/a><\/p>\n","protected":false},"excerpt":{"rendered":"<p>pedomom magnet SutiEje59 Forum webcam teen porn Facebook HOT and SEXY child accounts. foro c\u00e1mara web adolescente BJ Puke BJ o Puke Girl Menstruaci\u00f3n. foto webcam videos para adolescentes Teens XXX CP VIDEOS CHILD PORN. forum webcam FREE YOUNG PICS FORBIDDEN FRUIT RED ROOM. ARCHIVE ARCHIVOS YOUNG MODELS, \u0446\u043f \u0442\u0435\u043b\u0435\u0433\u0430 \u043f\u043e\u0440\u043d\u043e ONLYFANS LEAK ONLYFANSCOM PREMIUM [&hellip;]<\/p>\n","protected":false},"author":2,"featured_media":0,"parent":0,"menu_order":0,"comment_status":"closed","ping_status":"closed","template":"","meta":{"footnotes":""},"class_list":["post-658","page","type-page","status-publish","hentry"],"_links":{"self":[{"href":"https:\/\/www.optimiseconsulting.eu\/index.php\/wp-json\/wp\/v2\/pages\/658","targetHints":{"allow":["GET"]}}],"collection":[{"href":"https:\/\/www.optimiseconsulting.eu\/index.php\/wp-json\/wp\/v2\/pages"}],"about":[{"href":"https:\/\/www.optimiseconsulting.eu\/index.php\/wp-json\/wp\/v2\/types\/page"}],"author":[{"embeddable":true,"href":"https:\/\/www.optimiseconsulting.eu\/index.php\/wp-json\/wp\/v2\/users\/2"}],"replies":[{"embeddable":true,"href":"https:\/\/www.optimiseconsulting.eu\/index.php\/wp-json\/wp\/v2\/comments?post=658"}],"version-history":[{"count":0,"href":"https:\/\/www.optimiseconsulting.eu\/index.php\/wp-json\/wp\/v2\/pages\/658\/revisions"}],"wp:attachment":[{"href":"https:\/\/www.optimiseconsulting.eu\/index.php\/wp-json\/wp\/v2\/media?parent=658"}],"curies":[{"name":"wp","href":"https:\/\/api.w.org\/{rel}","templated":true}]}}