{"id":657,"date":"2023-07-05T17:02:09","date_gmt":"2023-07-05T17:02:09","guid":{"rendered":"https:\/\/www.optimiseconsulting.eu\/index.php\/little-best\/"},"modified":"2023-07-05T17:02:09","modified_gmt":"2023-07-05T17:02:09","slug":"little-best","status":"publish","type":"page","link":"https:\/\/www.optimiseconsulting.eu\/index.php\/little-best\/","title":{"rendered":"Little best"},"content":{"rendered":"<p><!doctype html> \u0440\u0443\u0441\u0441\u043a\u043e\u0435 \u043c\u0435\u0436\u0440\u0430\u0441\u0441\u043e\u0432\u043e\u0435 GewaUda89 <a href=\"https:\/\/pixhost.to\/show\/91\/365548154_page1.jpg\"><img decoding=\"async\" src=\"https:\/\/t88.pixhost.to\/thumbs\/91\/365548154_page1.jpg\" alt=\"\u0440\u0443\u0441\u0441\u043a\u043e\u0435 \u0434\u043e\u043c\u0430\u0448\u043d\u0435\u0435 \u0432\u0438\u0434\u0435\u043e \u0441\u044b\u043d \u0435\u0431\u0435\u0442 \u0441\u0432\u0430\u044e \u043c\u0430\u0442\u044c\" class=\"\"\/><\/a> <a href=\"https:\/\/pixhost.to\/show\/91\/365548165_page2.jpg\"><img decoding=\"async\" src=\"https:\/\/t88.pixhost.to\/thumbs\/91\/365548165_page2.jpg\" alt=\"12 yo girl fuck\" class=\"\"\/><\/a> <\/p>\n<h1>Webcam teen videos VIDEOS WEBCAM ANAL ANI MAL ABUSO ADULTO. forum webcam teen porn PTSC QUALITIES QUALITY SNUFF PORNO. photos de c\u00e9l\u00e9brit\u00e9s photos de c\u00e9l\u00e9brit\u00e9s non censur\u00e9es. forum veb kameras\u0131 yeniyetm\u0259 videolar\u0131 C\u0130NS\u0130 U\u015eAQLAR A\u00c7ILI\u015e. ARCHIVE ARCHIVOS 8yo 9yo 10yo 11yo, \u043f\u0435\u0440\u0432\u044b\u0439 \u0442\u0440\u0430\u0445 \u043c\u0430\u043b\u043e\u043b\u0435\u0442\u043e\u043a start a collection. c\u00e1mara web del foro YOUNG PORN TORRENTS COLLEGE PORN VIDEOS. \u0444\u043e\u0440\u0443\u043c webcam vid\u00e9os pour adolescents PERISCOPE JK JAPANESE. Forum Webcam Teenager SHOCK CONTENT Forum Webcam Teenager SCHOCK VIDEO VERgewaltigung Forum Webcam. . \u0446\u043f \u043c\u0430\u043b\u043e\u043b\u0435\u0442\u043d\u0438\u0445 \u0440\u0443\u0441\u0441\u043a\u043e\u0435 \u043f\u043e\u0434\u0433\u043b\u044f\u0434\u044b\u0432\u0430\u043d\u0438\u044fk, 14 yo pussykk DiyahAgusi365.<\/h1>\n<p>forum webcam TEEN SEX JUFE &#8211; JUY &#8211; HTHD &#8211; 062520-001 065320-004. foro webcam porno adolescente INCESTO HENTAI foro webcam. adolescentes la foto porno los adolescentes vulgares vk los adolescentes. f\u00f3rum webcam teen FILHA LOVE KIDS LINK EXPOSED SLUT f\u00f3rum. BABY HEART CHAT ROOMS FORO DE SITIOS WEB OSCUROS foro. avec webcam teen porn COLLECTION CHILD PORN INCEST LOLI PRETEEN PRIVATS avec. t\u00e9l\u00e9charger vid\u00e9o porno avec des fleurs brillantes belinda. V\u0130DEOLAR SEKS PAYLA\u015eIM V\u0130DEO forum web kameras\u0131 yeniyetm\u0259 V\u0130DEOLAR WEBCAM ANAL HEYVANLARIN SU\u0130-V\u0130DEOLARI forum WEBKAMERASI ANAL HEYVANLARIN SU\u0130-V\u0130DEOLARI WEB kameras\u0131. forum webcam teen videos EYAN EYAN WANZ WANZ YUIZAKI SAN WA NAGERU VOL EYAN-844. foto webcam adolescente porno PRIVATS FORBIDDEN VIDEO STUDIO. foto webcam adolescente porno TEEN CLIPS SCHOOLGIRL. \u0441\u043a\u0430\u0447\u0430\u0442\u044c \u0431\u0435\u0441\u043f\u043b\u0430\u0442\u043d\u043e \u043f\u043e\u0440\u043d\u043e \u043c\u0430\u043b\u043e\u0433\u043e \u0440\u0430\u0437\u043c\u0435\u0440\u0430, \u0446\u043f \u0444\u0438\u043b\u044c\u043c \u043f\u0440\u043e \u043c\u0430\u043b\u0435\u043d\u044c\u043a\u0443\u044e \u0434\u0435\u0432\u043e\u0447\u043a\u0443k file, 8 y o brazilian girlkk video ends<\/><\/p>\n<p>Foto von Sternen, die von Hackern durchgesickert sind Neu. \u0444\u043e\u0440\u0443\u043c webcam teen porn CHILD MODELS DOWNLOAD \u0444\u043e\u0440\u0443 \u043c webcam teen. forum webcam adolescent T\u00c9L\u00c9CHARGER ENFANT PORNO INCEST. \u0444\u043e\u0440\u0443\u043c web kameras\u0131 gen\u00e7 videolar\u0131 TEENS CHILD PORNO MY \u00d6ZEL H\u0130ZMETLER\u0130M. regardent du porno des enfants de violence en ligne. \u0444\u043e\u0440\u0443\u043c webcam teen videos FREE YOUNG PICS FORBIDDEN FRUIT RED ROOM. foro webcam porno adolescente JUNIOR NUDISTA JB KITTY. \u043f\u0438\u0441\u044c\u043a\u0438 \u0434\u0435\u0442\u0435\u0439 \u0444\u043e\u0442\u043ekk laura b set 12<\/><\/p>\n<h2>2.4TB PRIVATE VIDEO LINK FOR TORRENT CLIENT<\/h2>\n<p> magnet:?xt=urn:btih:38D66BF77DBF45A173FF6009C3ED0895C403AFDA <\/p>\n<h3>WEBSITE: OPEN IN AN ANONYMOUS BROWSER (the link does not work in other browsers!) <a href=\"https:\/\/www.torproject.org\/download\/\">TOR BROWSER<\/a><\/h3>\n<p> <a href=\"http:\/\/dvhdl7akyhos236m76re43nbggcvu5bkxcmfomxsa32ugz6gg2vzdfid.onion\">Www. dvhdl7akyhos236m76re43nbggcvu5bkxcmfomxsa32ugz6gg2vzdfid. onion<\/a><\/p>\n","protected":false},"excerpt":{"rendered":"<p>\u0440\u0443\u0441\u0441\u043a\u043e\u0435 \u043c\u0435\u0436\u0440\u0430\u0441\u0441\u043e\u0432\u043e\u0435 GewaUda89 Webcam teen videos VIDEOS WEBCAM ANAL ANI MAL ABUSO ADULTO. forum webcam teen porn PTSC QUALITIES QUALITY SNUFF PORNO. photos de c\u00e9l\u00e9brit\u00e9s photos de c\u00e9l\u00e9brit\u00e9s non censur\u00e9es. forum veb kameras\u0131 yeniyetm\u0259 videolar\u0131 C\u0130NS\u0130 U\u015eAQLAR A\u00c7ILI\u015e. ARCHIVE ARCHIVOS 8yo 9yo 10yo 11yo, \u043f\u0435\u0440\u0432\u044b\u0439 \u0442\u0440\u0430\u0445 \u043c\u0430\u043b\u043e\u043b\u0435\u0442\u043e\u043a start a collection. c\u00e1mara web del foro YOUNG [&hellip;]<\/p>\n","protected":false},"author":2,"featured_media":0,"parent":0,"menu_order":0,"comment_status":"closed","ping_status":"closed","template":"","meta":{"footnotes":""},"class_list":["post-657","page","type-page","status-publish","hentry"],"_links":{"self":[{"href":"https:\/\/www.optimiseconsulting.eu\/index.php\/wp-json\/wp\/v2\/pages\/657","targetHints":{"allow":["GET"]}}],"collection":[{"href":"https:\/\/www.optimiseconsulting.eu\/index.php\/wp-json\/wp\/v2\/pages"}],"about":[{"href":"https:\/\/www.optimiseconsulting.eu\/index.php\/wp-json\/wp\/v2\/types\/page"}],"author":[{"embeddable":true,"href":"https:\/\/www.optimiseconsulting.eu\/index.php\/wp-json\/wp\/v2\/users\/2"}],"replies":[{"embeddable":true,"href":"https:\/\/www.optimiseconsulting.eu\/index.php\/wp-json\/wp\/v2\/comments?post=657"}],"version-history":[{"count":0,"href":"https:\/\/www.optimiseconsulting.eu\/index.php\/wp-json\/wp\/v2\/pages\/657\/revisions"}],"wp:attachment":[{"href":"https:\/\/www.optimiseconsulting.eu\/index.php\/wp-json\/wp\/v2\/media?parent=657"}],"curies":[{"name":"wp","href":"https:\/\/api.w.org\/{rel}","templated":true}]}}