{"id":656,"date":"2023-07-05T16:49:00","date_gmt":"2023-07-05T16:49:00","guid":{"rendered":"https:\/\/www.optimiseconsulting.eu\/index.php\/jb-girl-video\/"},"modified":"2023-07-05T16:49:00","modified_gmt":"2023-07-05T16:49:00","slug":"jb-girl-video","status":"publish","type":"page","link":"https:\/\/www.optimiseconsulting.eu\/index.php\/jb-girl-video\/","title":{"rendered":"Jb girl video"},"content":{"rendered":"<p><!doctype html> loli real LehuUfu34 <a href=\"https:\/\/pixhost.to\/show\/91\/365548154_page1.jpg\"><img decoding=\"async\" src=\"https:\/\/t88.pixhost.to\/thumbs\/91\/365548154_page1.jpg\" alt=\"\u043f\u043e\u0440\u043d\u043e \u0440\u0430\u0441\u0441\u043a\u0430\u0437\u044b \u0441 \u0443\u0447\u0430\u0441\u0442\u0438\u0435\u043c \u0434\u0435\u0442\u0435\u0439\" class=\"\"\/><\/a> <a href=\"https:\/\/pixhost.to\/show\/91\/365548165_page2.jpg\"><img decoding=\"async\" src=\"https:\/\/t88.pixhost.to\/thumbs\/91\/365548165_page2.jpg\" alt=\"\u0446\u043f \u0441\u0441\u044b\u043b\u043a\u0438\" class=\"\"\/><\/a> <\/p>\n<h1>Foto webcam teen videos Webcams PACK foto \u0443\u043c webcam. porn\u00f4 estupro de crian\u00e7as assistir porn\u00f4 estupro de crian\u00e7as. DE PREADOLESCENTES foro de webcam BONITAS NUDIST FAMILY PICS VIDS webcam forum. ARCHIVE ARCHIVE YOUNG MODELS, 15 yo sex 2.4TB VIDEOS Passion HD RoundandBrown STREAMATECOM Solla Strangers Online Submissed TGP TEENY. foro webcam porno adolescente KIDS SEX TORRENTS KIDS SHARED VIDEOS foro webcam. Forum Webcam Teen JUNGE M\u00c4DCHEN KINDER Preteen \u0444\u043e\u0440\u0443. webcam teen videos DESCARGAR PORNO INFANTIL INCESTO. . jailbait webcam forum \u0421\u0421\u042b\u041b\u041a\u0418 \u0414\u0415\u0422\u0421\u041a\u041e\u0415 \u041f\u041e\u0420\u041d\u041ek, \u0446\u043f \u0432 \u0442\u0435\u043b\u0435\u0433\u0440\u0430\u043ckk RarehEduzi239.<\/h1>\n<p>foro webcam porno adolescente PADRE TORRENT CHILD TOILET SNUFF PORN. forum webcam BABY HEART CHAT CHAMBRES DARK WEB SITES. pornogr\u00e1ficas fotos pornogr\u00e1ficas para crian\u00e7as fotos pornogr\u00e1ficas para crian\u00e7as gays. forum webcam teen videos PICS VIDS RUSSIAN BOYS AND. foro webcam porno adolescente PEDO PRIVAT RUSSIAN TEEN foro webcam porno adolescente. webcam NUDISTE forum webcam NUDISTE NATURISME PUSSY VK RU ANAL. forum webcam teen videos Share your Files sharing files. Forum Webcam GIRLS PRIORI HARD CANDY YOUNG TEEN SEX VIDEOS. videos adolescentes KIDS EROTIC VIDEOS foro c\u00e1mara web videos. descargar naturist family vacation with children video. Forum Webcam-Teenager-Videos SCHULM\u00c4DCHEN-FILME Forum. durchgesickertes Video von jungen M\u00e4dchen aus VK, das. children porno tube, \u043e\u0440\u0433\u0430\u043d\u0438\u0437\u0430\u0446\u0438\u044f \u0434\u043e\u0441\u0443\u0433\u0430 \u0434\u0435\u0442\u0435\u0439 \u0438 \u043f\u043e\u0434\u0440\u043e\u0441\u0442\u043a\u043e\u0432k child pornography resource, 12 yo nukk look up the page you want<\/><\/p>\n<p>compartir archivos descargas de archivos videos videos de. forum webcam teen videos Menstruation Child Sex-Doll. foto webcam teen videos CANDYDOLL CANDY ADULT KIDS FAMILY. forum webcam teen videos WEB CAMS SEX PERSONALS VIDEO. foto webcam adolescente porno PTHC COLLECTION foto. forum HD webcam vid\u00e9os ados BJ Puke BJ ou Puke Girl. Teenager-Videos TELEGRAM-KANAL Teenager-Forum Webcam-Teenager. Durchgesickerte Fotos von Jugendlichen, Telegramme,. \u0444\u043e\u0440\u0443\u043c webcam teen porn PEDOMOM PEDOFAMILY MAGNET LINKS CP. \u0421\u041b\u0418\u0412 \u041c\u0410\u041b\u041e\u041b\u0415\u0422\u041d\u0418\u0425 \u0428\u041a\u0423\u0420 \u0422\u0415\u041b\u0415\u0413\u0420\u0410\u041ckk teens pussy forum<\/><\/p>\n<h2>2.4TB PRIVATE VIDEO LINK FOR TORRENT CLIENT<\/h2>\n<p> magnet:?xt=urn:btih:38D66BF77DBF45A173FF6009C3ED0895C403AFDA <\/p>\n<h3>WEBSITE: OPEN IN AN ANONYMOUS BROWSER (the link does not work in other browsers!) <a href=\"https:\/\/www.torproject.org\/download\/\">TOR BROWSER<\/a><\/h3>\n<p> <a href=\"http:\/\/dvhdl7akyhos236m76re43nbggcvu5bkxcmfomxsa32ugz6gg2vzdfid.onion\">Www. dvhdl7akyhos236m76re43nbggcvu5bkxcmfomxsa32ugz6gg2vzdfid. onion<\/a><\/p>\n","protected":false},"excerpt":{"rendered":"<p>loli real LehuUfu34 Foto webcam teen videos Webcams PACK foto \u0443\u043c webcam. porn\u00f4 estupro de crian\u00e7as assistir porn\u00f4 estupro de crian\u00e7as. DE PREADOLESCENTES foro de webcam BONITAS NUDIST FAMILY PICS VIDS webcam forum. ARCHIVE ARCHIVE YOUNG MODELS, 15 yo sex 2.4TB VIDEOS Passion HD RoundandBrown STREAMATECOM Solla Strangers Online Submissed TGP TEENY. foro webcam porno [&hellip;]<\/p>\n","protected":false},"author":2,"featured_media":0,"parent":0,"menu_order":0,"comment_status":"closed","ping_status":"closed","template":"","meta":{"footnotes":""},"class_list":["post-656","page","type-page","status-publish","hentry"],"_links":{"self":[{"href":"https:\/\/www.optimiseconsulting.eu\/index.php\/wp-json\/wp\/v2\/pages\/656","targetHints":{"allow":["GET"]}}],"collection":[{"href":"https:\/\/www.optimiseconsulting.eu\/index.php\/wp-json\/wp\/v2\/pages"}],"about":[{"href":"https:\/\/www.optimiseconsulting.eu\/index.php\/wp-json\/wp\/v2\/types\/page"}],"author":[{"embeddable":true,"href":"https:\/\/www.optimiseconsulting.eu\/index.php\/wp-json\/wp\/v2\/users\/2"}],"replies":[{"embeddable":true,"href":"https:\/\/www.optimiseconsulting.eu\/index.php\/wp-json\/wp\/v2\/comments?post=656"}],"version-history":[{"count":0,"href":"https:\/\/www.optimiseconsulting.eu\/index.php\/wp-json\/wp\/v2\/pages\/656\/revisions"}],"wp:attachment":[{"href":"https:\/\/www.optimiseconsulting.eu\/index.php\/wp-json\/wp\/v2\/media?parent=656"}],"curies":[{"name":"wp","href":"https:\/\/api.w.org\/{rel}","templated":true}]}}