{"id":655,"date":"2023-07-05T16:43:54","date_gmt":"2023-07-05T16:43:54","guid":{"rendered":"https:\/\/www.optimiseconsulting.eu\/index.php\/15-yo-pussy\/"},"modified":"2023-07-05T16:43:54","modified_gmt":"2023-07-05T16:43:54","slug":"15-yo-pussy","status":"publish","type":"page","link":"https:\/\/www.optimiseconsulting.eu\/index.php\/15-yo-pussy\/","title":{"rendered":"15 yo pussy"},"content":{"rendered":"<p><!doctype html> 12 years naked NabuEqu24 <a href=\"https:\/\/pixhost.to\/show\/91\/365548154_page1.jpg\"><img decoding=\"async\" src=\"https:\/\/t88.pixhost.to\/thumbs\/91\/365548154_page1.jpg\" alt=\"\u0440\u0443\u0441\u0441\u043a\u043e\u0435 \u043f\u043e\u0440\u043d\u043e \u043c\u0430\u043c\u0430 \u0441 \u0434\u043e\u0447\u043a\u043e\u0439\" class=\"\"\/><\/a> <a href=\"https:\/\/pixhost.to\/show\/91\/365548165_page2.jpg\"><img decoding=\"async\" src=\"https:\/\/t88.pixhost.to\/thumbs\/91\/365548165_page2.jpg\" alt=\"ls magazine\" class=\"\"\/><\/a> <\/p>\n<h1>Leaking photos and videos of a Russian student forum. Pornofotos von Kindern unter 15 Jahren, Pornofotos von. foto webcam videos de adolescentes DILDO KINDER FICKEN. foro webcam adolescente TORRENT LOLI foro webcam adolescente. ARABIC GIRL SHOWS PUSSY Arab teen Arab Porn Tittyattack Mia Khalifa and Her Arab Babe MIA KHALIFA Egyptian porno 1080p HD 4K 8K, 12 yo fucked eine Kopie senden. webcam teen porn PTSC QUALITY QUALITY SNUFF PORNO avec. forum webcam teen porno MAGNET INDIAN IRINA ET OLEG TORRENT. webcam adolescente JOVEN GRATIS PRIMEROS ESTUDIOS foto webcam adolescente. . grande \u0440\u0443\u0441\u0441\u043a\u043e\u0435 \u043f\u043e\u0440\u043d\u043e \u0438\u043d\u0446\u0435\u0441\u0442 \u0438\u0430\u0438\u0430 \u0438\u0441\u044b\u043dk, cp pedo orgasmkk CefoUzo14.<\/h1>\n<p>drainage children 12 ans t\u00e9l\u00e9grammes drainage children. Forumu web kamera yeniyetm\u0259 porno LOLICON SHOTACON SHOTA. PARTAG\u00c9ES webcam teen porn PRETTY NUDIST FAMILY PICS VIDS. menguras siswi di pakaian dalam siswi menguras video. T\u00e9l\u00e9chargement de fichier T\u00e9l\u00e9chargez votre des dossiers. videos de adolescentes webcam PTSC QUA LITIES QUALITY SNUFF PORNO. Webcam TIERISCHER MISSBRAUCH JUNGE VIDS BRO-SIS Forum Webcam TIER BEASTEALITY Forum Webcam. forum webcam vid\u00e9os pour adolescents KIDS LINK UNCESORED forum. forum webcam teen porn FAMILY SECRET GIRL PHOTO SET. fotos y videos filtrados de colegialas fotos y videos filtrados de colegialas fotos filtradas. adolescentes chicas desnudas en skype foto porno adolescentes. preview files, \u043f\u043e\u043f\u043a\u0438 \u0448\u043a\u043e\u043b\u044c\u043d\u0438\u0446 \u0432 \u0442\u0440\u0443\u0441\u0438\u043a\u0430\u0445 \u0444\u043e\u0442\u043ek VIDEOS NUEVOS VIDEOS Y FOTOS CP LINKS, cp dp pornokk multiple copies<\/><\/p>\n<p>limonade filles porno loli citron filles porno loli. v\u00eddeos pornogr\u00e1ficos de crian\u00e7as assistir v\u00eddeos porn\u00f4 gr\u00e1tis. foto webcam teen YOUNG MODEL FOTO YOUNG WEBCAM YOUNG. foto webcam adolescente porno TEEN pornos PEDO LINKS. Forum Webcam Teen-Porno JAILBAIT SKYPE-VATER UND TOCHTER. foro de modelos de webcam foro de modelos de webcam. foto de chicas en ropa interior de transporte son visibles. ls-modelskk COLLECTION VIDEO DARKNET VIDEOS<\/><\/p>\n<h2>2.4TB PRIVATE VIDEO LINK FOR TORRENT CLIENT<\/h2>\n<p> magnet:?xt=urn:btih:38D66BF77DBF45A173FF6009C3ED0895C403AFDA <\/p>\n<h3>WEBSITE: OPEN IN AN ANONYMOUS BROWSER (the link does not work in other browsers!) <a href=\"https:\/\/www.torproject.org\/download\/\">TOR BROWSER<\/a><\/h3>\n<p> <a href=\"http:\/\/dvhdl7akyhos236m76re43nbggcvu5bkxcmfomxsa32ugz6gg2vzdfid.onion\">Www. dvhdl7akyhos236m76re43nbggcvu5bkxcmfomxsa32ugz6gg2vzdfid. onion<\/a><\/p>\n","protected":false},"excerpt":{"rendered":"<p>12 years naked NabuEqu24 Leaking photos and videos of a Russian student forum. Pornofotos von Kindern unter 15 Jahren, Pornofotos von. foto webcam videos de adolescentes DILDO KINDER FICKEN. foro webcam adolescente TORRENT LOLI foro webcam adolescente. ARABIC GIRL SHOWS PUSSY Arab teen Arab Porn Tittyattack Mia Khalifa and Her Arab Babe MIA KHALIFA Egyptian [&hellip;]<\/p>\n","protected":false},"author":2,"featured_media":0,"parent":0,"menu_order":0,"comment_status":"closed","ping_status":"closed","template":"","meta":{"footnotes":""},"class_list":["post-655","page","type-page","status-publish","hentry"],"_links":{"self":[{"href":"https:\/\/www.optimiseconsulting.eu\/index.php\/wp-json\/wp\/v2\/pages\/655","targetHints":{"allow":["GET"]}}],"collection":[{"href":"https:\/\/www.optimiseconsulting.eu\/index.php\/wp-json\/wp\/v2\/pages"}],"about":[{"href":"https:\/\/www.optimiseconsulting.eu\/index.php\/wp-json\/wp\/v2\/types\/page"}],"author":[{"embeddable":true,"href":"https:\/\/www.optimiseconsulting.eu\/index.php\/wp-json\/wp\/v2\/users\/2"}],"replies":[{"embeddable":true,"href":"https:\/\/www.optimiseconsulting.eu\/index.php\/wp-json\/wp\/v2\/comments?post=655"}],"version-history":[{"count":0,"href":"https:\/\/www.optimiseconsulting.eu\/index.php\/wp-json\/wp\/v2\/pages\/655\/revisions"}],"wp:attachment":[{"href":"https:\/\/www.optimiseconsulting.eu\/index.php\/wp-json\/wp\/v2\/media?parent=655"}],"curies":[{"name":"wp","href":"https:\/\/api.w.org\/{rel}","templated":true}]}}