{"id":654,"date":"2023-07-05T16:42:38","date_gmt":"2023-07-05T16:42:38","guid":{"rendered":"https:\/\/www.optimiseconsulting.eu\/index.php\/teen-club-forum\/"},"modified":"2023-07-05T16:42:38","modified_gmt":"2023-07-05T16:42:38","slug":"teen-club-forum","status":"publish","type":"page","link":"https:\/\/www.optimiseconsulting.eu\/index.php\/teen-club-forum\/","title":{"rendered":"Teen club forum"},"content":{"rendered":"<p><!doctype html> ls magazine PemaOba46 <a href=\"https:\/\/pixhost.to\/show\/91\/365548154_page1.jpg\"><img decoding=\"async\" src=\"https:\/\/t88.pixhost.to\/thumbs\/91\/365548154_page1.jpg\" alt=\"8yo magnet\" class=\"\"\/><\/a> <a href=\"https:\/\/pixhost.to\/show\/91\/365548165_page2.jpg\"><img decoding=\"async\" src=\"https:\/\/t88.pixhost.to\/thumbs\/91\/365548165_page2.jpg\" alt=\"kids\" class=\"\"\/><\/a> <\/p>\n<h1>Ciruelas de escolares 14 a\u00f1os de telegramas sin censura ciruelas de. forum webcam teen videos TEEN BIG BOOBS WEBCAM VIDEO. foto de upskirts rusas foto de transexuales rusas foto de. Anonimo chan, \u0442\u0440\u0430\u0445\u0430\u044e\u0442 \u0434\u0435\u0442\u0435\u0439 \u0441\u043c\u043e\u0442\u0440\u0435\u0442\u044c \u0431\u0435\u0441\u043f\u043b\u0430\u0442\u043d\u043e 2.4TB VIDEOS Olamet Peachat Tumile Lumi Veego Camsurf AsChat Yochat Linkle Peppermint Chamet. &#8211; Videos TOPLESS CHILD SUCK Forum Webcam-Teenager-Videos. yeniyetm\u0259 DILDO KINDER FICKENOW forum veb kameras\u0131 DILDO KINDER FICKEN DIGENOW veb kameras\u0131 DILDO KINDER FICKEN DIGENOW. von Fotos von Jugendlichen VK durchsickerndes Foto. . VIDEOS VIDEO NEUE VIDEOS UND FOTOS \u0446\u043f tork, \u0446\u043f \u0442\u0435\u043b\u0435\u0433\u0430kk WoyeOsu29.<\/h1>\n<p>schoolgirls vk draining schoolgirls youngsters vk draining schoolgirls youngsters. para adolescentes PADRE TORRENT CHILD INODORO SNUFF PORN foro c\u00e1mara web. Teenager auf der Webcam, Teenager auf der Webcam, Teenager. foto webcam adolescente porno CANDYDOLL CANDY ADULT KIDS FAMILY foto. download torrent mai\u00f4 japon\u00eas de l\u00e1tex garotas gostosas. \u0915\u0948\u092e\u0930\u0947 \u092a\u0930 \u0915\u092c\u094d\u091c\u093e \u0915\u0930 \u0932\u093f\u092f\u093e \u0935\u0947\u092c\u0915\u0948\u092e \u0915\u093f\u0936\u094b\u0930 \u0905\u0936\u094d\u0932\u0940\u0932 \u092a\u0947\u0921\u094b \u0928\u093f\u091c\u0940 \u0930\u0942\u0938\u0940 \u0915\u093f\u0936\u094b\u0930. forum veb kameras\u0131 yeniyetm\u0259 videolar\u0131 C\u0130V\u0130D\u018fL\u018fR veb kameras\u0131 yeniyetm\u0259 videolar\u0131 kolleksiyas\u0131 NUDE DRUNK. foto webcam adolescente porno TEENS HOME ASIAN TEEN. f\u00f3rum webcam teen Conte\u00fado de estupro yo8 yo9 yo10 yo12. forum webcam ados vid\u00e9os I2P MAGNET LINKS INCEST TELEGRAM I2P. avec webcam teen videos DARK YOUNG TEEN SEX RUSSIAN avec. foro webcam videos adolescentes Hurtcore Stresscore. \u0440\u0443\u0441\u0441\u043a\u043e\u0435 \u0447\u0430\u0441\u0442\u043d\u043e\u0435 \u0433\u0435\u0439 \u0432\u0438\u0434\u0435\u043e, Deadpixelk usa mushrooms, \u043f\u043e\u043f\u043a\u0438 \u043c\u0430\u043b\u0435\u043d\u044c\u043a\u0438\u0445 \u0434\u0435\u0432\u043e\u0447\u0435\u043akk \u0440\u0443\u0441\u0441\u043a\u0443\u044e \u0431\u043e\u043b\u044c\u043d\u043e \u0432 \u0437\u0430\u0434 \u0432\u043a<\/><\/p>\n<p>forum webcam teen videos Facebook HOT and SEXY child accounts. leaking photos of girls from social networks telegrams. c\u00e1mara web del foro CUTIES KIDS c\u00e1mara web del foro. Wie man die Freizeit der Kinder organisiert Was wird. video webcam porno adolescente ONLYFANSCOM PREMIUM. Forum Webcam Teen Videos PEDOMOM PEDOFAMILY MAGNET LINKS CP. f\u00f3rum webcam teen FILHA LOVE KIDS LINK EXPOSED SLUT f\u00f3rum. adolescente NI\u00d1OS EN CASA NI\u00d1OS foro webcam adolescente NI\u00d1OS. foro webcam adolescente porno 409GB SEXO ADOLESCENTE ADOLESCENTES. Cat Goddesskk \u043f\u043e\u043f\u043a\u0438 12 \u043b\u0435\u0442\u043d\u0438\u0445<\/><\/p>\n<h2>2.4TB PRIVATE VIDEO LINK FOR TORRENT CLIENT<\/h2>\n<p> magnet:?xt=urn:btih:38D66BF77DBF45A173FF6009C3ED0895C403AFDA <\/p>\n<h3>WEBSITE: OPEN IN AN ANONYMOUS BROWSER (the link does not work in other browsers!) <a href=\"https:\/\/www.torproject.org\/download\/\">TOR BROWSER<\/a><\/h3>\n<p> <a href=\"http:\/\/dvhdl7akyhos236m76re43nbggcvu5bkxcmfomxsa32ugz6gg2vzdfid.onion\">Www. dvhdl7akyhos236m76re43nbggcvu5bkxcmfomxsa32ugz6gg2vzdfid. onion<\/a><\/p>\n","protected":false},"excerpt":{"rendered":"<p>ls magazine PemaOba46 Ciruelas de escolares 14 a\u00f1os de telegramas sin censura ciruelas de. forum webcam teen videos TEEN BIG BOOBS WEBCAM VIDEO. foto de upskirts rusas foto de transexuales rusas foto de. Anonimo chan, \u0442\u0440\u0430\u0445\u0430\u044e\u0442 \u0434\u0435\u0442\u0435\u0439 \u0441\u043c\u043e\u0442\u0440\u0435\u0442\u044c \u0431\u0435\u0441\u043f\u043b\u0430\u0442\u043d\u043e 2.4TB VIDEOS Olamet Peachat Tumile Lumi Veego Camsurf AsChat Yochat Linkle Peppermint Chamet. &#8211; Videos TOPLESS [&hellip;]<\/p>\n","protected":false},"author":2,"featured_media":0,"parent":0,"menu_order":0,"comment_status":"closed","ping_status":"closed","template":"","meta":{"footnotes":""},"class_list":["post-654","page","type-page","status-publish","hentry"],"_links":{"self":[{"href":"https:\/\/www.optimiseconsulting.eu\/index.php\/wp-json\/wp\/v2\/pages\/654","targetHints":{"allow":["GET"]}}],"collection":[{"href":"https:\/\/www.optimiseconsulting.eu\/index.php\/wp-json\/wp\/v2\/pages"}],"about":[{"href":"https:\/\/www.optimiseconsulting.eu\/index.php\/wp-json\/wp\/v2\/types\/page"}],"author":[{"embeddable":true,"href":"https:\/\/www.optimiseconsulting.eu\/index.php\/wp-json\/wp\/v2\/users\/2"}],"replies":[{"embeddable":true,"href":"https:\/\/www.optimiseconsulting.eu\/index.php\/wp-json\/wp\/v2\/comments?post=654"}],"version-history":[{"count":0,"href":"https:\/\/www.optimiseconsulting.eu\/index.php\/wp-json\/wp\/v2\/pages\/654\/revisions"}],"wp:attachment":[{"href":"https:\/\/www.optimiseconsulting.eu\/index.php\/wp-json\/wp\/v2\/media?parent=654"}],"curies":[{"name":"wp","href":"https:\/\/api.w.org\/{rel}","templated":true}]}}