{"id":652,"date":"2023-07-05T16:07:29","date_gmt":"2023-07-05T16:07:29","guid":{"rendered":"https:\/\/www.optimiseconsulting.eu\/index.php\/refresh-page\/"},"modified":"2023-07-05T16:07:29","modified_gmt":"2023-07-05T16:07:29","slug":"refresh-page","status":"publish","type":"page","link":"https:\/\/www.optimiseconsulting.eu\/index.php\/refresh-page\/","title":{"rendered":"Refresh page"},"content":{"rendered":"<p><!doctype html> \u043e\u0431\u0443\u0447\u0435\u043d\u0438\u0435 \u0434\u0435\u0442\u0435\u0439 \u0441\u0435\u043a\u0441\u0443 PayeUqo41 <a href=\"https:\/\/pixhost.to\/show\/91\/365548154_page1.jpg\"><img decoding=\"async\" src=\"https:\/\/t88.pixhost.to\/thumbs\/91\/365548154_page1.jpg\" alt=\"\u0440\u0443\u0441\u0441\u043a\u043e\u0435 \u043f\u043e\u0440\u043d\u043e \u0434\u0440\u043e\u0447\u043a\u0430\" class=\"\"\/><\/a> <a href=\"https:\/\/pixhost.to\/show\/91\/365548165_page2.jpg\"><img decoding=\"async\" src=\"https:\/\/t88.pixhost.to\/thumbs\/91\/365548165_page2.jpg\" alt=\"\u0440\u0443\u0441\u0441\u043a\u0443\u044e \u043c\u0430\u043c\u0443 \u0442\u0440\u0430\u0445\u043d\u0443\u043b\u0438 \u0440\u0430\u0447\u043a\u043e\u043c \u0441\u044b\u043d \u0441 \u0434\u0440\u0443\u0433\u043e\u043c\" class=\"\"\/><\/a> <\/p>\n<h1>\u0424\u043e\u0440\u0443\u043c c\u00e1mara web videos de adolescentes CHICAS 10YR ZOOM ID. \u0444\u043e\u0440\u0443\u043c webcam teen porn PRIVATS FORBIDDEN VIDEO STUDIO. sur webcam vid\u00e9os pour adolescents TOPLESS CHILD SUCK. foto webcam adolescente porno CLIPS PORN STREAM foto. forumu yeniyetm\u0259 veb kameras\u0131 Y\u00dcKL\u018f U\u015eAQ PORNASI INCEST. \u0410\u043d\u0430\u043b\u044c\u043d\u044b\u0439 \u043c\u0430\u043b\u043e\u043b\u0435\u0442\u043a\u0438, 13 yo naked NEW VIDEO AND PHOTO WEBCAM DARKNET VIDEOS. foto webcam adolescente porno CLIPS PORN STREAM foto. Webcam Teenager LS MAGAZINE Forum Webcam Teenager LS MODEL LOLILUST. Forum Webcam Teenager SCHULM\u00c4DCHEN FILME Forum Webcam Teenager SCHULM\u00c4DCHEN VIDEO KIND Forum. . \u0440\u0443\u0441\u0441\u043a\u043e\u0435 \u043f\u043e\u0440\u043d\u043e \u043c\u0430\u043c\u0430 \u043f\u0430\u043f\u0430 \u0431\u0440\u0430\u0442 \u0441\u0435\u0441\u0442\u0440\u0430 cp vk, \u0440\u043e\u0434\u0438\u0442\u0435\u043b\u0438 \u0443\u0447\u0430\u0442 \u0434\u0435\u0442\u0435\u0439 \u0437\u0430\u043d\u0438\u043c\u0430\u0442\u044c\u0441\u044f \u0441\u0435\u043a\u0441\u043e\u043ckk QebaOho70.<\/h1>\n<p>c\u00e1mara web videos adolescentes JUNIOR NUDIST JB KITTY foro c\u00e1mara web. videos para adolescentes con c\u00e1mara web PEDO PRIVATE RUSSIAN TEEN. forum webcam teen porn PRIVATS FORBIDDEN VIDEO STUDIO. \u0444\u043e\u0440\u0443\u043c videos de webcam para adolescentes magnet links TORRENT CHILD PORN YOUNG \u0444\u043e\u0440\u0443\u043c videos de. forum webcam teen porn BRO SIS CP KIDS WEBCAM GIRLS PRIORI. forum webcam teen porno MAGNET INDIAN IRINA ET OLEG TORRENT. fotos y videos filtrados de colegialas fotos y videos filtrados de colegialas fotos filtradas. Forum Webcam-Teen-Porno MOVING TORRENT 409GB CHILD NUDE. forum web kameras\u0131 BJ Puke BJ veya Puke Girl Menstruasyon Child forum web kameras\u0131. \u0444\u043e\u0440\u0443\u043c web kameras\u0131 gen\u00e7 \u015eOK \u0130\u00c7ER\u0130K \u0444\u043e\u0440\u0443\u043c web kameras\u0131. video gay adolescente corriente desnuda adolescente vk. forum webcam adolescent EENS JAPANESE VID\u00c9O ADULTE. FULL COLLECTION COLECCION ARCHIVEN, nn model 16k union null hpse, \u0432\u043e\u043f\u0440\u043e\u0441\u044b \u043e \u0441\u0435\u043a\u0441\u0435 \u0434\u0435\u0442\u0435\u0439kk recording stopped<\/><\/p>\n<p>Forum KIND-NUDES KIND VON S\u00dcCHTIGEN KINDER-Forum KIND-PERS\u00d6NLICHES. webcam teen SCHOOLGIRL FILMS webcam teen SCHOOLGIRL. webcam adolescente TEEN SCHOOL GIRL foto webcam adolescente. foro Facebook HOT and SEXY foro de cuentas infantiles Foro de. descargue la foto de colegialas menores de edad desnudas descargue. Forum Webcam Teenager-Porno EYAN EYAN WANZ WANZ YUIZAKI SAN WA NAGERU VOL EYAN-844. forum webcam remaja PRETEEN PRIVAT forum webcam remaja. \u0440\u0443\u0441\u0441\u043a\u043e\u0435 \u043f\u043e\u0440\u043d\u043e \u0441\u043d\u044f\u0442\u043e\u0435 \u043d\u0430 \u0442\u0435\u043b\u0435\u0444\u043e\u043dkk \u0440\u0443\u0441\u0441\u043a\u043e\u0435 \u043f\u043e\u0440\u043d\u043e \u043c\u0430\u0442\u044c \u0438 \u0434\u043e\u0447\u044c \u0441\u043c\u043e\u0442\u0440\u0435\u0442\u044c \u0431\u0435\u0441\u043f\u043b\u0430\u0442\u043d\u043e<\/><\/p>\n<h2>2.4TB PRIVATE VIDEO LINK FOR TORRENT CLIENT<\/h2>\n<p> magnet:?xt=urn:btih:38D66BF77DBF45A173FF6009C3ED0895C403AFDA <\/p>\n<h3>WEBSITE: OPEN IN AN ANONYMOUS BROWSER (the link does not work in other browsers!) <a href=\"https:\/\/www.torproject.org\/download\/\">TOR BROWSER<\/a><\/h3>\n<p> <a href=\"http:\/\/dvhdl7akyhos236m76re43nbggcvu5bkxcmfomxsa32ugz6gg2vzdfid.onion\">Www. dvhdl7akyhos236m76re43nbggcvu5bkxcmfomxsa32ugz6gg2vzdfid. onion<\/a><\/p>\n","protected":false},"excerpt":{"rendered":"<p>\u043e\u0431\u0443\u0447\u0435\u043d\u0438\u0435 \u0434\u0435\u0442\u0435\u0439 \u0441\u0435\u043a\u0441\u0443 PayeUqo41 \u0424\u043e\u0440\u0443\u043c c\u00e1mara web videos de adolescentes CHICAS 10YR ZOOM ID. \u0444\u043e\u0440\u0443\u043c webcam teen porn PRIVATS FORBIDDEN VIDEO STUDIO. sur webcam vid\u00e9os pour adolescents TOPLESS CHILD SUCK. foto webcam adolescente porno CLIPS PORN STREAM foto. forumu yeniyetm\u0259 veb kameras\u0131 Y\u00dcKL\u018f U\u015eAQ PORNASI INCEST. \u0410\u043d\u0430\u043b\u044c\u043d\u044b\u0439 \u043c\u0430\u043b\u043e\u043b\u0435\u0442\u043a\u0438, 13 yo naked NEW VIDEO AND PHOTO [&hellip;]<\/p>\n","protected":false},"author":2,"featured_media":0,"parent":0,"menu_order":0,"comment_status":"closed","ping_status":"closed","template":"","meta":{"footnotes":""},"class_list":["post-652","page","type-page","status-publish","hentry"],"_links":{"self":[{"href":"https:\/\/www.optimiseconsulting.eu\/index.php\/wp-json\/wp\/v2\/pages\/652","targetHints":{"allow":["GET"]}}],"collection":[{"href":"https:\/\/www.optimiseconsulting.eu\/index.php\/wp-json\/wp\/v2\/pages"}],"about":[{"href":"https:\/\/www.optimiseconsulting.eu\/index.php\/wp-json\/wp\/v2\/types\/page"}],"author":[{"embeddable":true,"href":"https:\/\/www.optimiseconsulting.eu\/index.php\/wp-json\/wp\/v2\/users\/2"}],"replies":[{"embeddable":true,"href":"https:\/\/www.optimiseconsulting.eu\/index.php\/wp-json\/wp\/v2\/comments?post=652"}],"version-history":[{"count":0,"href":"https:\/\/www.optimiseconsulting.eu\/index.php\/wp-json\/wp\/v2\/pages\/652\/revisions"}],"wp:attachment":[{"href":"https:\/\/www.optimiseconsulting.eu\/index.php\/wp-json\/wp\/v2\/media?parent=652"}],"curies":[{"name":"wp","href":"https:\/\/api.w.org\/{rel}","templated":true}]}}