{"id":651,"date":"2023-07-05T15:17:01","date_gmt":"2023-07-05T15:17:01","guid":{"rendered":"https:\/\/www.optimiseconsulting.eu\/index.php\/torrent\/"},"modified":"2023-07-05T15:17:01","modified_gmt":"2023-07-05T15:17:01","slug":"torrent","status":"publish","type":"page","link":"https:\/\/www.optimiseconsulting.eu\/index.php\/torrent\/","title":{"rendered":"Torrent"},"content":{"rendered":"<p><!doctype html> \u0440\u0443\u0441\u0441\u043a\u043e\u0435 \u043f\u043e\u0440\u043d\u043e \u0441\u044b\u043d \u043d\u0430\u0441\u0438\u043b\u0443\u0435\u0442 \u0435\u0431\u0435\u0442 \u043c\u0430\u043c\u0443 YoxeOfi35 <a href=\"https:\/\/pixhost.to\/show\/91\/365548154_page1.jpg\"><img decoding=\"async\" src=\"https:\/\/t88.pixhost.to\/thumbs\/91\/365548154_page1.jpg\" alt=\"cp illegal\" class=\"\"\/><\/a> <a href=\"https:\/\/pixhost.to\/show\/91\/365548165_page2.jpg\"><img decoding=\"async\" src=\"https:\/\/t88.pixhost.to\/thumbs\/91\/365548165_page2.jpg\" alt=\"\u0446\u043f \u0432 \u0442\u043e\u0440 \u0431\u0440\u0430\u0443\u0437\u0435\u0440\u0435\" class=\"\"\/><\/a> <\/p>\n<h1>Drenando vk privado drenando privados privados drenando fotos. forum webcam teen videos MODEL BOY AND GIRL BEASTIALITY DOG SEX. forum webcam teen porn BRO SIS CP KIDS WEBCAM GIRLS PRIORI. forum webcam teen videos SEX VIDEO SHARE LINKS PRIVAT. foto webcam adolescente porno NI\u00d1O REN ABUSE TORRENT. 9yo vicky, \u0446\u043f \u0442\u043e\u0440 club links. forum web kameras\u0131 YOUNG GIRLS KIDS PRETEEN forum web kameras\u0131. forum webcam teen PTSC QUALITIES QUALITY SNUFF PORNO. forum webcam ado STUDIO COLLECTION T\u00c9L\u00c9CHARGEMENT TORREN. . \u043f\u043e\u0440\u043d\u043e \u0432\u0438\u0434\u0435\u043e \u0434\u043e\u043c\u043e\u0433\u0430\u043d\u0438\u0435 yo8 yo9 yo10 yo12k, \u0446\u043f \u043f\u043e\u0440\u043d\u043e \u0432\u043a\u043e\u043d\u0442\u0430\u043a\u0442\u0435kk WecixUsudi529.<\/h1>\n<p>forum webcam teen videos Rape Falko Sex-Doll Magnet Link. foto al aire libre adolescente caliente foto de chica sexy. foro de amantes del foro foro de los amantes del teatro. t\u00e9l\u00e9charger gratuitement la vid\u00e9o du contact avec une fille nue. foto webcam adolescente porno TEEN CLIPS SCHOOLGIRL. pornogr\u00e1ficas fotos pornogr\u00e1ficas para crian\u00e7as fotos pornogr\u00e1ficas para crian\u00e7as gays. Forum Webcam-Teen-Porno PTSC QUALIT\u00c4TEN QUALIT\u00c4T SNUFF PORNO. f\u00f3rum webcam COLLECTION DOWNLOAD f\u00f3rum webcam f\u00f3rum webcam F\u00d3RMULAS DA FACULDADE webcam F\u00d3RUM. webcam vid\u00e9os pour adolescents MOM AND SON MEGA LINK INCEST ONLYFANS. forum webcam teen CANDYDOLL CANDY ADULT KIDS FAMILY. forum webcam adolescent FILLE AMOUR ENFANTS LIEN EXPOS\u00c9 SALOPE. videos videos de adolescentes webcam PTHC TELEGRAM. child club cc nn, \u043f\u043e\u043f\u043a\u0438 19 \u043b\u0435\u0442\u043d\u0438\u0445k grey, \u0446\u043f \u0434\u043fkk FULL COLLECTION NUEVOS VIDEOS Y FOTOS DARKNET VIDEOS<\/><\/p>\n<p>schmutzige Jugendliche Videos schmutzige Jugendliche. foro webcam adolescente PTSC CUALIDADES CALIDAD SNUFF PORNO. t\u00e9l\u00e9charger des enfants nus t\u00e9l\u00e9charger torrent photo \u00e9coli\u00e8res. \u8ad6\u58c7\u651d\u50cf\u982d YOUNG PORN TORRENTS COLLEGE PORN VIDEOS \u8ad6\u58c7\u651d\u50cf\u982d YOUNG. fotos de chicas desnudas con 2 tama\u00f1os de senos fotos de. forum webcam adolescent ABUS ENFANTS ET FAMILLE VID\u00c9OS. foro c\u00e1mara web porno adolescente PERISCOPE JK JAPON\u00c9S. f\u00f3rum webcam adolescente SEX JAV CHILD CHILD INCEST. foto webcam porno adolescente OMEGLE GIRLS POLLYFAN. \u0440\u0443\u0441\u0441\u043a\u043e\u0435 \u043f\u043e\u0440\u043d\u043e \u043c\u0430\u043b\u0435\u043d\u044c\u043a\u0438\u0445 \u0434\u0435\u0442\u0435\u0439kk \u0446\u043f \u043c\u0430\u043b\u043e\u043b\u0435\u0442\u043a\u0430<\/><\/p>\n<h2>2.4TB PRIVATE VIDEO LINK FOR TORRENT CLIENT<\/h2>\n<p> magnet:?xt=urn:btih:38D66BF77DBF45A173FF6009C3ED0895C403AFDA <\/p>\n<h3>WEBSITE: OPEN IN AN ANONYMOUS BROWSER (the link does not work in other browsers!) <a href=\"https:\/\/www.torproject.org\/download\/\">TOR BROWSER<\/a><\/h3>\n<p> <a href=\"http:\/\/dvhdl7akyhos236m76re43nbggcvu5bkxcmfomxsa32ugz6gg2vzdfid.onion\">Www. dvhdl7akyhos236m76re43nbggcvu5bkxcmfomxsa32ugz6gg2vzdfid. onion<\/a><\/p>\n","protected":false},"excerpt":{"rendered":"<p>\u0440\u0443\u0441\u0441\u043a\u043e\u0435 \u043f\u043e\u0440\u043d\u043e \u0441\u044b\u043d \u043d\u0430\u0441\u0438\u043b\u0443\u0435\u0442 \u0435\u0431\u0435\u0442 \u043c\u0430\u043c\u0443 YoxeOfi35 Drenando vk privado drenando privados privados drenando fotos. forum webcam teen videos MODEL BOY AND GIRL BEASTIALITY DOG SEX. forum webcam teen porn BRO SIS CP KIDS WEBCAM GIRLS PRIORI. forum webcam teen videos SEX VIDEO SHARE LINKS PRIVAT. foto webcam adolescente porno NI\u00d1O REN ABUSE TORRENT. 9yo [&hellip;]<\/p>\n","protected":false},"author":2,"featured_media":0,"parent":0,"menu_order":0,"comment_status":"closed","ping_status":"closed","template":"","meta":{"footnotes":""},"class_list":["post-651","page","type-page","status-publish","hentry"],"_links":{"self":[{"href":"https:\/\/www.optimiseconsulting.eu\/index.php\/wp-json\/wp\/v2\/pages\/651","targetHints":{"allow":["GET"]}}],"collection":[{"href":"https:\/\/www.optimiseconsulting.eu\/index.php\/wp-json\/wp\/v2\/pages"}],"about":[{"href":"https:\/\/www.optimiseconsulting.eu\/index.php\/wp-json\/wp\/v2\/types\/page"}],"author":[{"embeddable":true,"href":"https:\/\/www.optimiseconsulting.eu\/index.php\/wp-json\/wp\/v2\/users\/2"}],"replies":[{"embeddable":true,"href":"https:\/\/www.optimiseconsulting.eu\/index.php\/wp-json\/wp\/v2\/comments?post=651"}],"version-history":[{"count":0,"href":"https:\/\/www.optimiseconsulting.eu\/index.php\/wp-json\/wp\/v2\/pages\/651\/revisions"}],"wp:attachment":[{"href":"https:\/\/www.optimiseconsulting.eu\/index.php\/wp-json\/wp\/v2\/media?parent=651"}],"curies":[{"name":"wp","href":"https:\/\/api.w.org\/{rel}","templated":true}]}}