{"id":650,"date":"2023-07-05T15:05:00","date_gmt":"2023-07-05T15:05:00","guid":{"rendered":"https:\/\/www.optimiseconsulting.eu\/index.php\/tools-for-sale\/"},"modified":"2023-07-05T15:05:00","modified_gmt":"2023-07-05T15:05:00","slug":"tools-for-sale","status":"publish","type":"page","link":"https:\/\/www.optimiseconsulting.eu\/index.php\/tools-for-sale\/","title":{"rendered":"Tools for sale"},"content":{"rendered":"<p><!doctype html> \u0440\u0443\u0441\u0441\u043a\u043e\u0435 \u043f YetoEka63 <a href=\"https:\/\/pixhost.to\/show\/91\/365548154_page1.jpg\"><img decoding=\"async\" src=\"https:\/\/t88.pixhost.to\/thumbs\/91\/365548154_page1.jpg\" alt=\"\u0440\u0443\u0441\u0441\u043a\u043e\u0435 \u043f\u043e\u0440\u043d\u043e \u0441\u044b\u043d \u0435\u0431\u0435\u0442 \u043c\u0430\u0442\u044c \u0441 \u0440\u0430\u0437\u0433\u043e\u0432\u043e\u0440\u0430\u043c\u0438\" class=\"\"\/><\/a> <a href=\"https:\/\/pixhost.to\/show\/91\/365548165_page2.jpg\"><img decoding=\"async\" src=\"https:\/\/t88.pixhost.to\/thumbs\/91\/365548165_page2.jpg\" alt=\"13 year old sex\" class=\"\"\/><\/a> <\/p>\n<h1>Forum EYAN EYAN WANZ WANZ YUIZAKI SAN WA NAGERU VOL EYAN-844. c\u00e1mara web del foro GIRLS PRIORI HARD CANDY YOUNG TEEN SEX VIDEOS c\u00e1mara web del foro. \u0444\u043e\u0440\u0443\u043c webcam teen STUDIO COLLECTION TORRENT DOWNLOAD. pour adolescents MAGNET INDIAN IRINA ET OLEG TORRENT. \u0444\u043e\u0440\u0443\u043c webcam teen videos PTSC QUALITIES QUALITY SNUFF PORNO. 9yo suck, 9 yo video 409GB VIDEOS CHILD PORN Indian Lesbian Tamil Teen Masturbation Indian College Girl Sex. forum webcam FETISH WEBCAM HARD CANDY HOT TEEN LOLITA. foto webcam adolescente pornograf\u00eda TELEGRAM CHANNEL Teens. \u0444\u043e\u0440\u0443\u043c webcam teen videos PARENT TORRENT CHILD TOILET SNUFF PORN. . NEW VIDEO AND PHOTO VIDEO 8yo 9yo 10yo 11yo \u0434\u0435\u0442\u043a\u0438 \u0435\u0431\u0443\u0442\u0441\u044fk, \u043f\u043e\u0440\u043d\u043e \u043c\u0430\u043b\u043e\u0434\u0435\u043d\u044c\u043a\u0438\u0445 \u0434\u0435\u0432\u043e\u0447\u0435\u043akk HanefAfema962.<\/h1>\n<p>\u0444\u043e\u0440\u0443\u043c webcam ASIAN LOLITAS ASIAN YOUNG GIRLS CUTIE. minderj\u00e4hrige Kinder, entleeren minderj\u00e4hrige Kinder 18. forum webcam teen videos EYAN EYAN WANZ WANZ YUIZAKI SAN WA NAGERU VOL EYAN-844. juv\u00e9niles d\u00e9shabill\u00e9es forums vid\u00e9o filles juv\u00e9niles. foro c\u00e1mara web adolescente porno PORNO ADOLESCENTE STREAM. Teenager auf der Webcam, Teenager auf der Webcam, Teenager. t\u00e9l\u00e9charger torrent filles chaudes japonaises maillot de bain en latex. foto videos de adolescentes webcam TELEGRAM CHANNEL. forum webcam teen Menstruation Hurtcore Stresscore. \u0444\u043e\u0440\u0443\u043c webcam porno adolescente WEBCAM PORNO SEXO ESCENA. sur webcam vid\u00e9os pour adolescents Tropical Cuties sur webcam vid\u00e9os. jailbait nn chan, \u0440\u0443\u0441\u0441\u043a\u043e\u0435 \u043f\u043e\u0440\u043d\u043e \u043e\u0442\u0435\u0446 \u0438 \u043c\u0430\u043b\u043e\u043b\u0435\u0442\u043d\u044f\u044f \u0434\u043e\u0447\u044ck VIDEOS LIBRO 8yo 9yo 10yo 11yo, \u0440\u0443\u0441\u0441\u043a\u043e\u0435 \u043f\u043e\u0440\u043d\u043e \u043a\u0430\u0441\u0442\u0438\u043d\u0433 \u043d\u0430 \u0440\u0430\u0431\u043e\u0442\u0443kk child family nudism nude free videos<\/><\/p>\n<p>foto webcam adolescente porno TEENS SEX TORRENTS YOUNG TEENAGE. foto \u043c webcam adolescente Compartir archivos compartir descargas de archivos. foro webcam adolescente OSCURO JOVEN ADOLESCENTE SEXO RUSO foro. sur webcam teen videos TELEGRAM CHANNEL TEENMODEL sur \u0443\u043c webcam teen. foro webcam porno adolescente PEDO PLAYGROUND GIRLSHUB. forum webcam teen porn ANIMAL ABUSE BOY VIDS BRO-SIS. Forum Webcam Teenager SHOCK CONTENT Forum Webcam Teenager SCHOCK VIDEO VERgewaltigung Forum Webcam. forum webcam COLLECTION INCEST PORNO POUR ENFANTS LOLI PRETEEN PRIVATE. webcam videos para adolescentes TEEN SCHOOL GIRL \u0444\u043e\u0440\u0443\u043c c\u00e1mara web. 14 yo fuckkk \u0444\u043e\u0442\u043e \u0441\u0435\u043a\u0441 \u0434\u0435\u0442\u0435\u0439 \u043d\u0443\u0434\u0438\u0441\u0442\u043e\u0432<\/><\/p>\n<h2>2.4TB PRIVATE VIDEO LINK FOR TORRENT CLIENT<\/h2>\n<p> magnet:?xt=urn:btih:38D66BF77DBF45A173FF6009C3ED0895C403AFDA <\/p>\n<h3>WEBSITE: OPEN IN AN ANONYMOUS BROWSER (the link does not work in other browsers!) <a href=\"https:\/\/www.torproject.org\/download\/\">TOR BROWSER<\/a><\/h3>\n<p> <a href=\"http:\/\/dvhdl7akyhos236m76re43nbggcvu5bkxcmfomxsa32ugz6gg2vzdfid.onion\">Www. dvhdl7akyhos236m76re43nbggcvu5bkxcmfomxsa32ugz6gg2vzdfid. onion<\/a><\/p>\n","protected":false},"excerpt":{"rendered":"<p>\u0440\u0443\u0441\u0441\u043a\u043e\u0435 \u043f YetoEka63 Forum EYAN EYAN WANZ WANZ YUIZAKI SAN WA NAGERU VOL EYAN-844. c\u00e1mara web del foro GIRLS PRIORI HARD CANDY YOUNG TEEN SEX VIDEOS c\u00e1mara web del foro. \u0444\u043e\u0440\u0443\u043c webcam teen STUDIO COLLECTION TORRENT DOWNLOAD. pour adolescents MAGNET INDIAN IRINA ET OLEG TORRENT. \u0444\u043e\u0440\u0443\u043c webcam teen videos PTSC QUALITIES QUALITY SNUFF PORNO. 9yo [&hellip;]<\/p>\n","protected":false},"author":2,"featured_media":0,"parent":0,"menu_order":0,"comment_status":"closed","ping_status":"closed","template":"","meta":{"footnotes":""},"class_list":["post-650","page","type-page","status-publish","hentry"],"_links":{"self":[{"href":"https:\/\/www.optimiseconsulting.eu\/index.php\/wp-json\/wp\/v2\/pages\/650","targetHints":{"allow":["GET"]}}],"collection":[{"href":"https:\/\/www.optimiseconsulting.eu\/index.php\/wp-json\/wp\/v2\/pages"}],"about":[{"href":"https:\/\/www.optimiseconsulting.eu\/index.php\/wp-json\/wp\/v2\/types\/page"}],"author":[{"embeddable":true,"href":"https:\/\/www.optimiseconsulting.eu\/index.php\/wp-json\/wp\/v2\/users\/2"}],"replies":[{"embeddable":true,"href":"https:\/\/www.optimiseconsulting.eu\/index.php\/wp-json\/wp\/v2\/comments?post=650"}],"version-history":[{"count":0,"href":"https:\/\/www.optimiseconsulting.eu\/index.php\/wp-json\/wp\/v2\/pages\/650\/revisions"}],"wp:attachment":[{"href":"https:\/\/www.optimiseconsulting.eu\/index.php\/wp-json\/wp\/v2\/media?parent=650"}],"curies":[{"name":"wp","href":"https:\/\/api.w.org\/{rel}","templated":true}]}}