{"id":647,"date":"2023-07-05T14:39:51","date_gmt":"2023-07-05T14:39:51","guid":{"rendered":"https:\/\/www.optimiseconsulting.eu\/index.php\/12-13-14-yo-nude\/"},"modified":"2023-07-05T14:39:51","modified_gmt":"2023-07-05T14:39:51","slug":"12-13-14-yo-nude","status":"publish","type":"page","link":"https:\/\/www.optimiseconsulting.eu\/index.php\/12-13-14-yo-nude\/","title":{"rendered":"12 13 14 yo nude"},"content":{"rendered":"<p><!doctype html> \u0413\u041e\u041b\u042b\u0415 \u0421\u0422\u0420\u0418\u041c\u0415\u0420\u0428\u0418 18 VapoUye12 <a href=\"https:\/\/pixhost.to\/show\/91\/365548154_page1.jpg\"><img decoding=\"async\" src=\"https:\/\/t88.pixhost.to\/thumbs\/91\/365548154_page1.jpg\" alt=\"\u0440\u0443\u0441\u0441\u043a\u043e\u0435 \u043f\u043e\u0440\u043d\u043e \u0441 \u043c\u0430\u043c\u043e\u0439 \u0438 \u0442\u0435\u0442\u0435\u0439\" class=\"\"\/><\/a> <a href=\"https:\/\/pixhost.to\/show\/91\/365548165_page2.jpg\"><img decoding=\"async\" src=\"https:\/\/t88.pixhost.to\/thumbs\/91\/365548165_page2.jpg\" alt=\"\u0446\u043f \u0444\u043e\u0442\u043e \u0438 \u0432\u0438\u0434\u0435\u043e \u0433\u043e\u043b\u044b\u0435\" class=\"\"\/><\/a> <\/p>\n<h1>Usaqlar porno videolari 15 yas altinda olan usaqlar porno videolari. foro NI\u00d1A PEQUE\u00d1A PEDOMOM PEDOFAMILIA J\u00d3VENES foro NI\u00d1A. foro webcam TORRENT DESCARGAR ADOLESCENTES SEXO foro. forum webcam teen videos PRIVAT COLLECTION DOWNLOAD. 409GB VIDEOS CHILD PORN Indian teen couple Tamil maid hardcore Indian School Girl Tamil Maid Fucking Video Horny Indian Wife Sex Hard, child sexual abuse jailbait lolibooru. foro COLLECTION CHILD PORN INCESTO LOLI PRETEEN PRIVATS. descargar a trav\u00e9s de torrent pel\u00edculas candy lips 1976. . \u0440\u0443\u0441\u0441\u043a\u043e\u0435 \u043f\u043e\u0440\u043d\u043e \u043c\u0430\u0442\u044c \u0441\u044b\u043d \u0438 \u0434\u043e\u0447\u044c \u0440\u0443\u0441\u0441\u043a\u043e\u0435 \u043f\u043e\u0440\u043d\u043e \u0441\u044b\u043d \u0434\u043e\u043c\u043e\u0433\u0430\u0435\u0442\u0441\u044f \u0434\u043e \u043c\u0430\u0442\u0435\u0440\u0438k, \u0446\u043f \u043f\u043e\u0440\u043d\u043e \u043c\u0430\u043b\u044c\u0447\u0438\u043a\u0438kk SetoIsa57.<\/h1>\n<p>ARVANDA FUCK CHILD BLONDE TPE DOVAN porno forumlar\u0131 NS. forum webcam ado ONION SITES CATALOG forum webcam ado. von Schulm\u00e4dchen Foto von Blitzlichtern von Frauen Foto. forum webcam teen MAGNET LINKS CP HEBE OMEGLE VIDS. CHILD STREAMING foro webcam adolescente CHILD STREAMING. drainant les t\u00e9l\u00e9grammes des soldats drainant les soldats drainant. imagen webcam adolescente TEEN pornos PEDO LINKS imagen webcam adolescente. c\u00e1mara web del foro CP LINKS INCESTO LOLI PREADOLESCENTES c\u00e1mara. show the tape, \u0421\u041b\u0418\u0422\u042b\u0415 \u0424\u041e\u0422\u041a\u0418 \u041c\u0410\u041b\u041e\u041b\u0415\u0422\u041e\u041ak our little urban farmhouse gummy worm, schoolgirlskk VIDEOS COLECCION CP LINKS<\/><\/p>\n<p>sur webcam teen porn SEX YOUNG MODELS Menstruation. youngster undressed schoolgirl in periscope periscope 18. foro webcam porno adolescente MAGNET LINKS CP HEBE OMEGLE VIDS. foto webcam adolescente TEEN BIG BOOBS WEBCAM VIDEO. forum webcam adolescent GIRLS PRIORI RUSSIAN TEENS. foto webcam porno adolescente OLD WOMAN KID BOY XXX. forum webcam teen porn CHILD NUDES CHILD OF ADDICTS CHILD. sur webcam teen porn t\u00e9l\u00e9charger fille chien oignon. foro c\u00e1mara web adolescente ONLYFANS LEAK foro c\u00e1mara. \u0446\u043f \u0448\u043a\u043e\u043b\u044c\u043d\u0438\u0446\u044bkk recording of conversations<\/><\/p>\n<h2>2.4TB PRIVATE VIDEO LINK FOR TORRENT CLIENT<\/h2>\n<p> magnet:?xt=urn:btih:38D66BF77DBF45A173FF6009C3ED0895C403AFDA <\/p>\n<h3>WEBSITE: OPEN IN AN ANONYMOUS BROWSER (the link does not work in other browsers!) <a href=\"https:\/\/www.torproject.org\/download\/\">TOR BROWSER<\/a><\/h3>\n<p> <a href=\"http:\/\/dvhdl7akyhos236m76re43nbggcvu5bkxcmfomxsa32ugz6gg2vzdfid.onion\">Www. dvhdl7akyhos236m76re43nbggcvu5bkxcmfomxsa32ugz6gg2vzdfid. onion<\/a><\/p>\n","protected":false},"excerpt":{"rendered":"<p>\u0413\u041e\u041b\u042b\u0415 \u0421\u0422\u0420\u0418\u041c\u0415\u0420\u0428\u0418 18 VapoUye12 Usaqlar porno videolari 15 yas altinda olan usaqlar porno videolari. foro NI\u00d1A PEQUE\u00d1A PEDOMOM PEDOFAMILIA J\u00d3VENES foro NI\u00d1A. foro webcam TORRENT DESCARGAR ADOLESCENTES SEXO foro. forum webcam teen videos PRIVAT COLLECTION DOWNLOAD. 409GB VIDEOS CHILD PORN Indian teen couple Tamil maid hardcore Indian School Girl Tamil Maid Fucking Video Horny Indian [&hellip;]<\/p>\n","protected":false},"author":2,"featured_media":0,"parent":0,"menu_order":0,"comment_status":"closed","ping_status":"closed","template":"","meta":{"footnotes":""},"class_list":["post-647","page","type-page","status-publish","hentry"],"_links":{"self":[{"href":"https:\/\/www.optimiseconsulting.eu\/index.php\/wp-json\/wp\/v2\/pages\/647","targetHints":{"allow":["GET"]}}],"collection":[{"href":"https:\/\/www.optimiseconsulting.eu\/index.php\/wp-json\/wp\/v2\/pages"}],"about":[{"href":"https:\/\/www.optimiseconsulting.eu\/index.php\/wp-json\/wp\/v2\/types\/page"}],"author":[{"embeddable":true,"href":"https:\/\/www.optimiseconsulting.eu\/index.php\/wp-json\/wp\/v2\/users\/2"}],"replies":[{"embeddable":true,"href":"https:\/\/www.optimiseconsulting.eu\/index.php\/wp-json\/wp\/v2\/comments?post=647"}],"version-history":[{"count":0,"href":"https:\/\/www.optimiseconsulting.eu\/index.php\/wp-json\/wp\/v2\/pages\/647\/revisions"}],"wp:attachment":[{"href":"https:\/\/www.optimiseconsulting.eu\/index.php\/wp-json\/wp\/v2\/media?parent=647"}],"curies":[{"name":"wp","href":"https:\/\/api.w.org\/{rel}","templated":true}]}}