{"id":646,"date":"2023-07-05T14:31:36","date_gmt":"2023-07-05T14:31:36","guid":{"rendered":"https:\/\/www.optimiseconsulting.eu\/index.php\/stop-recording\/"},"modified":"2023-07-05T14:31:36","modified_gmt":"2023-07-05T14:31:36","slug":"stop-recording","status":"publish","type":"page","link":"https:\/\/www.optimiseconsulting.eu\/index.php\/stop-recording\/","title":{"rendered":"Stop recording"},"content":{"rendered":"<p><!doctype html> 14 year old girl sex VucixEvemi939 <a href=\"https:\/\/pixhost.to\/show\/91\/365548154_page1.jpg\"><img decoding=\"async\" src=\"https:\/\/t88.pixhost.to\/thumbs\/91\/365548154_page1.jpg\" alt=\"\u0440\u0443\u0441\u0441\u043a\u043e\u0435 \u043f\u043e\u0440\u043d\u043e \u0438\u043d\u0432\u0430\u043b\u0438\u0434\u043e\u0432\" class=\"\"\/><\/a> <a href=\"https:\/\/pixhost.to\/show\/91\/365548165_page2.jpg\"><img decoding=\"async\" src=\"https:\/\/t88.pixhost.to\/thumbs\/91\/365548165_page2.jpg\" alt=\"\u0446\u043f \u0448\u043a\u043e\u043b\u0430\" class=\"\"\/><\/a> <\/p>\n<h1>Foto c\u00e1mara web videos para adolescentes TEEN ANAL. \u0444\u043e\u0440\u0443\u043c webcam teen porn CANDYDOLL CANDY ADULT KIDS FAMILY. webcam teen porno HMM TORRENT DOWNLOAD avec webcam teen. 409GB VIDEOS CHILD PORN INCEST TEENS Adult Sex Games Animation Rape SLG ADV QSP Simulator, 15yo nude nn model 16. haben Fotos und Videos von Schulm\u00e4dchen durchgesickert. forum webcam teen videos EROTIC DVD CHILD IN PANTIES. . BROSIS CP KIDS WEBCAM JAPANESE CHINA CHILD PORN DOWNLOAD cp pthc forumk, \u0446\u043f \u0432\u0438\u0434\u0435\u043bkk WiniUsu58.<\/h1>\n<p>forum menstruation webcam ado ENFANTS SEXUELS STREAMING. webcam videos porno de adolescentes ADOLESCENTES videos de sexo. foto webcam teen videos FAMILY SECRET GIRL PHOTO SET. imagen webcam adolescente porno YOUNG MEGA LINKS imagen \u0443\u043c. forumu veb kameras\u0131 yeniyetm\u0259 AMATUR QIZ FOTO ADULT ART MODELING STUDIO. Forum Webcam-Teenager-Videos SEX YOUNG MODELS Menstruation Forum Webcam-Teenager-. descargar torrent webcam fiesta joven descargar torrent. foro webcam videos adolescentes ONLYFANSCOM PREMIUM. foro TEEN SEX JUFE &#8211; JUY &#8211; HTHD &#8211; 062520-001 065320-004. foto \u0440\u0443\u043c c\u00e1mara web porno adolescente I2P MAGNET ENLACES INCESTO TELEGRAM I2P. foro c\u00e1mara web adolescente porno PORNO ADOLESCENTE STREAM. vgk dropbox, \u043f\u043e\u043f\u043a\u0438 \u043f\u043e\u0434\u0440\u043e\u0441\u0442\u043a\u043e\u0432k \u043f\u043e\u0440\u043d\u043e \u043d\u0430\u0441\u0438\u043b\u0438\u0435 \u0434\u0435\u0442\u0435\u0439 \u0432\u0438\u0434\u0435\u043e, childkk VIDEOS ARCHIVE OMEGLE VIDS<\/><\/p>\n<p>forum veb kameras\u0131 yeniyetm\u0259 videolar\u0131 DARKNET V\u0130DEOLARI. del foro NUDISTA NATURISMO CO\u00d1O VK RU ANAL c\u00e1mara web del foro. Forumu U\u015eAQLARIN ANON\u0130M Forumu U\u015eAQLARIN ANON\u0130M Forumu U\u015eAQLARA. forum webcam teen porn FETISH WEBCAM HARD CANDY HOT TEEN LOLITA. Forum Webcam-Teen-Porno JUNGES MODELFOTO JUNGES WEBCAM JUNGES Forum Webcam-Teen-Porno. \u0444\u043e\u0440\u0443\u043c webcam teen porno Viol Falko Sex-Doll Magnet Link. foro webcam adolescente DVD ER\u00d3TICO NI\u00d1O EN BRAGAS foro. forum webcam teen porn YOUNG TEEN SEX VIDEOS RUSSIAN TEENS. \ud3ec\ub7fc EYAN EYAN WANZ WANZ YUIZAKI SAN WA NAGERU VOL EYAN-844. \u043f\u043e\u0440\u043d\u043e \u0444\u043e\u0442\u043e \u0434\u0435\u0442\u0435\u0439 \u043d\u0430\u0441\u0438\u043b\u0438\u0435kk childlover illegal torrent<\/><\/p>\n<h2>2.4TB PRIVATE VIDEO LINK FOR TORRENT CLIENT<\/h2>\n<p> magnet:?xt=urn:btih:38D66BF77DBF45A173FF6009C3ED0895C403AFDA <\/p>\n<h3>WEBSITE: OPEN IN AN ANONYMOUS BROWSER (the link does not work in other browsers!) <a href=\"https:\/\/www.torproject.org\/download\/\">TOR BROWSER<\/a><\/h3>\n<p> <a href=\"http:\/\/dvhdl7akyhos236m76re43nbggcvu5bkxcmfomxsa32ugz6gg2vzdfid.onion\">Www. dvhdl7akyhos236m76re43nbggcvu5bkxcmfomxsa32ugz6gg2vzdfid. onion<\/a><\/p>\n","protected":false},"excerpt":{"rendered":"<p>14 year old girl sex VucixEvemi939 Foto c\u00e1mara web videos para adolescentes TEEN ANAL. \u0444\u043e\u0440\u0443\u043c webcam teen porn CANDYDOLL CANDY ADULT KIDS FAMILY. webcam teen porno HMM TORRENT DOWNLOAD avec webcam teen. 409GB VIDEOS CHILD PORN INCEST TEENS Adult Sex Games Animation Rape SLG ADV QSP Simulator, 15yo nude nn model 16. haben Fotos und [&hellip;]<\/p>\n","protected":false},"author":2,"featured_media":0,"parent":0,"menu_order":0,"comment_status":"closed","ping_status":"closed","template":"","meta":{"footnotes":""},"class_list":["post-646","page","type-page","status-publish","hentry"],"_links":{"self":[{"href":"https:\/\/www.optimiseconsulting.eu\/index.php\/wp-json\/wp\/v2\/pages\/646","targetHints":{"allow":["GET"]}}],"collection":[{"href":"https:\/\/www.optimiseconsulting.eu\/index.php\/wp-json\/wp\/v2\/pages"}],"about":[{"href":"https:\/\/www.optimiseconsulting.eu\/index.php\/wp-json\/wp\/v2\/types\/page"}],"author":[{"embeddable":true,"href":"https:\/\/www.optimiseconsulting.eu\/index.php\/wp-json\/wp\/v2\/users\/2"}],"replies":[{"embeddable":true,"href":"https:\/\/www.optimiseconsulting.eu\/index.php\/wp-json\/wp\/v2\/comments?post=646"}],"version-history":[{"count":0,"href":"https:\/\/www.optimiseconsulting.eu\/index.php\/wp-json\/wp\/v2\/pages\/646\/revisions"}],"wp:attachment":[{"href":"https:\/\/www.optimiseconsulting.eu\/index.php\/wp-json\/wp\/v2\/media?parent=646"}],"curies":[{"name":"wp","href":"https:\/\/api.w.org\/{rel}","templated":true}]}}