{"id":645,"date":"2023-07-05T14:03:12","date_gmt":"2023-07-05T14:03:12","guid":{"rendered":"https:\/\/www.optimiseconsulting.eu\/index.php\/kids-bin\/"},"modified":"2023-07-05T14:03:12","modified_gmt":"2023-07-05T14:03:12","slug":"kids-bin","status":"publish","type":"page","link":"https:\/\/www.optimiseconsulting.eu\/index.php\/kids-bin\/","title":{"rendered":"Kids bin"},"content":{"rendered":"<p><!doctype html> \u0434\u0435\u0442\u0441\u043a\u0430\u044f \u044d\u0440\u043e\u0442\u0438\u043a\u0430 NowuIva49 <a href=\"https:\/\/pixhost.to\/show\/91\/365548154_page1.jpg\"><img decoding=\"async\" src=\"https:\/\/t88.pixhost.to\/thumbs\/91\/365548154_page1.jpg\" alt=\"\u0440\u0443\u0441\u0441\u043a\u043e\u0435 \u043f\u043e\u0440\u043d\u043e \u0434\u0440\u043e\u0447\u043a\u0430\" class=\"\"\/><\/a> <a href=\"https:\/\/pixhost.to\/show\/91\/365548165_page2.jpg\"><img decoding=\"async\" src=\"https:\/\/t88.pixhost.to\/thumbs\/91\/365548165_page2.jpg\" alt=\"\u0446\u043f \u0434\u043f \u0442\u0435\u043b\u0435\u0433\u0440\u0430\u043c\u043c\" class=\"\"\/><\/a> <\/p>\n<h1>Forum webcam teen videos Menstruation Child Sex-Doll. photo de casquettes photo de casquettes f\u00e9minines photo de. foro webcam TORRENT DESCARGAR ADOLESCENTES SEXO foro. forum webcam vid\u00e9os pour adolescents JBTCAM XPLAY forum webcam vid\u00e9os pour adolescents. Forum Webcam Teen Sex-Doll Vergewaltigungsinhalt yo8 yo9 yo10 yo12. 409GB STREAMING ADULT VIDEOS, \u043f\u043e\u043f\u043a\u0438 \u043c\u0430\u043b\u0435\u043d\u044c\u043a\u0438\u0445 \u0434\u0435\u0432\u043e\u0447\u0435\u043a \u0432\u0438\u0434\u0435\u043e \u043f\u043e\u0440\u043d\u043e \u0441\u043e\u0432\u0440\u0430\u0449\u0435\u043d\u0438\u0435 \u0434\u0435\u0442\u0435\u0439. Pornofotos von schwulen Kindern Pornofotos von schwulen Kindern. avec webcam vid\u00e9os pour adolescents XXX CP VIDEOS CHILD PORN. forum webcam teen FREE YOUNG PICS FORBIDDEN FRUIT RED ROOM. . serviporno muycerditas petardashd cp dp \u0441\u0441\u044b\u043b\u043a\u0430k, cp video freekk MebadExute597.<\/h1>\n<p>\u0444\u043e\u0440\u0443\u043c webcam porno adolescente WEBCAM PORNO SEXO ESCENA. forum veb kameras\u0131 yeniyetm\u0259 DAUGHTER LOVE KIDS LINK EXPOSED SLUT forum veb kameras\u0131. forum webcam remaja porno NECRO NECROPHILIA OMEGLE CAPTURES. foro webcam VIDEOS WEBCAM ANAL ABUSO ANIMAL FORO ADULTOS. foto webcam teen videos DARK YOUNG TEEN SEX RUSSIAN foto \u043c. FOTOS JOVEN GRATIS FRUTA PROHIBIDA ROJO HABITACI\u00d3N. Fotos von M\u00e4dchen mit hervorstehenden Brustwarzen,. foto webcam adolescente TEEN BIG BOOBS WEBCAM VIDEO. t\u00e9l\u00e9charger gratuitement la vid\u00e9o du contact avec une fille nue. foro webcam adolescente CHILDREN GUILT PEDOS VIDEO foro webcam adolescente NI\u00d1OS BA\u00d1O. forum webcam teen videos BABY HEART CHAT ROOMS DARK WEB SITES. ls teen forum, pedo little pussy cute angels webcamk ID KIDS LINK UNCESORED file downloads TORRENT, \u0440\u0443\u0441\u0441\u043a\u043e\u0435 \u043f\u043e\u0440\u043d\u043e \u043c\u043e\u044f \u0441\u0438\u0441\u044f\u0441\u0442\u0430\u044f \u043d\u044f\u043d\u044fkk vendor application<\/><\/p>\n<p>foro webcam TEENS SEX TORRENTS YOUNG TEENAGE foro webcam. web adolescente ONLYFANSCOM PREMIUM foro c\u00e1mara web adolescente. forum webcam teen videos Rape Falko Sex-Doll Magnet Link. \u0444\u043e\u0440\u0443\u043c webcam adolescente porn TEENS HOME ASIAN TEEN. webcam para adolescentes sitios de cebolla cat\u00e1logo i2 pag. foro webcam adolescente im\u00e1n enlaces TORRENT CHILD PORN JOVEN foro. forum webcam teen videos BRO SIS CP KIDS WEBCAM GIRLS PRIORI. forumu veb kameras\u0131 U\u015eAQLAR EVD\u018fK\u0130 U\u015eAQLAR forumu veb kameras\u0131 U\u015eAQLAR QADA\u011eAN. child sex telegramkk 9 yo porno<\/><\/p>\n<h2>2.4TB PRIVATE VIDEO LINK FOR TORRENT CLIENT<\/h2>\n<p> magnet:?xt=urn:btih:38D66BF77DBF45A173FF6009C3ED0895C403AFDA <\/p>\n<h3>WEBSITE: OPEN IN AN ANONYMOUS BROWSER (the link does not work in other browsers!) <a href=\"https:\/\/www.torproject.org\/download\/\">TOR BROWSER<\/a><\/h3>\n<p> <a href=\"http:\/\/dvhdl7akyhos236m76re43nbggcvu5bkxcmfomxsa32ugz6gg2vzdfid.onion\">Www. dvhdl7akyhos236m76re43nbggcvu5bkxcmfomxsa32ugz6gg2vzdfid. onion<\/a><\/p>\n","protected":false},"excerpt":{"rendered":"<p>\u0434\u0435\u0442\u0441\u043a\u0430\u044f \u044d\u0440\u043e\u0442\u0438\u043a\u0430 NowuIva49 Forum webcam teen videos Menstruation Child Sex-Doll. photo de casquettes photo de casquettes f\u00e9minines photo de. foro webcam TORRENT DESCARGAR ADOLESCENTES SEXO foro. forum webcam vid\u00e9os pour adolescents JBTCAM XPLAY forum webcam vid\u00e9os pour adolescents. Forum Webcam Teen Sex-Doll Vergewaltigungsinhalt yo8 yo9 yo10 yo12. 409GB STREAMING ADULT VIDEOS, \u043f\u043e\u043f\u043a\u0438 \u043c\u0430\u043b\u0435\u043d\u044c\u043a\u0438\u0445 \u0434\u0435\u0432\u043e\u0447\u0435\u043a \u0432\u0438\u0434\u0435\u043e [&hellip;]<\/p>\n","protected":false},"author":2,"featured_media":0,"parent":0,"menu_order":0,"comment_status":"closed","ping_status":"closed","template":"","meta":{"footnotes":""},"class_list":["post-645","page","type-page","status-publish","hentry"],"_links":{"self":[{"href":"https:\/\/www.optimiseconsulting.eu\/index.php\/wp-json\/wp\/v2\/pages\/645","targetHints":{"allow":["GET"]}}],"collection":[{"href":"https:\/\/www.optimiseconsulting.eu\/index.php\/wp-json\/wp\/v2\/pages"}],"about":[{"href":"https:\/\/www.optimiseconsulting.eu\/index.php\/wp-json\/wp\/v2\/types\/page"}],"author":[{"embeddable":true,"href":"https:\/\/www.optimiseconsulting.eu\/index.php\/wp-json\/wp\/v2\/users\/2"}],"replies":[{"embeddable":true,"href":"https:\/\/www.optimiseconsulting.eu\/index.php\/wp-json\/wp\/v2\/comments?post=645"}],"version-history":[{"count":0,"href":"https:\/\/www.optimiseconsulting.eu\/index.php\/wp-json\/wp\/v2\/pages\/645\/revisions"}],"wp:attachment":[{"href":"https:\/\/www.optimiseconsulting.eu\/index.php\/wp-json\/wp\/v2\/media?parent=645"}],"curies":[{"name":"wp","href":"https:\/\/api.w.org\/{rel}","templated":true}]}}