{"id":643,"date":"2023-07-05T13:54:43","date_gmt":"2023-07-05T13:54:43","guid":{"rendered":"https:\/\/www.optimiseconsulting.eu\/index.php\/jb-jailbait\/"},"modified":"2023-07-05T13:54:43","modified_gmt":"2023-07-05T13:54:43","slug":"jb-jailbait","status":"publish","type":"page","link":"https:\/\/www.optimiseconsulting.eu\/index.php\/jb-jailbait\/","title":{"rendered":"Jb jailbait"},"content":{"rendered":"<p><!doctype html> \u0413\u041e\u041b\u042b\u0415 \u0421\u0422\u0420\u0418\u041c\u0415\u0420\u0428\u0418 \u0421\u041b\u0418\u0412 LukeIwu64 <a href=\"https:\/\/pixhost.to\/show\/91\/365548154_page1.jpg\"><img decoding=\"async\" src=\"https:\/\/t88.pixhost.to\/thumbs\/91\/365548154_page1.jpg\" alt=\"\u0421\u041b\u0418\u0422\u042b\u0415 \u0428\u041a\u041e\u041b\u042c\u041d\u0418\u0426\u042b \u0422\u0415\u041b\u0415\u0413\u0420\u0410\u041c\u041c\" class=\"\"\/><\/a> <a href=\"https:\/\/pixhost.to\/show\/91\/365548165_page2.jpg\"><img decoding=\"async\" src=\"https:\/\/t88.pixhost.to\/thumbs\/91\/365548165_page2.jpg\" alt=\"\u0434\u043e\u0441\u0443\u0433 \u0434\u0435\u0442\u0435\u0439 \u0438\u043d\u0432\u0430\u043b\u0438\u0434\u043e\u0432\" class=\"\"\/><\/a> <\/p>\n<h1>C\u00e1mara web del foro Facebook HOT y SEXY cuentas infantiles. foto webcam adolescente porno Collection NUDE DRUNK. \u0444\u043e\u0440\u0443\u043c webcam teen porn NECRO NECROPHILIA OMEGLE CAPTURES. web kameras\u0131 BABY HEART CHAT ODALARI DARK WEB S\u0130TELER\u0130. c\u00e1mara web del foro ZOOFILIA VIDEOS ALICE IN WONDERLAND c\u00e1mara web del foro. 409 GIGABYT WEBCAM YOUNG MODELS, cp 409 GIGABYT NEW VIDEO AND PHOTO ARCHIVEN. &#8211; PORNO INZEST Forum Webcam-Teen-Porno KINDER-PORNO-INZEST LOLI PRETEEN PRIVATS Forum Webcam-Teen-Porno KIND-PORNO-. Videos DARKNET GIRLS Forum Webcam-Teenager-Videos DARKNET VIDEOS. . Hurtcore Stresscore 9yo jenny loves sucking cockk, \u043f\u043e\u043f\u043a\u0438 \u0434\u0435\u0432\u0443\u0448\u0435\u043a \u043f\u043e\u0434\u0440\u043e\u0441\u0442\u043a\u043e\u0432kk TejiUfi36.<\/h1>\n<p>\u0444\u043e\u0440\u0443\u043c webcam teen porn T\u00c9L\u00c9CHARGER BIG TIT TEEN PORN. forum webcam ado Sex-Doll Viol contenu yo8 yo9 yo10 yo12. forum webcam adolescent BABY HEART CHAT ROOMS DARK WEB SITES. forum webcam teen videos YUIZAKI FC2 PPV JAV UNCENSORED. adolescentes KIDS JAPON\u00c9S ADOLESCENTE foro c\u00e1mara web. foro webcam adolescente CHILDREN GUILT PEDOS VIDEO foro webcam adolescente NI\u00d1OS BA\u00d1O. f\u00f3rum webcam teen LITTLE GIRL XXX 10 YEAR f\u00f3rum webcam teen. forum webcam teen porn TEEN BIG BOOBS WEBCAM VIDEO. forum menstruation webcam ado ENFANTS SEXUELS STREAMING. forum webcam FREE YOUNG PICS FORBIDDEN FRUIT RED ROOM. jailbaitlovers sibirien, \u0446\u043f \u0432 \u043b\u0441 magnetk xnxx videos, \u0440\u0443\u0441\u0441\u043a\u043e\u0435 \u043f\u043e\u0440\u043d\u043e \u0432\u0438\u0434\u0435\u043e \u0441 \u043f\u043e\u0434\u0440\u043e\u0441\u0442\u043a\u0430\u043c\u0438kk used cash is shredded<\/><\/p>\n<p>\u0444\u043e\u0440\u0443\u043c c\u00e1mara web porno adolescente OPVA TOR LINKS OSCURO. forum webcam teen videos CHILD HARDCORE PORN NAKED. drenando colegialas periscopio telegrama drenando colegialas. foto webcam adolescente porno PRIVATS FORBIDDEN VIDEO STUDIO. foro webcam adolescente VIDEOS WEBCAM ANAL ABUSO ANIMAL ADULTO. Forum Webcam Teenager VLADMODELS JUNGE VIDEOMODELLE. forum webcam adolescent EYAN EYAN WANZ WANZ YUIZAKI SAN WA NAGERU VOL EYAN-844. forumu veb-kamera yeniyetm\u0259 HEYVANLARA YAX\u015eI O\u011eLAN V\u0130DEOLARI BRO-SIS forumu veb kameras\u0131 yeniyetm\u0259. pedo porno fotokk ARCHIVE ARCHIVOS yo8 yo9 yo10 yo12<\/><\/p>\n<h2>2.4TB PRIVATE VIDEO LINK FOR TORRENT CLIENT<\/h2>\n<p> magnet:?xt=urn:btih:38D66BF77DBF45A173FF6009C3ED0895C403AFDA <\/p>\n<h3>WEBSITE: OPEN IN AN ANONYMOUS BROWSER (the link does not work in other browsers!) <a href=\"https:\/\/www.torproject.org\/download\/\">TOR BROWSER<\/a><\/h3>\n<p> <a href=\"http:\/\/dvhdl7akyhos236m76re43nbggcvu5bkxcmfomxsa32ugz6gg2vzdfid.onion\">Www. dvhdl7akyhos236m76re43nbggcvu5bkxcmfomxsa32ugz6gg2vzdfid. onion<\/a><\/p>\n","protected":false},"excerpt":{"rendered":"<p>\u0413\u041e\u041b\u042b\u0415 \u0421\u0422\u0420\u0418\u041c\u0415\u0420\u0428\u0418 \u0421\u041b\u0418\u0412 LukeIwu64 C\u00e1mara web del foro Facebook HOT y SEXY cuentas infantiles. foto webcam adolescente porno Collection NUDE DRUNK. \u0444\u043e\u0440\u0443\u043c webcam teen porn NECRO NECROPHILIA OMEGLE CAPTURES. web kameras\u0131 BABY HEART CHAT ODALARI DARK WEB S\u0130TELER\u0130. c\u00e1mara web del foro ZOOFILIA VIDEOS ALICE IN WONDERLAND c\u00e1mara web del foro. 409 GIGABYT WEBCAM YOUNG [&hellip;]<\/p>\n","protected":false},"author":2,"featured_media":0,"parent":0,"menu_order":0,"comment_status":"closed","ping_status":"closed","template":"","meta":{"footnotes":""},"class_list":["post-643","page","type-page","status-publish","hentry"],"_links":{"self":[{"href":"https:\/\/www.optimiseconsulting.eu\/index.php\/wp-json\/wp\/v2\/pages\/643","targetHints":{"allow":["GET"]}}],"collection":[{"href":"https:\/\/www.optimiseconsulting.eu\/index.php\/wp-json\/wp\/v2\/pages"}],"about":[{"href":"https:\/\/www.optimiseconsulting.eu\/index.php\/wp-json\/wp\/v2\/types\/page"}],"author":[{"embeddable":true,"href":"https:\/\/www.optimiseconsulting.eu\/index.php\/wp-json\/wp\/v2\/users\/2"}],"replies":[{"embeddable":true,"href":"https:\/\/www.optimiseconsulting.eu\/index.php\/wp-json\/wp\/v2\/comments?post=643"}],"version-history":[{"count":0,"href":"https:\/\/www.optimiseconsulting.eu\/index.php\/wp-json\/wp\/v2\/pages\/643\/revisions"}],"wp:attachment":[{"href":"https:\/\/www.optimiseconsulting.eu\/index.php\/wp-json\/wp\/v2\/media?parent=643"}],"curies":[{"name":"wp","href":"https:\/\/api.w.org\/{rel}","templated":true}]}}