{"id":642,"date":"2023-07-05T13:37:15","date_gmt":"2023-07-05T13:37:15","guid":{"rendered":"https:\/\/www.optimiseconsulting.eu\/index.php\/webcam-porn\/"},"modified":"2023-07-05T13:37:15","modified_gmt":"2023-07-05T13:37:15","slug":"webcam-porn","status":"publish","type":"page","link":"https:\/\/www.optimiseconsulting.eu\/index.php\/webcam-porn\/","title":{"rendered":"Webcam porn"},"content":{"rendered":"<p><!doctype html> \u0440\u0443\u0441\u0441\u043a\u0443\u044e \u0432 \u0434\u0432\u0430 \u0441\u0442\u0432\u043e\u043b\u0430 QoniUki15 <a href=\"https:\/\/pixhost.to\/show\/91\/365548154_page1.jpg\"><img decoding=\"async\" src=\"https:\/\/t88.pixhost.to\/thumbs\/91\/365548154_page1.jpg\" alt=\"\u0440\u0443\u0441\u0441\u043a\u043e\u0435 \u043f\u043e\u0440\u043d\u043e \u043c\u0430\u043c\u0430 \u0441\u0435\u0441\u0442\u0440\u0430 \u0438 \u0441\u044b\u043d\" class=\"\"\/><\/a> <a href=\"https:\/\/pixhost.to\/show\/91\/365548165_page2.jpg\"><img decoding=\"async\" src=\"https:\/\/t88.pixhost.to\/thumbs\/91\/365548165_page2.jpg\" alt=\"\u0434\u043e\u0441\u0443\u0433 \u0440\u043e\u0434\u0438\u0442\u0435\u043b\u0435\u0439 \u0438 \u0434\u0435\u0442\u0435\u0439\" class=\"\"\/><\/a> <\/p>\n<h1>Desnudas foto de fuga de j\u00f3venes desnudos foto de fuga. forum webcam teen videos I2P MAGNET LINKS INCEST TELEGRAM I2P. Forum Webcam Teen Videos FICKEN MEINEN TEEN BEHAART. foto webcam teen videos EXPLOIT KITS HURTCORE EXPLOITS. 409 GIGABYT VIDEO BUCH, \u0440\u0443\u0441\u0441\u043a\u043e\u0435 \u043b\u044e\u0431\u0438\u0442\u0435\u043b\u044c\u0441\u043a\u043e\u0435 \u043f\u043e\u0440\u043d\u043e \u043c\u0443\u0436\u0430 \u0438 \u0436\u0435\u043d\u044b end of file. f\u00f3rum webcam teen FILHA LOVE KIDS LINK EXPOSED SLUT f\u00f3rum. foro webcam adolescente MOVING TORRENT 409GB CHILD NUDE foro webcam. webcam adolescente COLECCI\u00d3N INFANTIL PORNO INCESTO LOLI PREADOLESCENTES PRIVADOS foro. . \u0441\u043c\u043e\u0442\u0440\u0435\u0442\u044c \u043e\u043d\u043b\u0430\u0439\u043d \u043f\u043e\u0440\u043d\u043e \u043c\u0430\u043b\u0435\u043d\u044c\u043a\u0438\u0445 \u0434\u0435\u0442\u0435\u0439 \u043a\u0430\u043c\u0430\u0441\u0443\u0442\u0440\u0430 \u0434\u043b\u044f \u044d\u043a\u0441\u0442\u0440\u0438\u043c\u0430\u043b\u043e\u0432k, 9yo nudekk KudoAqo49.<\/h1>\n<p>foto webcam adolescente porno MODELO CHICO Y CHICA BESTIALIDAD PERRO SEXO foto. imagen webcam adolescente TEEN pornos PEDO LINKS imagen webcam adolescente. web kameras\u0131 gen\u00e7 videolar\u0131 forumu ZOO CANDYDOLL CANDY. Torrents-Forum KINDER-STREAM-VIDEOS-Forum KINDER-STREAM-VIDEOS &#8211; Forum. forum webcam teen videos DOWNLOAD BIG TIT TEEN PORN. Wanz Forumu Eyan Eyan Wanz Wanz Yuizaki San Sanzaki Sanzaki San WA NAGERU Vol Eyan-844. webcam adolescente CHILD HARDCORE PORN NAKED imagen. foto videos de webcam para adolescentes HOME VIDEO TEEN STREAMING ver. forum webcam vid\u00e9os ados KIDS SEX TORRENTS KIDS SHARED VIDEOS. foto videos de webcam para adolescentes STREAMING PORN. Forum-Webcam-Videos f\u00fcr Teenager FUCKING VIRGIN PUSSY VIDEOS. forum COLLECTION CHILD PORN INCEST LOLI PRETEEN PRIVATS. TEEN SHARE VIDEOS LOLI, \u0441\u0435\u043a\u0441 \u0432 \u043f\u0440\u0438\u0441\u0443\u0442\u0441\u0442\u0432\u0438\u0438 \u0434\u0435\u0442\u0435\u0439k SEX CHATS KIDS CHILD PERSONALS VIDEO KIDS SEX TORRENTS KIDS SHARED VIDEOS TEEN MOM PORN YOUNG PORN KIDS KIDS EROTIC VIDEOS MEGA LINKS, \u0440\u0443\u0441\u0441\u043a\u043e\u0435 \u043f\u043e\u0440\u043d\u043e \u043c\u0430\u043c\u0430 \u0438 \u0434\u043e\u0447\u044c \u0441\u043c\u043e\u0442\u0440\u0435\u0442\u044c \u0431\u0435\u0441\u043f\u043b\u0430\u0442\u043d\u043ekk ONLINE LIVE CAMP<\/><\/p>\n<p>Forum Webcam Teen MAGNET LINKS CP HEBE OMEGLE VIDS. foto webcam adolescente porno FOLLANDO A MI ADOLESCENTE PELUDA. foto webcam videos de adolescentes NUDE LIVE WEB CAMS foto webcam videos de adolescentes NUDI. Videos OPVA TOR LINKS DARK Forum Webcam-Teen-Videos OPVA. forum veb kameras\u0131 COLLECTION CHILD PORN INCEST LOLI PRETEEN PRIVATS. descargue la foto de ni\u00f1os desnudos a trav\u00e9s de torrent. forum webcam teen porn PUSSY YOUNG BIG TITS YOUNG BLOWJOB. \u043f\u043e\u0440\u043d\u043e \u043c\u0430\u043b\u043e\u0434\u0435\u043d\u044c\u043a\u0438\u0445 \u0434\u0435\u0432\u043e\u0447\u0435\u043akk jailbait forum boys omegle girls<\/><\/p>\n<h2>2.4TB PRIVATE VIDEO LINK FOR TORRENT CLIENT<\/h2>\n<p> magnet:?xt=urn:btih:38D66BF77DBF45A173FF6009C3ED0895C403AFDA <\/p>\n<h3>WEBSITE: OPEN IN AN ANONYMOUS BROWSER (the link does not work in other browsers!) <a href=\"https:\/\/www.torproject.org\/download\/\">TOR BROWSER<\/a><\/h3>\n<p> <a href=\"http:\/\/dvhdl7akyhos236m76re43nbggcvu5bkxcmfomxsa32ugz6gg2vzdfid.onion\">Www. dvhdl7akyhos236m76re43nbggcvu5bkxcmfomxsa32ugz6gg2vzdfid. onion<\/a><\/p>\n","protected":false},"excerpt":{"rendered":"<p>\u0440\u0443\u0441\u0441\u043a\u0443\u044e \u0432 \u0434\u0432\u0430 \u0441\u0442\u0432\u043e\u043b\u0430 QoniUki15 Desnudas foto de fuga de j\u00f3venes desnudos foto de fuga. forum webcam teen videos I2P MAGNET LINKS INCEST TELEGRAM I2P. Forum Webcam Teen Videos FICKEN MEINEN TEEN BEHAART. foto webcam teen videos EXPLOIT KITS HURTCORE EXPLOITS. 409 GIGABYT VIDEO BUCH, \u0440\u0443\u0441\u0441\u043a\u043e\u0435 \u043b\u044e\u0431\u0438\u0442\u0435\u043b\u044c\u0441\u043a\u043e\u0435 \u043f\u043e\u0440\u043d\u043e \u043c\u0443\u0436\u0430 \u0438 \u0436\u0435\u043d\u044b end of file. f\u00f3rum [&hellip;]<\/p>\n","protected":false},"author":2,"featured_media":0,"parent":0,"menu_order":0,"comment_status":"closed","ping_status":"closed","template":"","meta":{"footnotes":""},"class_list":["post-642","page","type-page","status-publish","hentry"],"_links":{"self":[{"href":"https:\/\/www.optimiseconsulting.eu\/index.php\/wp-json\/wp\/v2\/pages\/642","targetHints":{"allow":["GET"]}}],"collection":[{"href":"https:\/\/www.optimiseconsulting.eu\/index.php\/wp-json\/wp\/v2\/pages"}],"about":[{"href":"https:\/\/www.optimiseconsulting.eu\/index.php\/wp-json\/wp\/v2\/types\/page"}],"author":[{"embeddable":true,"href":"https:\/\/www.optimiseconsulting.eu\/index.php\/wp-json\/wp\/v2\/users\/2"}],"replies":[{"embeddable":true,"href":"https:\/\/www.optimiseconsulting.eu\/index.php\/wp-json\/wp\/v2\/comments?post=642"}],"version-history":[{"count":0,"href":"https:\/\/www.optimiseconsulting.eu\/index.php\/wp-json\/wp\/v2\/pages\/642\/revisions"}],"wp:attachment":[{"href":"https:\/\/www.optimiseconsulting.eu\/index.php\/wp-json\/wp\/v2\/media?parent=642"}],"curies":[{"name":"wp","href":"https:\/\/api.w.org\/{rel}","templated":true}]}}