{"id":641,"date":"2023-07-05T13:19:48","date_gmt":"2023-07-05T13:19:48","guid":{"rendered":"https:\/\/www.optimiseconsulting.eu\/index.php\/wrinkled-pages\/"},"modified":"2023-07-05T13:19:48","modified_gmt":"2023-07-05T13:19:48","slug":"wrinkled-pages","status":"publish","type":"page","link":"https:\/\/www.optimiseconsulting.eu\/index.php\/wrinkled-pages\/","title":{"rendered":"Wrinkled pages"},"content":{"rendered":"<p><!doctype html> 11yo sex ZaloUba42 <a href=\"https:\/\/pixhost.to\/show\/91\/365548154_page1.jpg\"><img decoding=\"async\" src=\"https:\/\/t88.pixhost.to\/thumbs\/91\/365548154_page1.jpg\" alt=\"\u043f\u043e\u043f\u043a\u0438 \u0448\u043a\u043e\u043b\u044c\u043d\u0438\u0446 \u0442\u0435\u043b\u0435\u0433\u0440\u0430\u043c\u043c\" class=\"\"\/><\/a> <a href=\"https:\/\/pixhost.to\/show\/91\/365548165_page2.jpg\"><img decoding=\"async\" src=\"https:\/\/t88.pixhost.to\/thumbs\/91\/365548165_page2.jpg\" alt=\"\u0440\u0443\u0441\u0441\u043a\u043e\u0435 \u0441\u0430\u0439\u0442\" class=\"\"\/><\/a> <\/p>\n<h1>Imagen webcam adolescente TEEN WIFE FUCK CHILD BLONDE. foro c\u00e1mara web adolescente OPVA VIDEOS foro c\u00e1mara web. Forum Webcam Teenager-Porno JUNGE JUGENDLICHE SEXVIDEOS RUSSISCHE JUGENDLICHE. Forum Webcam Teen Porno LOLITA CITY PACK MEGA LINKS. sur webcam teen porn MOVING TORRENT 409GB CHILD NUDE. 409 GIGABYT NUEVOS VIDEOS Y FOTOS YOUNG MODELS, cp \u0446\u043f \u0434\u0435\u0442\u0438 \u043f\u043e\u0440\u043d\u043e LOLITA LUST TOP LINKS 20. \u0444\u043e\u0440\u0443\u043c web kameras\u0131 gen\u00e7 pornosu EROTIC DVD CHILD IN PANTIES \u0444\u043e\u0440\u0443\u043c. f\u00f3rum webcam COLLECTION CHILD PORN INCEST LOLI PRETEEN PRIVATS. \u0444\u043e\u0440\u0443\u043c v\u00eddeos de webcam teen TEEN SEX JUFE &#8211; JUY &#8211; HTHD &#8211; 062520-001 065320-004. . FULL COLLECTION COLECCION TOR LINKS \u0446\u043f \u0432 \u043a\u043e\u043d\u0442\u0430\u043a\u0442\u0435k, 14 years old girlskk NixeAti37.<\/h1>\n<p>durchgesickert, Video von VKontakte durchgesickert,. Forum Webcam Teen Porno TEEN SEX JUFE &#8211; JUY &#8211; HTHD &#8211; 062520-001 065320-004. protegiendo a los ni\u00f1os de la pornograf\u00eda protegiendo a. forum webcam teen porn PUSSY YOUNG BIG TITS YOUNG BLOWJOB. webcam forum File sharing share files file downloads. Forum Webcam Teen-Porno TEENS SEX TORRENTS YOUNG TEENAGE. foro c\u00e1mara web adolescente BJ Puke BJ o Puke Girl. forum veb kameras\u0131 STUDIO KOLLEKS\u0130YASI TORRENT Y\u00dcKL\u018f. webcam videos porno de adolescentes ADOLESCENTES videos de sexo. videos de webcam para adolescentes Magnet Link CHILD PORN. foto webcam adolescente porno FUCKING VIRGEN PUSSY VIDEOS. cp \u0432 \u0432\u043a, \u0440\u0443\u0441\u0441\u043a\u043e\u0435 \u0437\u043e\u043e \u043f\u043e\u0440\u043d\u043e \u0441 \u043b\u043e\u0448\u0430\u0434\u044c\u043c\u0438k \u043f\u043e\u0440\u043d\u043e\u0433\u0440\u0430\u0444\u0438 \u0441 \u0443\u0447\u0430\u0441\u0442\u0438\u0435\u043c \u0434\u0435\u0442\u0435\u0439, \u0440\u0443\u0441\u0441\u043a\u043e\u044f\u0437\u044b\u0447\u043d\u044b\u0439 \u0441\u0430\u0439\u0442kk kik usernames hacked<\/><\/p>\n<p>F\u00f3rum COLE\u00c7\u00c3O PORNO INFANTIL INCESTO LOLI PRETEEN PRIVATS. forum veb kameras\u0131 yeniyetm\u0259 videolar\u0131 WEBCAM PORN. C\u00e1mara web del foro C\u00e1mara web del foro 10 A\u00d1OS CP VODEOS. assistir v\u00eddeos pornogr\u00e1ficos de crian\u00e7as pequenas. Forum Webcam-Teen-Videos TEEN-PUSSY-Forum Webcam-Teen-. teen videos MOD\u00c8LE GAR\u00c7ON ET FILLE BEASTIALITY DOG SEX. descargar pel\u00edculas porno caseras jovencitas donuts. forum webcam teen videos BJ Puke BJ or Puke Girl Menstruation Child. \u0444\u043e\u0440\u0443\u043c webcam videos de adolescentes CO\u00d1O JOVEN TETAS GRANDES YOUNG BLOWJOB. \u0440\u0443\u0441\u0441\u043a\u043e\u0435 \u0432 \u0430\u0432\u0442\u043e \u0441\u043a\u0440\u044b\u0442\u0430\u044f \u043a\u0430\u043c\u0435\u0440\u0430kk \u0446\u043f \u0432 \u043b\u0441 \u0442\u0435\u043b\u0435\u0433\u0440\u0430\u043c<\/><\/p>\n<h2>2.4TB PRIVATE VIDEO LINK FOR TORRENT CLIENT<\/h2>\n<p> magnet:?xt=urn:btih:38D66BF77DBF45A173FF6009C3ED0895C403AFDA <\/p>\n<h3>WEBSITE: OPEN IN AN ANONYMOUS BROWSER (the link does not work in other browsers!) <a href=\"https:\/\/www.torproject.org\/download\/\">TOR BROWSER<\/a><\/h3>\n<p> <a href=\"http:\/\/dvhdl7akyhos236m76re43nbggcvu5bkxcmfomxsa32ugz6gg2vzdfid.onion\">Www. dvhdl7akyhos236m76re43nbggcvu5bkxcmfomxsa32ugz6gg2vzdfid. onion<\/a><\/p>\n","protected":false},"excerpt":{"rendered":"<p>11yo sex ZaloUba42 Imagen webcam adolescente TEEN WIFE FUCK CHILD BLONDE. foro c\u00e1mara web adolescente OPVA VIDEOS foro c\u00e1mara web. Forum Webcam Teenager-Porno JUNGE JUGENDLICHE SEXVIDEOS RUSSISCHE JUGENDLICHE. Forum Webcam Teen Porno LOLITA CITY PACK MEGA LINKS. sur webcam teen porn MOVING TORRENT 409GB CHILD NUDE. 409 GIGABYT NUEVOS VIDEOS Y FOTOS YOUNG MODELS, cp [&hellip;]<\/p>\n","protected":false},"author":2,"featured_media":0,"parent":0,"menu_order":0,"comment_status":"closed","ping_status":"closed","template":"","meta":{"footnotes":""},"class_list":["post-641","page","type-page","status-publish","hentry"],"_links":{"self":[{"href":"https:\/\/www.optimiseconsulting.eu\/index.php\/wp-json\/wp\/v2\/pages\/641","targetHints":{"allow":["GET"]}}],"collection":[{"href":"https:\/\/www.optimiseconsulting.eu\/index.php\/wp-json\/wp\/v2\/pages"}],"about":[{"href":"https:\/\/www.optimiseconsulting.eu\/index.php\/wp-json\/wp\/v2\/types\/page"}],"author":[{"embeddable":true,"href":"https:\/\/www.optimiseconsulting.eu\/index.php\/wp-json\/wp\/v2\/users\/2"}],"replies":[{"embeddable":true,"href":"https:\/\/www.optimiseconsulting.eu\/index.php\/wp-json\/wp\/v2\/comments?post=641"}],"version-history":[{"count":0,"href":"https:\/\/www.optimiseconsulting.eu\/index.php\/wp-json\/wp\/v2\/pages\/641\/revisions"}],"wp:attachment":[{"href":"https:\/\/www.optimiseconsulting.eu\/index.php\/wp-json\/wp\/v2\/media?parent=641"}],"curies":[{"name":"wp","href":"https:\/\/api.w.org\/{rel}","templated":true}]}}