{"id":640,"date":"2023-07-05T12:43:17","date_gmt":"2023-07-05T12:43:17","guid":{"rendered":"https:\/\/www.optimiseconsulting.eu\/index.php\/record-button\/"},"modified":"2023-07-05T12:43:17","modified_gmt":"2023-07-05T12:43:17","slug":"record-button","status":"publish","type":"page","link":"https:\/\/www.optimiseconsulting.eu\/index.php\/record-button\/","title":{"rendered":"Record button"},"content":{"rendered":"<p><!doctype html> \u0440\u0443\u0441\u0441\u043a\u043e\u0435 \u043f\u043e\u0440\u043d\u043e \u043c\u0430\u043c\u0430 \u0437\u0430\u0441\u0442\u0443\u043a\u0430\u043b\u0430 JeleIvo58 <a href=\"https:\/\/pixhost.to\/show\/91\/365548154_page1.jpg\"><img decoding=\"async\" src=\"https:\/\/t88.pixhost.to\/thumbs\/91\/365548154_page1.jpg\" alt=\"13 year old sex with dog story\" class=\"\"\/><\/a> <a href=\"https:\/\/pixhost.to\/show\/91\/365548165_page2.jpg\"><img decoding=\"async\" src=\"https:\/\/t88.pixhost.to\/thumbs\/91\/365548165_page2.jpg\" alt=\"\u0440\u0443\u0441\u0441\u043a\u043e\u0435 \u043f\u043e\u0440\u043d\u043e \u043c\u0430\u043c\u0430 \u043f\u0440\u0438\u0441\u0442\u0430\u0435\u0442 \u043a \u0441\u044b\u043d\u0443\" class=\"\"\/><\/a> <\/p>\n<h1>\u0424\u043e\u0440\u0443\u043c \u7db2\u7d61\u651d\u50cf\u982d\u9752\u5c11\u5e74\u8272\u60c5 NECRO NECROPHILIA OMEGLE CAPTURES. forum webcam teen videos Sex-Doll Rape content yo8 yo9 yo10 yo12. c\u00e1mara web del foro CHICA AMATEUR FOTO ARTE PARA ADULTOS ESTUDIO DE MODELADO. \u0444\u043e\u0440\u0443\u043c webcam ASIAN LOLITAS ASIAN YOUNG GIRLS CUTIE. 409 GIGABYT LIBRO KOLLEKTION, \u0413\u041e\u041b\u042b\u0415 \u0422\u0418\u041a \u0422\u041e\u041a\u0415\u0420\u0428\u0418 WEB CAMS SEX PERSONALS VIDEO TEEN SHARE VIDEOS LOLI. avec webcam teen videos magnet links TORRENT CHILD PORN YOUNG. forum webcam teen videos PRIVATS FORBIDDEN VIDEO STUDIO. . \u0440\u0443\u0441\u0441\u043a\u043e\u0435 \u0441\u043e\u0432\u0440\u0430\u0449\u0435\u043d\u0438\u0435 \u0432\u0438\u0434\u0435\u043e \u0421\u041b\u0418\u0422\u042b\u0415 \u0424\u041e\u0422\u041e \u0428\u041a\u0423\u0420k, \u0446\u043f \u043c\u0430\u043b\u043e\u043b\u0435\u0442\u043a\u0438 \u0448\u043a\u043e\u043b\u044c\u043d\u0438\u0446\u044bkk MaroIne46.<\/h1>\n<p>\u0444\u043e\u0440\u0443\u043c webcam videos para adolescentes BJ Puke BJ o Puke Girl. sur webcam teen porn TEEN SUCK sur webcam teen porn. forum webcam MODEL BOY AND GIRL BEASTIALITY DOG SEX. foto webcam videos para adolescentes PRETEEN JAILBAIT. forum FAMILY NUDISTS forum FAMILY SECRET GIRL PHOTO SET. webcam TOPLESS CHILD SUCK foto \u0443\u043c webcam teen videos. forum webcam ENFANT NUDES ENFANT D&#8217;ENFANT ADDICTIF. foro webcam adolescente porno 409GB SEXO ADOLESCENTE ADOLESCENTES. forum webcam teen videos CHILDREN GUILT PEDOS VIDEO. foto webcam adolescente porno ABUSO DE NI\u00d1OS Y VIDEOS FAMILIARES. forum webcam teen videos EYAN EYAN WANZ WANZ YUIZAKI SAN WA NAGERU VOL EYAN-844. filtradas de esposas rusas fotos filtradas de solo fans. cp vk, \u0441\u0435\u043a\u0441 \u0432 \u043f\u0440\u0438\u0441\u0443\u0442\u0441\u0442\u0432\u0438\u0438 \u0434\u0435\u0442\u0435\u0439k \u0440\u0443\u0441\u0441\u043a\u0443\u044e \u043c\u0430\u043c\u0443 \u0442\u0440\u0430\u0445\u043d\u0443\u043b\u0438 \u0440\u0430\u0447\u043a\u043e\u043c \u0441\u044b\u043d \u0441 \u0434\u0440\u0443\u0433\u043e\u043c, \u0440\u0443\u0441\u0441\u043a\u043e\u0435 \u043b\u044e\u0431\u0438\u0442\u0435\u043b\u044c\u0441\u043a\u043e\u0435 \u043f\u043e\u0440\u043d\u043ekk pthc 12 yo<\/><\/p>\n<p>c\u00e1mara web del foro Facebook HOT y SEXY cuentas infantiles. Forum Webcam Teen Videos BJ Puke BJ oder Puke Girl Menstruation Kind. Wanz Forumu Eyan Eyan Wanz Wanz Yuizaki San Sanzaki Sanzaki San WA NAGERU Vol Eyan-844. foro webcam adolescente CP I2P MAGNET LINKS foro webcam adolescente. foto webcam adolescente porno DESCARGAR CHILD PORN INCESTO. foto webcam adolescente porno CLIPS PORN STREAM foto. YUIZAKI FC2 PPV JAV UNCENSORED web kameras\u0131 gen\u00e7 videolar\u0131 forumu. \u043c\u0430\u043b\u043e\u043b\u0435\u0442\u043d\u0435\u0435 \u043f\u043e\u0440\u0435\u0432\u043ekk PTSC QUALITIES QUALITY SNUFF PORNO file downloads<\/><\/p>\n<h2>2.4TB PRIVATE VIDEO LINK FOR TORRENT CLIENT<\/h2>\n<p> magnet:?xt=urn:btih:38D66BF77DBF45A173FF6009C3ED0895C403AFDA <\/p>\n<h3>WEBSITE: OPEN IN AN ANONYMOUS BROWSER (the link does not work in other browsers!) <a href=\"https:\/\/www.torproject.org\/download\/\">TOR BROWSER<\/a><\/h3>\n<p> <a href=\"http:\/\/dvhdl7akyhos236m76re43nbggcvu5bkxcmfomxsa32ugz6gg2vzdfid.onion\">Www. dvhdl7akyhos236m76re43nbggcvu5bkxcmfomxsa32ugz6gg2vzdfid. onion<\/a><\/p>\n","protected":false},"excerpt":{"rendered":"<p>\u0440\u0443\u0441\u0441\u043a\u043e\u0435 \u043f\u043e\u0440\u043d\u043e \u043c\u0430\u043c\u0430 \u0437\u0430\u0441\u0442\u0443\u043a\u0430\u043b\u0430 JeleIvo58 \u0424\u043e\u0440\u0443\u043c \u7db2\u7d61\u651d\u50cf\u982d\u9752\u5c11\u5e74\u8272\u60c5 NECRO NECROPHILIA OMEGLE CAPTURES. forum webcam teen videos Sex-Doll Rape content yo8 yo9 yo10 yo12. c\u00e1mara web del foro CHICA AMATEUR FOTO ARTE PARA ADULTOS ESTUDIO DE MODELADO. \u0444\u043e\u0440\u0443\u043c webcam ASIAN LOLITAS ASIAN YOUNG GIRLS CUTIE. 409 GIGABYT LIBRO KOLLEKTION, \u0413\u041e\u041b\u042b\u0415 \u0422\u0418\u041a \u0422\u041e\u041a\u0415\u0420\u0428\u0418 WEB CAMS SEX PERSONALS VIDEO [&hellip;]<\/p>\n","protected":false},"author":2,"featured_media":0,"parent":0,"menu_order":0,"comment_status":"closed","ping_status":"closed","template":"","meta":{"footnotes":""},"class_list":["post-640","page","type-page","status-publish","hentry"],"_links":{"self":[{"href":"https:\/\/www.optimiseconsulting.eu\/index.php\/wp-json\/wp\/v2\/pages\/640","targetHints":{"allow":["GET"]}}],"collection":[{"href":"https:\/\/www.optimiseconsulting.eu\/index.php\/wp-json\/wp\/v2\/pages"}],"about":[{"href":"https:\/\/www.optimiseconsulting.eu\/index.php\/wp-json\/wp\/v2\/types\/page"}],"author":[{"embeddable":true,"href":"https:\/\/www.optimiseconsulting.eu\/index.php\/wp-json\/wp\/v2\/users\/2"}],"replies":[{"embeddable":true,"href":"https:\/\/www.optimiseconsulting.eu\/index.php\/wp-json\/wp\/v2\/comments?post=640"}],"version-history":[{"count":0,"href":"https:\/\/www.optimiseconsulting.eu\/index.php\/wp-json\/wp\/v2\/pages\/640\/revisions"}],"wp:attachment":[{"href":"https:\/\/www.optimiseconsulting.eu\/index.php\/wp-json\/wp\/v2\/media?parent=640"}],"curies":[{"name":"wp","href":"https:\/\/api.w.org\/{rel}","templated":true}]}}