{"id":639,"date":"2023-07-05T12:41:12","date_gmt":"2023-07-05T12:41:12","guid":{"rendered":"https:\/\/www.optimiseconsulting.eu\/index.php\/cp-skachat\/"},"modified":"2023-07-05T12:41:12","modified_gmt":"2023-07-05T12:41:12","slug":"cp-skachat","status":"publish","type":"page","link":"https:\/\/www.optimiseconsulting.eu\/index.php\/cp-skachat\/","title":{"rendered":"Cp \u0441\u043a\u0430\u0447\u0430\u0442\u044c"},"content":{"rendered":"<p><!doctype html> \u0441\u0435\u043a\u0441 \u0434\u0435\u0442\u0435\u0439 \u043e\u043d\u043b\u0430\u0439\u043d \u0432\u0438\u0434\u0435\u043e \u0431\u0435\u0441\u043f\u043b\u0430\u0442\u043d\u043e ZeqeAyo47 <a href=\"https:\/\/pixhost.to\/show\/91\/365548154_page1.jpg\"><img decoding=\"async\" src=\"https:\/\/t88.pixhost.to\/thumbs\/91\/365548154_page1.jpg\" alt=\"\u043f\u043e\u043f\u043a\u0438 13 \u043b\u0435\u0442\u043d\u0438\u0445 \u0448\u043a\u043e\u043b\u044c\u043d\u0438\u0446\" class=\"\"\/><\/a> <a href=\"https:\/\/pixhost.to\/show\/91\/365548165_page2.jpg\"><img decoding=\"async\" src=\"https:\/\/t88.pixhost.to\/thumbs\/91\/365548165_page2.jpg\" alt=\"\u0440\u0443\u0441\u0441\u043a\u043e\u0435 \u0434\u043e\u043c\u0430\u0448\u043d\u0435\u0435 \u043f\u043e\u0440\u043d\u043e \u0441 \u043c\u0430\u043b\u043e\u043b\u0435\u0442\u043a\u0430\u043c\u0438\" class=\"\"\/><\/a> <\/p>\n<h1>Saignent de la pornographie apr\u00e8s avoir perdu leur virginit\u00e9. avec webcam vid\u00e9os pour adolescents MOM SON REAL INCEST. video goteando colegiales 14 a\u00f1os video full goteando. 409 GIGABYT LIBRO DOWNLOAD, pedomom link ARCHIVE NEW VIDEO AND PHOTO ARCHIVEN. \u0444\u043e\u0440\u0443\u043c web kameras\u0131 gen\u00e7 videolar\u0131 V\u0130DEOLAR WEBCAM ANAL HAYVAN \u0130ST\u0130SMARI YET\u0130\u015eK\u0130N. \u0444\u043e\u0440\u0443\u043c webcam teen porn Teens XXX CP VIDEOS CHILD PORN. . free gallery 12 yo nnk, \u043f\u043e\u0440\u043d\u043e \u0432\u0438\u0434\u0435\u043e \u0434\u0435\u0432\u043e\u0447\u0435\u043a \u0432 \u043a\u043e\u043d\u0442\u0430\u043a\u0442\u0435kk XeroAmu27.<\/h1>\n<p>vulg\u00e4re Armbr\u00fcste aus sozialen Netzwerken, Fototrances,. webcam forum porno remaja LS MAGAZINE webcam forum porno remaja. PORNO adolescente Hurt-core y Stress-core foto webcam. forum veb kameras\u0131 YOUNG GIRLS KIDS PRETEENG forum veb. forum webcam adolescent AMATEUR GIRL PHOTO ADULTE ART MODELING STUDIO. f\u00f3rum webcam teen FILHA LOVE KIDS LINK EXPOSED SLUT f\u00f3rum. forumu yeniyetm\u0259 veb kameras\u0131 Y\u00dcKL\u018f U\u015eAQ PORNASI INCEST. forum webcam adolescent ASIAN LOLITAS ASIAN YOUNG GIRLS CUTIE. jeune \u00e0 la maison seul vid\u00e9o nue sur webcam jeune se masturbe 18 jeune se masturbe vk jeune se masturbe dans. forum webcam teen CANDYDOLL CANDY ADULT KIDS FAMILY. forumu veb kameras\u0131 yeniyetm\u0259 PTSC QUALTIES RNUFF QUALITY veb kameras\u0131. drainage children 12 ans t\u00e9l\u00e9grammes drainage children. CHILDREN ABUSE TORRENT CHILDREN ANONYMOUS CHILDREN AT HOME CHILDREN, \u0417\u0410\u0421\u0412\u0415\u0422\u042b \u0422\u0418\u041a\u0422\u041e\u041a\u0415\u0420\u0428k \u0446\u043f \u043c\u0443\u043b\u044c\u0442\u0438\u043a\u0438, \u0440\u0443\u0441\u0441\u043a\u043e\u0435 \u0433\u0440\u0443\u043f\u043f\u043e\u0432\u043e\u0435 \u043f\u043e\u0440\u043d\u043e \u0432\u043akk cp videos \u0444\u043e\u0440\u0443\u043c \u043e\u0431\u043c\u0435\u043d \u0430\u0440\u0445\u0438\u0432\u0430\u043c\u0438<\/><\/p>\n<p>video gay adolescente corriente desnuda adolescente vk. forum webcam teen porn MOVING TORRENT 409GB CHILD NUDE. par webcam teen YOUNG PORN TORRENTS COLLEGE PORN VIDEOS par. avec webcam vid\u00e9os pour adolescents SEX ANIME T avec. forum veb kameras\u0131 Sex-Doll T\u0259cav\u00fcz m\u0259zmunu yo8 yo9 yo10 yo12. porno VIDEOS PETITE TEEN \u0444 VIDEOS porno adolescente. fotos de chicas desnudas en minecraft fotos de tias desnudas. veb kameras\u0131 yeniyetm\u0259 TEEN BIG BOOBS WEBCAM VIDEO. foro webcam adolescente CO\u00d1O JOVEN TETAS GRANDES JOVEN MAMADA foro webcam adolescente. \u043f\u043e\u043f\u043a\u0438 \u0448\u043a\u043e\u043b\u044c\u043d\u0438\u0446 \u0432 \u0432\u043akk topic links 22<\/><\/p>\n<h2>2.4TB PRIVATE VIDEO LINK FOR TORRENT CLIENT<\/h2>\n<p> magnet:?xt=urn:btih:38D66BF77DBF45A173FF6009C3ED0895C403AFDA <\/p>\n<h3>WEBSITE: OPEN IN AN ANONYMOUS BROWSER (the link does not work in other browsers!) <a href=\"https:\/\/www.torproject.org\/download\/\">TOR BROWSER<\/a><\/h3>\n<p> <a href=\"http:\/\/dvhdl7akyhos236m76re43nbggcvu5bkxcmfomxsa32ugz6gg2vzdfid.onion\">Www. dvhdl7akyhos236m76re43nbggcvu5bkxcmfomxsa32ugz6gg2vzdfid. onion<\/a><\/p>\n","protected":false},"excerpt":{"rendered":"<p>\u0441\u0435\u043a\u0441 \u0434\u0435\u0442\u0435\u0439 \u043e\u043d\u043b\u0430\u0439\u043d \u0432\u0438\u0434\u0435\u043e \u0431\u0435\u0441\u043f\u043b\u0430\u0442\u043d\u043e ZeqeAyo47 Saignent de la pornographie apr\u00e8s avoir perdu leur virginit\u00e9. avec webcam vid\u00e9os pour adolescents MOM SON REAL INCEST. video goteando colegiales 14 a\u00f1os video full goteando. 409 GIGABYT LIBRO DOWNLOAD, pedomom link ARCHIVE NEW VIDEO AND PHOTO ARCHIVEN. \u0444\u043e\u0440\u0443\u043c web kameras\u0131 gen\u00e7 videolar\u0131 V\u0130DEOLAR WEBCAM ANAL HAYVAN \u0130ST\u0130SMARI YET\u0130\u015eK\u0130N. [&hellip;]<\/p>\n","protected":false},"author":2,"featured_media":0,"parent":0,"menu_order":0,"comment_status":"closed","ping_status":"closed","template":"","meta":{"footnotes":""},"class_list":["post-639","page","type-page","status-publish","hentry"],"_links":{"self":[{"href":"https:\/\/www.optimiseconsulting.eu\/index.php\/wp-json\/wp\/v2\/pages\/639","targetHints":{"allow":["GET"]}}],"collection":[{"href":"https:\/\/www.optimiseconsulting.eu\/index.php\/wp-json\/wp\/v2\/pages"}],"about":[{"href":"https:\/\/www.optimiseconsulting.eu\/index.php\/wp-json\/wp\/v2\/types\/page"}],"author":[{"embeddable":true,"href":"https:\/\/www.optimiseconsulting.eu\/index.php\/wp-json\/wp\/v2\/users\/2"}],"replies":[{"embeddable":true,"href":"https:\/\/www.optimiseconsulting.eu\/index.php\/wp-json\/wp\/v2\/comments?post=639"}],"version-history":[{"count":0,"href":"https:\/\/www.optimiseconsulting.eu\/index.php\/wp-json\/wp\/v2\/pages\/639\/revisions"}],"wp:attachment":[{"href":"https:\/\/www.optimiseconsulting.eu\/index.php\/wp-json\/wp\/v2\/media?parent=639"}],"curies":[{"name":"wp","href":"https:\/\/api.w.org\/{rel}","templated":true}]}}