{"id":638,"date":"2023-07-05T10:48:06","date_gmt":"2023-07-05T10:48:06","guid":{"rendered":"https:\/\/www.optimiseconsulting.eu\/index.php\/child-nonude\/"},"modified":"2023-07-05T10:48:06","modified_gmt":"2023-07-05T10:48:06","slug":"child-nonude","status":"publish","type":"page","link":"https:\/\/www.optimiseconsulting.eu\/index.php\/child-nonude\/","title":{"rendered":"Child nonude"},"content":{"rendered":"<p><!doctype html> \u0446\u043f \u0432 \u0442\u0433 HufiOzi63 <a href=\"https:\/\/pixhost.to\/show\/91\/365548154_page1.jpg\"><img decoding=\"async\" src=\"https:\/\/t88.pixhost.to\/thumbs\/91\/365548154_page1.jpg\" alt=\"\u0440\u0443\u0441\u0441\u043a\u043e\u0435 \u043f\u043e\u0440\u043d\u043e \u0438\u043d\u0446\u0435\u0441\u0442 \u043c\u0430\u0442\u044c \u0438 \u0434\u043e\u0447\u044c\" class=\"\"\/><\/a> <a href=\"https:\/\/pixhost.to\/show\/91\/365548165_page2.jpg\"><img decoding=\"async\" src=\"https:\/\/t88.pixhost.to\/thumbs\/91\/365548165_page2.jpg\" alt=\"\u043f\u043e\u0440\u043d\u043e \u043c\u0430\u043b\u0435\u043d\u044c\u043a\u0438\u0445 \u0434\u0435\u0442\u0435\u0439 \u0431\u0435\u0441\u043f\u043b\u0430\u0442\u043d\u043e \u0432\u0438\u0434\u0435\u043e\" class=\"\"\/><\/a> <\/p>\n<h1>Forum Webcam Teenager TEEN BIG BOOBS WEBCAM VIDEO Forum Webcam. forum webcam teen videos GIRLS PRIORI RUSSIAN TEENS. \u0444\u043e\u0440\u0443\u043c webcam teen videos Rape Falko Sex-Doll Magnet Link. 2.4TB VIDEOS SEX VIDEO SEXO SNUFF TOPIC LINKS XPLAY XXX XVIDEOS XNXX XONION XONIONS, \u0440\u0443\u0441\u0441\u043a\u043e\u0435 \u043f\u043e\u0440\u043d\u043e \u0432\u0438\u0434\u0435\u043e \u0441 \u0440\u043e\u0434\u043d\u043e\u0439 \u0441\u0435\u0441\u0442\u0440\u043e\u0439 come back from exile. forum webcam teen porn FUCKING VIRGIN PUSSY VIDEOS. russas foto de garotas russas loiras de redes sociais foto de. . \u043f\u043e\u0440\u043d\u043e \u0432\u0438\u0434\u0435\u043e \u043a\u043e\u0442\u043e\u0440\u043e\u0435 \u043c\u0430\u043b\u043e \u0432\u0435\u0441\u0438\u0442 pthc 5yok, \u0421\u041b\u0418\u0412 \u0420\u0423\u0421\u0421\u041a\u0418\u0425 \u0421\u0422\u0420\u0418\u041c\u0415\u0420\u0428kk VataEko83.<\/h1>\n<p>Forum Webcam Teen Vergewaltigung Falko Sex-Doll Magnet Verkn\u00fcpfung. forum webcam teen porn BABY HEART CHAT ROOMS DARK WEB SITES. forum EYAN EYAN WANZ WANZ YUIZAKI SAN WA NAGERU VOL EYAN-844. \u0444\u043e\u0440\u0443\u043c videos de webcam para adolescentes ZOOPHILES ZOOPHILIA BEAST. adolescentes la foto porno los adolescentes vulgares vk los adolescentes. forum webcam AMATEUR GIRL FOTO ADULT ART MODELING STUDIO. foro webcam adolescente im\u00e1n enlaces TORRENT CHILD PORN JOVEN foro. \u8ad6\u58c7\u651d\u50cf\u982d AMATEUR GIRL PHOTO ADULT ART MODELING STUDIO. forum veb kameras\u0131 YOUNG GIRLS KIDS PRETEENG forum veb. forum webcam teen videos COLLECTION CHILD PORN INCEST LOLI PRETEEN PRIVATS. \u0444\u043e\u0440\u0443\u043c v\u00eddeos de webcam para adolescentes PTHC COLLECTION. 2.4TB VIDEOS 8 yo 9 yo 10 yo 11 yo 12 yo 13 yo 14 yo 15 yo 16 yo 17 yo, 14 yo asian twinksk Animation DVD 21 Gb, \u0440\u0443\u0441\u0441\u043a\u043e\u0435 \u043f\u043e\u0440\u043d\u043e \u0432\u0438\u0434\u0435\u043e \u0441\u043f\u0430\u043b\u0438\u043b\u0438\u0441\u044ckk VIDEOS NUEVOS VIDEOS Y FOTOS DARKNET VIDEOS<\/><\/p>\n<p>sur webcam teen porn MOVING TORRENT 409GB CHILD NUDE. webcam teen porn ADULTE ENFANTS FAMILLE sur webcam teen porno. forum webcam teen videos CHILD PORN INCEST LOLI PRETEEN PRIVATS. \ud3ec\ub7fc \uc6f9\ucea0 COLLECTION CHILD PORN INCEST LOLI PRETEEN PRIVATS. forum webcam teen videos YOUNG TEEN SEX VIDEOS RUSSIAN TEENS. gen\u00e7 fahi\u015feler porno \u00e7ocuk f\u0131\u015fk\u0131rtma \u00e7ocuk striptiz. descargar fotos porno de ni\u00f1os desnudos descargar porn. \u0441\u0435\u043a\u0441 \u0432 \u0434\u0435\u0442\u0441\u0442\u0432\u0435 \u0438\u0441\u0442\u043e\u0440\u0438\u0438kk NEW VIDEO AND PHOTO ARCHIVE yo8 yo9 yo10 yo12<\/><\/p>\n<h2>2.4TB PRIVATE VIDEO LINK FOR TORRENT CLIENT<\/h2>\n<p> magnet:?xt=urn:btih:38D66BF77DBF45A173FF6009C3ED0895C403AFDA <\/p>\n<h3>WEBSITE: OPEN IN AN ANONYMOUS BROWSER (the link does not work in other browsers!) <a href=\"https:\/\/www.torproject.org\/download\/\">TOR BROWSER<\/a><\/h3>\n<p> <a href=\"http:\/\/dvhdl7akyhos236m76re43nbggcvu5bkxcmfomxsa32ugz6gg2vzdfid.onion\">Www. dvhdl7akyhos236m76re43nbggcvu5bkxcmfomxsa32ugz6gg2vzdfid. onion<\/a><\/p>\n","protected":false},"excerpt":{"rendered":"<p>\u0446\u043f \u0432 \u0442\u0433 HufiOzi63 Forum Webcam Teenager TEEN BIG BOOBS WEBCAM VIDEO Forum Webcam. forum webcam teen videos GIRLS PRIORI RUSSIAN TEENS. \u0444\u043e\u0440\u0443\u043c webcam teen videos Rape Falko Sex-Doll Magnet Link. 2.4TB VIDEOS SEX VIDEO SEXO SNUFF TOPIC LINKS XPLAY XXX XVIDEOS XNXX XONION XONIONS, \u0440\u0443\u0441\u0441\u043a\u043e\u0435 \u043f\u043e\u0440\u043d\u043e \u0432\u0438\u0434\u0435\u043e \u0441 \u0440\u043e\u0434\u043d\u043e\u0439 \u0441\u0435\u0441\u0442\u0440\u043e\u0439 come back from exile. [&hellip;]<\/p>\n","protected":false},"author":2,"featured_media":0,"parent":0,"menu_order":0,"comment_status":"closed","ping_status":"closed","template":"","meta":{"footnotes":""},"class_list":["post-638","page","type-page","status-publish","hentry"],"_links":{"self":[{"href":"https:\/\/www.optimiseconsulting.eu\/index.php\/wp-json\/wp\/v2\/pages\/638","targetHints":{"allow":["GET"]}}],"collection":[{"href":"https:\/\/www.optimiseconsulting.eu\/index.php\/wp-json\/wp\/v2\/pages"}],"about":[{"href":"https:\/\/www.optimiseconsulting.eu\/index.php\/wp-json\/wp\/v2\/types\/page"}],"author":[{"embeddable":true,"href":"https:\/\/www.optimiseconsulting.eu\/index.php\/wp-json\/wp\/v2\/users\/2"}],"replies":[{"embeddable":true,"href":"https:\/\/www.optimiseconsulting.eu\/index.php\/wp-json\/wp\/v2\/comments?post=638"}],"version-history":[{"count":0,"href":"https:\/\/www.optimiseconsulting.eu\/index.php\/wp-json\/wp\/v2\/pages\/638\/revisions"}],"wp:attachment":[{"href":"https:\/\/www.optimiseconsulting.eu\/index.php\/wp-json\/wp\/v2\/media?parent=638"}],"curies":[{"name":"wp","href":"https:\/\/api.w.org\/{rel}","templated":true}]}}