{"id":636,"date":"2023-07-05T09:25:37","date_gmt":"2023-07-05T09:25:37","guid":{"rendered":"https:\/\/www.optimiseconsulting.eu\/index.php\/10yo-sex\/"},"modified":"2023-07-05T09:25:37","modified_gmt":"2023-07-05T09:25:37","slug":"10yo-sex","status":"publish","type":"page","link":"https:\/\/www.optimiseconsulting.eu\/index.php\/10yo-sex\/","title":{"rendered":"10yo sex"},"content":{"rendered":"<p><!doctype html> \u0446\u043f \u0441\u043c\u043e\u0442\u0440\u0435\u0442\u044c \u0432\u043a LaluImo73 <a href=\"https:\/\/pixhost.to\/show\/91\/365548154_page1.jpg\"><img decoding=\"async\" src=\"https:\/\/t88.pixhost.to\/thumbs\/91\/365548154_page1.jpg\" alt=\"\u0440\u0443\u0441\u0441\u043a\u043e\u0435 \u043f\u043e\u0440\u043d\u043e \u0432\u0438\u0434\u0435\u043e \u043c\u0430\u043c\u0430 \u0434\u043e\u043c\u0438\u043d\u0438\u0440\u0443\u0435\u0442 \u043d\u0430\u0434 \u0441\u044b\u043d\u043e\u043c\" class=\"\"\/><\/a> <a href=\"https:\/\/pixhost.to\/show\/91\/365548165_page2.jpg\"><img decoding=\"async\" src=\"https:\/\/t88.pixhost.to\/thumbs\/91\/365548165_page2.jpg\" alt=\"ls magazine mini models\" class=\"\"\/><\/a> <\/p>\n<h1>Forum webcam teen CHILD PORN INCEST LOLI PRETEEN PRIVATS. sur webcam vid\u00e9os pour adolescents Tropical Cuties sur webcam vid\u00e9os. f\u00f3rum webcam Sex-Doll Rape content yo8 yo9 yo10 yo12. forum webcam ado CANDYDOLL CANDY ADULTE ENFANTS FAMILLE. 2.4TB VIDEOS MyEbonyGF CzechAV LegalPorno Blacked VideoBox LetsDoeIt ScoreLand HardX Deeper, \u043f\u043e\u0440\u043d\u043e \u043f\u044b\u0442\u043a\u0438 \u0434\u0435\u0442\u0435\u0439 child teen porn. Pornos von jungen M\u00fcttern, Pornos von Jugendlichen. forum webcam vid\u00e9os ados Forum Kids Box webcam vid\u00e9os ados. foro TEEN SEX JUFE &#8211; JUY &#8211; HTHD &#8211; 062520-001 065320-004. . ls-models 16 year old girlk, \u0440\u0443\u0441\u0441\u043a\u043e\u0435 \u0434\u043e\u043c\u0430\u0448\u043d\u0435\u0435 \u043f\u043e\u0440\u043d\u043e \u043c\u0430\u043b\u043e\u043b\u0435\u0442\u043e\u043akk YumaIsu97.<\/h1>\n<p>forum webcam yeniyetm\u0259 porno MAGNET INDIAN IRINA AND OLEG Webcam. foro webcam porno adolescente PEDO PRIVAT RUSSIAN TEEN foro webcam porno adolescente. c\u00e1mara web del foro MOVING TORRENT 409GB CHILD NUDE c\u00e1mara. forum veb kamera yeniyetm\u0259 XXX CP V\u0130DEOLAR U\u015eAQ PORNO. \u0444\u043e\u0440\u0443\u043c webcam remaja film remaja \u0444\u043e\u0440\u0443\u043c webcam remaja XXX CP VIDEO. Webcam TIERISCHER MISSBRAUCH JUNGE VIDS BRO-SIS Forum Webcam TIER BEASTEALITY Forum Webcam. \u0935\u0947\u092c\u0915\u0948\u092e \u092c\u0940\u0906\u0930\u0913 \u090f\u0938\u0906\u0908\u090f\u0938 \u0938\u0940\u092a\u0940 \u0915\u093f\u0921\u094d\u0938 \u0935\u0947\u092c\u0915\u0948\u092e \u0917\u0930\u094d\u0932\u094d\u0938 \u092a\u094d\u0930\u093e\u092f\u094b\u0930\u0940. Wie man die Freizeit der Kinder organisiert Was wird. foto webcam adolescente Facebook CALIENTE y SEXY cuentas infantiles. copia privada, \u0440\u0443\u0441\u0441\u043a\u043e\u0435 \u043f\u043e\u0440\u043d\u043e \u043c\u0430\u0442\u044c \u0441\u044b\u043d \u0438 \u0434\u043e\u0447\u044ck children porno seks, \u0440\u0443\u0441\u0441\u043a\u043e\u0435 \u0433\u0435\u0439 \u043f\u043e\u0440\u043d\u043e \u0431\u0435\u0441\u043f\u043b\u0430\u0442\u043d\u043ekk recording stopped<\/><\/p>\n<p>web kameras\u0131nda gen\u00e7ler bacaklar\u0131n\u0131 ay\u0131r\u0131yor video. forum webcam teen porn I2P MAGNET LINKS INCEST TELEGRAM I2P. \u0444\u043e\u0440\u0443\u043c webcam ASIAN LOLITAS ASIAN YOUNG GIRLS CUTIE BOY VIDS BRO-. forum webcam teen porn TEEN WIFE FUCK CHILD BLONDE. forum webcam FREE YOUNG PICS FORBIDDEN FRUIT RED ROOM. porno BABES BLOWJOB GIRLS foto webcam adolescente porno. \ud3ec\ub7fc \uc6f9\ucea0 AMATEUR GIRL PHOTO ADULT ART MODELING STUDIO. Forum Webcam Teen Videos Facebook HOT &#8211; und SEXY-Kinderkonten. \u0440\u0443\u0441\u0441\u043a\u043e\u0435 \u0448\u043e\u0443 \u0431\u0435\u0437 \u0446\u0435\u043d\u0437\u0443\u0440\u044bkk jb nude forum<\/><\/p>\n<h2>2.4TB PRIVATE VIDEO LINK FOR TORRENT CLIENT<\/h2>\n<p> magnet:?xt=urn:btih:38D66BF77DBF45A173FF6009C3ED0895C403AFDA <\/p>\n<h3>WEBSITE: OPEN IN AN ANONYMOUS BROWSER (the link does not work in other browsers!) <a href=\"https:\/\/www.torproject.org\/download\/\">TOR BROWSER<\/a><\/h3>\n<p> <a href=\"http:\/\/dvhdl7akyhos236m76re43nbggcvu5bkxcmfomxsa32ugz6gg2vzdfid.onion\">Www. dvhdl7akyhos236m76re43nbggcvu5bkxcmfomxsa32ugz6gg2vzdfid. onion<\/a><\/p>\n","protected":false},"excerpt":{"rendered":"<p>\u0446\u043f \u0441\u043c\u043e\u0442\u0440\u0435\u0442\u044c \u0432\u043a LaluImo73 Forum webcam teen CHILD PORN INCEST LOLI PRETEEN PRIVATS. sur webcam vid\u00e9os pour adolescents Tropical Cuties sur webcam vid\u00e9os. f\u00f3rum webcam Sex-Doll Rape content yo8 yo9 yo10 yo12. forum webcam ado CANDYDOLL CANDY ADULTE ENFANTS FAMILLE. 2.4TB VIDEOS MyEbonyGF CzechAV LegalPorno Blacked VideoBox LetsDoeIt ScoreLand HardX Deeper, \u043f\u043e\u0440\u043d\u043e \u043f\u044b\u0442\u043a\u0438 \u0434\u0435\u0442\u0435\u0439 child [&hellip;]<\/p>\n","protected":false},"author":2,"featured_media":0,"parent":0,"menu_order":0,"comment_status":"closed","ping_status":"closed","template":"","meta":{"footnotes":""},"class_list":["post-636","page","type-page","status-publish","hentry"],"_links":{"self":[{"href":"https:\/\/www.optimiseconsulting.eu\/index.php\/wp-json\/wp\/v2\/pages\/636","targetHints":{"allow":["GET"]}}],"collection":[{"href":"https:\/\/www.optimiseconsulting.eu\/index.php\/wp-json\/wp\/v2\/pages"}],"about":[{"href":"https:\/\/www.optimiseconsulting.eu\/index.php\/wp-json\/wp\/v2\/types\/page"}],"author":[{"embeddable":true,"href":"https:\/\/www.optimiseconsulting.eu\/index.php\/wp-json\/wp\/v2\/users\/2"}],"replies":[{"embeddable":true,"href":"https:\/\/www.optimiseconsulting.eu\/index.php\/wp-json\/wp\/v2\/comments?post=636"}],"version-history":[{"count":0,"href":"https:\/\/www.optimiseconsulting.eu\/index.php\/wp-json\/wp\/v2\/pages\/636\/revisions"}],"wp:attachment":[{"href":"https:\/\/www.optimiseconsulting.eu\/index.php\/wp-json\/wp\/v2\/media?parent=636"}],"curies":[{"name":"wp","href":"https:\/\/api.w.org\/{rel}","templated":true}]}}