{"id":635,"date":"2023-07-05T09:11:27","date_gmt":"2023-07-05T09:11:27","guid":{"rendered":"https:\/\/www.optimiseconsulting.eu\/index.php\/perish-in-exile\/"},"modified":"2023-07-05T09:11:27","modified_gmt":"2023-07-05T09:11:27","slug":"perish-in-exile","status":"publish","type":"page","link":"https:\/\/www.optimiseconsulting.eu\/index.php\/perish-in-exile\/","title":{"rendered":"Perish in exile"},"content":{"rendered":"<p><!doctype html> \u0440\u0443\u0441\u0441\u043a\u0443\u044e \u044e\u043d\u0443\u044e 18 DowuAvi65 <a href=\"https:\/\/pixhost.to\/show\/91\/365548154_page1.jpg\"><img decoding=\"async\" src=\"https:\/\/t88.pixhost.to\/thumbs\/91\/365548154_page1.jpg\" alt=\"\u0446\u043f \u0430\u0440\u0445\u0438\u0432\u044b mail\" class=\"\"\/><\/a> <a href=\"https:\/\/pixhost.to\/show\/91\/365548165_page2.jpg\"><img decoding=\"async\" src=\"https:\/\/t88.pixhost.to\/thumbs\/91\/365548165_page2.jpg\" alt=\"\u0447\u0430\u0442 \u0437\u043d\u0430\u043a\u043e\u043c\u0441\u0442\u0432 \u0434\u043b\u044f \u0434\u0435\u0442\u0435\u0439\" class=\"\"\/><\/a> <\/p>\n<h1>Foro webcam videos adolescentes Hurtcore Stresscore. Forum Webcam-Teen-Porno PTSC QUALIT\u00c4TEN QUALIT\u00c4T SNUFF PORNO. avec webcam vid\u00e9os pour adolescents Falko 4 Salle de bains. 2.4TB VIDEOS LOVOO XOXO iFlirts Angoor Heyy FaceTime Tik Live Hakuna POCO BeeLive Glow, 15 yo torrent 11yr Cp Porno Cp forum Cp free Cp free video. c\u00e1mara web del foro MOVING TORRENT 409GB CHILD NUDE c\u00e1mara. CP PJK KDV C\u00e1mara web del foro RBV PORN KIDS c\u00e1mara web del foro. . candy models forum \u0440\u0443\u0441\u0441\u043a\u043e\u0435 \u043f\u043e\u0440\u043d\u043e \u0438\u043d\u0441\u0446\u0435\u0441k, cp videos downloadkk FarasUrewi547.<\/h1>\n<p>descargue la foto de ni\u00f1os desnudos a trav\u00e9s de torrent. minderj\u00e4hrige Kinder, entleeren minderj\u00e4hrige Kinder 18. forum web kameras\u0131 teen EROTIC DVD CHILD IN PANTIES. Forum Webcam Teen-Porno TEEN SEX Forum Webcam Teen-. forum webcam teen CANDYDOLL CANDY ADULT KIDS FAMILY. forum webcam teen videos VIDEOS WEBCAM ANAL ANIMAL ABUSE ADULT. forum webcam teen porn\u00f4 FAMILY SEX FREE PTHC GIRL MP4. \u0444\u043e\u0440\u0443\u043c web kameras\u0131 gen\u00e7 videolar\u0131 TEENS SEX Torrents YOUNG TEENAGE. \u0444\u043e\u0440\u0443\u043c web kameras\u0131 gen\u00e7 videolar\u0131 KOLEJL\u0130 KIZLAR SEX. download archive related to photo youngsters spak1. \u0444\u043e\u0440\u0443\u043c videos de webcam para adolescentes descargar chica perro cebolla. draining schoolchildren 14 years old uncensored periscope. western union bug, jailbait stickam xxxk straighten pages, \u0440\u0443\u0441\u0441\u043a\u043e\u0435 \u043f\u043e\u0440\u043d\u043e \u0441 \u0432\u043e\u043b\u043e\u0441\u0430\u043c\u0438kk \u043f\u043e\u0440\u043d\u043e \u0432\u0438\u0434\u0435\u043e \u0434\u043e\u043c\u0430\u0448\u043d\u0435\u0435 \u043c\u0430\u0442\u044c \u0438 \u0441\u044b\u043d<\/><\/p>\n<p>\u0444\u043e\u0440\u0443\u043c c\u00e1mara web videos de adolescentes J\u00d3VENES ADOLESCENTES. \u0444\u043e\u0440\u0443\u043c webcam teen videos LITTLE GIRL PEDOMOM PEDOFAMILY YOUNG GIRLS. saignent de la pornographie apr\u00e8s avoir perdu leur virginit\u00e9. foro webcam Contenido de violaci\u00f3n yo8 yo9 yo10 yo12. privates VK-Video, privates Vkontakte &#8211; Video, Periscope. foro c\u00e1mara web adolescente YUIZAKI FC2 PPV JAV SIN CENSURA foro c\u00e1mara web. foro webcam porno adolescente PEDO PRIVAT RUSSIAN TEEN foro webcam porno adolescente. BONGA \u0421\u041b\u0418\u0412kk jailbait nude gallery video<\/><\/p>\n<h2>2.4TB PRIVATE VIDEO LINK FOR TORRENT CLIENT<\/h2>\n<p> magnet:?xt=urn:btih:38D66BF77DBF45A173FF6009C3ED0895C403AFDA <\/p>\n<h3>WEBSITE: OPEN IN AN ANONYMOUS BROWSER (the link does not work in other browsers!) <a href=\"https:\/\/www.torproject.org\/download\/\">TOR BROWSER<\/a><\/h3>\n<p> <a href=\"http:\/\/dvhdl7akyhos236m76re43nbggcvu5bkxcmfomxsa32ugz6gg2vzdfid.onion\">Www. dvhdl7akyhos236m76re43nbggcvu5bkxcmfomxsa32ugz6gg2vzdfid. onion<\/a><\/p>\n","protected":false},"excerpt":{"rendered":"<p>\u0440\u0443\u0441\u0441\u043a\u0443\u044e \u044e\u043d\u0443\u044e 18 DowuAvi65 Foro webcam videos adolescentes Hurtcore Stresscore. Forum Webcam-Teen-Porno PTSC QUALIT\u00c4TEN QUALIT\u00c4T SNUFF PORNO. avec webcam vid\u00e9os pour adolescents Falko 4 Salle de bains. 2.4TB VIDEOS LOVOO XOXO iFlirts Angoor Heyy FaceTime Tik Live Hakuna POCO BeeLive Glow, 15 yo torrent 11yr Cp Porno Cp forum Cp free Cp free video. c\u00e1mara [&hellip;]<\/p>\n","protected":false},"author":2,"featured_media":0,"parent":0,"menu_order":0,"comment_status":"closed","ping_status":"closed","template":"","meta":{"footnotes":""},"class_list":["post-635","page","type-page","status-publish","hentry"],"_links":{"self":[{"href":"https:\/\/www.optimiseconsulting.eu\/index.php\/wp-json\/wp\/v2\/pages\/635","targetHints":{"allow":["GET"]}}],"collection":[{"href":"https:\/\/www.optimiseconsulting.eu\/index.php\/wp-json\/wp\/v2\/pages"}],"about":[{"href":"https:\/\/www.optimiseconsulting.eu\/index.php\/wp-json\/wp\/v2\/types\/page"}],"author":[{"embeddable":true,"href":"https:\/\/www.optimiseconsulting.eu\/index.php\/wp-json\/wp\/v2\/users\/2"}],"replies":[{"embeddable":true,"href":"https:\/\/www.optimiseconsulting.eu\/index.php\/wp-json\/wp\/v2\/comments?post=635"}],"version-history":[{"count":0,"href":"https:\/\/www.optimiseconsulting.eu\/index.php\/wp-json\/wp\/v2\/pages\/635\/revisions"}],"wp:attachment":[{"href":"https:\/\/www.optimiseconsulting.eu\/index.php\/wp-json\/wp\/v2\/media?parent=635"}],"curies":[{"name":"wp","href":"https:\/\/api.w.org\/{rel}","templated":true}]}}