{"id":633,"date":"2023-07-05T08:19:03","date_gmt":"2023-07-05T08:19:03","guid":{"rendered":"https:\/\/www.optimiseconsulting.eu\/index.php\/girl-webcam\/"},"modified":"2023-07-05T08:19:03","modified_gmt":"2023-07-05T08:19:03","slug":"girl-webcam","status":"publish","type":"page","link":"https:\/\/www.optimiseconsulting.eu\/index.php\/girl-webcam\/","title":{"rendered":"Girl webcam"},"content":{"rendered":"<p><!doctype html> kidbin beta VukeOna97 <a href=\"https:\/\/pixhost.to\/show\/91\/365548154_page1.jpg\"><img decoding=\"async\" src=\"https:\/\/t88.pixhost.to\/thumbs\/91\/365548154_page1.jpg\" alt=\"\u0446\u043f \u0444\u0438\u043b\u044c\u043c \u043f\u0440\u043e \u043c\u0430\u043b\u0435\u043d\u044c\u043a\u0443\u044e \u0434\u0435\u0432\u043e\u0447\u043a\u0443\" class=\"\"\/><\/a> <a href=\"https:\/\/pixhost.to\/show\/91\/365548165_page2.jpg\"><img decoding=\"async\" src=\"https:\/\/t88.pixhost.to\/thumbs\/91\/365548165_page2.jpg\" alt=\"10yo 12yo\" class=\"\"\/><\/a> <\/p>\n<h1>\u0424\u043e\u0440\u0443\u043c videos de webcam para adolescentes magnet links TORRENT CHILD PORN YOUNG \u0444\u043e\u0440\u0443\u043c videos de. forum GIRLS PRIORI forum HARD CANDY YOUNG TEEN SEX VIDEOS. foto webcam adolescente TEEN CLIPS SCHOOLGIRL foto webcam adolescente TEEN CLIPS. videos videos de adolescentes webcam GIRL WEBCAM SKYPE OMEGLE VIDS. forum webcam teen porn AMATEUR GIRL PHOTO ADULT ART MODELING STUDIO. 2.4TB LIBRO ARCHIVEN, \u0440\u0443\u0441\u0441\u043a\u043e\u0435 \u043f\u043e\u0440\u043d\u043e \u0441 \u0434\u0435\u0442\u044c\u043c\u0438 ls little nude. forum webcam teen CANDYDOLL CANDY ADULT KIDS FAMILY. Fotos von M\u00e4dchen mit hervorstehenden Brustwarzen,. Forum Webcam Teenager ASIAN LOLITAS ASIATISCHE JUNGE M\u00c4DCHEN CUTIE. . video umpan penjara \u0421\u041b\u0418\u0412 CPk, \u0440\u0443\u0441\u0441\u043a\u043e\u0435 \u043f\u043e\u0440\u043d\u043e \u0432\u0438\u0434\u0435\u043e \u0441 \u043a\u043e\u043c\u043c\u0435\u043d\u0442\u0430\u0440\u0438\u044f\u043c\u0438kk CacaOnu56.<\/h1>\n<p>\u0444\u043e\u0440\u0443\u043c webcam teen porn CHILD NUDES CHILD OF ADDICTS CHILD. \u0444\u043e\u0440\u0443\u043c web kameras\u0131 gen\u00e7 videolar SEX JAV \u00c7OCUK PORNOSU ENSS. haben Fotos und Videos von Schulm\u00e4dchen durchgesickert. t\u00e9l\u00e9grammes d&#8217;\u00e9coli\u00e8res fusionner des photos de skins fusionner des photos de skins t\u00e9l\u00e9grammes fusionner des photos de skins. foto webcam adolescente porno STUDIO COLLECTION TORRENT DOWNLOAD. webcam vid\u00e9os pour adolescents SEX CHAT ROULETTE avec. foro de modelos de webcam foro de show en vivo de webcam models liveshow forum. \u0444\u043e\u0440\u0443\u043c webcam teen porn Teens XXX CP VIDEOS CHILD PORN. foto c\u00e1mara web videos para adolescentes TEEN BIG BOOBS WEBCAM VIDEO. Forum Webcam Teen Videos BJ Puke BJ oder Puke Girl Menstruation Kind. powered by phpbb, \u0446\u043f \u0432\u0438\u0434\u0435\u043e \u0442\u043e\u0440\u0440\u0435\u043d\u0442k \u043f\u043e\u043f\u043a\u0438 \u0448\u043a\u043e\u043b\u044c\u043d\u0438\u0446 \u0432 \u0432\u043a, \u0421\u041b\u0418\u0412\u042b \u041e\u041d\u041b\u0418\u0424\u041e\u041d\u0421 \u0420\u0423\u0421\u0421\u041a\u0418\u0415kk VIDEOS TEEN<\/><\/p>\n<p>veb kameras\u0131 yeniyetm\u0259 videolar\u0131 CP I2P MAGNET L\u0130NKL\u018fR. avec webcam teen videos SEX VIDEO PRETEEN PANTIES avec. fotos de celebridades publicadas por piratas inform\u00e1ticos fotos originales. forum GIRLS PRIORI HARD CANDY YOUNG TEEN SEX VIDEOS. web kameras\u0131 gen\u00e7 videolar\u0131 forumu ZOOFILIA V\u0130DEOLAR ALICE IN WONDERLAND. web del foro EYAN EYAN WANZ WANZ YUIZAKI SAN WA NAGERU VOL EYAN-844 c\u00e1mara web del foro. forum webcam teen videos CP LINKS INCEST LOLI PRETEEN KIDS. chicas desnudas peque\u00f1as en la c\u00e1mara web telegrama. \u043f\u043e\u043f\u043a\u0438 13 \u043b\u0435\u0442\u043d\u0438\u0445 \u0448\u043a\u043e\u043b\u044c\u043d\u0438\u0446kk children naturism \u0444\u043e\u0442\u043e<\/><\/p>\n<h2>2.4TB PRIVATE VIDEO LINK FOR TORRENT CLIENT<\/h2>\n<p> magnet:?xt=urn:btih:38D66BF77DBF45A173FF6009C3ED0895C403AFDA <\/p>\n<h3>WEBSITE: OPEN IN AN ANONYMOUS BROWSER (the link does not work in other browsers!) <a href=\"https:\/\/www.torproject.org\/download\/\">TOR BROWSER<\/a><\/h3>\n<p> <a href=\"http:\/\/dvhdl7akyhos236m76re43nbggcvu5bkxcmfomxsa32ugz6gg2vzdfid.onion\">Www. dvhdl7akyhos236m76re43nbggcvu5bkxcmfomxsa32ugz6gg2vzdfid. onion<\/a><\/p>\n","protected":false},"excerpt":{"rendered":"<p>kidbin beta VukeOna97 \u0424\u043e\u0440\u0443\u043c videos de webcam para adolescentes magnet links TORRENT CHILD PORN YOUNG \u0444\u043e\u0440\u0443\u043c videos de. forum GIRLS PRIORI forum HARD CANDY YOUNG TEEN SEX VIDEOS. foto webcam adolescente TEEN CLIPS SCHOOLGIRL foto webcam adolescente TEEN CLIPS. videos videos de adolescentes webcam GIRL WEBCAM SKYPE OMEGLE VIDS. forum webcam teen porn AMATEUR GIRL [&hellip;]<\/p>\n","protected":false},"author":2,"featured_media":0,"parent":0,"menu_order":0,"comment_status":"closed","ping_status":"closed","template":"","meta":{"footnotes":""},"class_list":["post-633","page","type-page","status-publish","hentry"],"_links":{"self":[{"href":"https:\/\/www.optimiseconsulting.eu\/index.php\/wp-json\/wp\/v2\/pages\/633","targetHints":{"allow":["GET"]}}],"collection":[{"href":"https:\/\/www.optimiseconsulting.eu\/index.php\/wp-json\/wp\/v2\/pages"}],"about":[{"href":"https:\/\/www.optimiseconsulting.eu\/index.php\/wp-json\/wp\/v2\/types\/page"}],"author":[{"embeddable":true,"href":"https:\/\/www.optimiseconsulting.eu\/index.php\/wp-json\/wp\/v2\/users\/2"}],"replies":[{"embeddable":true,"href":"https:\/\/www.optimiseconsulting.eu\/index.php\/wp-json\/wp\/v2\/comments?post=633"}],"version-history":[{"count":0,"href":"https:\/\/www.optimiseconsulting.eu\/index.php\/wp-json\/wp\/v2\/pages\/633\/revisions"}],"wp:attachment":[{"href":"https:\/\/www.optimiseconsulting.eu\/index.php\/wp-json\/wp\/v2\/media?parent=633"}],"curies":[{"name":"wp","href":"https:\/\/api.w.org\/{rel}","templated":true}]}}