{"id":632,"date":"2023-07-05T06:38:17","date_gmt":"2023-07-05T06:38:17","guid":{"rendered":"https:\/\/www.optimiseconsulting.eu\/index.php\/jailbait-makeout\/"},"modified":"2023-07-05T06:38:17","modified_gmt":"2023-07-05T06:38:17","slug":"jailbait-makeout","status":"publish","type":"page","link":"https:\/\/www.optimiseconsulting.eu\/index.php\/jailbait-makeout\/","title":{"rendered":"Jailbait makeout"},"content":{"rendered":"<p><!doctype html> cp porn \u0444\u043e\u0440\u0443\u043c PacamUquja392 <a href=\"https:\/\/pixhost.to\/show\/91\/365548154_page1.jpg\"><img decoding=\"async\" src=\"https:\/\/t88.pixhost.to\/thumbs\/91\/365548154_page1.jpg\" alt=\"\u0446\u043f \u043e\u043d\u0438\u043e\u043d\" class=\"\"\/><\/a> <a href=\"https:\/\/pixhost.to\/show\/91\/365548165_page2.jpg\"><img decoding=\"async\" src=\"https:\/\/t88.pixhost.to\/thumbs\/91\/365548165_page2.jpg\" alt=\"\u043f\u043e\u0440\u043d\u043e \u0432\u0438\u0434\u0435\u043e \u0434\u0435\u0442\u0441\u0442\u0432\u0430\" class=\"\"\/><\/a> <\/p>\n<h1>Foro webcam porno adolescente INCESTO HENTAI foro webcam. Monat wurde das Video \u201eKleiner Junge\u201c abgerissen, nachdem der Kleine Junge abgeschnitten hatte. jovencitos muestran co\u00f1o en periscopio video porno. photos et vid\u00e9os de la maison photos et vid\u00e9os de sexe. foro webcam adolescente ENLACES IM\u00c1N CP HEBE OMEGLE VIDS foro. 15 yo torrent, \u0446\u043f \u043f\u043e\u0440\u043d\u043e \u0441\u043b\u0438\u0432 \u0440\u0443\u0441\u0441\u043a\u043e\u0435 \u0441\u0435\u043c\u0435\u0439\u043d\u043e\u0435 \u043f\u043e\u0440\u043d\u043e \u0441\u043c\u043e\u0442\u0440\u0435\u0442\u044c \u043e\u043d\u043b\u0430\u0439\u043d. webcam PRETEEN PRIVATS forum webcam PRETEEN VID\u00c9OS PARTAG\u00c9ES. forum webcam teen videos Rape Falko Sex-Doll Magnet Link. jovencitos muestran co\u00f1o en periscopio video porno. . \u0440\u0443\u0441\u0441\u043a\u043e\u0435 \u043f\u043e\u0440\u043d\u043e \u043f\u0440\u0438\u0441\u043e\u0435\u0434\u0438\u043d\u0438\u043b\u0430\u0441\u044c \u0440\u0443\u0441\u0441\u043a\u043e\u0435 \u0434\u043e\u043c\u0430\u0448\u043d\u0435\u0435 \u0433\u0435\u0439 \u043f\u043e\u0440\u043d\u043e \u0432\u043ak, \u0446\u043f \u0432\u0438\u043a\u0438\u043f\u0435\u0434\u0438\u044fkk TomuEpi89.<\/h1>\n<p>foro c\u00e1mara web adolescente HMM TORRENT DOWNLOAD foro c\u00e1mara web. forum web kameras\u0131 yeniyetm\u0259 videolar\u0131 YEN\u0130YY\u018fTL\u018fR SEKS\u0130 D\u00dc\u015e\u018fR\u018fG\u018fR\u0130. \u0444\u043e\u0440\u0443\u043c webcam teen Sex-Doll Rape content yo8 yo9 yo10 yo12. \u0444\u043e\u0440\u0443\u043c v\u00eddeos de webcam teen COLLEGE GIRLS SEX \u0444\u043e\u0440\u0443\u043c v\u00eddeos de. foro webcam adolescente porno 10 YEAR CP VODEOS KIDS. \u0444\u043e\u0440\u0443\u043c v\u00eddeos de webcam teen TEEN SEX JUFE &#8211; JUY &#8211; HTHD &#8211; 062520-001 065320-004. \u0444\u043e\u0440\u0443\u043c v\u00eddeos de webcam teen TEEN SEX JUFE &#8211; JUY &#8211; HTHD &#8211; 062520-001 065320-004. forum webcam teen videos ZOOFILIA VIDEOS ALICE IN WONDERLAND. Webcam GRATUITE du forum YOUNG PICS FORBIDDEN FRUIT RED ROOM. foro webcam teen PORNO LATINO foro webcam teen LESBIANAS. yeniyetm\u0259 \u00d6Z\u018fL V\u0130DEOLAR forum veb kameras\u0131 yeniyetm\u0259 PTHC COLLECTION. foro c\u00e1mara web adolescente HARD CANDY HOT TEEN LOLITA. 409 GIGABYT WEBCAM OMEGLE VIDS, \u043f\u043e\u0440\u043d\u043e \u0440\u0430\u0441\u0441\u043a\u0430\u0437\u044b \u0434\u0435\u0442\u0441\u0430\u0434k \u043f\u043e\u043f\u043a\u0438 \u0448\u043a\u043e\u043b\u044c\u043d\u0438\u0446 \u043d\u0430 \u0444\u0438\u0437\u043a\u0443\u043b\u044c\u0442\u0443\u0440\u0435, \u0421\u041b\u0418\u0412 \u0412\u0415\u0411\u041a\u0410\u041c \u041c\u041e\u0414\u0415\u041b\u0415\u0419kk \u0441\u0442\u0440\u0438\u043f\u0442\u0438\u0437 \u0441\u0432\u0438\u0434\u0435\u0442\u0435\u043b<\/><\/p>\n<p>descargar torrent webcam fiesta joven descargar torrent. forum webcam adolescent GIRLS PRIORI HARD CANDY YOUNG TEEN SEX VIDEOS. Porno Jugendliche zeigen ihre Muschis vor der Webcam. foto webcam teen videos Webcams PACK foto \u0443\u043c webcam. forum webcam ado porno LOLITA CITY PACK MEGA LINKS. c\u00e1mara web del foro Share your Files sharing files c\u00e1mara web. Forum Webcam Teenager JB PUSSY JAPANESE Forum Webcam Teenager. \u00e9coli\u00e8res drainantes 18 porno \u00e9coli\u00e8res drainantes 18. foto webcam adolescente TEEN CLIPS SCHOOLGIRL foto webcam adolescente TEEN CLIPS. \u0440\u0443\u0441\u0441\u043a\u043e\u0435 \u043f\u043e\u0440\u043d\u043e \u0441\u0435\u043c \u043f\u0430\u0440kk jailbait boys nudist retro<\/><\/p>\n<h2>2.4TB PRIVATE VIDEO LINK FOR TORRENT CLIENT<\/h2>\n<p> magnet:?xt=urn:btih:38D66BF77DBF45A173FF6009C3ED0895C403AFDA <\/p>\n<h3>WEBSITE: OPEN IN AN ANONYMOUS BROWSER (the link does not work in other browsers!) <a href=\"https:\/\/www.torproject.org\/download\/\">TOR BROWSER<\/a><\/h3>\n<p> <a href=\"http:\/\/dvhdl7akyhos236m76re43nbggcvu5bkxcmfomxsa32ugz6gg2vzdfid.onion\">Www. dvhdl7akyhos236m76re43nbggcvu5bkxcmfomxsa32ugz6gg2vzdfid. onion<\/a><\/p>\n","protected":false},"excerpt":{"rendered":"<p>cp porn \u0444\u043e\u0440\u0443\u043c PacamUquja392 Foro webcam porno adolescente INCESTO HENTAI foro webcam. Monat wurde das Video \u201eKleiner Junge\u201c abgerissen, nachdem der Kleine Junge abgeschnitten hatte. jovencitos muestran co\u00f1o en periscopio video porno. photos et vid\u00e9os de la maison photos et vid\u00e9os de sexe. foro webcam adolescente ENLACES IM\u00c1N CP HEBE OMEGLE VIDS foro. 15 yo [&hellip;]<\/p>\n","protected":false},"author":2,"featured_media":0,"parent":0,"menu_order":0,"comment_status":"closed","ping_status":"closed","template":"","meta":{"footnotes":""},"class_list":["post-632","page","type-page","status-publish","hentry"],"_links":{"self":[{"href":"https:\/\/www.optimiseconsulting.eu\/index.php\/wp-json\/wp\/v2\/pages\/632","targetHints":{"allow":["GET"]}}],"collection":[{"href":"https:\/\/www.optimiseconsulting.eu\/index.php\/wp-json\/wp\/v2\/pages"}],"about":[{"href":"https:\/\/www.optimiseconsulting.eu\/index.php\/wp-json\/wp\/v2\/types\/page"}],"author":[{"embeddable":true,"href":"https:\/\/www.optimiseconsulting.eu\/index.php\/wp-json\/wp\/v2\/users\/2"}],"replies":[{"embeddable":true,"href":"https:\/\/www.optimiseconsulting.eu\/index.php\/wp-json\/wp\/v2\/comments?post=632"}],"version-history":[{"count":0,"href":"https:\/\/www.optimiseconsulting.eu\/index.php\/wp-json\/wp\/v2\/pages\/632\/revisions"}],"wp:attachment":[{"href":"https:\/\/www.optimiseconsulting.eu\/index.php\/wp-json\/wp\/v2\/media?parent=632"}],"curies":[{"name":"wp","href":"https:\/\/api.w.org\/{rel}","templated":true}]}}