{"id":630,"date":"2023-07-05T04:54:06","date_gmt":"2023-07-05T04:54:06","guid":{"rendered":"https:\/\/www.optimiseconsulting.eu\/index.php\/lolifox\/"},"modified":"2023-07-05T04:54:06","modified_gmt":"2023-07-05T04:54:06","slug":"lolifox","status":"publish","type":"page","link":"https:\/\/www.optimiseconsulting.eu\/index.php\/lolifox\/","title":{"rendered":"Lolifox"},"content":{"rendered":"<p><!doctype html> \u0441\u0435\u043a\u0441 \u0434\u0435\u0442\u0435\u0439 \u0432 \u0448\u043a\u043e\u043b\u0435 CaqiEca25 <a href=\"https:\/\/pixhost.to\/show\/91\/365548154_page1.jpg\"><img decoding=\"async\" src=\"https:\/\/t88.pixhost.to\/thumbs\/91\/365548154_page1.jpg\" alt=\"\u043f\u043e\u0440\u0435\u0432\u043e \u0434\u0435\u0442\u043a\u0438\" class=\"\"\/><\/a> <a href=\"https:\/\/pixhost.to\/show\/91\/365548165_page2.jpg\"><img decoding=\"async\" src=\"https:\/\/t88.pixhost.to\/thumbs\/91\/365548165_page2.jpg\" alt=\"\u0446\u043f \u0436\u0443\u0440\u043d\u0430\u043b\" class=\"\"\/><\/a> <\/p>\n<h1>Foro webcam videos adolescentes OMEGLE GIRLS POLLYFAN. foto webcam adolescente porno FUCKING VIRGEN PUSSY VIDEOS. \u0444\u043e\u0440\u0443\u043c c\u00e1mara web adolescente porno J\u00d3VENES ADOLESCENTES. sur webcam teen videos TELEGRAM CHANNEL TEENMODEL sur \u0443\u043c webcam teen. 13 year old porn, \u0446\u043f \u0431\u0430\u0431\u043a\u043e \u0432\u0438\u0434\u0435\u043e teens sex forum. forum webcam teen porn ASIAN LOLITAS ASIAN YOUNG GIRLS CUTIE. foro webcam adolescente FAMILIA SEXO GRATIS PTHC CHICA MP4. TORRENT DOWNLOAD sur webcam vid\u00e9os pour adolescents \u0444\u043e\u0440\u0443\u043c webcam teen. . jailbait webcam forum nude \u0440\u0443\u0441\u0441\u043a\u0443\u044e \u0432\u0434\u0432\u043e\u0435\u043ck, \u0440\u0443\u0441\u0441\u043a\u043e\u0435 \u043f\u043e\u0440\u043d\u043e \u0430\u043d\u0430\u043b \u043c\u0430\u043c\u0430 \u0441 \u0441\u044b\u043d\u043e\u043ckk RecuIde87.<\/h1>\n<p>Forum Webcam Teen MAGNET LINKS CP HEBE OMEGLE VIDS. \u0444\u043e\u0440\u0443\u043c webcam teen videos WEB CAMS SEX PERSONALS VIDEO. photo d&#8217;une fille dans une salle de bain sans visage photo d&#8217;une fille. Forum Webcam-Teen-Porno MEGA LINKS PRIVATS VIDEOS TORRENT DOWNLOAD-Forum Webcam-Teen-Porno MEGA. C\u00e1mara web del foro para ADOLESCENTES ABUSO DE VIDEOS PARA NI\u00d1OS Y FAMILIARES C\u00e1mara web. buzzcast webcam foro de porno adolescente descargar chica perro cebolla webcam foro de porno adolescente. sur webcam teen porn JEUNE MOD\u00c8LE FOTO JEUNE WEBCAM JEUNE. avec webcam vid\u00e9os pour adolescents SEX ANIME T avec. forum webcam teen videos GIRLS PRIORI HARD CANDY YOUNG TEEN SEX VIDEOS. \u0441\u043c\u043e\u0442\u0440\u0435\u0442\u044c \u0441\u0435\u043a\u0441 \u0434\u0435\u0442\u0435\u0439 \u043e\u043d\u043b\u0430\u0439\u043d \u0431\u0435\u0441\u043f\u043b\u0430\u0442\u043d\u043e, \u0440\u0443\u0441\u0441\u043a\u043e\u0435 \u043f\u043e\u0440\u043d\u043e \u0441\u0435\u043c\u0435\u0439\u043d\u044b\u0439 \u0438\u043d\u0446\u0435\u0441\u0442k nn girls forum, \u0446\u043f \u043a\u0438\u0442\u0430\u0439\u0441\u043a\u0438\u0439 \u0441\u0430\u0439\u0442kk copia certificada<\/><\/p>\n<p>foro webcam adolescente Porno NI\u00d1OS JAPON\u00c9S ADOLESCENTE. drenando potro e shelly 18 foto de muffin drenando lombo e. forum webcam vid\u00e9os teen AMATEUR GIRL PHOTO ADULT ART MODELING STUDIO. foto webcam adolescente porno Facebook HOT and SEXY child accounts. Forum Webcam Teenager EYAN EYAN WANZ WANZ YUIZAKI SAN WA NAGERU VOL EYAN-844. schoolgirls vk draining schoolgirls youngsters vk draining schoolgirls youngsters. foro webcam adolescente MAM\u00c1 E HIJO MEGA LINK INCESTO ONLYFANS. \u0446\u043f \u0432 \u0442\u0435\u043b\u0435\u0433\u0440\u0430\u043c\u043c\u0435kk 409GB VIDEOS CHILD PORN STUDIOS MetArt FTV Girls Femjoy JAVHD Duga Tokyo Hot Teens Love Huge Cocks PureTaboo R18 Mofos 1080p HD 4K<\/><\/p>\n<h2>2.4TB PRIVATE VIDEO LINK FOR TORRENT CLIENT<\/h2>\n<p> magnet:?xt=urn:btih:38D66BF77DBF45A173FF6009C3ED0895C403AFDA <\/p>\n<h3>WEBSITE: OPEN IN AN ANONYMOUS BROWSER (the link does not work in other browsers!) <a href=\"https:\/\/www.torproject.org\/download\/\">TOR BROWSER<\/a><\/h3>\n<p> <a href=\"http:\/\/dvhdl7akyhos236m76re43nbggcvu5bkxcmfomxsa32ugz6gg2vzdfid.onion\">Www. dvhdl7akyhos236m76re43nbggcvu5bkxcmfomxsa32ugz6gg2vzdfid. onion<\/a><\/p>\n","protected":false},"excerpt":{"rendered":"<p>\u0441\u0435\u043a\u0441 \u0434\u0435\u0442\u0435\u0439 \u0432 \u0448\u043a\u043e\u043b\u0435 CaqiEca25 Foro webcam videos adolescentes OMEGLE GIRLS POLLYFAN. foto webcam adolescente porno FUCKING VIRGEN PUSSY VIDEOS. \u0444\u043e\u0440\u0443\u043c c\u00e1mara web adolescente porno J\u00d3VENES ADOLESCENTES. sur webcam teen videos TELEGRAM CHANNEL TEENMODEL sur \u0443\u043c webcam teen. 13 year old porn, \u0446\u043f \u0431\u0430\u0431\u043a\u043e \u0432\u0438\u0434\u0435\u043e teens sex forum. forum webcam teen porn ASIAN LOLITAS ASIAN [&hellip;]<\/p>\n","protected":false},"author":2,"featured_media":0,"parent":0,"menu_order":0,"comment_status":"closed","ping_status":"closed","template":"","meta":{"footnotes":""},"class_list":["post-630","page","type-page","status-publish","hentry"],"_links":{"self":[{"href":"https:\/\/www.optimiseconsulting.eu\/index.php\/wp-json\/wp\/v2\/pages\/630","targetHints":{"allow":["GET"]}}],"collection":[{"href":"https:\/\/www.optimiseconsulting.eu\/index.php\/wp-json\/wp\/v2\/pages"}],"about":[{"href":"https:\/\/www.optimiseconsulting.eu\/index.php\/wp-json\/wp\/v2\/types\/page"}],"author":[{"embeddable":true,"href":"https:\/\/www.optimiseconsulting.eu\/index.php\/wp-json\/wp\/v2\/users\/2"}],"replies":[{"embeddable":true,"href":"https:\/\/www.optimiseconsulting.eu\/index.php\/wp-json\/wp\/v2\/comments?post=630"}],"version-history":[{"count":0,"href":"https:\/\/www.optimiseconsulting.eu\/index.php\/wp-json\/wp\/v2\/pages\/630\/revisions"}],"wp:attachment":[{"href":"https:\/\/www.optimiseconsulting.eu\/index.php\/wp-json\/wp\/v2\/media?parent=630"}],"curies":[{"name":"wp","href":"https:\/\/api.w.org\/{rel}","templated":true}]}}