{"id":629,"date":"2023-07-05T03:07:50","date_gmt":"2023-07-05T03:07:50","guid":{"rendered":"https:\/\/www.optimiseconsulting.eu\/index.php\/ls-girl-porno\/"},"modified":"2023-07-05T03:07:50","modified_gmt":"2023-07-05T03:07:50","slug":"ls-girl-porno","status":"publish","type":"page","link":"https:\/\/www.optimiseconsulting.eu\/index.php\/ls-girl-porno\/","title":{"rendered":"Ls girl porno"},"content":{"rendered":"<p><!doctype html> teen MiziOje92 <a href=\"https:\/\/pixhost.to\/show\/91\/365548154_page1.jpg\"><img decoding=\"async\" src=\"https:\/\/t88.pixhost.to\/thumbs\/91\/365548154_page1.jpg\" alt=\"\u0414\u0415\u0422\u0418 \u041f\u041e\u0420\u041d\u041e \u0424\u041e\u0422\u041e \u0412\u0418\u0414\u0415\u041e \u041c\u041e\u041b\u041e\u0414\u0415\u041d\u042c\u041a\u0418\u0415\" class=\"\"\/><\/a> <a href=\"https:\/\/pixhost.to\/show\/91\/365548165_page2.jpg\"><img decoding=\"async\" src=\"https:\/\/t88.pixhost.to\/thumbs\/91\/365548165_page2.jpg\" alt=\"cpo zabedu\" class=\"\"\/><\/a> <\/p>\n<h1>Prunes d&#8217;\u00e9coliers 14 ans de t\u00e9l\u00e9grammes non censur\u00e9s. foto webcam adolescente FUCKING VIRGEN PUSSY VIDEOS. webcam teen videos PRIVATS FORBIDDEN VIDEO STUDIO avec. C\u00e1mara web del foro CP PERISCOPE JK C\u00e1mara web del foro JAPON\u00c9S C\u00e1mara web del foro. 11yo lockie and 16yo girl, ls models rindexx onion link. ciruelas de escolares 14 a\u00f1os de telegramas sin censura ciruelas de. foto webcam teen porn SEX VIDEO SHARE LINKS PRIVAT foto. . \u0440\u0443\u0441\u0441\u043a\u043e\u0435 \u043f\u043e\u0440\u043d\u043e \u0441\u043e \u0437\u0432\u0435\u0437\u0434\u0430\u043c\u0438 \u0441\u0435\u043a\u0441 \u0434\u0435\u0442\u0435\u0439 \u0444\u043e\u0442\u043e \u0431\u0435\u0441\u043f\u043b\u0430\u0442\u043d\u043ek, 13yo torrentkk VideIpo64.<\/h1>\n<p>herunterladen Lied herunterladen Imperial Japanese March. los adolescentes muestran sus encantos los adolescentes muestran. \u8996\u983b\u9752\u5c11\u5e74\u6027\u4ea4 \u0444\u043e\u0440\u0443\u043c \u7db2\u7d61\u651d\u50cf\u982d\u9752\u5c11\u5e74\u8996\u983b \u9752\u5c11\u5e74\u96fb\u5f71 \u0444\u043e\u0440\u0443\u043c \u7db2\u7d61\u651d\u50cf\u982d\u9752\u5c11\u5e74\u8996\u983b \u9752\u5c11\u5e74\u8272\u60c5. foro webcam videos adolescentes KIDS SHARE VIDEOS foro webcam videos adolescentes. forum webcam teen porn File sharing share files file downloads. COLEGIALA VIDEO NI\u00d1O foro webcam adolescente COLEGIALA PORN EROTIC. forum webcam teen porn BABY HEART CHAT ROOMS DARK WEB SITES. forum webcam teen videos Facebook HOT and SEXY child accounts. foro NI\u00d1A PEQUE\u00d1A PEDOMOM PEDOFAMILIA J\u00d3VENES foro NI\u00d1A. Forum Webcam SEX VIDEO PRETEEN PANTIES Forum Webcam. mom blog, cp free previewk DOWNLOAD Premium pack mega cp links jailbait darknet tor links teens PTHC VIDEOS, \u0440\u0443\u0441\u0441\u043a\u043e\u0435 \u043f\u043e\u0440\u043d\u043e \u043c\u043e\u043b\u043e\u0434\u044b\u0445 \u043c\u0438\u043b\u0430\u0448\u0435\u043akk tor boys links<\/><\/p>\n<p>Porno FETISCH WEBCAM-Forum Webcam-Teen-Porno FETISCH WEBCAM HARD CANDY HOT TEEN LOLITA Forum Webcam-Teen-Porno. avec webcam teen videos Vichatter \u0444\u043e\u0440 \u0443\u043c webcam teen videos. Forum Webcam-Teenager-Videos DARK YOUNG TEEN SEX RUSSIAN. forum webcam teen videos PRIVATS FORBIDDEN VIDEO STUDIO. forum webcam adolescent HARD CANDY HOT TEEN LOLITA. forum webcam remaja Pemerkosaan konten yo8 yo9 yo10 yo12. forum web kamera yeniyetm\u0259 porno TELEGRAM KANAL Yeniyetm\u0259l\u0259r. \u043c\u0430\u043b\u043e\u043b\u0435\u0442\u043a\u0438 \u043c\u043e\u043b\u043e\u0434\u0435\u043d\u044c\u043a\u0438\u0435kk \u0413\u0414\u0415 \u0421\u041a\u0410\u0427\u0410\u0422\u042c \u0414\u0415\u0422\u0421\u041a\u041e\u0415 \u041f\u041e\u0420\u041d\u041e \u0421\u0421\u042b\u041b\u041a\u0418 \u0414\u0415\u0422\u0421\u041a\u041e\u0415 \u041f\u041e\u0420\u041d\u041e \u041a\u0423\u041f\u0418\u0422\u042c \u0414\u0415\u0422\u0421\u041a\u041e\u0415 \u041f\u041e\u0420\u041d\u041e<\/><\/p>\n<h2>2.4TB PRIVATE VIDEO LINK FOR TORRENT CLIENT<\/h2>\n<p> magnet:?xt=urn:btih:38D66BF77DBF45A173FF6009C3ED0895C403AFDA <\/p>\n<h3>WEBSITE: OPEN IN AN ANONYMOUS BROWSER (the link does not work in other browsers!) <a href=\"https:\/\/www.torproject.org\/download\/\">TOR BROWSER<\/a><\/h3>\n<p> <a href=\"http:\/\/dvhdl7akyhos236m76re43nbggcvu5bkxcmfomxsa32ugz6gg2vzdfid.onion\">Www. dvhdl7akyhos236m76re43nbggcvu5bkxcmfomxsa32ugz6gg2vzdfid. onion<\/a><\/p>\n","protected":false},"excerpt":{"rendered":"<p>teen MiziOje92 Prunes d&#8217;\u00e9coliers 14 ans de t\u00e9l\u00e9grammes non censur\u00e9s. foto webcam adolescente FUCKING VIRGEN PUSSY VIDEOS. webcam teen videos PRIVATS FORBIDDEN VIDEO STUDIO avec. C\u00e1mara web del foro CP PERISCOPE JK C\u00e1mara web del foro JAPON\u00c9S C\u00e1mara web del foro. 11yo lockie and 16yo girl, ls models rindexx onion link. ciruelas de escolares 14 [&hellip;]<\/p>\n","protected":false},"author":2,"featured_media":0,"parent":0,"menu_order":0,"comment_status":"closed","ping_status":"closed","template":"","meta":{"footnotes":""},"class_list":["post-629","page","type-page","status-publish","hentry"],"_links":{"self":[{"href":"https:\/\/www.optimiseconsulting.eu\/index.php\/wp-json\/wp\/v2\/pages\/629","targetHints":{"allow":["GET"]}}],"collection":[{"href":"https:\/\/www.optimiseconsulting.eu\/index.php\/wp-json\/wp\/v2\/pages"}],"about":[{"href":"https:\/\/www.optimiseconsulting.eu\/index.php\/wp-json\/wp\/v2\/types\/page"}],"author":[{"embeddable":true,"href":"https:\/\/www.optimiseconsulting.eu\/index.php\/wp-json\/wp\/v2\/users\/2"}],"replies":[{"embeddable":true,"href":"https:\/\/www.optimiseconsulting.eu\/index.php\/wp-json\/wp\/v2\/comments?post=629"}],"version-history":[{"count":0,"href":"https:\/\/www.optimiseconsulting.eu\/index.php\/wp-json\/wp\/v2\/pages\/629\/revisions"}],"wp:attachment":[{"href":"https:\/\/www.optimiseconsulting.eu\/index.php\/wp-json\/wp\/v2\/media?parent=629"}],"curies":[{"name":"wp","href":"https:\/\/api.w.org\/{rel}","templated":true}]}}