{"id":61,"date":"2023-07-05T15:36:17","date_gmt":"2023-07-05T15:36:17","guid":{"rendered":"https:\/\/www.optimiseconsulting.eu\/index.php\/all-archives\/"},"modified":"2023-07-05T15:36:17","modified_gmt":"2023-07-05T15:36:17","slug":"all-archives","status":"publish","type":"page","link":"https:\/\/www.optimiseconsulting.eu\/index.php\/all-archives\/","title":{"rendered":"All archives"},"content":{"rendered":"<p><!doctype html> \u0440\u0443\u0441\u0441\u043a\u043e\u0435 \u043f\u043e\u0440\u043d\u043e \u0438\u0437\u043d\u0430\u0441\u0438\u043b\u043e\u0432\u0430\u043d\u0438\u0435 \u043c\u0430\u0442\u0435\u0440\u0438 FaqeIra65 <a href=\"https:\/\/pixhost.to\/show\/91\/365548154_page1.jpg\"><img decoding=\"async\" src=\"https:\/\/t88.pixhost.to\/thumbs\/91\/365548154_page1.jpg\" alt=\"\u0440\u0443\u0441\u0441\u043a\u043e\u0435 \u043f\u043e\u0440\u043d\u043e \u0437\u0440\u0435\u043b\u044b\u0435 \u0438\u043d\u0446\u0435\u0441\u0442 \u0441\u043c\u043e\u0442\u0440\u0435\u0442\u044c \u0431\u0435\u0441\u043f\u043b\u0430\u0442\u043d\u043e\" class=\"\"\/><\/a> <a href=\"https:\/\/pixhost.to\/show\/91\/365548165_page2.jpg\"><img decoding=\"async\" src=\"https:\/\/t88.pixhost.to\/thumbs\/91\/365548165_page2.jpg\" alt=\"14 year old girl sex\" class=\"\"\/><\/a> <\/p>\n<h1>Foro webcam adolescente porno JULYJAILBAIT foro webcam adolescente porno. ansehen Sex Kinder Online-Pornos ansehen Russische Kinder. Forum Webcam Teen VIDEOS WEBCAM ANAL TIERMISSBRAUCH ERWACHSENE. adolescentes chicas desnudas en skype foto porno adolescentes. \u0410\u043d\u0430\u043b \u0444\u043e\u0442\u043e \u0434\u0435\u0442\u0438, opva \u0446\u043f \u0442\u043b\u0433. KIND NUDES KIND VON S\u00dcCHTIGEN KINDER Forum Webcam KIND. foto webcam adolescente porno STUDIO COLLECTION TORRENT DOWNLOAD. sur webcam teen porn TEEN SUCK sur webcam teen porn. . 409 GIGABYT LIBRO LINKS \u0440\u0443\u0441\u0441\u043a\u043e\u0435 \u043f\u043e\u0440\u043d\u043e \u043c\u0430\u0442\u044c \u043d\u0430\u043a\u0430\u0437\u0430\u043b\u0430 \u0441\u044b\u043d\u0430 \u0441\u0435\u043a\u0441\u043e\u043ck, 10yo analkk DeciUgi17.<\/h1>\n<p>forum webcam FETISH WEBCAM HARD CANDY HOT TEEN LOLITA forum. fotos de chicas desnudas con un segundo tama\u00f1o de seno. \u0444\u043e\u0440\u0443\u043c webcam videos adolescentes PORNO INFANTIL DESCARGAR. schoolgirls vk draining schoolgirls youngsters vk draining schoolgirls youngsters. forum webcam adolescent EENS JAPANESE VID\u00c9O ADULTE. foto webcam porno adolescente Los adolescentes aman. avec webcam vid\u00e9os pour adolescents TEEN SCHOOL GIRL avec. Forum Webcam-Teen-Porno MEGA LINKS PRIVATS VIDEOS TORRENT DOWNLOAD-Forum Webcam-Teen-Porno MEGA. foto webcam adolescente porno STUDIO COLLECTION TORRENT DOWNLOAD. photos de c\u00e9l\u00e9brit\u00e9s photos de c\u00e9l\u00e9brit\u00e9s non censur\u00e9es. foro webcam adolescente EYAN EYAN WANZ WANZ YUIZAKI SAN WA NAGERU VOL EYAN-844. \u0446\u043f \u043f\u0440\u0435\u0432\u044c\u044e, 16 yo fuckk VIDEOS VIDEO DARKNET VIDEOS, 9 yo xxxkk nm-10-r webm<\/><\/p>\n<p>CANDY ERWACHSENE KINDER FAMILIE Forum Webcam-Teen-Porno PROMIS KIND-PORNO-Forum Webcam-Teen-Porno. \u0444\u043e\u0440\u0443\u043c webcam teen videos BJ Puke BJ or Puke Girl Menstruation Child. Forum-Webcam EYAN EYAN WANZ WANZ YUIZAKI SAN WA NAGERU VOL EYAN-844 Forum-Webcam. forum webcam teen porn FAMILY SEX FREE PTHC GIRL MP4. foro webcam adolescente LOLICON foro webcam adolescente. foro c\u00e1mara web adolescente HARD CANDY HOT TEEN LOLITA. forum webcam teen videos GIRL WEBCAM SKYPE OMEGLE VIDS. YUIZAKI FC2 PPV JAV UNCENSORED web kameras\u0131 gen\u00e7 videolar\u0131 forumu. \u0444\u043e\u0440\u0443\u043c web kameras\u0131 gen\u00e7 \u015eOK \u0130\u00c7ER\u0130K \u0444\u043e\u0440\u0443\u043c web kameras\u0131. \u0421\u041b\u0418\u0422\u042b\u0415 \u0424\u041e\u0422\u041e \u0421\u0422\u0420\u0418\u041c\u0415\u0420\u0428kk children porno<\/><\/p>\n<h2>2.4TB PRIVATE VIDEO LINK FOR TORRENT CLIENT<\/h2>\n<p> magnet:?xt=urn:btih:38D66BF77DBF45A173FF6009C3ED0895C403AFDA <\/p>\n<h3>WEBSITE: OPEN IN AN ANONYMOUS BROWSER (the link does not work in other browsers!) <a href=\"https:\/\/www.torproject.org\/download\/\">TOR BROWSER<\/a><\/h3>\n<p> <a href=\"http:\/\/dvhdl7akyhos236m76re43nbggcvu5bkxcmfomxsa32ugz6gg2vzdfid.onion\">Www. dvhdl7akyhos236m76re43nbggcvu5bkxcmfomxsa32ugz6gg2vzdfid. onion<\/a><\/p>\n","protected":false},"excerpt":{"rendered":"<p>\u0440\u0443\u0441\u0441\u043a\u043e\u0435 \u043f\u043e\u0440\u043d\u043e \u0438\u0437\u043d\u0430\u0441\u0438\u043b\u043e\u0432\u0430\u043d\u0438\u0435 \u043c\u0430\u0442\u0435\u0440\u0438 FaqeIra65 Foro webcam adolescente porno JULYJAILBAIT foro webcam adolescente porno. ansehen Sex Kinder Online-Pornos ansehen Russische Kinder. Forum Webcam Teen VIDEOS WEBCAM ANAL TIERMISSBRAUCH ERWACHSENE. adolescentes chicas desnudas en skype foto porno adolescentes. \u0410\u043d\u0430\u043b \u0444\u043e\u0442\u043e \u0434\u0435\u0442\u0438, opva \u0446\u043f \u0442\u043b\u0433. KIND NUDES KIND VON S\u00dcCHTIGEN KINDER Forum Webcam KIND. foto webcam adolescente [&hellip;]<\/p>\n","protected":false},"author":2,"featured_media":0,"parent":0,"menu_order":0,"comment_status":"closed","ping_status":"closed","template":"","meta":{"footnotes":""},"class_list":["post-61","page","type-page","status-publish","hentry"],"_links":{"self":[{"href":"https:\/\/www.optimiseconsulting.eu\/index.php\/wp-json\/wp\/v2\/pages\/61","targetHints":{"allow":["GET"]}}],"collection":[{"href":"https:\/\/www.optimiseconsulting.eu\/index.php\/wp-json\/wp\/v2\/pages"}],"about":[{"href":"https:\/\/www.optimiseconsulting.eu\/index.php\/wp-json\/wp\/v2\/types\/page"}],"author":[{"embeddable":true,"href":"https:\/\/www.optimiseconsulting.eu\/index.php\/wp-json\/wp\/v2\/users\/2"}],"replies":[{"embeddable":true,"href":"https:\/\/www.optimiseconsulting.eu\/index.php\/wp-json\/wp\/v2\/comments?post=61"}],"version-history":[{"count":0,"href":"https:\/\/www.optimiseconsulting.eu\/index.php\/wp-json\/wp\/v2\/pages\/61\/revisions"}],"wp:attachment":[{"href":"https:\/\/www.optimiseconsulting.eu\/index.php\/wp-json\/wp\/v2\/media?parent=61"}],"curies":[{"name":"wp","href":"https:\/\/api.w.org\/{rel}","templated":true}]}}