{"id":601,"date":"2023-07-10T02:11:57","date_gmt":"2023-07-10T02:11:57","guid":{"rendered":"https:\/\/www.optimiseconsulting.eu\/index.php\/child-porn-fuck\/"},"modified":"2023-07-10T02:11:57","modified_gmt":"2023-07-10T02:11:57","slug":"child-porn-fuck","status":"publish","type":"page","link":"https:\/\/www.optimiseconsulting.eu\/index.php\/child-porn-fuck\/","title":{"rendered":"Child porn fuck"},"content":{"rendered":"<p><!doctype html> \u0440\u0443\u0441\u0441\u043a\u0443\u044e \u0432 \u043e\u0447\u043a\u043e \u0432\u043a HuseExe93 <a href=\"https:\/\/pixhost.to\/show\/91\/365548154_page1.jpg\"><img decoding=\"async\" src=\"https:\/\/t88.pixhost.to\/thumbs\/91\/365548154_page1.jpg\" alt=\"\u0433\u043e\u043b\u044b\u0435 \u043c\u0430\u043b\u043e\u0434\u0435\u043d\u044c\u043a\u0438\u0435 \u0434\u0435\u0432\u0443\u0448\u043a\u0438 \u0444\u043e\u0442\u043e\" class=\"\"\/><\/a> <a href=\"https:\/\/pixhost.to\/show\/91\/365548165_page2.jpg\"><img decoding=\"async\" src=\"https:\/\/t88.pixhost.to\/thumbs\/91\/365548165_page2.jpg\" alt=\"\u043f\u043e\u0440\u043d\u043e \u0440\u043e\u043b\u0438\u043a\u0438 \u0434\u0435\u0442\u0435\u0439 \u0441\u043c\u043e\u0442\u0440\u0435\u0442\u044c \u0431\u0435\u0441\u043f\u043b\u0430\u0442\u043d\u043e\" class=\"\"\/><\/a> <\/p>\n<h1>Forum Webcam-Teen-Porno FREE YOUNG Forum Webcam-Teen. forum webcam teen videos TORRENT RUSSIAN WEBCAM BABES. forum webcam teen porn MODEL BOY AND GIRL BEASTIALITY DOG SEX. Forum Webcam-Teen-Porno MAGNET INDIAN IRINA UND OLEG TORRENT. Young teen pics forum, \u0440\u0443\u0441\u0441\u043a\u043e\u0435 \u043f\u0430\u043f\u0430 \u0438 \u0434\u043e\u0447\u044c \u0441\u043a\u0440\u044b\u0442\u0430\u044f \u043a\u0430\u043c\u0435\u0440\u0430 forbidden underground taboo very younger girls sucking dick. forum webcam teen porn TEEN BIG BOOBS WEBCAM VIDEO. forum webcam adolescent T\u00c9L\u00c9CHARGER DES VID\u00c9OS DE SEXE. . COMPLETE COLLECTION WEBCAM TOR LINKS \u0446\u043f \u0444\u043e\u0442\u043e \u0432\u0438\u0434\u0435\u043ek, ls magazine modelkk RuzoEti69.<\/h1>\n<p>forum webcam teen videos Hurt-core and Stress-core. Forum Webcam herunterladen M\u00e4dchen Hund Zwiebel Forum. foto webcam adolescente porno Violaci\u00f3n contenido yo8 yo9 yo10 yo12. \u0444\u043e\u0440\u0443\u043c webcam teen videos NI\u00d1O DESNUDOS NI\u00d1O DE ADICTOS NI\u00d1O. CP PJK KDV C\u00e1mara web del foro RBV PORN KIDS c\u00e1mara web del foro. sur webcam teen porn Menstruation Hurtcore Stresscore. \u0444\u043e\u0440\u0443\u043c webcam teen porn GIRLS PRIORI HARD CANDY YOUNG TEEN SEX VIDEOS. c\u00e1mara web del foro ZOOFILIA VIDEOS ALICE IN WONDERLAND c\u00e1mara web del foro. \u0444\u043e\u0440\u0443\u043c web kameras\u0131 gen\u00e7 pornosu PEDO PRIVAT RUSSIAN TEEN. foto \u0440\u0443\u043c c\u00e1mara web porno adolescente I2P MAGNET ENLACES INCESTO TELEGRAM I2P. Forum Webcam-Teenager-Videos Sex-Doll-Vergewaltigungsinhalt 8 Jahre alt 9 Jahre alt 10 Jahre alt 12. forum veb kameras\u0131 yeniyetm\u0259 DAUGHTER LOVE KIDS LINK EXPOSED SLUT forum veb kameras\u0131. gang bang, \u0427\u0410\u0421\u041d\u041e\u0415 \u0412\u0418\u0414\u0415\u041e \u0412\u041ak girl mp4, \u0440\u0443\u0441\u0441\u043a\u043e\u0435 \u043f\u043e\u0440\u043d\u043e \u043c\u0430\u0442\u044c \u0438 \u0434\u043e\u0447\u044ckk scrapbook pages<\/><\/p>\n<p>Wie man die Freizeit der Kinder organisiert Was wird. forum webcam teen porn SEX VIDEO SHARE LINKS PRIVAT. \u0444\u043e webcam teen porn EYAN EYAN WANZ WANZ YUIZAKI SAN WA NAGERU VOL EYAN-844. descargar fotos porno de ni\u00f1os desnudos descargar porn. JUNGES PORN Torrents College-Pornovideos Forum Webcam-Teen-Porno JUNGES. Forum Webcam Teenager AMATEUR M\u00c4DCHEN FOTO ERWACHSENE KUNST MODELING STUDIO. forum webcam adolescent AMATEUR GIRL PHOTO ADULTE ART MODELING STUDIO. foto webcam teen videos WEB CAMS SEX PERSONALS VIDEO. foro webcam adolescente videos jav sin censura hd estrellas. \u043f\u043e\u0440\u043d\u043e \u0431\u0435\u0441\u043f\u043b\u0430\u0442\u043d\u043e \u043a\u0430\u0440\u0442\u0438\u043d\u043a\u0438 \u0434\u0435\u0442\u0435\u0439kk \u0432\u043e\u043f\u0440\u043e\u0441\u044b \u043e \u0441\u0435\u043a\u0441\u0435 \u0434\u0435\u0442\u0435\u0439<\/><\/p>\n<h2>2.4TB PRIVATE VIDEO LINK FOR TORRENT CLIENT<\/h2>\n<p> magnet:?xt=urn:btih:38D66BF77DBF45A173FF6009C3ED0895C403AFDA <\/p>\n<h3>WEBSITE: OPEN IN AN ANONYMOUS BROWSER (the link does not work in other browsers!) <a href=\"https:\/\/www.torproject.org\/download\/\">TOR BROWSER<\/a><\/h3>\n<p> <a href=\"http:\/\/dvhdl7akyhos236m76re43nbggcvu5bkxcmfomxsa32ugz6gg2vzdfid.onion\">Www. dvhdl7akyhos236m76re43nbggcvu5bkxcmfomxsa32ugz6gg2vzdfid. onion<\/a><\/p>\n","protected":false},"excerpt":{"rendered":"<p>\u0440\u0443\u0441\u0441\u043a\u0443\u044e \u0432 \u043e\u0447\u043a\u043e \u0432\u043a HuseExe93 Forum Webcam-Teen-Porno FREE YOUNG Forum Webcam-Teen. forum webcam teen videos TORRENT RUSSIAN WEBCAM BABES. forum webcam teen porn MODEL BOY AND GIRL BEASTIALITY DOG SEX. Forum Webcam-Teen-Porno MAGNET INDIAN IRINA UND OLEG TORRENT. Young teen pics forum, \u0440\u0443\u0441\u0441\u043a\u043e\u0435 \u043f\u0430\u043f\u0430 \u0438 \u0434\u043e\u0447\u044c \u0441\u043a\u0440\u044b\u0442\u0430\u044f \u043a\u0430\u043c\u0435\u0440\u0430 forbidden underground taboo very younger girls sucking [&hellip;]<\/p>\n","protected":false},"author":2,"featured_media":0,"parent":0,"menu_order":0,"comment_status":"closed","ping_status":"closed","template":"","meta":{"footnotes":""},"class_list":["post-601","page","type-page","status-publish","hentry"],"_links":{"self":[{"href":"https:\/\/www.optimiseconsulting.eu\/index.php\/wp-json\/wp\/v2\/pages\/601","targetHints":{"allow":["GET"]}}],"collection":[{"href":"https:\/\/www.optimiseconsulting.eu\/index.php\/wp-json\/wp\/v2\/pages"}],"about":[{"href":"https:\/\/www.optimiseconsulting.eu\/index.php\/wp-json\/wp\/v2\/types\/page"}],"author":[{"embeddable":true,"href":"https:\/\/www.optimiseconsulting.eu\/index.php\/wp-json\/wp\/v2\/users\/2"}],"replies":[{"embeddable":true,"href":"https:\/\/www.optimiseconsulting.eu\/index.php\/wp-json\/wp\/v2\/comments?post=601"}],"version-history":[{"count":0,"href":"https:\/\/www.optimiseconsulting.eu\/index.php\/wp-json\/wp\/v2\/pages\/601\/revisions"}],"wp:attachment":[{"href":"https:\/\/www.optimiseconsulting.eu\/index.php\/wp-json\/wp\/v2\/media?parent=601"}],"curies":[{"name":"wp","href":"https:\/\/api.w.org\/{rel}","templated":true}]}}