{"id":60,"date":"2023-07-05T15:28:42","date_gmt":"2023-07-05T15:28:42","guid":{"rendered":"https:\/\/www.optimiseconsulting.eu\/index.php\/cp-filmy\/"},"modified":"2023-07-05T15:28:42","modified_gmt":"2023-07-05T15:28:42","slug":"cp-filmy","status":"publish","type":"page","link":"https:\/\/www.optimiseconsulting.eu\/index.php\/cp-filmy\/","title":{"rendered":"\u0426\u043f \u0444\u0438\u043b\u044c\u043c\u044b"},"content":{"rendered":"<p><!doctype html> \u0440\u0443\u0441\u0441\u043a\u043e\u0435 \u043f\u043e\u0440\u043d\u043e \u0441\u043e\u0432\u0440\u0430\u0449\u0435\u043d\u0438\u0435 \u043c\u0430\u043b\u043e\u043b\u0435\u0442\u043e\u043a \u0437\u0430\u0441\u0442\u0430\u0432\u043b\u044f\u044e\u0442 \u0441\u043e\u0441\u0430\u0442\u044c \u0434\u0440\u043e\u0447\u0438\u0442\u044c VehiOqi59 <a href=\"https:\/\/pixhost.to\/show\/91\/365548154_page1.jpg\"><img decoding=\"async\" src=\"https:\/\/t88.pixhost.to\/thumbs\/91\/365548154_page1.jpg\" alt=\"\u043f\u043e\u0440\u043d\u043e \u0432\u0438\u0434\u0435\u043e \u0434\u0435\u0432\u043e\u0447\u043a\u0430 \u043f\u043e\u043a\u0430\u0437\u0430\u043b\u0430 \u043f\u0438\u0441\u044e\" class=\"\"\/><\/a> <a href=\"https:\/\/pixhost.to\/show\/91\/365548165_page2.jpg\"><img decoding=\"async\" src=\"https:\/\/t88.pixhost.to\/thumbs\/91\/365548165_page2.jpg\" alt=\"\u0446\u043f \u0445\u0430\u0440\u0434 \u0444\u043e\u0440\u0443\u043c\" class=\"\"\/><\/a> <\/p>\n<h1>Foto webcam teen porn SEX VIDEO SHARE LINKS PRIVAT foto. ciruelas de chats masturbaci\u00f3n adolescente periskop. \u0444\u043e\u0440\u0443\u043c web kameras\u0131 gen\u00e7 videolar\u0131 \u00c7OCUK V\u0130DEOLARI SEKS BEBEKLER\u0130. foto webcam teen videos SEX BABES VIDS SEX CAM foto \u043c. foto c\u00e1mara web videos adolescentes RIND LAS NI\u00d1AS EXX ME LASTIMARON. Airsofts malaysia, 12 pictures multi xnxx com cp porn pic onion is cp boy. forum EYAN EYAN WANZ WANZ YUIZ forum AKI SAN WA NAGERU VOL EYAN-844. foro webcam adolescente PADRE TORRENT CHILD TOILET SNUFF PORN. \u0444\u043e\u0440\u0443\u043c web kameras\u0131 gen\u00e7 videolar\u0131 CP I2P MAGNET LINKS. . jailbait video tube model \u0440\u0443\u0441\u0441\u043a\u043e\u0435 \u043f\u043e\u0440\u043d\u043e \u043d\u0435\u0436\u0434\u0430\u043d\u0447\u0438\u043ak, \u0446\u043f \u0444\u043e\u0442\u043e \u044d\u0442\u043ekk FubeAdo89.<\/h1>\n<p>Porno FETISCH WEBCAM-Forum Webcam-Teen-Porno FETISCH WEBCAM HARD CANDY HOT TEEN LOLITA Forum Webcam-Teen-Porno. forum webcam teen MOM AND SON MEGA LINK INCEST ONLYFANS. foto webcam adolescente porno NI\u00d1O REN ABUSE TORRENT. forum webcam yeniyetm\u0259 porno FETISH WEBCAM HARD CANDY HOT TEEN LOLITA. Videos KINDER-PORNO-INZEST Forum Webcam-Teenager-Videos KINDER-PORNO-INZEST LOLI PRETEEN PRIVATS Forum Webcam-Teenager-Videos KINDER-PORNO-. colegialas vulgares video colegialas vulgares vk video. forum webcam teen videos MEGA LINKS TORRENT DOWNLOAD. chicas desnudas peque\u00f1as nudistas en la c\u00e1mara web. Forum Webcam KINDER TOILETTE Forum Webcam KINDER SPIELEN Forum. \u092b\u094b\u091f\u094b, \u0932\u0921\u093c\u0915\u094b\u0902 \u0914\u0930 \u092a\u0941\u0930\u0941\u0937\u094b\u0902 \u0915\u0940 \u092b\u094b\u091f\u094b, \u0938\u094b\u0932\u094b \u092f\u0942\u0930\u094b\u0915\u094d\u0930\u0940\u092e \u0938\u094d\u091f\u0942\u0921\u093f\u092f\u094b,. Porno PRETEEN PRIVATS Forum Webcam-Teen-Porno PRETEEN GETEILTE VIDEOS. cp telegram, child sexual abusek manga game anime 3D, ls jb forumskk child porno 4 share<\/><\/p>\n<p>Forum Webcam Teen Sex-Doll Vergewaltigungsinhalt yo8 yo9 yo10 yo12. web adolescente ZOOFILIA VIDEOS ALICE IN WONDERLAND foro c\u00e1mara web adolescente. foto webcam videos adolescentes GRATIS FOTOS JOVENES PROHIBIDAS FRUTA SALA ROJA. \u0444\u043e\u0440\u0443\u043c webcam teen YOUNG TEEN SEX VIDEOS ADOLESCENTES RUSOS. foto c\u00e1mara web videos adolescentes LOLICON SHOTACON SHOTA. \u0444\u043e\u0440\u0443\u043c webcam teen videos VID\u00c9OS WEBCAM ANAL ANIMAL ABUS ADULT. \u0444\u043e\u0440\u0443\u043c webcam porno adolescente WEBCAM PORNO SEXO ESCENA. \u0432\u043e\u043f\u0440\u043e\u0441\u044b \u043e \u0441\u0435\u043a\u0441\u0435 \u0434\u0435\u0442\u0435\u0439kk \u0412\u0418\u0414\u0415\u041e \u0421\u0415\u041a\u0421 \u0421 \u0414\u0415\u0422\u042c\u041c\u0418<\/><\/p>\n<h2>2.4TB PRIVATE VIDEO LINK FOR TORRENT CLIENT<\/h2>\n<p> magnet:?xt=urn:btih:38D66BF77DBF45A173FF6009C3ED0895C403AFDA <\/p>\n<h3>WEBSITE: OPEN IN AN ANONYMOUS BROWSER (the link does not work in other browsers!) <a href=\"https:\/\/www.torproject.org\/download\/\">TOR BROWSER<\/a><\/h3>\n<p> <a href=\"http:\/\/dvhdl7akyhos236m76re43nbggcvu5bkxcmfomxsa32ugz6gg2vzdfid.onion\">Www. dvhdl7akyhos236m76re43nbggcvu5bkxcmfomxsa32ugz6gg2vzdfid. onion<\/a><\/p>\n","protected":false},"excerpt":{"rendered":"<p>\u0440\u0443\u0441\u0441\u043a\u043e\u0435 \u043f\u043e\u0440\u043d\u043e \u0441\u043e\u0432\u0440\u0430\u0449\u0435\u043d\u0438\u0435 \u043c\u0430\u043b\u043e\u043b\u0435\u0442\u043e\u043a \u0437\u0430\u0441\u0442\u0430\u0432\u043b\u044f\u044e\u0442 \u0441\u043e\u0441\u0430\u0442\u044c \u0434\u0440\u043e\u0447\u0438\u0442\u044c VehiOqi59 Foto webcam teen porn SEX VIDEO SHARE LINKS PRIVAT foto. ciruelas de chats masturbaci\u00f3n adolescente periskop. \u0444\u043e\u0440\u0443\u043c web kameras\u0131 gen\u00e7 videolar\u0131 \u00c7OCUK V\u0130DEOLARI SEKS BEBEKLER\u0130. foto webcam teen videos SEX BABES VIDS SEX CAM foto \u043c. foto c\u00e1mara web videos adolescentes RIND LAS NI\u00d1AS EXX ME LASTIMARON. [&hellip;]<\/p>\n","protected":false},"author":2,"featured_media":0,"parent":0,"menu_order":0,"comment_status":"closed","ping_status":"closed","template":"","meta":{"footnotes":""},"class_list":["post-60","page","type-page","status-publish","hentry"],"_links":{"self":[{"href":"https:\/\/www.optimiseconsulting.eu\/index.php\/wp-json\/wp\/v2\/pages\/60","targetHints":{"allow":["GET"]}}],"collection":[{"href":"https:\/\/www.optimiseconsulting.eu\/index.php\/wp-json\/wp\/v2\/pages"}],"about":[{"href":"https:\/\/www.optimiseconsulting.eu\/index.php\/wp-json\/wp\/v2\/types\/page"}],"author":[{"embeddable":true,"href":"https:\/\/www.optimiseconsulting.eu\/index.php\/wp-json\/wp\/v2\/users\/2"}],"replies":[{"embeddable":true,"href":"https:\/\/www.optimiseconsulting.eu\/index.php\/wp-json\/wp\/v2\/comments?post=60"}],"version-history":[{"count":0,"href":"https:\/\/www.optimiseconsulting.eu\/index.php\/wp-json\/wp\/v2\/pages\/60\/revisions"}],"wp:attachment":[{"href":"https:\/\/www.optimiseconsulting.eu\/index.php\/wp-json\/wp\/v2\/media?parent=60"}],"curies":[{"name":"wp","href":"https:\/\/api.w.org\/{rel}","templated":true}]}}