{"id":6,"date":"2023-07-05T03:04:50","date_gmt":"2023-07-05T03:04:50","guid":{"rendered":"https:\/\/www.optimiseconsulting.eu\/index.php\/vgk-vids\/"},"modified":"2023-07-05T03:04:50","modified_gmt":"2023-07-05T03:04:50","slug":"vgk-vids","status":"publish","type":"page","link":"https:\/\/www.optimiseconsulting.eu\/index.php\/vgk-vids\/","title":{"rendered":"Vgk vids"},"content":{"rendered":"<p><!doctype html> \u0441\u043c\u043e\u0442\u0440\u0435\u0442\u044c \u043f\u043e\u0440\u043d\u043e \u0434\u0435\u0442\u0435\u0439 \u043d\u0430\u0441\u0438\u043b\u0438\u0435 SufoUpa64 <a href=\"https:\/\/pixhost.to\/show\/91\/365548154_page1.jpg\"><img decoding=\"async\" src=\"https:\/\/t88.pixhost.to\/thumbs\/91\/365548154_page1.jpg\" alt=\"\u0434\u0435\u0442\u044f\u043c \u043e \u0441\u0435\u043a\u0441\u0435 \u0434\u0430\u0440\u0432\u0438\u043b\u043b \u043f\u0430\u0443\u044d\u043b\u043b\" class=\"\"\/><\/a> <a href=\"https:\/\/pixhost.to\/show\/91\/365548165_page2.jpg\"><img decoding=\"async\" src=\"https:\/\/t88.pixhost.to\/thumbs\/91\/365548165_page2.jpg\" alt=\"\u043a\u0430\u043a \u0434\u0435\u0442\u044f\u043c \u0437\u0430\u043d\u0438\u043c\u0430\u0442\u0441\u044f \u0441\u0435\u043a\u0441\u043e\u043c\" class=\"\"\/><\/a> <\/p>\n<h1>Forum-Webcam-Videos f\u00fcr Teenager FUCKING VIRGIN PUSSY VIDEOS. foro Facebook HOT and SEXY foro de cuentas infantiles Foro de. \u0444\u043e\u0440\u0443\u043c web kameras\u0131 gen\u00e7 videolar\u0131 KOLEJL\u0130 KIZLAR SEX. forum veb kameras\u0131 yeniyetm\u0259 BJ Puke BJ v\u0259 ya Puke Girl. foro webcam enlaces magn\u00e9ticos TORRENT CHILD PORN Foro JOVEN. 11yo boy, \u043f\u043e\u0440\u043d\u043e \u043f\u044b\u0442\u043a\u0438 \u0434\u0435\u0442\u0435\u0439 amorzinho links. foro webcam teen PORNO LATINO foro webcam teen LESBIANAS. forumu yeniyetm\u0259 veb kameras\u0131 Y\u00dcKL\u018f U\u015eAQ PORNASI INCEST. descargar gratis foto er\u00f3tico chicas adolescentes lolihentai18. . jailbait seksi star sesia \u043f\u043e\u0441\u043b\u0435 \u043f\u0435\u0440\u0432\u043e\u0433\u043e \u0441\u0435\u043a\u0441\u0430 \u043a\u0440\u043e\u0432\u044c \u0438\u0434\u0435\u0442k, \u043f\u043e\u043f\u043a\u0430 \u043c\u043e\u0435\u0439 \u043c\u0430\u043c\u044bkk YamiEri17.<\/h1>\n<p>forum AMATEUR GIRL PHOTO ADULT ART MODELING STUDIO. \u092a\u0930 \u0935\u0947\u092c\u0915\u0948\u092e \u092a\u0930 \u0915\u093f\u0936\u094b\u0930 \u0905\u0936\u094d\u0932\u0940\u0932 \u0932\u0942\u091f\u094b \u092c\u094d\u0932\u0942 \u0911\u0930\u094d\u0915\u093f\u0921 \u092a\u0930 \u0935\u0947\u092c\u0915\u0948\u092e \u092a\u0930 \u0915\u093f\u0936\u094b\u0930. Forum Webcam Teen JUNGE M\u00c4DCHEN KINDER Preteen \u0444\u043e\u0440\u0443. webcam foro porno adolescente ZOOPHILES webcam foro porno adolescente. forum yeniyetm\u0259 videolar\u0131 ZOO CANDYDOLL CANDY forum veb kameras\u0131 yeniyetm\u0259 videolar\u0131. \u0444\u043e\u0440\u0443\u043c web kameras\u0131 gen\u00e7 videolar\u0131 TEEN pornosu PEDO LINKS. photo d&#8217;une fille dans une salle de bain sans visage photo d&#8217;une fille. private Gruppen Telegramm-Austauschfotos Ehefrauen. forum webcam teen porn ANIMAL ABUSE BOY VIDS BRO-SIS. Forum Webcam-Teen-Porno Menstruation Hurtcore Stresscore Forum Webcam-. c\u00e1mara web del foro CP LINKS INCESTO LOLI PREADOLESCENTES c\u00e1mara. MAGNET LINKS CP HEBE OMEGLE VIDS OPVA TOR LINKS DARK YOUNG TEEN SEX RUSSIAN TEENS TEENS, lsmodelsk stack wolfs reviews, \u043b\u0438\u0448\u0435\u043d\u0438\u0435 \u0434\u0435\u0442\u0441\u0432\u0435\u043d\u043e\u0441\u0442\u0438 \u043f\u043e\u0440\u043d\u043ekk TEENS CHILD PORN Chaturbate bongacams periscope 17live twitch afreecacom bigotv<\/><\/p>\n<p>drainage children 12 ans t\u00e9l\u00e9grammes drainage children. Forum Webcam Teen Videos KINDER PERS\u00d6NLICHES VIDEO. \u0444\u043e\u0440\u0443\u043c web kameras\u0131 gen\u00e7 pornosu PEDO PRIVAT RUSSIAN TEEN. foro webcam adolescente MOVING TORRENT 409GB CHILD NUDE foro webcam. forum webcam SEX VIDEO PARTAGER LIENS PRIV\u00c9 forum webcam. \u0938\u094b\u0936\u0932 \u0928\u0947\u091f\u0935\u0930\u094d\u0915 \u0938\u0947 \u0932\u0921\u093c\u0915\u093f\u092f\u094b\u0902 \u0915\u0940 \u0924\u0938\u094d\u0935\u0940\u0930\u0947\u0902 \u0921\u094d\u0930\u0947\u0928 \u0915\u0930 \u0930\u0939\u0940 \u0939\u0948\u0902 \u091f\u0947\u0932\u0940\u0917\u094d\u0930\u093e\u092e. forum webcam teen porn RUSSIAN COLLECTION TOR FORBIDDEN FRUIT. webcam adolescente MODELO CHICO Y CHICA BESTIALIDAD PERRO SEXO. cp pthc forumkk \u0440\u0443\u0441\u0441\u043a\u043e\u0435 \u0432\u0438\u0434\u0435\u043e \u0433\u043e\u043b\u0430\u044f \u0434\u0435\u0432\u043e\u0447\u043a\u0430 \u043f\u0430\u043f \u0434\u0430\u0439 \u043e\u0442\u0441\u043e\u0441\u0443<\/><\/p>\n<h2>2.4TB PRIVATE VIDEO LINK FOR TORRENT CLIENT<\/h2>\n<p> magnet:?xt=urn:btih:38D66BF77DBF45A173FF6009C3ED0895C403AFDA <\/p>\n<h3>WEBSITE: OPEN IN AN ANONYMOUS BROWSER (the link does not work in other browsers!) <a href=\"https:\/\/www.torproject.org\/download\/\">TOR BROWSER<\/a><\/h3>\n<p> <a href=\"http:\/\/dvhdl7akyhos236m76re43nbggcvu5bkxcmfomxsa32ugz6gg2vzdfid.onion\">Www. dvhdl7akyhos236m76re43nbggcvu5bkxcmfomxsa32ugz6gg2vzdfid. onion<\/a><\/p>\n","protected":false},"excerpt":{"rendered":"<p>\u0441\u043c\u043e\u0442\u0440\u0435\u0442\u044c \u043f\u043e\u0440\u043d\u043e \u0434\u0435\u0442\u0435\u0439 \u043d\u0430\u0441\u0438\u043b\u0438\u0435 SufoUpa64 Forum-Webcam-Videos f\u00fcr Teenager FUCKING VIRGIN PUSSY VIDEOS. foro Facebook HOT and SEXY foro de cuentas infantiles Foro de. \u0444\u043e\u0440\u0443\u043c web kameras\u0131 gen\u00e7 videolar\u0131 KOLEJL\u0130 KIZLAR SEX. forum veb kameras\u0131 yeniyetm\u0259 BJ Puke BJ v\u0259 ya Puke Girl. foro webcam enlaces magn\u00e9ticos TORRENT CHILD PORN Foro JOVEN. 11yo boy, \u043f\u043e\u0440\u043d\u043e \u043f\u044b\u0442\u043a\u0438 [&hellip;]<\/p>\n","protected":false},"author":2,"featured_media":0,"parent":0,"menu_order":0,"comment_status":"closed","ping_status":"closed","template":"","meta":{"footnotes":""},"class_list":["post-6","page","type-page","status-publish","hentry"],"_links":{"self":[{"href":"https:\/\/www.optimiseconsulting.eu\/index.php\/wp-json\/wp\/v2\/pages\/6","targetHints":{"allow":["GET"]}}],"collection":[{"href":"https:\/\/www.optimiseconsulting.eu\/index.php\/wp-json\/wp\/v2\/pages"}],"about":[{"href":"https:\/\/www.optimiseconsulting.eu\/index.php\/wp-json\/wp\/v2\/types\/page"}],"author":[{"embeddable":true,"href":"https:\/\/www.optimiseconsulting.eu\/index.php\/wp-json\/wp\/v2\/users\/2"}],"replies":[{"embeddable":true,"href":"https:\/\/www.optimiseconsulting.eu\/index.php\/wp-json\/wp\/v2\/comments?post=6"}],"version-history":[{"count":0,"href":"https:\/\/www.optimiseconsulting.eu\/index.php\/wp-json\/wp\/v2\/pages\/6\/revisions"}],"wp:attachment":[{"href":"https:\/\/www.optimiseconsulting.eu\/index.php\/wp-json\/wp\/v2\/media?parent=6"}],"curies":[{"name":"wp","href":"https:\/\/api.w.org\/{rel}","templated":true}]}}