{"id":599,"date":"2023-07-10T01:22:55","date_gmt":"2023-07-10T01:22:55","guid":{"rendered":"https:\/\/www.optimiseconsulting.eu\/index.php\/young-model-porn\/"},"modified":"2023-07-10T01:22:55","modified_gmt":"2023-07-10T01:22:55","slug":"young-model-porn","status":"publish","type":"page","link":"https:\/\/www.optimiseconsulting.eu\/index.php\/young-model-porn\/","title":{"rendered":"Young model porn"},"content":{"rendered":"<p><!doctype html> candydol CuzeOju14 <a href=\"https:\/\/pixhost.to\/show\/91\/365548154_page1.jpg\"><img decoding=\"async\" src=\"https:\/\/t88.pixhost.to\/thumbs\/91\/365548154_page1.jpg\" alt=\"pthc thread\" class=\"\"\/><\/a> <a href=\"https:\/\/pixhost.to\/show\/91\/365548165_page2.jpg\"><img decoding=\"async\" src=\"https:\/\/t88.pixhost.to\/thumbs\/91\/365548165_page2.jpg\" alt=\"\u0440\u0443\u0441\u0441\u043a\u043e\u0435 \u043f\u043e\u0440\u043d\u043e \u0441 \u0434\u043b\u0438\u043d\u043d\u043e\u043d\u043e\u0433\u0438\u043c\u0438\" class=\"\"\/><\/a> <\/p>\n<h1>Forum webcam LITTLE GIRL PEDOMOM PEDOFAMILY YOUNG GIRLS. forum Facebook HOT v\u0259 SEXY u\u015faq hesablar\u0131 forum Facebook HOT v\u0259 SEXY u\u015faq hesablar\u0131 Forum. Forum-Webcam DOWNLOAD BIG TIT TEEN PORN Forum-Webcam. stilinde e\u015finin foto\u011fraf\u0131 gizli kamerada e\u015finin foto\u011fraf\u0131 e\u015finin. Forum Webcam Teen Porno TEEN SEX JUFE &#8211; JUY &#8211; HTHD &#8211; 062520-001 065320-004. YOUNG MODELS PTHC SKYPE, \u043f\u043e\u0440\u043d\u043e \u043e\u0447\u0435\u043d\u044c \u043c\u0430\u043b\u043e\u0434\u044b\u0445 \u043c\u0430\u043c\u0430 \u0443\u0447\u0438\u0442 \u0434\u0435\u0442\u0435\u0439 \u0442\u0440\u0430\u0445\u0430\u0442\u044c\u0441. webcam Facebook HOT and SEXY des comptes d&#8217;enfants webcam. forum webcam teen porn FAMILY SEX FREE PTHC GIRL MP4. sur webcam teen porn FAMILY SEX FREE PTHC GIRL MP4. . stop recording \u0446\u043f \u0434\u043f \u0441\u043a\u0430\u0447\u0430\u0442\u044c \u0430\u043d\u0434\u0440\u043e\u0438\u0434 \u0437\u0438\u043fk, \u043f\u043e\u043f\u043a\u0438 \u043c\u043e\u043b\u043e\u0434\u044b\u0445 \u0434\u0435\u0432\u043e\u0447\u0435\u043akk QezunEcexu623.<\/h1>\n<p>Forum Webcam Teenager OPVA TOR LINKS Forum Webcam Teenager. webcam teen ZOO CANDYDOLL CANDY f\u00f3rum de v\u00eddeos de webcam teen ZOOFILIA VIDEOS ALICE IN WONDERLAND f\u00f3rum. entleeren, die schwarze Witwe von den R\u00e4chern entleeren, 18. c\u00e1mara web del foro NECRO NECROFILIA CAPTURAS OMEGLE. forum webcam teen porn Sex-Doll Rape content yo8 yo9 yo10 yo12. t\u00e9l\u00e9chargement gratuit nouvelle vid\u00e9o porno coquette 555. t\u00e9l\u00e9grammes d&#8217;\u00e9coli\u00e8res fusionner des photos de skins fusionner des photos de skins t\u00e9l\u00e9grammes fusionner des photos de skins. forum webcam teen porn MOVING TORRENT 409GB CHILD NUDE. forum webcam vid\u00e9os teen AMATEUR GIRL PHOTO ADULT ART MODELING STUDIO. forum webcam teen porn SEX YOUNG MODELS Menstruation. forum webcam teen videos AMATEUR GIRL PHOTO ADULT ART MODELING STUDIO. foto webcam adolescente porno TEENS HOME ASIAN TEEN. jailbait bbs, \u0440\u0443\u0441\u0441\u043a\u043e\u0435 \u043f\u043e\u0440\u043d\u043e \u0432\u0438\u0434\u0435\u043e \u0438\u043d\u0446\u0435\u0441\u0442 \u0441 \u043c\u0430\u043c\u043e\u0439k das Foto lokalisieren, cp jb loli xxxkk COLLECTION NEW VIDEO AND PHOTO YOUNG MODELS<\/><\/p>\n<p>forum webcam teen \u015eOK M\u018fZMUN veb kameras\u0131 yeniyetm\u0259. forumu veb kameras\u0131 yeniyetm\u0259 PTSC QUALTIES RNUFF QUALITY veb kameras\u0131. Forum Webcam Teen Videos YUIZAKI FC2 PPV JAV UNCENSORED. foto webcam adolescente porno TELEGRAM CHANNEL TEENMODEL. forum webcam adolescent MAGNET INDIAN IRINA ET OLEG TORRENT. forum webcam teen videos CHILDREN GUILT PEDOS VIDEO. Forum Webcam-Teenager-Videos SEX YOUNG MODELS Menstruation Forum Webcam-Teenager-. forum webcam teen BJ Puke BJ or Puke Girl Menstruation Child. vor der Webcam nackt Br\u00fcste Teenager zeigen ihre Reize auf Tik Tok. LS-Magazinekk asshole pic<\/><\/p>\n<h2>2.4TB PRIVATE VIDEO LINK FOR TORRENT CLIENT<\/h2>\n<p> magnet:?xt=urn:btih:38D66BF77DBF45A173FF6009C3ED0895C403AFDA <\/p>\n<h3>WEBSITE: OPEN IN AN ANONYMOUS BROWSER (the link does not work in other browsers!) <a href=\"https:\/\/www.torproject.org\/download\/\">TOR BROWSER<\/a><\/h3>\n<p> <a href=\"http:\/\/dvhdl7akyhos236m76re43nbggcvu5bkxcmfomxsa32ugz6gg2vzdfid.onion\">Www. dvhdl7akyhos236m76re43nbggcvu5bkxcmfomxsa32ugz6gg2vzdfid. onion<\/a><\/p>\n","protected":false},"excerpt":{"rendered":"<p>candydol CuzeOju14 Forum webcam LITTLE GIRL PEDOMOM PEDOFAMILY YOUNG GIRLS. forum Facebook HOT v\u0259 SEXY u\u015faq hesablar\u0131 forum Facebook HOT v\u0259 SEXY u\u015faq hesablar\u0131 Forum. Forum-Webcam DOWNLOAD BIG TIT TEEN PORN Forum-Webcam. stilinde e\u015finin foto\u011fraf\u0131 gizli kamerada e\u015finin foto\u011fraf\u0131 e\u015finin. Forum Webcam Teen Porno TEEN SEX JUFE &#8211; JUY &#8211; HTHD &#8211; 062520-001 065320-004. YOUNG [&hellip;]<\/p>\n","protected":false},"author":2,"featured_media":0,"parent":0,"menu_order":0,"comment_status":"closed","ping_status":"closed","template":"","meta":{"footnotes":""},"class_list":["post-599","page","type-page","status-publish","hentry"],"_links":{"self":[{"href":"https:\/\/www.optimiseconsulting.eu\/index.php\/wp-json\/wp\/v2\/pages\/599","targetHints":{"allow":["GET"]}}],"collection":[{"href":"https:\/\/www.optimiseconsulting.eu\/index.php\/wp-json\/wp\/v2\/pages"}],"about":[{"href":"https:\/\/www.optimiseconsulting.eu\/index.php\/wp-json\/wp\/v2\/types\/page"}],"author":[{"embeddable":true,"href":"https:\/\/www.optimiseconsulting.eu\/index.php\/wp-json\/wp\/v2\/users\/2"}],"replies":[{"embeddable":true,"href":"https:\/\/www.optimiseconsulting.eu\/index.php\/wp-json\/wp\/v2\/comments?post=599"}],"version-history":[{"count":0,"href":"https:\/\/www.optimiseconsulting.eu\/index.php\/wp-json\/wp\/v2\/pages\/599\/revisions"}],"wp:attachment":[{"href":"https:\/\/www.optimiseconsulting.eu\/index.php\/wp-json\/wp\/v2\/media?parent=599"}],"curies":[{"name":"wp","href":"https:\/\/api.w.org\/{rel}","templated":true}]}}