{"id":597,"date":"2023-07-10T01:10:41","date_gmt":"2023-07-10T01:10:41","guid":{"rendered":"https:\/\/www.optimiseconsulting.eu\/index.php\/naotl\/"},"modified":"2023-07-10T01:10:41","modified_gmt":"2023-07-10T01:10:41","slug":"naotl","status":"publish","type":"page","link":"https:\/\/www.optimiseconsulting.eu\/index.php\/naotl\/","title":{"rendered":"Naotl"},"content":{"rendered":"<p><!doctype html> \u0440\u0443\u0441\u0441\u043a\u043e\u0435 \u043f\u043e\u0440\u043d\u043e \u043c\u0430\u043b\u043e\u043b\u0435\u0442\u043e\u043a \u0432\u043a\u043e\u043d\u0442\u0430\u043a\u0442\u0435 KociAqa74 <a href=\"https:\/\/pixhost.to\/show\/91\/365548154_page1.jpg\"><img decoding=\"async\" src=\"https:\/\/t88.pixhost.to\/thumbs\/91\/365548154_page1.jpg\" alt=\"\u0441\u0435\u043a\u0441 \u044e\u043d\u044b\u0445 \u0434\u0435\u0442\u0435\u0439\" class=\"\"\/><\/a> <a href=\"https:\/\/pixhost.to\/show\/91\/365548165_page2.jpg\"><img decoding=\"async\" src=\"https:\/\/t88.pixhost.to\/thumbs\/91\/365548165_page2.jpg\" alt=\"\u0446\u043f 14 \u043b\u0435\u0442 \u0438\u0437 \u043e\u0431\u043b\u0430\u043a\u0430\" class=\"\"\/><\/a> <\/p>\n<h1>Foto webcam adolescente TEEN BIG BOOBS WEBCAM VIDEO. Webcam TIERISCHER MISSBRAUCH JUNGE VIDS BRO-SIS Forum Webcam TIER BEASTEALITY Forum Webcam. descargar pel\u00edculas porno caseras jovencitas donuts. foto webcam adolescente porno Violaci\u00f3n contenido yo8 yo9 yo10 yo12. YOUNG GIRLS MOM SON REAL INCEST BRO SIS CP VIDEOS KIDS 10 YEAR, \u0441\u0435\u043a\u0441 \u0434\u0435\u0442\u0435\u0439 \u0432\u0438\u0434\u0435\u043e \u0431\u0435\u0441\u043f\u043b\u0430\u0442\u043d\u043e \u0441\u043c\u043e\u0442\u0440\u0435\u0442\u044c jailbait webcam video. webcam teen SCHOOLGIRL FILMS webcam teen SCHOOLGIRL. c\u00e1mara web del foro NECRO NECROFILIA CAPTURAS OMEGLE. . 2.4TB VIDEOS YANG LANA CASTING CC YUONG IMGCHILI YOUNGEST TOPMODELS NAME NATURMODELS NU \u0440\u0443\u0441\u0441\u043a\u043e\u0435 \u0438\u043d\u0446\u0435\u0441\u0442 \u043f\u043e\u0440\u043d\u043e \u043e\u043d\u043b\u0430\u0439\u043dk, \u0434\u0435\u0442\u043a\u0430\u044f \u043f\u043e\u0440\u043d\u043e\u0433\u0440\u0430\u0444\u0438\u044fkk XihuAde10.<\/h1>\n<p>Pornos von kleinen M\u00e4dchen, Pornos von kleinen M\u00e4dchen,. \u0444\u043e\u0440\u0443\u043c webcam teen porn NECRO NECROPHILIA OMEGLE CAPTURES. \u0444\u043e\u0440\u0443\u043c web kameras\u0131 gen\u00e7 pornosu PICS VIDS RUSSIAN BOYS AND. Webcam-Teenager-Videos KINDER-VIDEOS-SEX-PUPPEN-Forum Webcam-Teenager-Videos COLLEGE-GIRLS-SEX-. \u0444\u043e\u0440\u0443\u043c webcam teen videos SEX DVD \u0444\u043e\u0440\u0443\u043c webcam teen videos. foro webcam porno adolescente MAGNET LINKS CP HEBE OMEGLE VIDS. sur webcam teen videos MEGA LINKS PRIVATS VIDEOS TORRENT DOWNLOAD sur \u0443\u043c. foto webcam adolescente porno TEENS HOME ASIAN TEEN. foto videos de webcam para adolescentes MAM\u00c1 HIJO INCESTO REAL. Forum Webcam Teenager SHOCK CONTENT Forum Webcam Teenager SCHOCK VIDEO VERgewaltigung Forum Webcam. hard candy uncesored hidden wiki, jailbait 12yok xnyvcjj6ybauprjx, \u0440\u0443\u0441\u0441\u043a\u043e\u0435 \u043f\u043e\u0440\u043d\u043e \u0437\u0440\u0435\u043b\u044b\u0435 \u0438\u043d\u0446\u0435\u0441\u0442 \u0441\u043c\u043e\u0442\u0440\u0435\u0442\u044c \u0431\u0435\u0441\u043f\u043b\u0430\u0442\u043d\u043ekk \u0432\u0438\u0434\u0435\u043e \u0441\u0435\u043a\u0441 \u0434\u0435\u0442\u0435\u0439 \u0431\u0435\u0437 \u0441\u043c\u0441<\/><\/p>\n<p>web kameras\u0131 gen\u00e7 videolar\u0131 forumu Webcams PACK web kameras\u0131 gen\u00e7 videolar\u0131 forumu. videos para adolescentes con webcam SEXUAL KIDS STREAMING videos de videos para adolescentes con webcam. forum webcam teen RUSSIAN COLLECTION TOR FORBIDDEN FRUIT. descargar gratis foto er\u00f3tico chicas adolescentes lolihentai18. von Privatpersonen, Telegramme, Entleerung von Privatpersonen. videos para adolescentes Omegle foro c\u00e1mara web videos. foto c\u00e1mara web videos adolescentes LOLITA LITTLE GIRL foto c\u00e1mara web videos adolescentes. \u043f\u043e\u0440\u043d\u043e \u0431\u0435\u0440\u0435\u043c\u0435\u043d\u043d\u044b\u0445 \u0434\u0435\u0442\u0435\u0439kk NEW VIDEO AND PHOTO VIDEO CP LINKS<\/><\/p>\n<h2>2.4TB PRIVATE VIDEO LINK FOR TORRENT CLIENT<\/h2>\n<p> magnet:?xt=urn:btih:38D66BF77DBF45A173FF6009C3ED0895C403AFDA <\/p>\n<h3>WEBSITE: OPEN IN AN ANONYMOUS BROWSER (the link does not work in other browsers!) <a href=\"https:\/\/www.torproject.org\/download\/\">TOR BROWSER<\/a><\/h3>\n<p> <a href=\"http:\/\/dvhdl7akyhos236m76re43nbggcvu5bkxcmfomxsa32ugz6gg2vzdfid.onion\">Www. dvhdl7akyhos236m76re43nbggcvu5bkxcmfomxsa32ugz6gg2vzdfid. onion<\/a><\/p>\n","protected":false},"excerpt":{"rendered":"<p>\u0440\u0443\u0441\u0441\u043a\u043e\u0435 \u043f\u043e\u0440\u043d\u043e \u043c\u0430\u043b\u043e\u043b\u0435\u0442\u043e\u043a \u0432\u043a\u043e\u043d\u0442\u0430\u043a\u0442\u0435 KociAqa74 Foto webcam adolescente TEEN BIG BOOBS WEBCAM VIDEO. Webcam TIERISCHER MISSBRAUCH JUNGE VIDS BRO-SIS Forum Webcam TIER BEASTEALITY Forum Webcam. descargar pel\u00edculas porno caseras jovencitas donuts. foto webcam adolescente porno Violaci\u00f3n contenido yo8 yo9 yo10 yo12. YOUNG GIRLS MOM SON REAL INCEST BRO SIS CP VIDEOS KIDS 10 YEAR, \u0441\u0435\u043a\u0441 [&hellip;]<\/p>\n","protected":false},"author":2,"featured_media":0,"parent":0,"menu_order":0,"comment_status":"closed","ping_status":"closed","template":"","meta":{"footnotes":""},"class_list":["post-597","page","type-page","status-publish","hentry"],"_links":{"self":[{"href":"https:\/\/www.optimiseconsulting.eu\/index.php\/wp-json\/wp\/v2\/pages\/597","targetHints":{"allow":["GET"]}}],"collection":[{"href":"https:\/\/www.optimiseconsulting.eu\/index.php\/wp-json\/wp\/v2\/pages"}],"about":[{"href":"https:\/\/www.optimiseconsulting.eu\/index.php\/wp-json\/wp\/v2\/types\/page"}],"author":[{"embeddable":true,"href":"https:\/\/www.optimiseconsulting.eu\/index.php\/wp-json\/wp\/v2\/users\/2"}],"replies":[{"embeddable":true,"href":"https:\/\/www.optimiseconsulting.eu\/index.php\/wp-json\/wp\/v2\/comments?post=597"}],"version-history":[{"count":0,"href":"https:\/\/www.optimiseconsulting.eu\/index.php\/wp-json\/wp\/v2\/pages\/597\/revisions"}],"wp:attachment":[{"href":"https:\/\/www.optimiseconsulting.eu\/index.php\/wp-json\/wp\/v2\/media?parent=597"}],"curies":[{"name":"wp","href":"https:\/\/api.w.org\/{rel}","templated":true}]}}